{"id":36912,"date":"2026-02-09T16:04:26","date_gmt":"2026-02-09T16:04:26","guid":{"rendered":"https:\/\/www.argonandco.com\/?page_id=36912"},"modified":"2026-04-21T08:33:56","modified_gmt":"2026-04-21T07:33:56","slug":"impressum","status":"publish","type":"page","link":"https:\/\/www.argonandco.com\/de\/impressum\/","title":{"rendered":"Impressum"},"content":{"rendered":"<p><strong>Vertretungsberechtigte<\/strong><\/p>\n<p>Aurel Graf von Bassewitz<br \/>\nDr. Jan Duch<br \/>\nMaximilian Funk<br \/>\nJean-Fran\u00e7ois Laget<br \/>\nRoland M\u00f6nikes<br \/>\nAndreas Offinger<br \/>\nKlaus Schug<br \/>\nMarc Staudenmayer<br \/>\nBurkhard Wagner<\/p>\n<p><strong>Handelsregisternummer<\/strong><\/p>\n<p>HRB 212105, Amtsgericht M\u00fcnchen<br \/>\nUmsatzsteuer-ID<br \/>\nDE295753114<\/p>\n<p><strong>Anschrift<\/strong><\/p>\n<p>Argon &amp; Co Deutschland GmbH<br \/>\nOberanger 43<br \/>\n80331 M\u00fcnchen<\/p>\n<h2>Haftungsausschluss<\/h2>\n<p><strong>Haftung f\u00fcr Inhalte<\/strong><\/p>\n<p>Die Inhalte unserer Seiten wurden mit gr\u00f6\u00dfter Sorgfalt erstellt. F\u00fcr die Richtigkeit, Vollst\u00e4ndigkeit und Aktualit\u00e4t der Inhalte k\u00f6nnen wir jedoch keine Gew\u00e4hr \u00fcbernehmen. Als Diensteanbieter sind wir gem\u00e4\u00df <span data-olk-copy-source=\"MessageBody\">DDG<\/span> f\u00fcr eigene Inhalte auf diesen Seiten nach den allgemeinen Gesetzen verantwortlich. Nach <span data-olk-copy-source=\"MessageBody\">DDG<\/span> sind wir als Diensteanbieter jedoch nicht verpflichtet, \u00fcbermittelte oder gespeicherte fremde Informationen zu \u00fcberwachen oder nach Umst\u00e4nden zu forschen, die auf eine rechtswidrige T\u00e4tigkeit hinweisen. Verpflichtungen zur Entfernung oder Sperrung der Nutzung von Informationen nach den allgemeinen Gesetzen bleiben hiervon unber\u00fchrt. Eine diesbez\u00fcgliche Haftung ist jedoch erst ab dem Zeitpunkt der Kenntnis einer konkreten Rechtsverletzung m\u00f6glich. Bei Bekanntwerden von entsprechenden Rechtsverletzungen werden wir diese Inhalte umgehend entfernen.<\/p>\n<p><strong>Haftung f\u00fcr Links<\/strong><\/p>\n<p>Unser Angebot enth\u00e4lt Links zu externen Webseiten Dritter, auf deren Inhalte wir keinen Einfluss haben. Deshalb k\u00f6nnen wir f\u00fcr diese fremden Inhalte auch keine Gew\u00e4hr \u00fcbernehmen. F\u00fcr die Inhalte der verlinkten Seiten ist stets der jeweilige Anbieter oder Betreiber der Seiten verantwortlich. Die verlinkten Seiten wurden zum Zeitpunkt der Verlinkung auf m\u00f6gliche Rechtsverst\u00f6\u00dfe \u00fcberpr\u00fcft. Rechtswidrige Inhalte waren zum Zeitpunkt der Verlinkung nicht erkennbar. Eine permanente inhaltliche Kontrolle der verlinkten Seiten ist jedoch ohne konkrete Anhaltspunkte einer Rechtsverletzung nicht zumutbar. Bei Bekanntwerden von Rechtsverletzungen werden wir derartige Links umgehend entfernen.<\/p>\n<p><strong>Urheberrecht<\/strong><\/p>\n<p>Die durch die Seitenbetreiber erstellten Inhalte und Werke auf diesen Seiten unterliegen dem deutschen Urheberrecht. Die Vervielf\u00e4ltigung, Bearbeitung, Verbreitung und jede Art der Verwertung au\u00dferhalb der Grenzen des Urheberrechtes bed\u00fcrfen der schriftlichen Zustimmung des jeweiligen Autors bzw. Erstellers. Downloads und Kopien dieser Seite sind nur f\u00fcr den privaten, nicht kommerziellen Gebrauch gestattet. Soweit die Inhalte auf dieser Seite nicht vom Betreiber erstellt wurden, werden die Urheberrechte Dritter beachtet. Insbesondere werden Inhalte Dritter als solche gekennzeichnet. Sollten Sie trotzdem auf eine Urheberrechtsverletzung aufmerksam werden, bitten wir um einen entsprechenden Hinweis. Bei Bekanntwerden von Rechtsverletzungen werden wir derartige Inhalte umgehend entfernen.<\/p>\n<h2>Rechtliche Hinweise<\/h2>\n<p><strong>Copyright<\/strong><\/p>\n<p>Alle Rechte vorbehalten. Bilder, Texte, Grafiken, Sound, Animationen, Videos und sonst auf diesen Websites dargestellte und ver\u00f6ffentlichte Werke sowie deren Anordnung unterliegen dem Copyright von Argon &amp; Co Deutschland.<br \/>\nDie \u00dcbersendung, Wiedergabe, Vervielf\u00e4ltigung, Ver\u00e4nderung und Verbreitung des Inhalts dieser Websites ist ohne ausdr\u00fcckliche Einwilligung von Argon &amp; Co Deutschland verboten.<\/p>\n<p><strong>Rechtliche Hinweise<\/strong><\/p>\n<p>Argon &amp; Co Deutschland ist um gr\u00f6\u00dfte Sorgfalt bei der Zusammenstellung dieser Websites bem\u00fcht und aktualisiert diese regelm\u00e4\u00dfig. Die Angaben dienen lediglich allgemeinen Informationszwecken und sind unverbindlich. Sie ersetzen keine individuelle Beratung. Argon &amp; Co Deutschland \u00fcbernimmt daher keine Haftung f\u00fcr die Richtigkeit, Vollst\u00e4ndigkeit und Aktualit\u00e4t der Angaben auf diesen Websites einschlie\u00dflich der eigenen Dateien zum Download sowie f\u00fcr Sch\u00e4den, die bei der Anwendung von Informationen hieraus entstehen. Da Argon &amp; Co Deutschland keinen Einfluss auf die Gestaltung und die Inhalte der gelinkten Seiten hat, distanziert sich Argon &amp; Co Deutschland ausdr\u00fccklich von allen Inhalten aller gelinkten\/verkn\u00fcpften Seiten. Diese Feststellung gilt f\u00fcr alle innerhalb des eigenen Internetangebots gesetzten Links und Verweise einschlie\u00dflich der Dateien zum Download. Daher wird jegliche Verantwortung von Argon &amp; Co Deutschland f\u00fcr deren Inhalt ausgeschlossen. Argon &amp; Co Deutschland \u00fcbernimmt keine Haftung f\u00fcr die Nutzung der dort wiedergegebenen Informationen und die Einhaltung des Datenschutzes.<\/p>\n","protected":false},"excerpt":{"rendered":"<p>Vertretungsberechtigte Aurel Graf von Bassewitz Dr. Jan Duch Maximilian Funk Jean-Fran\u00e7ois Laget Roland M\u00f6nikes Andreas Offinger Klaus Schug Marc Staudenmayer Burkhard Wagner Handelsregisternummer HRB 212105, Amtsgericht M\u00fcnchen Umsatzsteuer-ID DE295753114 Anschrift Argon &amp; Co Deutschland GmbH Oberanger 43 80331 M\u00fcnchen Haftungsausschluss Haftung f\u00fcr Inhalte Die Inhalte unserer Seiten wurden mit gr\u00f6\u00dfter Sorgfalt erstellt. F\u00fcr die Richtigkeit, [&hellip;]<\/p>\n","protected":false},"author":1,"featured_media":0,"parent":0,"menu_order":0,"comment_status":"closed","ping_status":"closed","template":"","meta":{"_acf_changed":false,"footnotes":""},"class_list":["post-36912","page","type-page","status-publish","hentry"],"acf":[],"yoast_head":"<!-- This site is optimized with the Yoast SEO plugin v27.5 - https:\/\/yoast.com\/product\/yoast-seo-wordpress\/ -->\n<title>Impressum - Argon &amp; Co<\/title>\n<meta name=\"robots\" content=\"index, follow, max-snippet:-1, max-image-preview:large, max-video-preview:-1\" \/>\n<link rel=\"canonical\" href=\"https:\/\/www.argonandco.com\/de\/impressum\/\" \/>\n<meta property=\"og:locale\" content=\"de_DE\" \/>\n<meta property=\"og:type\" content=\"article\" \/>\n<meta property=\"og:title\" content=\"Impressum - Argon &amp; Co\" \/>\n<meta property=\"og:description\" content=\"Vertretungsberechtigte Aurel Graf von Bassewitz Dr. Jan Duch Maximilian Funk Jean-Fran\u00e7ois Laget Roland M\u00f6nikes Andreas Offinger Klaus Schug Marc Staudenmayer Burkhard Wagner Handelsregisternummer HRB 212105, Amtsgericht M\u00fcnchen Umsatzsteuer-ID DE295753114 Anschrift Argon &amp; Co Deutschland GmbH Oberanger 43 80331 M\u00fcnchen Haftungsausschluss Haftung f\u00fcr Inhalte Die Inhalte unserer Seiten wurden mit gr\u00f6\u00dfter Sorgfalt erstellt. F\u00fcr die Richtigkeit, [&hellip;]\" \/>\n<meta property=\"og:url\" content=\"https:\/\/www.argonandco.com\/de\/impressum\/\" \/>\n<meta property=\"og:site_name\" content=\"Argon &amp; Co\" \/>\n<meta property=\"article:modified_time\" content=\"2026-04-21T07:33:56+00:00\" \/>\n<meta name=\"twitter:card\" content=\"summary_large_image\" \/>\n<meta name=\"twitter:label1\" content=\"Gesch\u00e4tzte Lesezeit\" \/>\n\t<meta name=\"twitter:data1\" content=\"3 Minuten\" \/>\n<script type=\"application\/ld+json\" class=\"yoast-schema-graph\">{\"@context\":\"https:\\\/\\\/schema.org\",\"@graph\":[{\"@type\":\"WebPage\",\"@id\":\"https:\\\/\\\/www.argonandco.com\\\/de\\\/impressum\\\/\",\"url\":\"https:\\\/\\\/www.argonandco.com\\\/de\\\/impressum\\\/\",\"name\":\"Impressum - Argon &amp; Co\",\"isPartOf\":{\"@id\":\"https:\\\/\\\/www.argonandco.com\\\/de\\\/#website\"},\"datePublished\":\"2026-02-09T16:04:26+00:00\",\"dateModified\":\"2026-04-21T07:33:56+00:00\",\"breadcrumb\":{\"@id\":\"https:\\\/\\\/www.argonandco.com\\\/de\\\/impressum\\\/#breadcrumb\"},\"inLanguage\":\"de\",\"potentialAction\":[{\"@type\":\"ReadAction\",\"target\":[\"https:\\\/\\\/www.argonandco.com\\\/de\\\/impressum\\\/\"]}]},{\"@type\":\"BreadcrumbList\",\"@id\":\"https:\\\/\\\/www.argonandco.com\\\/de\\\/impressum\\\/#breadcrumb\",\"itemListElement\":[{\"@type\":\"ListItem\",\"position\":1,\"name\":\"Home\",\"item\":\"https:\\\/\\\/www.argonandco.com\\\/de\\\/\"},{\"@type\":\"ListItem\",\"position\":2,\"name\":\"Impressum\"}]},{\"@type\":\"WebSite\",\"@id\":\"https:\\\/\\\/www.argonandco.com\\\/de\\\/#website\",\"url\":\"https:\\\/\\\/www.argonandco.com\\\/de\\\/\",\"name\":\"Argon &amp; Co\",\"description\":\"We help clients achieve their strategic and operational objectives, working together to transform their businesses and generate real change.\",\"potentialAction\":[{\"@type\":\"SearchAction\",\"target\":{\"@type\":\"EntryPoint\",\"urlTemplate\":\"https:\\\/\\\/www.argonandco.com\\\/de\\\/?s={search_term_string}\"},\"query-input\":{\"@type\":\"PropertyValueSpecification\",\"valueRequired\":true,\"valueName\":\"search_term_string\"}}],\"inLanguage\":\"de\"}]}<\/script>\n<!-- \/ Yoast SEO plugin. -->","yoast_head_json":{"title":"Impressum - Argon &amp; Co","robots":{"index":"index","follow":"follow","max-snippet":"max-snippet:-1","max-image-preview":"max-image-preview:large","max-video-preview":"max-video-preview:-1"},"canonical":"https:\/\/www.argonandco.com\/de\/impressum\/","og_locale":"de_DE","og_type":"article","og_title":"Impressum - Argon &amp; Co","og_description":"Vertretungsberechtigte Aurel Graf von Bassewitz Dr. Jan Duch Maximilian Funk Jean-Fran\u00e7ois Laget Roland M\u00f6nikes Andreas Offinger Klaus Schug Marc Staudenmayer Burkhard Wagner Handelsregisternummer HRB 212105, Amtsgericht M\u00fcnchen Umsatzsteuer-ID DE295753114 Anschrift Argon &amp; Co Deutschland GmbH Oberanger 43 80331 M\u00fcnchen Haftungsausschluss Haftung f\u00fcr Inhalte Die Inhalte unserer Seiten wurden mit gr\u00f6\u00dfter Sorgfalt erstellt. F\u00fcr die Richtigkeit, [&hellip;]","og_url":"https:\/\/www.argonandco.com\/de\/impressum\/","og_site_name":"Argon &amp; Co","article_modified_time":"2026-04-21T07:33:56+00:00","twitter_card":"summary_large_image","twitter_misc":{"Gesch\u00e4tzte Lesezeit":"3 Minuten"},"schema":{"@context":"https:\/\/schema.org","@graph":[{"@type":"WebPage","@id":"https:\/\/www.argonandco.com\/de\/impressum\/","url":"https:\/\/www.argonandco.com\/de\/impressum\/","name":"Impressum - Argon &amp; Co","isPartOf":{"@id":"https:\/\/www.argonandco.com\/de\/#website"},"datePublished":"2026-02-09T16:04:26+00:00","dateModified":"2026-04-21T07:33:56+00:00","breadcrumb":{"@id":"https:\/\/www.argonandco.com\/de\/impressum\/#breadcrumb"},"inLanguage":"de","potentialAction":[{"@type":"ReadAction","target":["https:\/\/www.argonandco.com\/de\/impressum\/"]}]},{"@type":"BreadcrumbList","@id":"https:\/\/www.argonandco.com\/de\/impressum\/#breadcrumb","itemListElement":[{"@type":"ListItem","position":1,"name":"Home","item":"https:\/\/www.argonandco.com\/de\/"},{"@type":"ListItem","position":2,"name":"Impressum"}]},{"@type":"WebSite","@id":"https:\/\/www.argonandco.com\/de\/#website","url":"https:\/\/www.argonandco.com\/de\/","name":"Argon &amp; Co","description":"We help clients achieve their strategic and operational objectives, working together to transform their businesses and generate real change.","potentialAction":[{"@type":"SearchAction","target":{"@type":"EntryPoint","urlTemplate":"https:\/\/www.argonandco.com\/de\/?s={search_term_string}"},"query-input":{"@type":"PropertyValueSpecification","valueRequired":true,"valueName":"search_term_string"}}],"inLanguage":"de"}]}},"_links":{"self":[{"href":"https:\/\/www.argonandco.com\/de\/wp-json\/wp\/v2\/pages\/36912","targetHints":{"allow":["GET"]}}],"collection":[{"href":"https:\/\/www.argonandco.com\/de\/wp-json\/wp\/v2\/pages"}],"about":[{"href":"https:\/\/www.argonandco.com\/de\/wp-json\/wp\/v2\/types\/page"}],"author":[{"embeddable":true,"href":"https:\/\/www.argonandco.com\/de\/wp-json\/wp\/v2\/users\/1"}],"replies":[{"embeddable":true,"href":"https:\/\/www.argonandco.com\/de\/wp-json\/wp\/v2\/comments?post=36912"}],"version-history":[{"count":0,"href":"https:\/\/www.argonandco.com\/de\/wp-json\/wp\/v2\/pages\/36912\/revisions"}],"wp:attachment":[{"href":"https:\/\/www.argonandco.com\/de\/wp-json\/wp\/v2\/media?parent=36912"}],"curies":[{"name":"wp","href":"https:\/\/api.w.org\/{rel}","templated":true}]}}