{"id":35573,"date":"2025-11-12T07:56:26","date_gmt":"2025-11-12T07:56:26","guid":{"rendered":"https:\/\/www.argonandco.com\/?page_id=35573"},"modified":"2026-04-08T15:56:59","modified_gmt":"2026-04-08T14:56:59","slug":"performance-und-restructuring","status":"publish","type":"page","link":"https:\/\/www.argonandco.com\/de\/leistungen\/performance-und-restructuring\/","title":{"rendered":"Performance und Restructuring"},"content":{"rendered":"<h2>Performance &amp; Restructuring<\/h2>\n<p>Angesichts der aktuellen Marktvolatilit\u00e4t, Lieferkettenst\u00f6rungen und Margendrucks helfen unsere Performance- und Restrukturierungsdienstleistungen Unternehmen dabei, Abw\u00e4rtsspiralen zu durchbrechen und nachhaltige Werte wiederaufzubauen.<\/p>\n<p>Unabh\u00e4ngig davon, ob Unternehmen noch stabil operieren oder sich in einer kritischen Krisensituation befinden, helfen wir ihnen dabei, die Ursachen f\u00fcr die unterdurchschnittliche Performance aufzudecken und die finanziellen, operativen und strategischen Grundlagen f\u00fcr eine Erholung zu schaffen. Auf der Grundlage jahrzehntelanger Erfahrung in Branchen wie Automobilbau, Maschinenbau und Fertigung verbinden wir exzellentes Controlling und Finanzmanagement mit praktischer Erfahrung, Einblicken in die Fertigung und Turnaround-Governance.<\/p>\n<h2>Erste Schritte zu Performance &amp; Restructuring<\/h2>\n<p>Wir beginnen mit einer schnellen, aber gr\u00fcndlichen Diagnose des aktuellen Gesch\u00e4ftsmodells, bei der wir die Cashflow-Dynamik, Margenerosion, Engp\u00e4sse im Wertstrom, Risiken f\u00fcr Stakeholder und organisatorische F\u00e4higkeiten untersuchen. Auf dieser Grundlage definieren wir gemeinsam wichtige Hebel: zum Beispiel die \u00dcberarbeitung von Preismodellen, die Verkleinerung oder Umverteilung von Kapazit\u00e4ten, die Neuausrichtung des Produktportfolios oder die Optimierung des Betriebskapitals.<\/p>\n<p>Parallel dazu aktivieren wir einen Restrukturierungsmotor \u2013 indem wir die F\u00fchrung einbinden, die Finanzierung sichern und den Betrieb stabilisieren \u2013, um den Niedergang zu stoppen und das Vertrauen von Banken, Investoren und internen Stakeholdern wiederherzustellen.<\/p>\n<h2>Transformation in Performance &amp; Restructuring<\/h2>\n<p>Sobald die Stabilisierung erreicht ist, verlagern wir den Fokus auf die strukturelle Transformation. Dazu geh\u00f6ren die Einbettung von Governance- und Leistungs\u00fcberwachungssystemen, die Neugestaltung von organisatorischen Rollen und Verhaltensweisen sowie die Institutionalisierung kontinuierlicher Verbesserungen.<\/p>\n<p>Das Ziel ist es, vom reaktiven Modus zu einem zukunftsf\u00e4higen Betriebsmodell \u00fcberzugehen, das Strategie, Betrieb und Finanzmanagement aufeinander abstimmt und den Turnaround in Wachstumsbereitschaft verwandelt. Im Laufe der Zeit erm\u00f6glicht dieser Wandel Unternehmen nicht nur, in disruptiven Umgebungen zu \u00fcberleben, sondern sich proaktiv neu zu positionieren, sich an neue Gesch\u00e4ftsmodelle anzupassen und langfristigen Wert zu schaffen.<\/p>\n<h2>Herausforderungen in Performance &amp; Restructuring<\/h2>\n<p>Unser Team von Strategieberatern geht komplexen Problemen auf den Grund und konzentriert sich darauf, greifbare Ergebnisse f\u00fcr unsere Kunden zu erzielen. Die Men\u00fcleiste auf dieser Seite enth\u00e4lt weitere Informationen zu einer Auswahl der Leistungsherausforderungen, mit denen wir uns regelm\u00e4\u00dfig befassen.<\/p>\n<p>Wir kombinieren technisches Fachwissen, operative Erfahrung, Gesch\u00e4ftskenntnisse und gesunden Menschenverstand, um unseren Kunden bei der L\u00f6sung von Leistungsproblemen zu helfen und dauerhafte Ergebnisse zu erzielen. Unser positiver, flexibler und pers\u00f6nlicher Ansatz, der bei Bedarf auch Herausforderungen mit einbezieht, sorgt f\u00fcr Akzeptanz auf allen Ebenen des Unternehmens unserer Kunden und f\u00fcr ein positives Ergebnis. Erfahren Sie hier mehr \u00fcber uns.<\/p>\n","protected":false},"excerpt":{"rendered":"<p>Performance &amp; Restructuring Angesichts der aktuellen Marktvolatilit\u00e4t, Lieferkettenst\u00f6rungen und Margendrucks helfen unsere Performance- und Restrukturierungsdienstleistungen Unternehmen dabei, Abw\u00e4rtsspiralen zu durchbrechen und nachhaltige Werte wiederaufzubauen. Unabh\u00e4ngig davon, ob Unternehmen noch stabil operieren oder sich in einer kritischen Krisensituation befinden, helfen wir ihnen dabei, die Ursachen f\u00fcr die unterdurchschnittliche Performance aufzudecken und die finanziellen, operativen und strategischen [&hellip;]<\/p>\n","protected":false},"author":44,"featured_media":30235,"parent":30418,"menu_order":0,"comment_status":"closed","ping_status":"closed","template":"","meta":{"_acf_changed":false,"footnotes":""},"class_list":["post-35573","page","type-page","status-publish","has-post-thumbnail","hentry"],"acf":[],"yoast_head":"<!-- This site is optimized with the Yoast SEO plugin v27.4 - https:\/\/yoast.com\/product\/yoast-seo-wordpress\/ -->\n<title>Performance und Restructuring | Argon &amp; Co<\/title>\n<meta name=\"description\" content=\"Argon &amp; Co&#039;s sustainable operations consulting services support your organisation&#039;s green energy objectives. Get in touch today.\" \/>\n<meta name=\"robots\" content=\"index, follow, max-snippet:-1, max-image-preview:large, max-video-preview:-1\" \/>\n<link rel=\"canonical\" href=\"https:\/\/www.argonandco.com\/de\/leistungen\/performance-und-restructuring\/\" \/>\n<meta property=\"og:locale\" content=\"de_DE\" \/>\n<meta property=\"og:type\" content=\"article\" \/>\n<meta property=\"og:title\" content=\"Performance und Restructuring | Argon &amp; Co\" \/>\n<meta property=\"og:description\" content=\"Argon &amp; Co&#039;s sustainable operations consulting services support your organisation&#039;s green energy objectives. Get in touch today.\" \/>\n<meta property=\"og:url\" content=\"https:\/\/www.argonandco.com\/de\/leistungen\/performance-und-restructuring\/\" \/>\n<meta property=\"og:site_name\" content=\"Argon &amp; Co\" \/>\n<meta property=\"article:modified_time\" content=\"2026-04-08T14:56:59+00:00\" \/>\n<meta property=\"og:image\" content=\"https:\/\/www.argonandco.com\/wp-content\/uploads\/2020\/06\/man-planting-plant-169523-scaled-e1592389025453.jpg\" \/>\n\t<meta property=\"og:image:width\" content=\"2560\" \/>\n\t<meta property=\"og:image:height\" content=\"1706\" \/>\n\t<meta property=\"og:image:type\" content=\"image\/jpeg\" \/>\n<meta name=\"twitter:card\" content=\"summary_large_image\" \/>\n<meta name=\"twitter:label1\" content=\"Gesch\u00e4tzte Lesezeit\" \/>\n\t<meta name=\"twitter:data1\" content=\"2 Minuten\" \/>\n<script type=\"application\/ld+json\" class=\"yoast-schema-graph\">{\"@context\":\"https:\\\/\\\/schema.org\",\"@graph\":[{\"@type\":\"WebPage\",\"@id\":\"https:\\\/\\\/www.argonandco.com\\\/de\\\/leistungen\\\/performance-und-restructuring\\\/\",\"url\":\"https:\\\/\\\/www.argonandco.com\\\/de\\\/leistungen\\\/performance-und-restructuring\\\/\",\"name\":\"Performance und Restructuring | Argon & Co\",\"isPartOf\":{\"@id\":\"https:\\\/\\\/www.argonandco.com\\\/de\\\/#website\"},\"primaryImageOfPage\":{\"@id\":\"https:\\\/\\\/www.argonandco.com\\\/de\\\/leistungen\\\/performance-und-restructuring\\\/#primaryimage\"},\"image\":{\"@id\":\"https:\\\/\\\/www.argonandco.com\\\/de\\\/leistungen\\\/performance-und-restructuring\\\/#primaryimage\"},\"thumbnailUrl\":\"https:\\\/\\\/www.argonandco.com\\\/wp-content\\\/uploads\\\/2020\\\/06\\\/man-planting-plant-169523-scaled-e1592389025453.jpg\",\"datePublished\":\"2025-11-12T07:56:26+00:00\",\"dateModified\":\"2026-04-08T14:56:59+00:00\",\"description\":\"Argon & Co's sustainable operations consulting services support your organisation's green energy objectives. Get in touch today.\",\"breadcrumb\":{\"@id\":\"https:\\\/\\\/www.argonandco.com\\\/de\\\/leistungen\\\/performance-und-restructuring\\\/#breadcrumb\"},\"inLanguage\":\"de\",\"potentialAction\":[{\"@type\":\"ReadAction\",\"target\":[\"https:\\\/\\\/www.argonandco.com\\\/de\\\/leistungen\\\/performance-und-restructuring\\\/\"]}]},{\"@type\":\"ImageObject\",\"inLanguage\":\"de\",\"@id\":\"https:\\\/\\\/www.argonandco.com\\\/de\\\/leistungen\\\/performance-und-restructuring\\\/#primaryimage\",\"url\":\"https:\\\/\\\/www.argonandco.com\\\/wp-content\\\/uploads\\\/2020\\\/06\\\/man-planting-plant-169523-scaled-e1592389025453.jpg\",\"contentUrl\":\"https:\\\/\\\/www.argonandco.com\\\/wp-content\\\/uploads\\\/2020\\\/06\\\/man-planting-plant-169523-scaled-e1592389025453.jpg\",\"width\":2560,\"height\":1706},{\"@type\":\"BreadcrumbList\",\"@id\":\"https:\\\/\\\/www.argonandco.com\\\/de\\\/leistungen\\\/performance-und-restructuring\\\/#breadcrumb\",\"itemListElement\":[{\"@type\":\"ListItem\",\"position\":1,\"name\":\"Home\",\"item\":\"https:\\\/\\\/www.argonandco.com\\\/de\\\/\"},{\"@type\":\"ListItem\",\"position\":2,\"name\":\"Leistungen\",\"item\":\"https:\\\/\\\/www.argonandco.com\\\/de\\\/leistungen\\\/\"},{\"@type\":\"ListItem\",\"position\":3,\"name\":\"Performance und Restructuring\"}]},{\"@type\":\"WebSite\",\"@id\":\"https:\\\/\\\/www.argonandco.com\\\/de\\\/#website\",\"url\":\"https:\\\/\\\/www.argonandco.com\\\/de\\\/\",\"name\":\"Argon &amp; Co\",\"description\":\"We help clients achieve their strategic and operational objectives, working together to transform their businesses and generate real change.\",\"potentialAction\":[{\"@type\":\"SearchAction\",\"target\":{\"@type\":\"EntryPoint\",\"urlTemplate\":\"https:\\\/\\\/www.argonandco.com\\\/de\\\/?s={search_term_string}\"},\"query-input\":{\"@type\":\"PropertyValueSpecification\",\"valueRequired\":true,\"valueName\":\"search_term_string\"}}],\"inLanguage\":\"de\"}]}<\/script>\n<!-- \/ Yoast SEO plugin. -->","yoast_head_json":{"title":"Performance und Restructuring | Argon & Co","description":"Argon & Co's sustainable operations consulting services support your organisation's green energy objectives. Get in touch today.","robots":{"index":"index","follow":"follow","max-snippet":"max-snippet:-1","max-image-preview":"max-image-preview:large","max-video-preview":"max-video-preview:-1"},"canonical":"https:\/\/www.argonandco.com\/de\/leistungen\/performance-und-restructuring\/","og_locale":"de_DE","og_type":"article","og_title":"Performance und Restructuring | Argon & Co","og_description":"Argon & Co's sustainable operations consulting services support your organisation's green energy objectives. Get in touch today.","og_url":"https:\/\/www.argonandco.com\/de\/leistungen\/performance-und-restructuring\/","og_site_name":"Argon &amp; Co","article_modified_time":"2026-04-08T14:56:59+00:00","og_image":[{"width":2560,"height":1706,"url":"https:\/\/www.argonandco.com\/wp-content\/uploads\/2020\/06\/man-planting-plant-169523-scaled-e1592389025453.jpg","type":"image\/jpeg"}],"twitter_card":"summary_large_image","twitter_misc":{"Gesch\u00e4tzte Lesezeit":"2 Minuten"},"schema":{"@context":"https:\/\/schema.org","@graph":[{"@type":"WebPage","@id":"https:\/\/www.argonandco.com\/de\/leistungen\/performance-und-restructuring\/","url":"https:\/\/www.argonandco.com\/de\/leistungen\/performance-und-restructuring\/","name":"Performance und Restructuring | Argon & Co","isPartOf":{"@id":"https:\/\/www.argonandco.com\/de\/#website"},"primaryImageOfPage":{"@id":"https:\/\/www.argonandco.com\/de\/leistungen\/performance-und-restructuring\/#primaryimage"},"image":{"@id":"https:\/\/www.argonandco.com\/de\/leistungen\/performance-und-restructuring\/#primaryimage"},"thumbnailUrl":"https:\/\/www.argonandco.com\/wp-content\/uploads\/2020\/06\/man-planting-plant-169523-scaled-e1592389025453.jpg","datePublished":"2025-11-12T07:56:26+00:00","dateModified":"2026-04-08T14:56:59+00:00","description":"Argon & Co's sustainable operations consulting services support your organisation's green energy objectives. Get in touch today.","breadcrumb":{"@id":"https:\/\/www.argonandco.com\/de\/leistungen\/performance-und-restructuring\/#breadcrumb"},"inLanguage":"de","potentialAction":[{"@type":"ReadAction","target":["https:\/\/www.argonandco.com\/de\/leistungen\/performance-und-restructuring\/"]}]},{"@type":"ImageObject","inLanguage":"de","@id":"https:\/\/www.argonandco.com\/de\/leistungen\/performance-und-restructuring\/#primaryimage","url":"https:\/\/www.argonandco.com\/wp-content\/uploads\/2020\/06\/man-planting-plant-169523-scaled-e1592389025453.jpg","contentUrl":"https:\/\/www.argonandco.com\/wp-content\/uploads\/2020\/06\/man-planting-plant-169523-scaled-e1592389025453.jpg","width":2560,"height":1706},{"@type":"BreadcrumbList","@id":"https:\/\/www.argonandco.com\/de\/leistungen\/performance-und-restructuring\/#breadcrumb","itemListElement":[{"@type":"ListItem","position":1,"name":"Home","item":"https:\/\/www.argonandco.com\/de\/"},{"@type":"ListItem","position":2,"name":"Leistungen","item":"https:\/\/www.argonandco.com\/de\/leistungen\/"},{"@type":"ListItem","position":3,"name":"Performance und Restructuring"}]},{"@type":"WebSite","@id":"https:\/\/www.argonandco.com\/de\/#website","url":"https:\/\/www.argonandco.com\/de\/","name":"Argon &amp; Co","description":"We help clients achieve their strategic and operational objectives, working together to transform their businesses and generate real change.","potentialAction":[{"@type":"SearchAction","target":{"@type":"EntryPoint","urlTemplate":"https:\/\/www.argonandco.com\/de\/?s={search_term_string}"},"query-input":{"@type":"PropertyValueSpecification","valueRequired":true,"valueName":"search_term_string"}}],"inLanguage":"de"}]}},"_links":{"self":[{"href":"https:\/\/www.argonandco.com\/de\/wp-json\/wp\/v2\/pages\/35573","targetHints":{"allow":["GET"]}}],"collection":[{"href":"https:\/\/www.argonandco.com\/de\/wp-json\/wp\/v2\/pages"}],"about":[{"href":"https:\/\/www.argonandco.com\/de\/wp-json\/wp\/v2\/types\/page"}],"author":[{"embeddable":true,"href":"https:\/\/www.argonandco.com\/de\/wp-json\/wp\/v2\/users\/44"}],"replies":[{"embeddable":true,"href":"https:\/\/www.argonandco.com\/de\/wp-json\/wp\/v2\/comments?post=35573"}],"version-history":[{"count":0,"href":"https:\/\/www.argonandco.com\/de\/wp-json\/wp\/v2\/pages\/35573\/revisions"}],"up":[{"embeddable":true,"href":"https:\/\/www.argonandco.com\/de\/wp-json\/wp\/v2\/pages\/30418"}],"wp:featuredmedia":[{"embeddable":true,"href":"https:\/\/www.argonandco.com\/de\/wp-json\/wp\/v2\/media\/30235"}],"wp:attachment":[{"href":"https:\/\/www.argonandco.com\/de\/wp-json\/wp\/v2\/media?parent=35573"}],"curies":[{"name":"wp","href":"https:\/\/api.w.org\/{rel}","templated":true}]}}