{"id":30414,"date":"2019-09-06T10:35:07","date_gmt":"2019-09-06T09:35:07","guid":{"rendered":"https:\/\/www.argonandco.com\/new-products\/"},"modified":"2025-11-20T11:31:55","modified_gmt":"2025-11-20T11:31:55","slug":"neue-produkte","status":"publish","type":"page","link":"https:\/\/www.argonandco.com\/de\/leistungen\/neue-produkte\/","title":{"rendered":"Neue Produkte"},"content":{"rendered":"<h2>Neue Produkte<\/h2>\n<p>Die F\u00e4higkeit, neue Produkte zu entwickeln und auf den Markt zu bringen, ist f\u00fcr ein Unternehmen unerl\u00e4sslich, um kurz- und langfristig wettbewerbsf\u00e4hig zu bleiben. Sie ist ein Motor f\u00fcr die Gesch\u00e4ftsentwicklung und erm\u00f6glicht es einem Unternehmen, preislich wettbewerbsf\u00e4hig zu bleiben und die Qualit\u00e4t zu verbessern.<\/p>\n<h2>Einfl\u00fcsse der Entwicklung neuer Produkte<\/h2>\n<p>Die Entscheidungen, die in einer fr\u00fchen Phase der Produktentwicklung getroffen werden, wirken sich auf alle Unternehmensbereiche aus, von der Beschaffung \u00fcber die Produktion bis hin zum Vertrieb. Dar\u00fcber hinaus bietet die digitale Technologie die M\u00f6glichkeit, Prozesse neu zu gestalten und effizienter zu gestalten.<\/p>\n<h2>Umstellung auf neue Produkte<\/h2>\n<p>Um diesen Herausforderungen zu begegnen, muss das Unternehmen seine Organisation neu gestalten, seine Kompetenzen ausbauen und seine Arbeitsweisen optimieren, insbesondere durch den Einsatz digitaler Technologien zur Leistungssteigerung.<\/p>\n<p>Es sind vier wesentliche Punkte zu beachten:<\/p>\n<ul>\n<li>Forschung und Entwicklung sowie Technik sollten ihre Lieferanten zunehmend integrieren und neue Technologien (technisches Datenmanagement) nutzen.<\/li>\n<li>Die Prozesse zur Einf\u00fchrung neuer Produkte sollten hinterfragt werden, um die Zykluszeiten vom Entwurf bis zur Markteinf\u00fchrung so weit wie m\u00f6glich zu verk\u00fcrzen.<\/li>\n<li>Das Innovationsportfoliomanagement sollte \u00fcberpr\u00fcft werden, um potenzielle Synergien zu nutzen.<\/li>\n<li>Design to Cost muss als Wettbewerbsvorteil genutzt werden, indem die Funktionen des Produkts (oder der Dienstleistung) hinterfragt werden, um alle Ressourcen zu entfernen, die nicht direkt dazu beitragen.<\/li>\n<\/ul>\n<h2>Unterst\u00fctzung bei Herausforderungen im Zusammenhang mit neuen Produkten<\/h2>\n<p>Unser Team von Beratern und Beraterinnen f\u00fcr neue Produkte geht komplexen Problemen auf den Grund und konzentriert sich darauf, greifbare Ergebnisse f\u00fcr unsere Kunden zu erzielen. Die Men\u00fcleiste auf dieser Seite enth\u00e4lt weitere Informationen zu einer Auswahl der Herausforderungen im Bereich neuer Produkte, mit denen wir uns regelm\u00e4\u00dfig befassen.<\/p>\n<p>Wir kombinieren technisches Fachwissen, operative Erfahrung, Gesch\u00e4ftskenntnisse und gesunden Menschenverstand, um unseren Kunden bei der L\u00f6sung von Problemen bei der Entwicklung neuer Produkte zu helfen und dauerhafte Ergebnisse zu erzielen. Unser positiver, flexibler und pers\u00f6nlicher Ansatz, der bei Bedarf auch Herausforderungen mit einbezieht, sorgt f\u00fcr Akzeptanz auf allen Ebenen des Unternehmens unserer Kunden und f\u00fcr ein positives Ergebnis. <b><a href=\"https:\/\/www.argonandco.com\/de\/ueber-uns\/\" target=\"_blank\" rel=\"noopener\">Erfahren Sie hier mehr \u00fcber uns. <\/a> <\/b><\/p>\n","protected":false},"excerpt":{"rendered":"<p>Neue Produkte Die F\u00e4higkeit, neue Produkte zu entwickeln und auf den Markt zu bringen, ist f\u00fcr ein Unternehmen unerl\u00e4sslich, um kurz- und langfristig wettbewerbsf\u00e4hig zu bleiben. Sie ist ein Motor f\u00fcr die Gesch\u00e4ftsentwicklung und erm\u00f6glicht es einem Unternehmen, preislich wettbewerbsf\u00e4hig zu bleiben und die Qualit\u00e4t zu verbessern. Einfl\u00fcsse der Entwicklung neuer Produkte Die Entscheidungen, die [&hellip;]<\/p>\n","protected":false},"author":1,"featured_media":0,"parent":30418,"menu_order":7,"comment_status":"closed","ping_status":"closed","template":"","meta":{"_acf_changed":false,"footnotes":""},"class_list":["post-30414","page","type-page","status-publish","hentry"],"acf":[],"yoast_head":"<!-- This site is optimized with the Yoast SEO plugin v27.4 - https:\/\/yoast.com\/product\/yoast-seo-wordpress\/ -->\n<title>Neue Produkte | Argon &amp; Co<\/title>\n<meta name=\"description\" content=\"Argon &amp; Co offers expert new product launch consulting &amp; development services: R&amp;D, engineering; portfolio management; (re)design to cost. Learn more.\" \/>\n<meta name=\"robots\" content=\"index, follow, max-snippet:-1, max-image-preview:large, max-video-preview:-1\" \/>\n<link rel=\"canonical\" href=\"https:\/\/www.argonandco.com\/de\/leistungen\/neue-produkte\/\" \/>\n<meta property=\"og:locale\" content=\"de_DE\" \/>\n<meta property=\"og:type\" content=\"article\" \/>\n<meta property=\"og:title\" content=\"Neue Produkte | Argon &amp; Co\" \/>\n<meta property=\"og:description\" content=\"Argon &amp; Co offers expert new product launch consulting &amp; development services: R&amp;D, engineering; portfolio management; (re)design to cost. Learn more.\" \/>\n<meta property=\"og:url\" content=\"https:\/\/www.argonandco.com\/de\/leistungen\/neue-produkte\/\" \/>\n<meta property=\"og:site_name\" content=\"Argon &amp; Co\" \/>\n<meta property=\"article:modified_time\" content=\"2025-11-20T11:31:55+00:00\" \/>\n<meta name=\"twitter:card\" content=\"summary_large_image\" \/>\n<meta name=\"twitter:label1\" content=\"Gesch\u00e4tzte Lesezeit\" \/>\n\t<meta name=\"twitter:data1\" content=\"2 Minuten\" \/>\n<script type=\"application\/ld+json\" class=\"yoast-schema-graph\">{\"@context\":\"https:\\\/\\\/schema.org\",\"@graph\":[{\"@type\":\"WebPage\",\"@id\":\"https:\\\/\\\/www.argonandco.com\\\/de\\\/leistungen\\\/neue-produkte\\\/\",\"url\":\"https:\\\/\\\/www.argonandco.com\\\/de\\\/leistungen\\\/neue-produkte\\\/\",\"name\":\"Neue Produkte | Argon &amp; Co\",\"isPartOf\":{\"@id\":\"https:\\\/\\\/www.argonandco.com\\\/de\\\/#website\"},\"datePublished\":\"2019-09-06T09:35:07+00:00\",\"dateModified\":\"2025-11-20T11:31:55+00:00\",\"description\":\"Argon & Co offers expert new product launch consulting & development services: R&D, engineering; portfolio management; (re)design to cost. Learn more.\",\"breadcrumb\":{\"@id\":\"https:\\\/\\\/www.argonandco.com\\\/de\\\/leistungen\\\/neue-produkte\\\/#breadcrumb\"},\"inLanguage\":\"de\",\"potentialAction\":[{\"@type\":\"ReadAction\",\"target\":[\"https:\\\/\\\/www.argonandco.com\\\/de\\\/leistungen\\\/neue-produkte\\\/\"]}]},{\"@type\":\"BreadcrumbList\",\"@id\":\"https:\\\/\\\/www.argonandco.com\\\/de\\\/leistungen\\\/neue-produkte\\\/#breadcrumb\",\"itemListElement\":[{\"@type\":\"ListItem\",\"position\":1,\"name\":\"Home\",\"item\":\"https:\\\/\\\/www.argonandco.com\\\/de\\\/\"},{\"@type\":\"ListItem\",\"position\":2,\"name\":\"Leistungen\",\"item\":\"https:\\\/\\\/www.argonandco.com\\\/de\\\/leistungen\\\/\"},{\"@type\":\"ListItem\",\"position\":3,\"name\":\"Neue Produkte\"}]},{\"@type\":\"WebSite\",\"@id\":\"https:\\\/\\\/www.argonandco.com\\\/de\\\/#website\",\"url\":\"https:\\\/\\\/www.argonandco.com\\\/de\\\/\",\"name\":\"Argon &amp; Co\",\"description\":\"We help clients achieve their strategic and operational objectives, working together to transform their businesses and generate real change.\",\"potentialAction\":[{\"@type\":\"SearchAction\",\"target\":{\"@type\":\"EntryPoint\",\"urlTemplate\":\"https:\\\/\\\/www.argonandco.com\\\/de\\\/?s={search_term_string}\"},\"query-input\":{\"@type\":\"PropertyValueSpecification\",\"valueRequired\":true,\"valueName\":\"search_term_string\"}}],\"inLanguage\":\"de\"}]}<\/script>\n<!-- \/ Yoast SEO plugin. -->","yoast_head_json":{"title":"Neue Produkte | Argon &amp; Co","description":"Argon & Co offers expert new product launch consulting & development services: R&D, engineering; portfolio management; (re)design to cost. Learn more.","robots":{"index":"index","follow":"follow","max-snippet":"max-snippet:-1","max-image-preview":"max-image-preview:large","max-video-preview":"max-video-preview:-1"},"canonical":"https:\/\/www.argonandco.com\/de\/leistungen\/neue-produkte\/","og_locale":"de_DE","og_type":"article","og_title":"Neue Produkte | Argon &amp; Co","og_description":"Argon & Co offers expert new product launch consulting & development services: R&D, engineering; portfolio management; (re)design to cost. Learn more.","og_url":"https:\/\/www.argonandco.com\/de\/leistungen\/neue-produkte\/","og_site_name":"Argon &amp; Co","article_modified_time":"2025-11-20T11:31:55+00:00","twitter_card":"summary_large_image","twitter_misc":{"Gesch\u00e4tzte Lesezeit":"2 Minuten"},"schema":{"@context":"https:\/\/schema.org","@graph":[{"@type":"WebPage","@id":"https:\/\/www.argonandco.com\/de\/leistungen\/neue-produkte\/","url":"https:\/\/www.argonandco.com\/de\/leistungen\/neue-produkte\/","name":"Neue Produkte | Argon &amp; Co","isPartOf":{"@id":"https:\/\/www.argonandco.com\/de\/#website"},"datePublished":"2019-09-06T09:35:07+00:00","dateModified":"2025-11-20T11:31:55+00:00","description":"Argon & Co offers expert new product launch consulting & development services: R&D, engineering; portfolio management; (re)design to cost. Learn more.","breadcrumb":{"@id":"https:\/\/www.argonandco.com\/de\/leistungen\/neue-produkte\/#breadcrumb"},"inLanguage":"de","potentialAction":[{"@type":"ReadAction","target":["https:\/\/www.argonandco.com\/de\/leistungen\/neue-produkte\/"]}]},{"@type":"BreadcrumbList","@id":"https:\/\/www.argonandco.com\/de\/leistungen\/neue-produkte\/#breadcrumb","itemListElement":[{"@type":"ListItem","position":1,"name":"Home","item":"https:\/\/www.argonandco.com\/de\/"},{"@type":"ListItem","position":2,"name":"Leistungen","item":"https:\/\/www.argonandco.com\/de\/leistungen\/"},{"@type":"ListItem","position":3,"name":"Neue Produkte"}]},{"@type":"WebSite","@id":"https:\/\/www.argonandco.com\/de\/#website","url":"https:\/\/www.argonandco.com\/de\/","name":"Argon &amp; Co","description":"We help clients achieve their strategic and operational objectives, working together to transform their businesses and generate real change.","potentialAction":[{"@type":"SearchAction","target":{"@type":"EntryPoint","urlTemplate":"https:\/\/www.argonandco.com\/de\/?s={search_term_string}"},"query-input":{"@type":"PropertyValueSpecification","valueRequired":true,"valueName":"search_term_string"}}],"inLanguage":"de"}]}},"_links":{"self":[{"href":"https:\/\/www.argonandco.com\/de\/wp-json\/wp\/v2\/pages\/30414","targetHints":{"allow":["GET"]}}],"collection":[{"href":"https:\/\/www.argonandco.com\/de\/wp-json\/wp\/v2\/pages"}],"about":[{"href":"https:\/\/www.argonandco.com\/de\/wp-json\/wp\/v2\/types\/page"}],"author":[{"embeddable":true,"href":"https:\/\/www.argonandco.com\/de\/wp-json\/wp\/v2\/users\/1"}],"replies":[{"embeddable":true,"href":"https:\/\/www.argonandco.com\/de\/wp-json\/wp\/v2\/comments?post=30414"}],"version-history":[{"count":0,"href":"https:\/\/www.argonandco.com\/de\/wp-json\/wp\/v2\/pages\/30414\/revisions"}],"up":[{"embeddable":true,"href":"https:\/\/www.argonandco.com\/de\/wp-json\/wp\/v2\/pages\/30418"}],"wp:attachment":[{"href":"https:\/\/www.argonandco.com\/de\/wp-json\/wp\/v2\/media?parent=30414"}],"curies":[{"name":"wp","href":"https:\/\/api.w.org\/{rel}","templated":true}]}}