{"id":30409,"date":"2019-09-06T10:35:07","date_gmt":"2019-09-06T09:35:07","guid":{"rendered":"https:\/\/www.argonandco.com\/manufacturing\/"},"modified":"2025-11-20T11:38:40","modified_gmt":"2025-11-20T11:38:40","slug":"produzierendes-gewerbe","status":"publish","type":"page","link":"https:\/\/www.argonandco.com\/de\/leistungen\/produzierendes-gewerbe\/","title":{"rendered":"Produzierendes Gewerbe"},"content":{"rendered":"<h3>Verarbeitendes Gewerbe<\/h3>\n<p>Produktion, industrielle Instandhaltung, Qualit\u00e4tsmanagement und Prozessmanagement stehen offensichtlich im Mittelpunkt vieler industrieller Fragestellungen. Diese Bereiche (allgemein als Fertigung bezeichnet) werden durch Marktentwicklungen, gesellschaftliche Ver\u00e4nderungen und technologische Umbr\u00fcche grundlegend ver\u00e4ndert. Daher ist es f\u00fcr diejenigen, die ihr Produktionsmodell angesichts gesch\u00e4ftlicher Herausforderungen anpassen m\u00fcssen, unerl\u00e4sslich, \u00fcber eine klare und detaillierte Fertigungsstrategie zu verf\u00fcgen.<\/p>\n<h3>Produktionspriorit\u00e4ten<\/h3>\n<p>Wir unterst\u00fctzen Industrieunternehmen sowohl in den vorgelagerten Phasen der Diagnose als auch bei der Umsetzung von Roadmaps und konzentrieren uns dabei auf sechs Hauptpriorit\u00e4ten. Dazu geh\u00f6ren:<\/p>\n<ul>\n<li>Die Neugestaltung industrieller (und logistischer) Systeme<\/li>\n<li>Make-or-Buy-Strategie<\/li>\n<li>Leistungsoptimierung<\/li>\n<li>Aufbau eines Exzellenznetzwerks<\/li>\n<li>Verbesserung der Agilit\u00e4t<\/li>\n<li>Digitale Transformation<\/li>\n<\/ul>\n<h3>Transformation in der Fertigung<\/h3>\n<p>Dank der fundierten operativen Erfahrung, st\u00fctzen sich unsere Berater und Beraterinnen auf bew\u00e4hrte Methoden und kombinieren starke analytische F\u00e4higkeiten, um pragmatische und umsetzbare Empfehlungen zu geben.<\/p>\n<h3>Unterst\u00fctzung bei Herausforderungen im verarbeitenden Gewerbe<\/h3>\n<p>Unser Team aus Fertigungsberatern geht komplexen Problemen auf den Grund und konzentriert sich darauf, greifbare Ergebnisse f\u00fcr unsere Kunden zu erzielen. In der Men\u00fcleiste auf dieser Seite finden Sie weitere Informationen zu einer Auswahl der Herausforderungen, mit denen wir regelm\u00e4\u00dfig in der Fertigung konfrontiert sind.<\/p>\n<p>Wir kombinieren technisches Fachwissen, operative Erfahrung, betriebswirtschaftliche Kenntnisse und gesunden Menschenverstand, um unseren Kunden bei der L\u00f6sung von Fertigungsproblemen zu helfen und nachhaltige Ergebnisse zu erzielen. Unser positiver, flexibler und pers\u00f6nlicher Ansatz, der bei Bedarf auch Herausforderungen nicht scheut, sorgt f\u00fcr Akzeptanz auf allen Ebenen des Unternehmens unserer Kunden und f\u00fcr ein positives Ergebnis. <b><a href=\"https:\/\/www.argonandco.com\/de\/ueber-uns\/\" target=\"_blank\" rel=\"noopener\">Erfahren Sie hier mehr \u00fcber uns. <\/a>\u00a0<\/b><\/p>\n","protected":false},"excerpt":{"rendered":"<p>Verarbeitendes Gewerbe Produktion, industrielle Instandhaltung, Qualit\u00e4tsmanagement und Prozessmanagement stehen offensichtlich im Mittelpunkt vieler industrieller Fragestellungen. Diese Bereiche (allgemein als Fertigung bezeichnet) werden durch Marktentwicklungen, gesellschaftliche Ver\u00e4nderungen und technologische Umbr\u00fcche grundlegend ver\u00e4ndert. Daher ist es f\u00fcr diejenigen, die ihr Produktionsmodell angesichts gesch\u00e4ftlicher Herausforderungen anpassen m\u00fcssen, unerl\u00e4sslich, \u00fcber eine klare und detaillierte Fertigungsstrategie zu verf\u00fcgen. Produktionspriorit\u00e4ten Wir [&hellip;]<\/p>\n","protected":false},"author":1,"featured_media":0,"parent":30418,"menu_order":10,"comment_status":"closed","ping_status":"closed","template":"","meta":{"_acf_changed":false,"footnotes":""},"class_list":["post-30409","page","type-page","status-publish","hentry"],"acf":[],"yoast_head":"<!-- This site is optimized with the Yoast SEO plugin v27.5 - https:\/\/yoast.com\/product\/yoast-seo-wordpress\/ -->\n<title>Produzierendes Gewerbe | Argon &amp; Co<\/title>\n<meta name=\"description\" content=\"Argon &amp; Co&#039;s manufacturing management consultancy services help you adjust &amp; optimise your production model amid business challenges. Learn more.\" \/>\n<meta name=\"robots\" content=\"index, follow, max-snippet:-1, max-image-preview:large, max-video-preview:-1\" \/>\n<link rel=\"canonical\" href=\"https:\/\/www.argonandco.com\/de\/leistungen\/produzierendes-gewerbe\/\" \/>\n<meta property=\"og:locale\" content=\"de_DE\" \/>\n<meta property=\"og:type\" content=\"article\" \/>\n<meta property=\"og:title\" content=\"Produzierendes Gewerbe | Argon &amp; Co\" \/>\n<meta property=\"og:description\" content=\"Argon &amp; Co&#039;s manufacturing management consultancy services help you adjust &amp; optimise your production model amid business challenges. Learn more.\" \/>\n<meta property=\"og:url\" content=\"https:\/\/www.argonandco.com\/de\/leistungen\/produzierendes-gewerbe\/\" \/>\n<meta property=\"og:site_name\" content=\"Argon &amp; Co\" \/>\n<meta property=\"article:modified_time\" content=\"2025-11-20T11:38:40+00:00\" \/>\n<meta name=\"twitter:card\" content=\"summary_large_image\" \/>\n<meta name=\"twitter:label1\" content=\"Gesch\u00e4tzte Lesezeit\" \/>\n\t<meta name=\"twitter:data1\" content=\"1 Minute\" \/>\n<script type=\"application\/ld+json\" class=\"yoast-schema-graph\">{\"@context\":\"https:\\\/\\\/schema.org\",\"@graph\":[{\"@type\":\"WebPage\",\"@id\":\"https:\\\/\\\/www.argonandco.com\\\/de\\\/leistungen\\\/produzierendes-gewerbe\\\/\",\"url\":\"https:\\\/\\\/www.argonandco.com\\\/de\\\/leistungen\\\/produzierendes-gewerbe\\\/\",\"name\":\"Produzierendes Gewerbe | Argon &amp; Co\",\"isPartOf\":{\"@id\":\"https:\\\/\\\/www.argonandco.com\\\/de\\\/#website\"},\"datePublished\":\"2019-09-06T09:35:07+00:00\",\"dateModified\":\"2025-11-20T11:38:40+00:00\",\"description\":\"Argon & Co's manufacturing management consultancy services help you adjust & optimise your production model amid business challenges. Learn more.\",\"breadcrumb\":{\"@id\":\"https:\\\/\\\/www.argonandco.com\\\/de\\\/leistungen\\\/produzierendes-gewerbe\\\/#breadcrumb\"},\"inLanguage\":\"de\",\"potentialAction\":[{\"@type\":\"ReadAction\",\"target\":[\"https:\\\/\\\/www.argonandco.com\\\/de\\\/leistungen\\\/produzierendes-gewerbe\\\/\"]}]},{\"@type\":\"BreadcrumbList\",\"@id\":\"https:\\\/\\\/www.argonandco.com\\\/de\\\/leistungen\\\/produzierendes-gewerbe\\\/#breadcrumb\",\"itemListElement\":[{\"@type\":\"ListItem\",\"position\":1,\"name\":\"Home\",\"item\":\"https:\\\/\\\/www.argonandco.com\\\/de\\\/\"},{\"@type\":\"ListItem\",\"position\":2,\"name\":\"Leistungen\",\"item\":\"https:\\\/\\\/www.argonandco.com\\\/de\\\/leistungen\\\/\"},{\"@type\":\"ListItem\",\"position\":3,\"name\":\"Produzierendes Gewerbe\"}]},{\"@type\":\"WebSite\",\"@id\":\"https:\\\/\\\/www.argonandco.com\\\/de\\\/#website\",\"url\":\"https:\\\/\\\/www.argonandco.com\\\/de\\\/\",\"name\":\"Argon &amp; Co\",\"description\":\"We help clients achieve their strategic and operational objectives, working together to transform their businesses and generate real change.\",\"potentialAction\":[{\"@type\":\"SearchAction\",\"target\":{\"@type\":\"EntryPoint\",\"urlTemplate\":\"https:\\\/\\\/www.argonandco.com\\\/de\\\/?s={search_term_string}\"},\"query-input\":{\"@type\":\"PropertyValueSpecification\",\"valueRequired\":true,\"valueName\":\"search_term_string\"}}],\"inLanguage\":\"de\"}]}<\/script>\n<!-- \/ Yoast SEO plugin. -->","yoast_head_json":{"title":"Produzierendes Gewerbe | Argon &amp; Co","description":"Argon & Co's manufacturing management consultancy services help you adjust & optimise your production model amid business challenges. Learn more.","robots":{"index":"index","follow":"follow","max-snippet":"max-snippet:-1","max-image-preview":"max-image-preview:large","max-video-preview":"max-video-preview:-1"},"canonical":"https:\/\/www.argonandco.com\/de\/leistungen\/produzierendes-gewerbe\/","og_locale":"de_DE","og_type":"article","og_title":"Produzierendes Gewerbe | Argon &amp; Co","og_description":"Argon & Co's manufacturing management consultancy services help you adjust & optimise your production model amid business challenges. Learn more.","og_url":"https:\/\/www.argonandco.com\/de\/leistungen\/produzierendes-gewerbe\/","og_site_name":"Argon &amp; Co","article_modified_time":"2025-11-20T11:38:40+00:00","twitter_card":"summary_large_image","twitter_misc":{"Gesch\u00e4tzte Lesezeit":"1 Minute"},"schema":{"@context":"https:\/\/schema.org","@graph":[{"@type":"WebPage","@id":"https:\/\/www.argonandco.com\/de\/leistungen\/produzierendes-gewerbe\/","url":"https:\/\/www.argonandco.com\/de\/leistungen\/produzierendes-gewerbe\/","name":"Produzierendes Gewerbe | Argon &amp; Co","isPartOf":{"@id":"https:\/\/www.argonandco.com\/de\/#website"},"datePublished":"2019-09-06T09:35:07+00:00","dateModified":"2025-11-20T11:38:40+00:00","description":"Argon & Co's manufacturing management consultancy services help you adjust & optimise your production model amid business challenges. Learn more.","breadcrumb":{"@id":"https:\/\/www.argonandco.com\/de\/leistungen\/produzierendes-gewerbe\/#breadcrumb"},"inLanguage":"de","potentialAction":[{"@type":"ReadAction","target":["https:\/\/www.argonandco.com\/de\/leistungen\/produzierendes-gewerbe\/"]}]},{"@type":"BreadcrumbList","@id":"https:\/\/www.argonandco.com\/de\/leistungen\/produzierendes-gewerbe\/#breadcrumb","itemListElement":[{"@type":"ListItem","position":1,"name":"Home","item":"https:\/\/www.argonandco.com\/de\/"},{"@type":"ListItem","position":2,"name":"Leistungen","item":"https:\/\/www.argonandco.com\/de\/leistungen\/"},{"@type":"ListItem","position":3,"name":"Produzierendes Gewerbe"}]},{"@type":"WebSite","@id":"https:\/\/www.argonandco.com\/de\/#website","url":"https:\/\/www.argonandco.com\/de\/","name":"Argon &amp; Co","description":"We help clients achieve their strategic and operational objectives, working together to transform their businesses and generate real change.","potentialAction":[{"@type":"SearchAction","target":{"@type":"EntryPoint","urlTemplate":"https:\/\/www.argonandco.com\/de\/?s={search_term_string}"},"query-input":{"@type":"PropertyValueSpecification","valueRequired":true,"valueName":"search_term_string"}}],"inLanguage":"de"}]}},"_links":{"self":[{"href":"https:\/\/www.argonandco.com\/de\/wp-json\/wp\/v2\/pages\/30409","targetHints":{"allow":["GET"]}}],"collection":[{"href":"https:\/\/www.argonandco.com\/de\/wp-json\/wp\/v2\/pages"}],"about":[{"href":"https:\/\/www.argonandco.com\/de\/wp-json\/wp\/v2\/types\/page"}],"author":[{"embeddable":true,"href":"https:\/\/www.argonandco.com\/de\/wp-json\/wp\/v2\/users\/1"}],"replies":[{"embeddable":true,"href":"https:\/\/www.argonandco.com\/de\/wp-json\/wp\/v2\/comments?post=30409"}],"version-history":[{"count":0,"href":"https:\/\/www.argonandco.com\/de\/wp-json\/wp\/v2\/pages\/30409\/revisions"}],"up":[{"embeddable":true,"href":"https:\/\/www.argonandco.com\/de\/wp-json\/wp\/v2\/pages\/30418"}],"wp:attachment":[{"href":"https:\/\/www.argonandco.com\/de\/wp-json\/wp\/v2\/media?parent=30409"}],"curies":[{"name":"wp","href":"https:\/\/api.w.org\/{rel}","templated":true}]}}