{"id":30404,"date":"2019-09-06T10:35:07","date_gmt":"2019-09-06T09:35:07","guid":{"rendered":"https:\/\/www.argonandco.com\/transformation-management\/"},"modified":"2025-12-03T16:20:59","modified_gmt":"2025-12-03T16:20:59","slug":"strategy-und-transformation","status":"publish","type":"page","link":"https:\/\/www.argonandco.com\/de\/leistungen\/strategy-und-transformation\/","title":{"rendered":"Strategy und Transformation"},"content":{"rendered":"<h2>Strategy &amp; Transformation<\/h2>\n<p>Die Transformation von Unternehmen ist zu einem beliebten Ziel geworden. Unternehmen wollen sie umsetzen, und Berater wollen ihnen dabei helfen. Transformation steht f\u00fcr Potenzial und Wachstum. Sie erm\u00f6glicht es Unternehmen, komplexe und schwierige gesch\u00e4ftliche Herausforderungen anzunehmen, und die erfolgreichen Unternehmen gehen daraus widerstandsf\u00e4higer und st\u00e4rker hervor. Transformationsmanagement ist der begehrte Weg zu kontinuierlich h\u00f6herer Leistung und die Grundlage f\u00fcr nachhaltige Wettbewerbsvorteile.<\/p>\n<h2>Grunds\u00e4tze des Transformationsmanagements<\/h2>\n<p>Nur 30 % der Transformationsprogramme sind erfolgreich. Die Misserfolgsquote l\u00e4sst vermuten, dass es falsch ist, wenn das Management glaubt, dass ein guter Kommunikationsplan und solide Schulungen ausreichende Voraussetzungen f\u00fcr den Erfolg sind. Oftmals werden die Gesch\u00e4ftsziele und Vorteile nicht realisiert, und obwohl das \u201eWas\u201d des Programms verstanden wird, sind das \u201eWie\u201d und \u201eWarum\u201d weniger klar.<\/p>\n<h2>Umsetzung der Gesch\u00e4ftstransformation<\/h2>\n<p>Eine erfolgreiche Transformation erfordert die Abstimmung im gesamten Unternehmen und das uneingeschr\u00e4nkte und sichtbare Engagement der F\u00fchrungskr\u00e4fte. Zu den Best Practices geh\u00f6ren die gemeinsame Erarbeitung des Ansatzes, selbstgew\u00e4hltes Engagement und Beteiligung sowie eine Kultur des kontinuierlichen Wandels. Das \u201eWarum\u201c und \u201eWie\u201c sind genauso wichtig wie das \u201eWas\u201c. Unser Ansatz f\u00fcr das Transformationsmanagement geht genau darauf ein. Er umfasst eine Reihe von Tools und Techniken, die darauf ausgerichtet sind, dass eine Transformation so gestaltet und gesteuert wird, dass die Vorteile maximiert und beschleunigt werden, w\u00e4hrend Risiken minimiert werden und die Nachhaltigkeit der Ver\u00e4nderung sichergestellt ist.<\/p>\n<h2>Unterst\u00fctzung bei Transformationsprojekten<\/h2>\n<p>Unser Team von Transformationsmanagement-Beratern geht komplexen Problemen auf den Grund und konzentriert sich darauf, greifbare Ergebnisse f\u00fcr unsere Kunden zu erzielen. In der Men\u00fcleiste auf dieser Seite finden Sie weitere Informationen zu einer Auswahl der Herausforderungen im Bereich Transformationsmanagement, mit denen wir regelm\u00e4\u00dfig befasst sind.<\/p>\n<p>Wir kombinieren technisches Fachwissen, operative Erfahrung, Gesch\u00e4ftskenntnisse und gesunden Menschenverstand, um unseren Kunden bei der L\u00f6sung von Transformationsproblemen zu helfen und nachhaltige Ergebnisse zu erzielen. Unser positiver, flexibler und pers\u00f6nlicher Ansatz, der bei Bedarf auch Herausforderungen mit einbezieht, sorgt f\u00fcr Akzeptanz auf allen Ebenen des Unternehmens unserer Kunden und f\u00fcr ein positives Ergebnis. <a href=\"https:\/\/www.argonandco.com\/de\/ueber-uns\/\" target=\"_blank\" rel=\"noopener\"><b>Learn more about us here.\u00a0<\/b><\/a><\/p>\n","protected":false},"excerpt":{"rendered":"<p>Strategy &amp; Transformation Die Transformation von Unternehmen ist zu einem beliebten Ziel geworden. Unternehmen wollen sie umsetzen, und Berater wollen ihnen dabei helfen. Transformation steht f\u00fcr Potenzial und Wachstum. Sie erm\u00f6glicht es Unternehmen, komplexe und schwierige gesch\u00e4ftliche Herausforderungen anzunehmen, und die erfolgreichen Unternehmen gehen daraus widerstandsf\u00e4higer und st\u00e4rker hervor. Transformationsmanagement ist der begehrte Weg zu [&hellip;]<\/p>\n","protected":false},"author":1,"featured_media":30406,"parent":30418,"menu_order":15,"comment_status":"closed","ping_status":"closed","template":"","meta":{"_acf_changed":false,"footnotes":""},"class_list":["post-30404","page","type-page","status-publish","has-post-thumbnail","hentry"],"acf":[],"yoast_head":"<!-- This site is optimized with the Yoast SEO plugin v27.4 - https:\/\/yoast.com\/product\/yoast-seo-wordpress\/ -->\n<title>Strategy und Transformation | Argon &amp; Co<\/title>\n<meta name=\"description\" content=\"Argon &amp; Co provide business transformation management consulting services to support growth towards a more resilient &amp; powerful operating model.\" \/>\n<meta name=\"robots\" content=\"index, follow, max-snippet:-1, max-image-preview:large, max-video-preview:-1\" \/>\n<link rel=\"canonical\" href=\"https:\/\/www.argonandco.com\/de\/leistungen\/strategy-und-transformation\/\" \/>\n<meta property=\"og:locale\" content=\"de_DE\" \/>\n<meta property=\"og:type\" content=\"article\" \/>\n<meta property=\"og:title\" content=\"Strategy und Transformation | Argon &amp; Co\" \/>\n<meta property=\"og:description\" content=\"Argon &amp; Co provide business transformation management consulting services to support growth towards a more resilient &amp; powerful operating model.\" \/>\n<meta property=\"og:url\" content=\"https:\/\/www.argonandco.com\/de\/leistungen\/strategy-und-transformation\/\" \/>\n<meta property=\"og:site_name\" content=\"Argon &amp; Co\" \/>\n<meta property=\"article:modified_time\" content=\"2025-12-03T16:20:59+00:00\" \/>\n<meta property=\"og:image\" content=\"https:\/\/www.argonandco.com\/wp-content\/uploads\/2019\/10\/b-77.jpg\" \/>\n\t<meta property=\"og:image:width\" content=\"2500\" \/>\n\t<meta property=\"og:image:height\" content=\"1667\" \/>\n\t<meta property=\"og:image:type\" content=\"image\/jpeg\" \/>\n<meta name=\"twitter:card\" content=\"summary_large_image\" \/>\n<meta name=\"twitter:label1\" content=\"Gesch\u00e4tzte Lesezeit\" \/>\n\t<meta name=\"twitter:data1\" content=\"2 Minuten\" \/>\n<script type=\"application\/ld+json\" class=\"yoast-schema-graph\">{\"@context\":\"https:\\\/\\\/schema.org\",\"@graph\":[{\"@type\":\"WebPage\",\"@id\":\"https:\\\/\\\/www.argonandco.com\\\/de\\\/leistungen\\\/strategy-und-transformation\\\/\",\"url\":\"https:\\\/\\\/www.argonandco.com\\\/de\\\/leistungen\\\/strategy-und-transformation\\\/\",\"name\":\"Strategy und Transformation | Argon &amp; Co\",\"isPartOf\":{\"@id\":\"https:\\\/\\\/www.argonandco.com\\\/de\\\/#website\"},\"primaryImageOfPage\":{\"@id\":\"https:\\\/\\\/www.argonandco.com\\\/de\\\/leistungen\\\/strategy-und-transformation\\\/#primaryimage\"},\"image\":{\"@id\":\"https:\\\/\\\/www.argonandco.com\\\/de\\\/leistungen\\\/strategy-und-transformation\\\/#primaryimage\"},\"thumbnailUrl\":\"https:\\\/\\\/www.argonandco.com\\\/wp-content\\\/uploads\\\/2019\\\/10\\\/b-77.jpg\",\"datePublished\":\"2019-09-06T09:35:07+00:00\",\"dateModified\":\"2025-12-03T16:20:59+00:00\",\"description\":\"Argon & Co provide business transformation management consulting services to support growth towards a more resilient & powerful operating model.\",\"breadcrumb\":{\"@id\":\"https:\\\/\\\/www.argonandco.com\\\/de\\\/leistungen\\\/strategy-und-transformation\\\/#breadcrumb\"},\"inLanguage\":\"de\",\"potentialAction\":[{\"@type\":\"ReadAction\",\"target\":[\"https:\\\/\\\/www.argonandco.com\\\/de\\\/leistungen\\\/strategy-und-transformation\\\/\"]}]},{\"@type\":\"ImageObject\",\"inLanguage\":\"de\",\"@id\":\"https:\\\/\\\/www.argonandco.com\\\/de\\\/leistungen\\\/strategy-und-transformation\\\/#primaryimage\",\"url\":\"https:\\\/\\\/www.argonandco.com\\\/wp-content\\\/uploads\\\/2019\\\/10\\\/b-77.jpg\",\"contentUrl\":\"https:\\\/\\\/www.argonandco.com\\\/wp-content\\\/uploads\\\/2019\\\/10\\\/b-77.jpg\",\"width\":2500,\"height\":1667},{\"@type\":\"BreadcrumbList\",\"@id\":\"https:\\\/\\\/www.argonandco.com\\\/de\\\/leistungen\\\/strategy-und-transformation\\\/#breadcrumb\",\"itemListElement\":[{\"@type\":\"ListItem\",\"position\":1,\"name\":\"Home\",\"item\":\"https:\\\/\\\/www.argonandco.com\\\/de\\\/\"},{\"@type\":\"ListItem\",\"position\":2,\"name\":\"Leistungen\",\"item\":\"https:\\\/\\\/www.argonandco.com\\\/de\\\/leistungen\\\/\"},{\"@type\":\"ListItem\",\"position\":3,\"name\":\"Strategy und Transformation\"}]},{\"@type\":\"WebSite\",\"@id\":\"https:\\\/\\\/www.argonandco.com\\\/de\\\/#website\",\"url\":\"https:\\\/\\\/www.argonandco.com\\\/de\\\/\",\"name\":\"Argon &amp; Co\",\"description\":\"We help clients achieve their strategic and operational objectives, working together to transform their businesses and generate real change.\",\"potentialAction\":[{\"@type\":\"SearchAction\",\"target\":{\"@type\":\"EntryPoint\",\"urlTemplate\":\"https:\\\/\\\/www.argonandco.com\\\/de\\\/?s={search_term_string}\"},\"query-input\":{\"@type\":\"PropertyValueSpecification\",\"valueRequired\":true,\"valueName\":\"search_term_string\"}}],\"inLanguage\":\"de\"}]}<\/script>\n<!-- \/ Yoast SEO plugin. -->","yoast_head_json":{"title":"Strategy und Transformation | Argon &amp; Co","description":"Argon & Co provide business transformation management consulting services to support growth towards a more resilient & powerful operating model.","robots":{"index":"index","follow":"follow","max-snippet":"max-snippet:-1","max-image-preview":"max-image-preview:large","max-video-preview":"max-video-preview:-1"},"canonical":"https:\/\/www.argonandco.com\/de\/leistungen\/strategy-und-transformation\/","og_locale":"de_DE","og_type":"article","og_title":"Strategy und Transformation | Argon &amp; Co","og_description":"Argon & Co provide business transformation management consulting services to support growth towards a more resilient & powerful operating model.","og_url":"https:\/\/www.argonandco.com\/de\/leistungen\/strategy-und-transformation\/","og_site_name":"Argon &amp; Co","article_modified_time":"2025-12-03T16:20:59+00:00","og_image":[{"width":2500,"height":1667,"url":"https:\/\/www.argonandco.com\/wp-content\/uploads\/2019\/10\/b-77.jpg","type":"image\/jpeg"}],"twitter_card":"summary_large_image","twitter_misc":{"Gesch\u00e4tzte Lesezeit":"2 Minuten"},"schema":{"@context":"https:\/\/schema.org","@graph":[{"@type":"WebPage","@id":"https:\/\/www.argonandco.com\/de\/leistungen\/strategy-und-transformation\/","url":"https:\/\/www.argonandco.com\/de\/leistungen\/strategy-und-transformation\/","name":"Strategy und Transformation | Argon &amp; Co","isPartOf":{"@id":"https:\/\/www.argonandco.com\/de\/#website"},"primaryImageOfPage":{"@id":"https:\/\/www.argonandco.com\/de\/leistungen\/strategy-und-transformation\/#primaryimage"},"image":{"@id":"https:\/\/www.argonandco.com\/de\/leistungen\/strategy-und-transformation\/#primaryimage"},"thumbnailUrl":"https:\/\/www.argonandco.com\/wp-content\/uploads\/2019\/10\/b-77.jpg","datePublished":"2019-09-06T09:35:07+00:00","dateModified":"2025-12-03T16:20:59+00:00","description":"Argon & Co provide business transformation management consulting services to support growth towards a more resilient & powerful operating model.","breadcrumb":{"@id":"https:\/\/www.argonandco.com\/de\/leistungen\/strategy-und-transformation\/#breadcrumb"},"inLanguage":"de","potentialAction":[{"@type":"ReadAction","target":["https:\/\/www.argonandco.com\/de\/leistungen\/strategy-und-transformation\/"]}]},{"@type":"ImageObject","inLanguage":"de","@id":"https:\/\/www.argonandco.com\/de\/leistungen\/strategy-und-transformation\/#primaryimage","url":"https:\/\/www.argonandco.com\/wp-content\/uploads\/2019\/10\/b-77.jpg","contentUrl":"https:\/\/www.argonandco.com\/wp-content\/uploads\/2019\/10\/b-77.jpg","width":2500,"height":1667},{"@type":"BreadcrumbList","@id":"https:\/\/www.argonandco.com\/de\/leistungen\/strategy-und-transformation\/#breadcrumb","itemListElement":[{"@type":"ListItem","position":1,"name":"Home","item":"https:\/\/www.argonandco.com\/de\/"},{"@type":"ListItem","position":2,"name":"Leistungen","item":"https:\/\/www.argonandco.com\/de\/leistungen\/"},{"@type":"ListItem","position":3,"name":"Strategy und Transformation"}]},{"@type":"WebSite","@id":"https:\/\/www.argonandco.com\/de\/#website","url":"https:\/\/www.argonandco.com\/de\/","name":"Argon &amp; Co","description":"We help clients achieve their strategic and operational objectives, working together to transform their businesses and generate real change.","potentialAction":[{"@type":"SearchAction","target":{"@type":"EntryPoint","urlTemplate":"https:\/\/www.argonandco.com\/de\/?s={search_term_string}"},"query-input":{"@type":"PropertyValueSpecification","valueRequired":true,"valueName":"search_term_string"}}],"inLanguage":"de"}]}},"_links":{"self":[{"href":"https:\/\/www.argonandco.com\/de\/wp-json\/wp\/v2\/pages\/30404","targetHints":{"allow":["GET"]}}],"collection":[{"href":"https:\/\/www.argonandco.com\/de\/wp-json\/wp\/v2\/pages"}],"about":[{"href":"https:\/\/www.argonandco.com\/de\/wp-json\/wp\/v2\/types\/page"}],"author":[{"embeddable":true,"href":"https:\/\/www.argonandco.com\/de\/wp-json\/wp\/v2\/users\/1"}],"replies":[{"embeddable":true,"href":"https:\/\/www.argonandco.com\/de\/wp-json\/wp\/v2\/comments?post=30404"}],"version-history":[{"count":0,"href":"https:\/\/www.argonandco.com\/de\/wp-json\/wp\/v2\/pages\/30404\/revisions"}],"up":[{"embeddable":true,"href":"https:\/\/www.argonandco.com\/de\/wp-json\/wp\/v2\/pages\/30418"}],"wp:featuredmedia":[{"embeddable":true,"href":"https:\/\/www.argonandco.com\/de\/wp-json\/wp\/v2\/media\/30406"}],"wp:attachment":[{"href":"https:\/\/www.argonandco.com\/de\/wp-json\/wp\/v2\/media?parent=30404"}],"curies":[{"name":"wp","href":"https:\/\/api.w.org\/{rel}","templated":true}]}}