{"id":30400,"date":"2019-09-06T10:35:07","date_gmt":"2019-09-06T09:35:07","guid":{"rendered":"https:\/\/www.argonandco.com\/finance\/"},"modified":"2025-11-20T11:55:20","modified_gmt":"2025-11-20T11:55:20","slug":"finanzdienstleister","status":"publish","type":"page","link":"https:\/\/www.argonandco.com\/de\/leistungen\/finanzdienstleister\/","title":{"rendered":"Finanzdienstleister"},"content":{"rendered":"<h2>Finanzdienstleister<\/h2>\n<p>Die Finanzfunktion muss \u00fcber ihre traditionelle Rolle hinausgehen und die Steuerung strategischer, finanzieller und operativer Aktivit\u00e4ten im gesamten Unternehmen st\u00e4rker unterst\u00fctzen. Ziel ist es, die Kapitalrendite und die Cash-Generierung zu maximieren, um das profitable Wachstum zu beschleunigen.<\/p>\n<h2>Grundlagen der Finanzwirtschaft<\/h2>\n<p>Strategisch gesehen stehen CFOs vor sechs zentralen Herausforderungen:<\/p>\n<ul>\n<li>Unterst\u00fctzung des CEOs bei der Definition des Strategieplans<\/li>\n<li>Ausrichtung der Finanzplanung am Strategieplan<\/li>\n<li>Positionierung der Funktion als wichtiger Akteur der Gesch\u00e4ftstransformation<\/li>\n<li>Schaffung von Mehrwert und Treffen guter Investitionsentscheidungen auf der Grundlage solider Business Cases<\/li>\n<li>Definition des richtigen Managementrahmens zur Optimierung der finanziellen Performance des Unternehmens<\/li>\n<li>Informationsmanagement zur Gew\u00e4hrleistung der Vollst\u00e4ndigkeit und Genauigkeit der Finanzindikatoren f\u00fcr die Wertsch\u00f6pfung<\/li>\n<\/ul>\n<p>Operativ \u2013 wo die Ziele darin bestehen, Wettbewerbsvorteile zu erhalten und auszubauen \u2013 bestehen die Herausforderungen darin, die direkten Margen zu sichern und zu verbessern, die operative und finanzielle Prognosef\u00e4higkeit zu st\u00e4rken, die Betriebskosten zu kontrollieren und die Generierung von freiem Cashflow zu beschleunigen.<\/p>\n<h2>Transformation der Unternehmensfinanzierung<\/h2>\n<p>Um diese Probleme anzugehen, muss die Finanzfunktion ihre Organisation \u00fcberdenken, ihre Kompetenzen ausbauen und ihre Aktivit\u00e4ten optimieren, wobei sie gegebenenfalls digitale Entwicklungen nutzen sollte.<\/p>\n<h2>Unterst\u00fctzung bei finanziellen Herausforderungen<\/h2>\n<p>Unsere Finanzberater gehen komplexen Problemen auf den Grund und konzentrieren sich darauf, greifbare Ergebnisse f\u00fcr unsere Kunden zu erzielen. In der Men\u00fcleiste auf dieser Seite finden Sie weitere Informationen zu einer Auswahl der finanziellen Herausforderungen, mit denen wir regelm\u00e4\u00dfig konfrontiert sind.<\/p>\n<p>Wir kombinieren technisches Fachwissen, operative Erfahrung, betriebswirtschaftliche Kenntnisse und gesunden Menschenverstand, um unseren Kunden bei der L\u00f6sung ihrer Finanzprobleme zu helfen und dauerhafte Ergebnisse zu erzielen. Unser positiver, flexibler und pers\u00f6nlicher Ansatz, der bei Bedarf auch Herausforderungen nicht scheut, sorgt f\u00fcr Akzeptanz auf allen Ebenen des Unternehmens unserer Kunden und f\u00fcr ein positives Ergebnis. <a href=\"https:\/\/www.argonandco.com\/de\/ueber-uns\/\" target=\"_blank\" rel=\"noopener\"><b>Erfahren Sie hier mehr \u00fcber uns.<\/b><\/a><\/p>\n","protected":false},"excerpt":{"rendered":"<p>Finanzdienstleister Die Finanzfunktion muss \u00fcber ihre traditionelle Rolle hinausgehen und die Steuerung strategischer, finanzieller und operativer Aktivit\u00e4ten im gesamten Unternehmen st\u00e4rker unterst\u00fctzen. Ziel ist es, die Kapitalrendite und die Cash-Generierung zu maximieren, um das profitable Wachstum zu beschleunigen. Grundlagen der Finanzwirtschaft Strategisch gesehen stehen CFOs vor sechs zentralen Herausforderungen: Unterst\u00fctzung des CEOs bei der Definition [&hellip;]<\/p>\n","protected":false},"author":1,"featured_media":30401,"parent":30418,"menu_order":17,"comment_status":"closed","ping_status":"closed","template":"","meta":{"_acf_changed":false,"footnotes":""},"class_list":["post-30400","page","type-page","status-publish","has-post-thumbnail","hentry"],"acf":[],"yoast_head":"<!-- This site is optimized with the Yoast SEO plugin v27.4 - https:\/\/yoast.com\/product\/yoast-seo-wordpress\/ -->\n<title>Finanzdienstleister | Argon &amp; Co<\/title>\n<meta name=\"description\" content=\"Learn about Argon &amp; Co&#039;s expert business finance consulting services, including finance organisation, digital finance &amp; IT, FP&amp;A transformation. Learn more.\" \/>\n<meta name=\"robots\" content=\"index, follow, max-snippet:-1, max-image-preview:large, max-video-preview:-1\" \/>\n<link rel=\"canonical\" href=\"https:\/\/www.argonandco.com\/de\/leistungen\/finanzdienstleister\/\" \/>\n<meta property=\"og:locale\" content=\"de_DE\" \/>\n<meta property=\"og:type\" content=\"article\" \/>\n<meta property=\"og:title\" content=\"Finanzdienstleister | Argon &amp; Co\" \/>\n<meta property=\"og:description\" content=\"Learn about Argon &amp; Co&#039;s expert business finance consulting services, including finance organisation, digital finance &amp; IT, FP&amp;A transformation. Learn more.\" \/>\n<meta property=\"og:url\" content=\"https:\/\/www.argonandco.com\/de\/leistungen\/finanzdienstleister\/\" \/>\n<meta property=\"og:site_name\" content=\"Argon &amp; Co\" \/>\n<meta property=\"article:modified_time\" content=\"2025-11-20T11:55:20+00:00\" \/>\n<meta property=\"og:image\" content=\"https:\/\/www.argonandco.com\/wp-content\/uploads\/2019\/12\/man-in-black-holding-phone-618613-scaled-e1577140740961.jpg\" \/>\n\t<meta property=\"og:image:width\" content=\"2553\" \/>\n\t<meta property=\"og:image:height\" content=\"1619\" \/>\n\t<meta property=\"og:image:type\" content=\"image\/jpeg\" \/>\n<meta name=\"twitter:card\" content=\"summary_large_image\" \/>\n<meta name=\"twitter:label1\" content=\"Gesch\u00e4tzte Lesezeit\" \/>\n\t<meta name=\"twitter:data1\" content=\"2 Minuten\" \/>\n<script type=\"application\/ld+json\" class=\"yoast-schema-graph\">{\"@context\":\"https:\\\/\\\/schema.org\",\"@graph\":[{\"@type\":\"WebPage\",\"@id\":\"https:\\\/\\\/www.argonandco.com\\\/de\\\/leistungen\\\/finanzdienstleister\\\/\",\"url\":\"https:\\\/\\\/www.argonandco.com\\\/de\\\/leistungen\\\/finanzdienstleister\\\/\",\"name\":\"Finanzdienstleister | Argon &amp; Co\",\"isPartOf\":{\"@id\":\"https:\\\/\\\/www.argonandco.com\\\/de\\\/#website\"},\"primaryImageOfPage\":{\"@id\":\"https:\\\/\\\/www.argonandco.com\\\/de\\\/leistungen\\\/finanzdienstleister\\\/#primaryimage\"},\"image\":{\"@id\":\"https:\\\/\\\/www.argonandco.com\\\/de\\\/leistungen\\\/finanzdienstleister\\\/#primaryimage\"},\"thumbnailUrl\":\"https:\\\/\\\/www.argonandco.com\\\/wp-content\\\/uploads\\\/2019\\\/12\\\/man-in-black-holding-phone-618613-scaled-e1577140740961.jpg\",\"datePublished\":\"2019-09-06T09:35:07+00:00\",\"dateModified\":\"2025-11-20T11:55:20+00:00\",\"description\":\"Learn about Argon & Co's expert business finance consulting services, including finance organisation, digital finance & IT, FP&A transformation. Learn more.\",\"breadcrumb\":{\"@id\":\"https:\\\/\\\/www.argonandco.com\\\/de\\\/leistungen\\\/finanzdienstleister\\\/#breadcrumb\"},\"inLanguage\":\"de\",\"potentialAction\":[{\"@type\":\"ReadAction\",\"target\":[\"https:\\\/\\\/www.argonandco.com\\\/de\\\/leistungen\\\/finanzdienstleister\\\/\"]}]},{\"@type\":\"ImageObject\",\"inLanguage\":\"de\",\"@id\":\"https:\\\/\\\/www.argonandco.com\\\/de\\\/leistungen\\\/finanzdienstleister\\\/#primaryimage\",\"url\":\"https:\\\/\\\/www.argonandco.com\\\/wp-content\\\/uploads\\\/2019\\\/12\\\/man-in-black-holding-phone-618613-scaled-e1577140740961.jpg\",\"contentUrl\":\"https:\\\/\\\/www.argonandco.com\\\/wp-content\\\/uploads\\\/2019\\\/12\\\/man-in-black-holding-phone-618613-scaled-e1577140740961.jpg\",\"width\":2553,\"height\":1619},{\"@type\":\"BreadcrumbList\",\"@id\":\"https:\\\/\\\/www.argonandco.com\\\/de\\\/leistungen\\\/finanzdienstleister\\\/#breadcrumb\",\"itemListElement\":[{\"@type\":\"ListItem\",\"position\":1,\"name\":\"Home\",\"item\":\"https:\\\/\\\/www.argonandco.com\\\/de\\\/\"},{\"@type\":\"ListItem\",\"position\":2,\"name\":\"Leistungen\",\"item\":\"https:\\\/\\\/www.argonandco.com\\\/de\\\/leistungen\\\/\"},{\"@type\":\"ListItem\",\"position\":3,\"name\":\"Finanzdienstleister\"}]},{\"@type\":\"WebSite\",\"@id\":\"https:\\\/\\\/www.argonandco.com\\\/de\\\/#website\",\"url\":\"https:\\\/\\\/www.argonandco.com\\\/de\\\/\",\"name\":\"Argon &amp; Co\",\"description\":\"We help clients achieve their strategic and operational objectives, working together to transform their businesses and generate real change.\",\"potentialAction\":[{\"@type\":\"SearchAction\",\"target\":{\"@type\":\"EntryPoint\",\"urlTemplate\":\"https:\\\/\\\/www.argonandco.com\\\/de\\\/?s={search_term_string}\"},\"query-input\":{\"@type\":\"PropertyValueSpecification\",\"valueRequired\":true,\"valueName\":\"search_term_string\"}}],\"inLanguage\":\"de\"}]}<\/script>\n<!-- \/ Yoast SEO plugin. -->","yoast_head_json":{"title":"Finanzdienstleister | Argon &amp; Co","description":"Learn about Argon & Co's expert business finance consulting services, including finance organisation, digital finance & IT, FP&A transformation. Learn more.","robots":{"index":"index","follow":"follow","max-snippet":"max-snippet:-1","max-image-preview":"max-image-preview:large","max-video-preview":"max-video-preview:-1"},"canonical":"https:\/\/www.argonandco.com\/de\/leistungen\/finanzdienstleister\/","og_locale":"de_DE","og_type":"article","og_title":"Finanzdienstleister | Argon &amp; Co","og_description":"Learn about Argon & Co's expert business finance consulting services, including finance organisation, digital finance & IT, FP&A transformation. Learn more.","og_url":"https:\/\/www.argonandco.com\/de\/leistungen\/finanzdienstleister\/","og_site_name":"Argon &amp; Co","article_modified_time":"2025-11-20T11:55:20+00:00","og_image":[{"width":2553,"height":1619,"url":"https:\/\/www.argonandco.com\/wp-content\/uploads\/2019\/12\/man-in-black-holding-phone-618613-scaled-e1577140740961.jpg","type":"image\/jpeg"}],"twitter_card":"summary_large_image","twitter_misc":{"Gesch\u00e4tzte Lesezeit":"2 Minuten"},"schema":{"@context":"https:\/\/schema.org","@graph":[{"@type":"WebPage","@id":"https:\/\/www.argonandco.com\/de\/leistungen\/finanzdienstleister\/","url":"https:\/\/www.argonandco.com\/de\/leistungen\/finanzdienstleister\/","name":"Finanzdienstleister | Argon &amp; Co","isPartOf":{"@id":"https:\/\/www.argonandco.com\/de\/#website"},"primaryImageOfPage":{"@id":"https:\/\/www.argonandco.com\/de\/leistungen\/finanzdienstleister\/#primaryimage"},"image":{"@id":"https:\/\/www.argonandco.com\/de\/leistungen\/finanzdienstleister\/#primaryimage"},"thumbnailUrl":"https:\/\/www.argonandco.com\/wp-content\/uploads\/2019\/12\/man-in-black-holding-phone-618613-scaled-e1577140740961.jpg","datePublished":"2019-09-06T09:35:07+00:00","dateModified":"2025-11-20T11:55:20+00:00","description":"Learn about Argon & Co's expert business finance consulting services, including finance organisation, digital finance & IT, FP&A transformation. Learn more.","breadcrumb":{"@id":"https:\/\/www.argonandco.com\/de\/leistungen\/finanzdienstleister\/#breadcrumb"},"inLanguage":"de","potentialAction":[{"@type":"ReadAction","target":["https:\/\/www.argonandco.com\/de\/leistungen\/finanzdienstleister\/"]}]},{"@type":"ImageObject","inLanguage":"de","@id":"https:\/\/www.argonandco.com\/de\/leistungen\/finanzdienstleister\/#primaryimage","url":"https:\/\/www.argonandco.com\/wp-content\/uploads\/2019\/12\/man-in-black-holding-phone-618613-scaled-e1577140740961.jpg","contentUrl":"https:\/\/www.argonandco.com\/wp-content\/uploads\/2019\/12\/man-in-black-holding-phone-618613-scaled-e1577140740961.jpg","width":2553,"height":1619},{"@type":"BreadcrumbList","@id":"https:\/\/www.argonandco.com\/de\/leistungen\/finanzdienstleister\/#breadcrumb","itemListElement":[{"@type":"ListItem","position":1,"name":"Home","item":"https:\/\/www.argonandco.com\/de\/"},{"@type":"ListItem","position":2,"name":"Leistungen","item":"https:\/\/www.argonandco.com\/de\/leistungen\/"},{"@type":"ListItem","position":3,"name":"Finanzdienstleister"}]},{"@type":"WebSite","@id":"https:\/\/www.argonandco.com\/de\/#website","url":"https:\/\/www.argonandco.com\/de\/","name":"Argon &amp; Co","description":"We help clients achieve their strategic and operational objectives, working together to transform their businesses and generate real change.","potentialAction":[{"@type":"SearchAction","target":{"@type":"EntryPoint","urlTemplate":"https:\/\/www.argonandco.com\/de\/?s={search_term_string}"},"query-input":{"@type":"PropertyValueSpecification","valueRequired":true,"valueName":"search_term_string"}}],"inLanguage":"de"}]}},"_links":{"self":[{"href":"https:\/\/www.argonandco.com\/de\/wp-json\/wp\/v2\/pages\/30400","targetHints":{"allow":["GET"]}}],"collection":[{"href":"https:\/\/www.argonandco.com\/de\/wp-json\/wp\/v2\/pages"}],"about":[{"href":"https:\/\/www.argonandco.com\/de\/wp-json\/wp\/v2\/types\/page"}],"author":[{"embeddable":true,"href":"https:\/\/www.argonandco.com\/de\/wp-json\/wp\/v2\/users\/1"}],"replies":[{"embeddable":true,"href":"https:\/\/www.argonandco.com\/de\/wp-json\/wp\/v2\/comments?post=30400"}],"version-history":[{"count":0,"href":"https:\/\/www.argonandco.com\/de\/wp-json\/wp\/v2\/pages\/30400\/revisions"}],"up":[{"embeddable":true,"href":"https:\/\/www.argonandco.com\/de\/wp-json\/wp\/v2\/pages\/30418"}],"wp:featuredmedia":[{"embeddable":true,"href":"https:\/\/www.argonandco.com\/de\/wp-json\/wp\/v2\/media\/30401"}],"wp:attachment":[{"href":"https:\/\/www.argonandco.com\/de\/wp-json\/wp\/v2\/media?parent=30400"}],"curies":[{"name":"wp","href":"https:\/\/api.w.org\/{rel}","templated":true}]}}