{"id":30398,"date":"2019-09-06T10:35:07","date_gmt":"2019-09-06T09:35:07","guid":{"rendered":"https:\/\/www.argonandco.com\/sga\/"},"modified":"2025-11-20T11:57:38","modified_gmt":"2025-11-20T11:57:38","slug":"sga","status":"publish","type":"page","link":"https:\/\/www.argonandco.com\/de\/leistungen\/sga\/","title":{"rendered":"SG&#038;A"},"content":{"rendered":"<h2>Vertriebs- und Verwaltungskosten (SG&amp;A)<\/h2>\n<p>Die Support-, kaufm\u00e4nnischen und zentralen Funktionen sind f\u00fcr den effektiven Betrieb eines Unternehmens von entscheidender Bedeutung. Dazu geh\u00f6ren unter anderem Finanzen, Personalwesen, Handel und Marketing, Beschaffung, Forschung und Entwicklung sowie IT. \u00dcber die operative Unterst\u00fctzung hinaus tragen diese Funktionen zur Entwicklung des Unternehmens, seiner Leistung, manchmal auch zu seiner Strategie und zur Einhaltung der Vorschriften f\u00fcr die am st\u00e4rksten regulierten Funktionen bei.<\/p>\n<h2>Grunds\u00e4tze f\u00fcr Vertriebs- und Verwaltungskosten<\/h2>\n<p>Gem\u00e4\u00df unseren Benchmarks liegen die Gesamtkosten dieser Funktionen, die gemeinhin als SG&amp;A (Vertriebs-, Verwaltungs- und allgemeine Kosten) bezeichnet werden, in der Regel zwischen 6 % und 20 % des Umsatzes, je nach Branche und Reifegrad der Funktionen.<\/p>\n<p>Wenn eine Reduzierung der SG&amp;A-Kosten die Rentabilit\u00e4t eines Unternehmens verbessert, ist es die Qualit\u00e4t der erbrachten Dienstleistungen, die Wert schafft: die Qualit\u00e4t des Finanzleistungsmanagements durch die Finanzabteilung, das Talentmanagement durch die Personalabteilung, die Optimierung der Lieferantenbeziehungen durch den Einkauf, die Innovation durch Forschung und Entwicklung, die Produktivit\u00e4tssteigerung durch IT-Systeme und insbesondere der Umsatz, der durch die Marketing- und Vertriebsteams generiert wird.<\/p>\n<h2>Umgestaltung der Vertriebs- und Verwaltungskosten<\/h2>\n<p>Wenn ein Unternehmen seine Wettbewerbsf\u00e4higkeit steigern m\u00f6chte, besteht die Herausforderung darin, seine Vertriebs- und Verwaltungskosten durch Leistungsverbesserungen, digitale Initiativen und eine Optimierung der Ressourcen zu optimieren.<\/p>\n<h2>Unterst\u00fctzung bei Herausforderungen im Bereich Vertriebs- und Verwaltungskosten<\/h2>\n<p>Unser Team von SG&amp;A-Beratern geht komplexen Problemen auf den Grund und konzentriert sich darauf, greifbare Ergebnisse f\u00fcr unsere Kunden zu erzielen. In der Men\u00fcleiste auf dieser Seite finden Sie weitere Informationen zu einer Auswahl der SG&amp;A-Herausforderungen, mit denen wir uns regelm\u00e4\u00dfig befassen.<\/p>\n<p>Wir kombinieren technisches Fachwissen, operative Erfahrung, Gesch\u00e4ftskenntnisse und gesunden Menschenverstand, um unseren Kunden bei der L\u00f6sung ihrer SG&amp;A-Probleme zu helfen und nachhaltige Ergebnisse zu erzielen. Unser positiver, flexibler und pers\u00f6nlicher Ansatz, der bei Bedarf auch Herausforderungen nicht scheut, sorgt f\u00fcr Akzeptanz auf allen Ebenen des Unternehmens unserer Kunden und f\u00fcr positive Ergebnisse. <a href=\"https:\/\/www.argonandco.com\/de\/ueber-uns\/\"><b>Erfahren Sie hier mehr \u00fcber uns.<\/b><\/a><b> <\/b><\/p>\n","protected":false},"excerpt":{"rendered":"<p>Vertriebs- und Verwaltungskosten (SG&amp;A) Die Support-, kaufm\u00e4nnischen und zentralen Funktionen sind f\u00fcr den effektiven Betrieb eines Unternehmens von entscheidender Bedeutung. Dazu geh\u00f6ren unter anderem Finanzen, Personalwesen, Handel und Marketing, Beschaffung, Forschung und Entwicklung sowie IT. \u00dcber die operative Unterst\u00fctzung hinaus tragen diese Funktionen zur Entwicklung des Unternehmens, seiner Leistung, manchmal auch zu seiner Strategie und [&hellip;]<\/p>\n","protected":false},"author":1,"featured_media":30399,"parent":30418,"menu_order":18,"comment_status":"closed","ping_status":"closed","template":"","meta":{"_acf_changed":false,"footnotes":""},"class_list":["post-30398","page","type-page","status-publish","has-post-thumbnail","hentry"],"acf":[],"yoast_head":"<!-- This site is optimized with the Yoast SEO plugin v27.4 - https:\/\/yoast.com\/product\/yoast-seo-wordpress\/ -->\n<title>SG&amp;A | Argon &amp; Co<\/title>\n<meta name=\"description\" content=\"Argon &amp; Co can help manage SG&amp;A (selling, general, administrative expenses) with expert SG&amp;A analysis services. Improve competitiveness; Learn more.\" \/>\n<meta name=\"robots\" content=\"index, follow, max-snippet:-1, max-image-preview:large, max-video-preview:-1\" \/>\n<link rel=\"canonical\" href=\"https:\/\/www.argonandco.com\/de\/leistungen\/sga\/\" \/>\n<meta property=\"og:locale\" content=\"de_DE\" \/>\n<meta property=\"og:type\" content=\"article\" \/>\n<meta property=\"og:title\" content=\"SG&amp;A | Argon &amp; Co\" \/>\n<meta property=\"og:description\" content=\"Argon &amp; Co can help manage SG&amp;A (selling, general, administrative expenses) with expert SG&amp;A analysis services. Improve competitiveness; Learn more.\" \/>\n<meta property=\"og:url\" content=\"https:\/\/www.argonandco.com\/de\/leistungen\/sga\/\" \/>\n<meta property=\"og:site_name\" content=\"Argon &amp; Co\" \/>\n<meta property=\"article:modified_time\" content=\"2025-11-20T11:57:38+00:00\" \/>\n<meta property=\"og:image\" content=\"https:\/\/www.argonandco.com\/wp-content\/uploads\/2019\/12\/person-writing-on-notebook-669615-scaled.jpg\" \/>\n\t<meta property=\"og:image:width\" content=\"2560\" \/>\n\t<meta property=\"og:image:height\" content=\"1696\" \/>\n\t<meta property=\"og:image:type\" content=\"image\/jpeg\" \/>\n<meta name=\"twitter:card\" content=\"summary_large_image\" \/>\n<meta name=\"twitter:label1\" content=\"Gesch\u00e4tzte Lesezeit\" \/>\n\t<meta name=\"twitter:data1\" content=\"2 Minuten\" \/>\n<script type=\"application\/ld+json\" class=\"yoast-schema-graph\">{\"@context\":\"https:\\\/\\\/schema.org\",\"@graph\":[{\"@type\":\"WebPage\",\"@id\":\"https:\\\/\\\/www.argonandco.com\\\/de\\\/leistungen\\\/sga\\\/\",\"url\":\"https:\\\/\\\/www.argonandco.com\\\/de\\\/leistungen\\\/sga\\\/\",\"name\":\"SG&A | Argon &amp; Co\",\"isPartOf\":{\"@id\":\"https:\\\/\\\/www.argonandco.com\\\/de\\\/#website\"},\"primaryImageOfPage\":{\"@id\":\"https:\\\/\\\/www.argonandco.com\\\/de\\\/leistungen\\\/sga\\\/#primaryimage\"},\"image\":{\"@id\":\"https:\\\/\\\/www.argonandco.com\\\/de\\\/leistungen\\\/sga\\\/#primaryimage\"},\"thumbnailUrl\":\"https:\\\/\\\/www.argonandco.com\\\/wp-content\\\/uploads\\\/2019\\\/12\\\/person-writing-on-notebook-669615-scaled.jpg\",\"datePublished\":\"2019-09-06T09:35:07+00:00\",\"dateModified\":\"2025-11-20T11:57:38+00:00\",\"description\":\"Argon & Co can help manage SG&A (selling, general, administrative expenses) with expert SG&A analysis services. Improve competitiveness; Learn more.\",\"breadcrumb\":{\"@id\":\"https:\\\/\\\/www.argonandco.com\\\/de\\\/leistungen\\\/sga\\\/#breadcrumb\"},\"inLanguage\":\"de\",\"potentialAction\":[{\"@type\":\"ReadAction\",\"target\":[\"https:\\\/\\\/www.argonandco.com\\\/de\\\/leistungen\\\/sga\\\/\"]}]},{\"@type\":\"ImageObject\",\"inLanguage\":\"de\",\"@id\":\"https:\\\/\\\/www.argonandco.com\\\/de\\\/leistungen\\\/sga\\\/#primaryimage\",\"url\":\"https:\\\/\\\/www.argonandco.com\\\/wp-content\\\/uploads\\\/2019\\\/12\\\/person-writing-on-notebook-669615-scaled.jpg\",\"contentUrl\":\"https:\\\/\\\/www.argonandco.com\\\/wp-content\\\/uploads\\\/2019\\\/12\\\/person-writing-on-notebook-669615-scaled.jpg\",\"width\":2560,\"height\":1696},{\"@type\":\"BreadcrumbList\",\"@id\":\"https:\\\/\\\/www.argonandco.com\\\/de\\\/leistungen\\\/sga\\\/#breadcrumb\",\"itemListElement\":[{\"@type\":\"ListItem\",\"position\":1,\"name\":\"Home\",\"item\":\"https:\\\/\\\/www.argonandco.com\\\/de\\\/\"},{\"@type\":\"ListItem\",\"position\":2,\"name\":\"Leistungen\",\"item\":\"https:\\\/\\\/www.argonandco.com\\\/de\\\/leistungen\\\/\"},{\"@type\":\"ListItem\",\"position\":3,\"name\":\"SG&#038;A\"}]},{\"@type\":\"WebSite\",\"@id\":\"https:\\\/\\\/www.argonandco.com\\\/de\\\/#website\",\"url\":\"https:\\\/\\\/www.argonandco.com\\\/de\\\/\",\"name\":\"Argon &amp; Co\",\"description\":\"We help clients achieve their strategic and operational objectives, working together to transform their businesses and generate real change.\",\"potentialAction\":[{\"@type\":\"SearchAction\",\"target\":{\"@type\":\"EntryPoint\",\"urlTemplate\":\"https:\\\/\\\/www.argonandco.com\\\/de\\\/?s={search_term_string}\"},\"query-input\":{\"@type\":\"PropertyValueSpecification\",\"valueRequired\":true,\"valueName\":\"search_term_string\"}}],\"inLanguage\":\"de\"}]}<\/script>\n<!-- \/ Yoast SEO plugin. -->","yoast_head_json":{"title":"SG&A | Argon &amp; Co","description":"Argon & Co can help manage SG&A (selling, general, administrative expenses) with expert SG&A analysis services. Improve competitiveness; Learn more.","robots":{"index":"index","follow":"follow","max-snippet":"max-snippet:-1","max-image-preview":"max-image-preview:large","max-video-preview":"max-video-preview:-1"},"canonical":"https:\/\/www.argonandco.com\/de\/leistungen\/sga\/","og_locale":"de_DE","og_type":"article","og_title":"SG&A | Argon &amp; Co","og_description":"Argon & Co can help manage SG&A (selling, general, administrative expenses) with expert SG&A analysis services. Improve competitiveness; Learn more.","og_url":"https:\/\/www.argonandco.com\/de\/leistungen\/sga\/","og_site_name":"Argon &amp; Co","article_modified_time":"2025-11-20T11:57:38+00:00","og_image":[{"width":2560,"height":1696,"url":"https:\/\/www.argonandco.com\/wp-content\/uploads\/2019\/12\/person-writing-on-notebook-669615-scaled.jpg","type":"image\/jpeg"}],"twitter_card":"summary_large_image","twitter_misc":{"Gesch\u00e4tzte Lesezeit":"2 Minuten"},"schema":{"@context":"https:\/\/schema.org","@graph":[{"@type":"WebPage","@id":"https:\/\/www.argonandco.com\/de\/leistungen\/sga\/","url":"https:\/\/www.argonandco.com\/de\/leistungen\/sga\/","name":"SG&A | Argon &amp; Co","isPartOf":{"@id":"https:\/\/www.argonandco.com\/de\/#website"},"primaryImageOfPage":{"@id":"https:\/\/www.argonandco.com\/de\/leistungen\/sga\/#primaryimage"},"image":{"@id":"https:\/\/www.argonandco.com\/de\/leistungen\/sga\/#primaryimage"},"thumbnailUrl":"https:\/\/www.argonandco.com\/wp-content\/uploads\/2019\/12\/person-writing-on-notebook-669615-scaled.jpg","datePublished":"2019-09-06T09:35:07+00:00","dateModified":"2025-11-20T11:57:38+00:00","description":"Argon & Co can help manage SG&A (selling, general, administrative expenses) with expert SG&A analysis services. Improve competitiveness; Learn more.","breadcrumb":{"@id":"https:\/\/www.argonandco.com\/de\/leistungen\/sga\/#breadcrumb"},"inLanguage":"de","potentialAction":[{"@type":"ReadAction","target":["https:\/\/www.argonandco.com\/de\/leistungen\/sga\/"]}]},{"@type":"ImageObject","inLanguage":"de","@id":"https:\/\/www.argonandco.com\/de\/leistungen\/sga\/#primaryimage","url":"https:\/\/www.argonandco.com\/wp-content\/uploads\/2019\/12\/person-writing-on-notebook-669615-scaled.jpg","contentUrl":"https:\/\/www.argonandco.com\/wp-content\/uploads\/2019\/12\/person-writing-on-notebook-669615-scaled.jpg","width":2560,"height":1696},{"@type":"BreadcrumbList","@id":"https:\/\/www.argonandco.com\/de\/leistungen\/sga\/#breadcrumb","itemListElement":[{"@type":"ListItem","position":1,"name":"Home","item":"https:\/\/www.argonandco.com\/de\/"},{"@type":"ListItem","position":2,"name":"Leistungen","item":"https:\/\/www.argonandco.com\/de\/leistungen\/"},{"@type":"ListItem","position":3,"name":"SG&#038;A"}]},{"@type":"WebSite","@id":"https:\/\/www.argonandco.com\/de\/#website","url":"https:\/\/www.argonandco.com\/de\/","name":"Argon &amp; Co","description":"We help clients achieve their strategic and operational objectives, working together to transform their businesses and generate real change.","potentialAction":[{"@type":"SearchAction","target":{"@type":"EntryPoint","urlTemplate":"https:\/\/www.argonandco.com\/de\/?s={search_term_string}"},"query-input":{"@type":"PropertyValueSpecification","valueRequired":true,"valueName":"search_term_string"}}],"inLanguage":"de"}]}},"_links":{"self":[{"href":"https:\/\/www.argonandco.com\/de\/wp-json\/wp\/v2\/pages\/30398","targetHints":{"allow":["GET"]}}],"collection":[{"href":"https:\/\/www.argonandco.com\/de\/wp-json\/wp\/v2\/pages"}],"about":[{"href":"https:\/\/www.argonandco.com\/de\/wp-json\/wp\/v2\/types\/page"}],"author":[{"embeddable":true,"href":"https:\/\/www.argonandco.com\/de\/wp-json\/wp\/v2\/users\/1"}],"replies":[{"embeddable":true,"href":"https:\/\/www.argonandco.com\/de\/wp-json\/wp\/v2\/comments?post=30398"}],"version-history":[{"count":0,"href":"https:\/\/www.argonandco.com\/de\/wp-json\/wp\/v2\/pages\/30398\/revisions"}],"up":[{"embeddable":true,"href":"https:\/\/www.argonandco.com\/de\/wp-json\/wp\/v2\/pages\/30418"}],"wp:featuredmedia":[{"embeddable":true,"href":"https:\/\/www.argonandco.com\/de\/wp-json\/wp\/v2\/media\/30399"}],"wp:attachment":[{"href":"https:\/\/www.argonandco.com\/de\/wp-json\/wp\/v2\/media?parent=30398"}],"curies":[{"name":"wp","href":"https:\/\/api.w.org\/{rel}","templated":true}]}}