{"id":30394,"date":"2019-09-06T10:35:23","date_gmt":"2019-09-06T09:35:07","guid":{"rendered":"https:\/\/www.argonandco.com\/logistics\/"},"modified":"2025-11-20T11:38:58","modified_gmt":"2025-11-20T11:38:58","slug":"logistik","status":"publish","type":"page","link":"https:\/\/www.argonandco.com\/de\/leistungen\/logistik\/","title":{"rendered":"Logistik"},"content":{"rendered":"<h3>Logistik<\/h3>\n<p>Operative Exzellenz in der Logistik ist zum Standard geworden, da die Vorlaufzeiten immer k\u00fcrzer werden, die Erwartungen an den Kundenservice hoch sind, die IT-Systemarchitekturen uneinheitlich sind und die Kostenoptimierung eine st\u00e4ndige Herausforderung darstellt. Diese komplexen Anforderungen werden durch die Auswirkungen von ESG-Aspekten (Umwelt, Soziales, Governance) noch weiter versch\u00e4rft.<\/p>\n<p>In diesem Zusammenhang muss die Logistik neu erfunden werden, um das Leistungsversprechen zu den besten Kosten zu gew\u00e4hrleisten und zur Wettbewerbsf\u00e4higkeit eines Unternehmens beizutragen.<\/p>\n<h3>Logistikstrategie<\/h3>\n<p>Auf strategischer Ebene erfordert operative Exzellenz in der Logistik die regelm\u00e4\u00dfige und kontinuierliche Neugestaltung der Servicestrategie gegen\u00fcber Kunden (intern\/extern) und die Optimierung der Vertriebsnetze, um die Servicekosten zu minimieren.<\/p>\n<p>Auf operativer Ebene umfasst die Optimierung der Lager- und Transportabl\u00e4ufe \u00dcberlegungen zur Automatisierung\/Mechanisierung von Lagern und zur Optimierung der Ausf\u00fchrungsprozesse. Dar\u00fcber hinaus wird der Einsatz neuer digitaler Technologien (IoT, Big Data, RPA, Roboter) in Betracht gezogen, die innovative M\u00f6glichkeiten bieten, um etablierte Schemata in Frage zu stellen, Ressourcen besser zu planen, Logistikprozesse zu industrialisieren, Ver\u00e4nderungen zu beschleunigen und einen Leistungssprung in Bezug auf Produktivit\u00e4t, Qualit\u00e4t und Kundenservice zu erzielen.<\/p>\n<h3>Logistikumsetzung<\/h3>\n<p>Diese Ver\u00e4nderungen m\u00fcssen mit einer \u00dcberpr\u00fcfung der Logistikorganisation einhergehen, wobei neue Berufe und Rollen entwickelt, die Kompetenzen und Professionalit\u00e4t der Teams gest\u00e4rkt und die Arbeitsbedingungen verbessert werden m\u00fcssen.<\/p>\n<h3>Unterst\u00fctzung bei logistischen Herausforderungen<\/h3>\n<p>Unser Team aus Logistikexperten geht komplexen Problemen auf den Grund und konzentriert sich darauf, greifbare Ergebnisse f\u00fcr unsere Kunden zu erzielen. In der Men\u00fcleiste auf dieser Seite finden Sie weitere Informationen zu einer Auswahl der logistischen Herausforderungen, mit denen wir regelm\u00e4\u00dfig konfrontiert sind.<\/p>\n<p>Wir kombinieren technisches Fachwissen, operative Erfahrung, betriebswirtschaftliche Kenntnisse und gesunden Menschenverstand, um unseren Kunden bei der L\u00f6sung logistischer Probleme zu helfen und nachhaltige Ergebnisse zu erzielen. Unser positiver, flexibler und pers\u00f6nlicher Ansatz, der bei Bedarf auch Herausforderungen nicht scheut, sorgt f\u00fcr Akzeptanz auf allen Ebenen der Unternehmen unserer Kunden und f\u00fcr ein positives Ergebnis. <a href=\"https:\/\/www.argonandco.com\/de\/ueber-uns\/\" target=\"_blank\" rel=\"noopener\"><b>Erfahren Sie hier mehr \u00fcber uns.<\/b><\/a><\/p>\n","protected":false},"excerpt":{"rendered":"<p>Logistik Operative Exzellenz in der Logistik ist zum Standard geworden, da die Vorlaufzeiten immer k\u00fcrzer werden, die Erwartungen an den Kundenservice hoch sind, die IT-Systemarchitekturen uneinheitlich sind und die Kostenoptimierung eine st\u00e4ndige Herausforderung darstellt. Diese komplexen Anforderungen werden durch die Auswirkungen von ESG-Aspekten (Umwelt, Soziales, Governance) noch weiter versch\u00e4rft. In diesem Zusammenhang muss die Logistik [&hellip;]<\/p>\n","protected":false},"author":1,"featured_media":0,"parent":30418,"menu_order":12,"comment_status":"closed","ping_status":"closed","template":"","meta":{"_acf_changed":false,"footnotes":""},"class_list":["post-30394","page","type-page","status-publish","hentry"],"acf":[],"yoast_head":"<!-- This site is optimized with the Yoast SEO plugin v27.4 - https:\/\/yoast.com\/product\/yoast-seo-wordpress\/ -->\n<title>Logistik | Argon &amp; Co<\/title>\n<meta name=\"description\" content=\"Argon &amp; Co provides expert logistics consulting services to companies that wish to achieve strategic &amp; operational excellence. Learn more.\" \/>\n<meta name=\"robots\" content=\"index, follow, max-snippet:-1, max-image-preview:large, max-video-preview:-1\" \/>\n<link rel=\"canonical\" href=\"https:\/\/www.argonandco.com\/de\/leistungen\/logistik\/\" \/>\n<meta property=\"og:locale\" content=\"de_DE\" \/>\n<meta property=\"og:type\" content=\"article\" \/>\n<meta property=\"og:title\" content=\"Logistik | Argon &amp; Co\" \/>\n<meta property=\"og:description\" content=\"Argon &amp; Co provides expert logistics consulting services to companies that wish to achieve strategic &amp; operational excellence. Learn more.\" \/>\n<meta property=\"og:url\" content=\"https:\/\/www.argonandco.com\/de\/leistungen\/logistik\/\" \/>\n<meta property=\"og:site_name\" content=\"Argon &amp; Co\" \/>\n<meta property=\"article:modified_time\" content=\"2025-11-20T11:38:58+00:00\" \/>\n<meta name=\"twitter:card\" content=\"summary_large_image\" \/>\n<meta name=\"twitter:label1\" content=\"Gesch\u00e4tzte Lesezeit\" \/>\n\t<meta name=\"twitter:data1\" content=\"2 Minuten\" \/>\n<script type=\"application\/ld+json\" class=\"yoast-schema-graph\">{\"@context\":\"https:\\\/\\\/schema.org\",\"@graph\":[{\"@type\":\"WebPage\",\"@id\":\"https:\\\/\\\/www.argonandco.com\\\/de\\\/leistungen\\\/logistik\\\/\",\"url\":\"https:\\\/\\\/www.argonandco.com\\\/de\\\/leistungen\\\/logistik\\\/\",\"name\":\"Logistik | Argon &amp; Co\",\"isPartOf\":{\"@id\":\"https:\\\/\\\/www.argonandco.com\\\/de\\\/#website\"},\"datePublished\":\"2019-09-06T09:35:07+00:00\",\"dateModified\":\"2025-11-20T11:38:58+00:00\",\"description\":\"Argon & Co provides expert logistics consulting services to companies that wish to achieve strategic & operational excellence. Learn more.\",\"breadcrumb\":{\"@id\":\"https:\\\/\\\/www.argonandco.com\\\/de\\\/leistungen\\\/logistik\\\/#breadcrumb\"},\"inLanguage\":\"de\",\"potentialAction\":[{\"@type\":\"ReadAction\",\"target\":[\"https:\\\/\\\/www.argonandco.com\\\/de\\\/leistungen\\\/logistik\\\/\"]}]},{\"@type\":\"BreadcrumbList\",\"@id\":\"https:\\\/\\\/www.argonandco.com\\\/de\\\/leistungen\\\/logistik\\\/#breadcrumb\",\"itemListElement\":[{\"@type\":\"ListItem\",\"position\":1,\"name\":\"Home\",\"item\":\"https:\\\/\\\/www.argonandco.com\\\/de\\\/\"},{\"@type\":\"ListItem\",\"position\":2,\"name\":\"Leistungen\",\"item\":\"https:\\\/\\\/www.argonandco.com\\\/de\\\/leistungen\\\/\"},{\"@type\":\"ListItem\",\"position\":3,\"name\":\"Logistik\"}]},{\"@type\":\"WebSite\",\"@id\":\"https:\\\/\\\/www.argonandco.com\\\/de\\\/#website\",\"url\":\"https:\\\/\\\/www.argonandco.com\\\/de\\\/\",\"name\":\"Argon &amp; Co\",\"description\":\"We help clients achieve their strategic and operational objectives, working together to transform their businesses and generate real change.\",\"potentialAction\":[{\"@type\":\"SearchAction\",\"target\":{\"@type\":\"EntryPoint\",\"urlTemplate\":\"https:\\\/\\\/www.argonandco.com\\\/de\\\/?s={search_term_string}\"},\"query-input\":{\"@type\":\"PropertyValueSpecification\",\"valueRequired\":true,\"valueName\":\"search_term_string\"}}],\"inLanguage\":\"de\"}]}<\/script>\n<!-- \/ Yoast SEO plugin. -->","yoast_head_json":{"title":"Logistik | Argon &amp; Co","description":"Argon & Co provides expert logistics consulting services to companies that wish to achieve strategic & operational excellence. Learn more.","robots":{"index":"index","follow":"follow","max-snippet":"max-snippet:-1","max-image-preview":"max-image-preview:large","max-video-preview":"max-video-preview:-1"},"canonical":"https:\/\/www.argonandco.com\/de\/leistungen\/logistik\/","og_locale":"de_DE","og_type":"article","og_title":"Logistik | Argon &amp; Co","og_description":"Argon & Co provides expert logistics consulting services to companies that wish to achieve strategic & operational excellence. Learn more.","og_url":"https:\/\/www.argonandco.com\/de\/leistungen\/logistik\/","og_site_name":"Argon &amp; Co","article_modified_time":"2025-11-20T11:38:58+00:00","twitter_card":"summary_large_image","twitter_misc":{"Gesch\u00e4tzte Lesezeit":"2 Minuten"},"schema":{"@context":"https:\/\/schema.org","@graph":[{"@type":"WebPage","@id":"https:\/\/www.argonandco.com\/de\/leistungen\/logistik\/","url":"https:\/\/www.argonandco.com\/de\/leistungen\/logistik\/","name":"Logistik | Argon &amp; Co","isPartOf":{"@id":"https:\/\/www.argonandco.com\/de\/#website"},"datePublished":"2019-09-06T09:35:07+00:00","dateModified":"2025-11-20T11:38:58+00:00","description":"Argon & Co provides expert logistics consulting services to companies that wish to achieve strategic & operational excellence. Learn more.","breadcrumb":{"@id":"https:\/\/www.argonandco.com\/de\/leistungen\/logistik\/#breadcrumb"},"inLanguage":"de","potentialAction":[{"@type":"ReadAction","target":["https:\/\/www.argonandco.com\/de\/leistungen\/logistik\/"]}]},{"@type":"BreadcrumbList","@id":"https:\/\/www.argonandco.com\/de\/leistungen\/logistik\/#breadcrumb","itemListElement":[{"@type":"ListItem","position":1,"name":"Home","item":"https:\/\/www.argonandco.com\/de\/"},{"@type":"ListItem","position":2,"name":"Leistungen","item":"https:\/\/www.argonandco.com\/de\/leistungen\/"},{"@type":"ListItem","position":3,"name":"Logistik"}]},{"@type":"WebSite","@id":"https:\/\/www.argonandco.com\/de\/#website","url":"https:\/\/www.argonandco.com\/de\/","name":"Argon &amp; Co","description":"We help clients achieve their strategic and operational objectives, working together to transform their businesses and generate real change.","potentialAction":[{"@type":"SearchAction","target":{"@type":"EntryPoint","urlTemplate":"https:\/\/www.argonandco.com\/de\/?s={search_term_string}"},"query-input":{"@type":"PropertyValueSpecification","valueRequired":true,"valueName":"search_term_string"}}],"inLanguage":"de"}]}},"_links":{"self":[{"href":"https:\/\/www.argonandco.com\/de\/wp-json\/wp\/v2\/pages\/30394","targetHints":{"allow":["GET"]}}],"collection":[{"href":"https:\/\/www.argonandco.com\/de\/wp-json\/wp\/v2\/pages"}],"about":[{"href":"https:\/\/www.argonandco.com\/de\/wp-json\/wp\/v2\/types\/page"}],"author":[{"embeddable":true,"href":"https:\/\/www.argonandco.com\/de\/wp-json\/wp\/v2\/users\/1"}],"replies":[{"embeddable":true,"href":"https:\/\/www.argonandco.com\/de\/wp-json\/wp\/v2\/comments?post=30394"}],"version-history":[{"count":0,"href":"https:\/\/www.argonandco.com\/de\/wp-json\/wp\/v2\/pages\/30394\/revisions"}],"up":[{"embeddable":true,"href":"https:\/\/www.argonandco.com\/de\/wp-json\/wp\/v2\/pages\/30418"}],"wp:attachment":[{"href":"https:\/\/www.argonandco.com\/de\/wp-json\/wp\/v2\/media?parent=30394"}],"curies":[{"name":"wp","href":"https:\/\/api.w.org\/{rel}","templated":true}]}}