{"id":30390,"date":"2019-09-06T11:17:23","date_gmt":"2019-09-06T10:17:09","guid":{"rendered":"https:\/\/www.argonandco.com\/execution-of-the-strategic-plan\/"},"modified":"2025-11-20T11:55:50","modified_gmt":"2025-11-20T11:55:50","slug":"umsetzung-eines-strategieplans","status":"publish","type":"page","link":"https:\/\/www.argonandco.com\/de\/leistungen\/finanzdienstleister\/umsetzung-eines-strategieplans\/","title":{"rendered":"Umsetzung eines Strategieplans"},"content":{"rendered":"<h2><b>Einf\u00fchrung und Herausforderungen<\/b><\/h2>\n<p><span class=\"intro\" style=\"font-weight: 400;\">Heutzutage ist die Erstellung eines strategischen Plans f\u00fcr jedes Unternehmen unerl\u00e4sslich. Der CEO ben\u00f6tigt eine Finanz- und Betriebsf\u00fchrungsstruktur, um den Fortschritt der Umsetzung des strategischen Plans zu bewerten und dessen finanzielle Auswirkungen zu messen. Der CFO ist als H\u00fcter der Unternehmensf\u00fchrung und der finanziellen Performance daf\u00fcr verantwortlich, diese Struktur im Namen des CEO und der Aktion\u00e4re zu \u00fcberwachen.<\/span><\/p>\n<p>Die Entwicklung dieser Steuerungsstruktur stellt den CFO vor zwei wesentliche Herausforderungen. Zum einen geht es darum, den strategischen Plan zu modellieren, die wichtigsten operativen und finanziellen Hebel zur Erreichung der strategischen Ziele herauszuarbeiten und KPIs zur Messung ihrer Fortschritte zu definieren. Zum anderen muss der CFO den Steuerungsprozess definieren und implementieren sowie eine starke Governance-Struktur aufbauen und unterst\u00fctzen, um die vielen Stakeholder in die Verantwortung zu nehmen und eine effektive Kommunikation der Ergebnisse sicherzustellen.<\/p>\n<h2><b>Wie wir helfen k\u00f6nnen<\/b><\/h2>\n<p>Wir verf\u00fcgen \u00fcber eine bew\u00e4hrte Methodik zur Modellierung strategischer Pl\u00e4ne und unterst\u00fctzen den CEO und CFO bei der Entwicklung und Implementierung des geeigneten Systems, insbesondere durch analytische Plattforml\u00f6sungen.<\/p>\n<ul>\n<li style=\"font-weight: 400;\">\n<ul>\n<li>Modellierung des Strategieplans<\/li>\n<\/ul>\n<ul>\n<li style=\"list-style-type: none;\">\n<ul>\n<li>Entwurf eines \u201eFinanzbaums\u201c \u2013 ein Baummodell der operativen und finanziellen Hebel auf der Grundlage definierter strategischer Ziele; beispielsweise eine Steigerung der Kapitalrendite um 3 %, ein Free Cashflow in H\u00f6he von 8 % des Umsatzes und eine Dividende in H\u00f6he von 20 % des Nettogewinns<\/li>\n<li>Auswahl der relevantesten Hebel (z. B. Intensit\u00e4t der Auswirkungen, Machbarkeit, Zeit bis zur Umsetzung) und der damit verbundenen KPIs<\/li>\n<li>Ableitung von Teilzielen auf verschiedenen Ebenen der Organisation (z. B. Gesch\u00e4ftsbereiche, Funktionsabteilungen)<\/li>\n<\/ul>\n<\/li>\n<li>Aufbau der Steuerungsstruktur\n<ul>\n<li>Entwicklung des Dashboards f\u00fcr den Strategieplan<\/li>\n<li>Implementierung eines dynamischen und visuellen Dashboards auf einer Analyseplattforml\u00f6sung<\/li>\n<li>Definition des Governance-Modells und Erstellung eines Kommunikationsplans (z. B. interne und externe Kommunikationsregeln, Bekanntgabe von Zielen, Weitergabe von Ergebnissen)<\/li>\n<li>Abgleich der individuellen Ziele mit denen des Strategieplans<\/li>\n<\/ul>\n<\/li>\n<\/ul>\n<\/li>\n<\/ul>\n<p>&nbsp;<\/p>\n","protected":false},"excerpt":{"rendered":"<p>Einf\u00fchrung und Herausforderungen Heutzutage ist die Erstellung eines strategischen Plans f\u00fcr jedes Unternehmen unerl\u00e4sslich. Der CEO ben\u00f6tigt eine Finanz- und Betriebsf\u00fchrungsstruktur, um den Fortschritt der Umsetzung des strategischen Plans zu bewerten und dessen finanzielle Auswirkungen zu messen. Der CFO ist als H\u00fcter der Unternehmensf\u00fchrung und der finanziellen Performance daf\u00fcr verantwortlich, diese Struktur im Namen des [&hellip;]<\/p>\n","protected":false},"author":1,"featured_media":0,"parent":30400,"menu_order":7,"comment_status":"closed","ping_status":"closed","template":"","meta":{"_acf_changed":false,"footnotes":""},"class_list":["post-30390","page","type-page","status-publish","hentry"],"acf":[],"yoast_head":"<!-- This site is optimized with the Yoast SEO plugin v27.4 - https:\/\/yoast.com\/product\/yoast-seo-wordpress\/ -->\n<title>Umsetzung eines Strategieplans | Argon &amp; Co<\/title>\n<meta name=\"description\" content=\"Harness Argon &amp; Co&#039;s proven methodology for modelling strategic plans and assisting the CEO and CFO in the development and implementation of the appropriate system. Learn more.\" \/>\n<meta name=\"robots\" content=\"index, follow, max-snippet:-1, max-image-preview:large, max-video-preview:-1\" \/>\n<link rel=\"canonical\" href=\"https:\/\/www.argonandco.com\/de\/leistungen\/finanzdienstleister\/umsetzung-eines-strategieplans\/\" \/>\n<meta property=\"og:locale\" content=\"de_DE\" \/>\n<meta property=\"og:type\" content=\"article\" \/>\n<meta property=\"og:title\" content=\"Umsetzung eines Strategieplans | Argon &amp; Co\" \/>\n<meta property=\"og:description\" content=\"Harness Argon &amp; Co&#039;s proven methodology for modelling strategic plans and assisting the CEO and CFO in the development and implementation of the appropriate system. Learn more.\" \/>\n<meta property=\"og:url\" content=\"https:\/\/www.argonandco.com\/de\/leistungen\/finanzdienstleister\/umsetzung-eines-strategieplans\/\" \/>\n<meta property=\"og:site_name\" content=\"Argon &amp; Co\" \/>\n<meta property=\"article:modified_time\" content=\"2025-11-20T11:55:50+00:00\" \/>\n<meta name=\"twitter:card\" content=\"summary_large_image\" \/>\n<meta name=\"twitter:label1\" content=\"Gesch\u00e4tzte Lesezeit\" \/>\n\t<meta name=\"twitter:data1\" content=\"2 Minuten\" \/>\n<script type=\"application\/ld+json\" class=\"yoast-schema-graph\">{\"@context\":\"https:\\\/\\\/schema.org\",\"@graph\":[{\"@type\":\"WebPage\",\"@id\":\"https:\\\/\\\/www.argonandco.com\\\/de\\\/leistungen\\\/finanzdienstleister\\\/umsetzung-eines-strategieplans\\\/\",\"url\":\"https:\\\/\\\/www.argonandco.com\\\/de\\\/leistungen\\\/finanzdienstleister\\\/umsetzung-eines-strategieplans\\\/\",\"name\":\"Umsetzung eines Strategieplans | Argon &amp; Co\",\"isPartOf\":{\"@id\":\"https:\\\/\\\/www.argonandco.com\\\/de\\\/#website\"},\"datePublished\":\"2019-09-06T10:17:09+00:00\",\"dateModified\":\"2025-11-20T11:55:50+00:00\",\"description\":\"Harness Argon & Co's proven methodology for modelling strategic plans and assisting the CEO and CFO in the development and implementation of the appropriate system. Learn more.\",\"breadcrumb\":{\"@id\":\"https:\\\/\\\/www.argonandco.com\\\/de\\\/leistungen\\\/finanzdienstleister\\\/umsetzung-eines-strategieplans\\\/#breadcrumb\"},\"inLanguage\":\"de\",\"potentialAction\":[{\"@type\":\"ReadAction\",\"target\":[\"https:\\\/\\\/www.argonandco.com\\\/de\\\/leistungen\\\/finanzdienstleister\\\/umsetzung-eines-strategieplans\\\/\"]}]},{\"@type\":\"BreadcrumbList\",\"@id\":\"https:\\\/\\\/www.argonandco.com\\\/de\\\/leistungen\\\/finanzdienstleister\\\/umsetzung-eines-strategieplans\\\/#breadcrumb\",\"itemListElement\":[{\"@type\":\"ListItem\",\"position\":1,\"name\":\"Home\",\"item\":\"https:\\\/\\\/www.argonandco.com\\\/de\\\/\"},{\"@type\":\"ListItem\",\"position\":2,\"name\":\"Leistungen\",\"item\":\"https:\\\/\\\/www.argonandco.com\\\/de\\\/leistungen\\\/\"},{\"@type\":\"ListItem\",\"position\":3,\"name\":\"Finanzdienstleister\",\"item\":\"https:\\\/\\\/www.argonandco.com\\\/de\\\/leistungen\\\/finanzdienstleister\\\/\"},{\"@type\":\"ListItem\",\"position\":4,\"name\":\"Umsetzung eines Strategieplans\"}]},{\"@type\":\"WebSite\",\"@id\":\"https:\\\/\\\/www.argonandco.com\\\/de\\\/#website\",\"url\":\"https:\\\/\\\/www.argonandco.com\\\/de\\\/\",\"name\":\"Argon &amp; Co\",\"description\":\"We help clients achieve their strategic and operational objectives, working together to transform their businesses and generate real change.\",\"potentialAction\":[{\"@type\":\"SearchAction\",\"target\":{\"@type\":\"EntryPoint\",\"urlTemplate\":\"https:\\\/\\\/www.argonandco.com\\\/de\\\/?s={search_term_string}\"},\"query-input\":{\"@type\":\"PropertyValueSpecification\",\"valueRequired\":true,\"valueName\":\"search_term_string\"}}],\"inLanguage\":\"de\"}]}<\/script>\n<!-- \/ Yoast SEO plugin. -->","yoast_head_json":{"title":"Umsetzung eines Strategieplans | Argon &amp; Co","description":"Harness Argon & Co's proven methodology for modelling strategic plans and assisting the CEO and CFO in the development and implementation of the appropriate system. Learn more.","robots":{"index":"index","follow":"follow","max-snippet":"max-snippet:-1","max-image-preview":"max-image-preview:large","max-video-preview":"max-video-preview:-1"},"canonical":"https:\/\/www.argonandco.com\/de\/leistungen\/finanzdienstleister\/umsetzung-eines-strategieplans\/","og_locale":"de_DE","og_type":"article","og_title":"Umsetzung eines Strategieplans | Argon &amp; Co","og_description":"Harness Argon & Co's proven methodology for modelling strategic plans and assisting the CEO and CFO in the development and implementation of the appropriate system. Learn more.","og_url":"https:\/\/www.argonandco.com\/de\/leistungen\/finanzdienstleister\/umsetzung-eines-strategieplans\/","og_site_name":"Argon &amp; Co","article_modified_time":"2025-11-20T11:55:50+00:00","twitter_card":"summary_large_image","twitter_misc":{"Gesch\u00e4tzte Lesezeit":"2 Minuten"},"schema":{"@context":"https:\/\/schema.org","@graph":[{"@type":"WebPage","@id":"https:\/\/www.argonandco.com\/de\/leistungen\/finanzdienstleister\/umsetzung-eines-strategieplans\/","url":"https:\/\/www.argonandco.com\/de\/leistungen\/finanzdienstleister\/umsetzung-eines-strategieplans\/","name":"Umsetzung eines Strategieplans | Argon &amp; Co","isPartOf":{"@id":"https:\/\/www.argonandco.com\/de\/#website"},"datePublished":"2019-09-06T10:17:09+00:00","dateModified":"2025-11-20T11:55:50+00:00","description":"Harness Argon & Co's proven methodology for modelling strategic plans and assisting the CEO and CFO in the development and implementation of the appropriate system. Learn more.","breadcrumb":{"@id":"https:\/\/www.argonandco.com\/de\/leistungen\/finanzdienstleister\/umsetzung-eines-strategieplans\/#breadcrumb"},"inLanguage":"de","potentialAction":[{"@type":"ReadAction","target":["https:\/\/www.argonandco.com\/de\/leistungen\/finanzdienstleister\/umsetzung-eines-strategieplans\/"]}]},{"@type":"BreadcrumbList","@id":"https:\/\/www.argonandco.com\/de\/leistungen\/finanzdienstleister\/umsetzung-eines-strategieplans\/#breadcrumb","itemListElement":[{"@type":"ListItem","position":1,"name":"Home","item":"https:\/\/www.argonandco.com\/de\/"},{"@type":"ListItem","position":2,"name":"Leistungen","item":"https:\/\/www.argonandco.com\/de\/leistungen\/"},{"@type":"ListItem","position":3,"name":"Finanzdienstleister","item":"https:\/\/www.argonandco.com\/de\/leistungen\/finanzdienstleister\/"},{"@type":"ListItem","position":4,"name":"Umsetzung eines Strategieplans"}]},{"@type":"WebSite","@id":"https:\/\/www.argonandco.com\/de\/#website","url":"https:\/\/www.argonandco.com\/de\/","name":"Argon &amp; Co","description":"We help clients achieve their strategic and operational objectives, working together to transform their businesses and generate real change.","potentialAction":[{"@type":"SearchAction","target":{"@type":"EntryPoint","urlTemplate":"https:\/\/www.argonandco.com\/de\/?s={search_term_string}"},"query-input":{"@type":"PropertyValueSpecification","valueRequired":true,"valueName":"search_term_string"}}],"inLanguage":"de"}]}},"_links":{"self":[{"href":"https:\/\/www.argonandco.com\/de\/wp-json\/wp\/v2\/pages\/30390","targetHints":{"allow":["GET"]}}],"collection":[{"href":"https:\/\/www.argonandco.com\/de\/wp-json\/wp\/v2\/pages"}],"about":[{"href":"https:\/\/www.argonandco.com\/de\/wp-json\/wp\/v2\/types\/page"}],"author":[{"embeddable":true,"href":"https:\/\/www.argonandco.com\/de\/wp-json\/wp\/v2\/users\/1"}],"replies":[{"embeddable":true,"href":"https:\/\/www.argonandco.com\/de\/wp-json\/wp\/v2\/comments?post=30390"}],"version-history":[{"count":0,"href":"https:\/\/www.argonandco.com\/de\/wp-json\/wp\/v2\/pages\/30390\/revisions"}],"up":[{"embeddable":true,"href":"https:\/\/www.argonandco.com\/de\/wp-json\/wp\/v2\/pages\/30400"}],"wp:attachment":[{"href":"https:\/\/www.argonandco.com\/de\/wp-json\/wp\/v2\/media?parent=30390"}],"curies":[{"name":"wp","href":"https:\/\/api.w.org\/{rel}","templated":true}]}}