{"id":30388,"date":"2019-09-06T11:17:23","date_gmt":"2019-09-06T10:17:09","guid":{"rendered":"https:\/\/www.argonandco.com\/digital-finance-and-it\/"},"modified":"2025-11-20T11:56:14","modified_gmt":"2025-11-20T11:56:14","slug":"digital-finance-and-it","status":"publish","type":"page","link":"https:\/\/www.argonandco.com\/de\/leistungen\/finanzdienstleister\/digital-finance-and-it\/","title":{"rendered":"Digital Finance und IT"},"content":{"rendered":"<h2><b>Einf\u00fchrung und Herausforderungen<\/b><\/h2>\n<p><span class=\"intro\" style=\"font-weight: 400;\">Das Finanzinformationssystem bezieht sich auf die Anwendungsarchitektur, die Finanzprozesse unterst\u00fctzt und aus transaktionalen Funktionsbl\u00f6cken (z. B. Kunden- und Lieferantenfl\u00fcsse) und Entscheidungsbl\u00f6cken (z. B. Berichterstattung) besteht. Der Begriff \u201edigital\u201c kann im weitesten Sinne alle neuen L\u00f6sungen abdecken, die haupts\u00e4chlich im SaaS-Cloud-Modus angeboten werden und einen bestimmten funktionalen Bedarf erf\u00fcllen, darunter L\u00f6sungen f\u00fcr k\u00fcnstliche Intelligenz und Prozessautomatisierung.<\/span><\/p>\n<p>Alle CFOs stehen vor der Entscheidung zwischen Informationssystemen und agileren digitalen L\u00f6sungen \u2013 ein komplexes Problem aufgrund der vielf\u00e4ltigen Inhalte und Formen. Diese Entscheidung kann nicht improvisiert werden. Vor der Auswahl der L\u00f6sung m\u00fcssen die Gesch\u00e4ftsanforderungen unter Ber\u00fccksichtigung der technischen und organisatorischen Rahmenbedingungen des Unternehmens qualifiziert werden.<\/p>\n<p>Informationssysteme bieten zwar M\u00f6glichkeiten zur Verbesserung der Gesch\u00e4ftsleistung, k\u00f6nnen aber auch Hindernisse oder Risiken darstellen. Daher ist es von entscheidender Bedeutung, L\u00f6sungen und Projekte entsprechend ihrer Auswirkungen auf das Gesch\u00e4ft auszuw\u00e4hlen und gleichzeitig die Betriebskosten der Informationssysteme zu optimieren.<\/p>\n<h2><b>Wie wir helfen k\u00f6nnen<\/b><\/h2>\n<p>Wir unterst\u00fctzen den CFO in der L\u00f6sungs- und Integratorauswahlphase (vorlaufend) sowie in der Design-\/Implementierungsphase (nachlaufend) und stellen dabei unser Fachwissen und unsere Kompetenz im Bereich Change Management zur Verf\u00fcgung. Die vorlaufende Unterst\u00fctzung erm\u00f6glicht die richtigen funktionalen Entscheidungen, w\u00e4hrend die nachlaufende Unterst\u00fctzung eine angemessene Aneignung durch die zuk\u00fcnftigen Nutzer gew\u00e4hrleistet.<\/p>\n<p><span style=\"font-weight: 400;\">Wir unterscheiden unter drei wesentlichen Schritten:<\/span><\/p>\n<p><span style=\"font-weight: 400;\">\u00a0 \u00a0 \u00a01. Charakterisierung des bestehenden Systems<\/span><\/p>\n<ul>\n<li style=\"font-weight: 400;\"><span style=\"font-weight: 400;\">Definition des funktionalen Umfangs<\/span><\/li>\n<li style=\"font-weight: 400;\"><span style=\"font-weight: 400;\">Analyse des IS\/IT-Masterplans, um die Aus- &amp; Wechselwirkungen auf und mit anderen Systemen und Informationsdatenbanken zu definieren.\u00a0<\/span><\/li>\n<li style=\"font-weight: 400;\"><span style=\"font-weight: 400;\">Bewertung des Standardisierungsgrades von Verwaltungsregeln, Informationsdatenbanken und Schl\u00fcsselprozessen<\/span><\/li>\n<li style=\"font-weight: 400;\"><span style=\"font-weight: 400;\">Formalisierung des Funktionsmodells<\/span><\/li>\n<\/ul>\n<p><span style=\"font-weight: 400;\">\u00a0 \u00a0 \u00a02. Definition des funktionalen Ziels:<\/span><\/p>\n<ul>\n<li style=\"font-weight: 400;\"><span style=\"font-weight: 400;\">Definition des Zielprozesses und der Informationsdatenbanken, die f\u00fcr die Entwicklung der allgemeinen Spezifikationen der L\u00f6sung erforderlich sind<\/span><\/li>\n<li style=\"font-weight: 400;\"><span style=\"font-weight: 400;\">Einf\u00fchrung eines Benchmark-Vergleichs von Unternehmen mit \u00e4hnlichen Merkmalen<\/span><\/li>\n<li style=\"font-weight: 400;\"><span style=\"font-weight: 400;\">Qualifizierung des Grades der funktionalen Integration mit bestehenden Systemen<\/span><\/li>\n<li style=\"font-weight: 400;\"><span style=\"font-weight: 400;\">Bewertung von bestehenden Angeboten auf dem Markt<\/span><\/li>\n<li style=\"font-weight: 400;\"><span style=\"font-weight: 400;\">Bewertung des Business Case<\/span><\/li>\n<\/ul>\n<p><span style=\"font-weight: 400;\">\u00a0 \u00a0 3. Technische Validierung im Rahmen einer Ausschreibung:<\/span><\/p>\n<ul>\n<li style=\"font-weight: 400;\"><span style=\"font-weight: 400;\">Spezifikationen erstellen<\/span><\/li>\n<li style=\"font-weight: 400;\"><span style=\"font-weight: 400;\">Erstellung von Anwendungsf\u00e4llen f\u00fcr L\u00f6sungsanbieter<\/span><\/li>\n<li style=\"font-weight: 400;\"><span style=\"font-weight: 400;\">Analyse der Angebote und Auswahl der passenden L\u00f6sung<\/span><\/li>\n<\/ul>\n","protected":false},"excerpt":{"rendered":"<p>Einf\u00fchrung und Herausforderungen Das Finanzinformationssystem bezieht sich auf die Anwendungsarchitektur, die Finanzprozesse unterst\u00fctzt und aus transaktionalen Funktionsbl\u00f6cken (z. B. Kunden- und Lieferantenfl\u00fcsse) und Entscheidungsbl\u00f6cken (z. B. Berichterstattung) besteht. Der Begriff \u201edigital\u201c kann im weitesten Sinne alle neuen L\u00f6sungen abdecken, die haupts\u00e4chlich im SaaS-Cloud-Modus angeboten werden und einen bestimmten funktionalen Bedarf erf\u00fcllen, darunter L\u00f6sungen f\u00fcr k\u00fcnstliche [&hellip;]<\/p>\n","protected":false},"author":1,"featured_media":0,"parent":30400,"menu_order":9,"comment_status":"closed","ping_status":"closed","template":"","meta":{"_acf_changed":false,"footnotes":""},"class_list":["post-30388","page","type-page","status-publish","hentry"],"acf":[],"yoast_head":"<!-- This site is optimized with the Yoast SEO plugin v27.4 - https:\/\/yoast.com\/product\/yoast-seo-wordpress\/ -->\n<title>Digital Finance und IT | Argon &amp; Co<\/title>\n<meta name=\"description\" content=\"Argon &amp; Co can support your digital finance &amp; IT efforts, harnessing emerging solutions in SaaS cloud mode, including AI &amp; process automation solutions.\" \/>\n<meta name=\"robots\" content=\"index, follow, max-snippet:-1, max-image-preview:large, max-video-preview:-1\" \/>\n<link rel=\"canonical\" href=\"https:\/\/www.argonandco.com\/de\/leistungen\/finanzdienstleister\/digital-finance-and-it\/\" \/>\n<meta property=\"og:locale\" content=\"de_DE\" \/>\n<meta property=\"og:type\" content=\"article\" \/>\n<meta property=\"og:title\" content=\"Digital Finance und IT | Argon &amp; Co\" \/>\n<meta property=\"og:description\" content=\"Argon &amp; Co can support your digital finance &amp; IT efforts, harnessing emerging solutions in SaaS cloud mode, including AI &amp; process automation solutions.\" \/>\n<meta property=\"og:url\" content=\"https:\/\/www.argonandco.com\/de\/leistungen\/finanzdienstleister\/digital-finance-and-it\/\" \/>\n<meta property=\"og:site_name\" content=\"Argon &amp; Co\" \/>\n<meta property=\"article:modified_time\" content=\"2025-11-20T11:56:14+00:00\" \/>\n<meta name=\"twitter:card\" content=\"summary_large_image\" \/>\n<meta name=\"twitter:label1\" content=\"Gesch\u00e4tzte Lesezeit\" \/>\n\t<meta name=\"twitter:data1\" content=\"2 Minuten\" \/>\n<script type=\"application\/ld+json\" class=\"yoast-schema-graph\">{\"@context\":\"https:\\\/\\\/schema.org\",\"@graph\":[{\"@type\":\"WebPage\",\"@id\":\"https:\\\/\\\/www.argonandco.com\\\/de\\\/leistungen\\\/finanzdienstleister\\\/digital-finance-and-it\\\/\",\"url\":\"https:\\\/\\\/www.argonandco.com\\\/de\\\/leistungen\\\/finanzdienstleister\\\/digital-finance-and-it\\\/\",\"name\":\"Digital Finance und IT | Argon &amp; Co\",\"isPartOf\":{\"@id\":\"https:\\\/\\\/www.argonandco.com\\\/de\\\/#website\"},\"datePublished\":\"2019-09-06T10:17:09+00:00\",\"dateModified\":\"2025-11-20T11:56:14+00:00\",\"description\":\"Argon & Co can support your digital finance & IT efforts, harnessing emerging solutions in SaaS cloud mode, including AI & process automation solutions.\",\"breadcrumb\":{\"@id\":\"https:\\\/\\\/www.argonandco.com\\\/de\\\/leistungen\\\/finanzdienstleister\\\/digital-finance-and-it\\\/#breadcrumb\"},\"inLanguage\":\"de\",\"potentialAction\":[{\"@type\":\"ReadAction\",\"target\":[\"https:\\\/\\\/www.argonandco.com\\\/de\\\/leistungen\\\/finanzdienstleister\\\/digital-finance-and-it\\\/\"]}]},{\"@type\":\"BreadcrumbList\",\"@id\":\"https:\\\/\\\/www.argonandco.com\\\/de\\\/leistungen\\\/finanzdienstleister\\\/digital-finance-and-it\\\/#breadcrumb\",\"itemListElement\":[{\"@type\":\"ListItem\",\"position\":1,\"name\":\"Home\",\"item\":\"https:\\\/\\\/www.argonandco.com\\\/de\\\/\"},{\"@type\":\"ListItem\",\"position\":2,\"name\":\"Leistungen\",\"item\":\"https:\\\/\\\/www.argonandco.com\\\/de\\\/leistungen\\\/\"},{\"@type\":\"ListItem\",\"position\":3,\"name\":\"Finanzdienstleister\",\"item\":\"https:\\\/\\\/www.argonandco.com\\\/de\\\/leistungen\\\/finanzdienstleister\\\/\"},{\"@type\":\"ListItem\",\"position\":4,\"name\":\"Digital Finance und IT\"}]},{\"@type\":\"WebSite\",\"@id\":\"https:\\\/\\\/www.argonandco.com\\\/de\\\/#website\",\"url\":\"https:\\\/\\\/www.argonandco.com\\\/de\\\/\",\"name\":\"Argon &amp; Co\",\"description\":\"We help clients achieve their strategic and operational objectives, working together to transform their businesses and generate real change.\",\"potentialAction\":[{\"@type\":\"SearchAction\",\"target\":{\"@type\":\"EntryPoint\",\"urlTemplate\":\"https:\\\/\\\/www.argonandco.com\\\/de\\\/?s={search_term_string}\"},\"query-input\":{\"@type\":\"PropertyValueSpecification\",\"valueRequired\":true,\"valueName\":\"search_term_string\"}}],\"inLanguage\":\"de\"}]}<\/script>\n<!-- \/ Yoast SEO plugin. -->","yoast_head_json":{"title":"Digital Finance und IT | Argon &amp; Co","description":"Argon & Co can support your digital finance & IT efforts, harnessing emerging solutions in SaaS cloud mode, including AI & process automation solutions.","robots":{"index":"index","follow":"follow","max-snippet":"max-snippet:-1","max-image-preview":"max-image-preview:large","max-video-preview":"max-video-preview:-1"},"canonical":"https:\/\/www.argonandco.com\/de\/leistungen\/finanzdienstleister\/digital-finance-and-it\/","og_locale":"de_DE","og_type":"article","og_title":"Digital Finance und IT | Argon &amp; Co","og_description":"Argon & Co can support your digital finance & IT efforts, harnessing emerging solutions in SaaS cloud mode, including AI & process automation solutions.","og_url":"https:\/\/www.argonandco.com\/de\/leistungen\/finanzdienstleister\/digital-finance-and-it\/","og_site_name":"Argon &amp; Co","article_modified_time":"2025-11-20T11:56:14+00:00","twitter_card":"summary_large_image","twitter_misc":{"Gesch\u00e4tzte Lesezeit":"2 Minuten"},"schema":{"@context":"https:\/\/schema.org","@graph":[{"@type":"WebPage","@id":"https:\/\/www.argonandco.com\/de\/leistungen\/finanzdienstleister\/digital-finance-and-it\/","url":"https:\/\/www.argonandco.com\/de\/leistungen\/finanzdienstleister\/digital-finance-and-it\/","name":"Digital Finance und IT | Argon &amp; Co","isPartOf":{"@id":"https:\/\/www.argonandco.com\/de\/#website"},"datePublished":"2019-09-06T10:17:09+00:00","dateModified":"2025-11-20T11:56:14+00:00","description":"Argon & Co can support your digital finance & IT efforts, harnessing emerging solutions in SaaS cloud mode, including AI & process automation solutions.","breadcrumb":{"@id":"https:\/\/www.argonandco.com\/de\/leistungen\/finanzdienstleister\/digital-finance-and-it\/#breadcrumb"},"inLanguage":"de","potentialAction":[{"@type":"ReadAction","target":["https:\/\/www.argonandco.com\/de\/leistungen\/finanzdienstleister\/digital-finance-and-it\/"]}]},{"@type":"BreadcrumbList","@id":"https:\/\/www.argonandco.com\/de\/leistungen\/finanzdienstleister\/digital-finance-and-it\/#breadcrumb","itemListElement":[{"@type":"ListItem","position":1,"name":"Home","item":"https:\/\/www.argonandco.com\/de\/"},{"@type":"ListItem","position":2,"name":"Leistungen","item":"https:\/\/www.argonandco.com\/de\/leistungen\/"},{"@type":"ListItem","position":3,"name":"Finanzdienstleister","item":"https:\/\/www.argonandco.com\/de\/leistungen\/finanzdienstleister\/"},{"@type":"ListItem","position":4,"name":"Digital Finance und IT"}]},{"@type":"WebSite","@id":"https:\/\/www.argonandco.com\/de\/#website","url":"https:\/\/www.argonandco.com\/de\/","name":"Argon &amp; Co","description":"We help clients achieve their strategic and operational objectives, working together to transform their businesses and generate real change.","potentialAction":[{"@type":"SearchAction","target":{"@type":"EntryPoint","urlTemplate":"https:\/\/www.argonandco.com\/de\/?s={search_term_string}"},"query-input":{"@type":"PropertyValueSpecification","valueRequired":true,"valueName":"search_term_string"}}],"inLanguage":"de"}]}},"_links":{"self":[{"href":"https:\/\/www.argonandco.com\/de\/wp-json\/wp\/v2\/pages\/30388","targetHints":{"allow":["GET"]}}],"collection":[{"href":"https:\/\/www.argonandco.com\/de\/wp-json\/wp\/v2\/pages"}],"about":[{"href":"https:\/\/www.argonandco.com\/de\/wp-json\/wp\/v2\/types\/page"}],"author":[{"embeddable":true,"href":"https:\/\/www.argonandco.com\/de\/wp-json\/wp\/v2\/users\/1"}],"replies":[{"embeddable":true,"href":"https:\/\/www.argonandco.com\/de\/wp-json\/wp\/v2\/comments?post=30388"}],"version-history":[{"count":0,"href":"https:\/\/www.argonandco.com\/de\/wp-json\/wp\/v2\/pages\/30388\/revisions"}],"up":[{"embeddable":true,"href":"https:\/\/www.argonandco.com\/de\/wp-json\/wp\/v2\/pages\/30400"}],"wp:attachment":[{"href":"https:\/\/www.argonandco.com\/de\/wp-json\/wp\/v2\/media?parent=30388"}],"curies":[{"name":"wp","href":"https:\/\/api.w.org\/{rel}","templated":true}]}}