{"id":30387,"date":"2019-09-06T11:17:23","date_gmt":"2019-09-06T10:17:09","guid":{"rendered":"https:\/\/www.argonandco.com\/fpa-transformation\/"},"modified":"2025-11-20T11:56:27","modified_gmt":"2025-11-20T11:56:27","slug":"fpa-transformation","status":"publish","type":"page","link":"https:\/\/www.argonandco.com\/de\/leistungen\/finanzdienstleister\/fpa-transformation\/","title":{"rendered":"FP&#038;A Transformation"},"content":{"rendered":"<h2><b>Einf\u00fchrung und Herausforderungen<\/b><\/h2>\n<p><span class=\"intro\" style=\"font-weight: 400;\">FP&amp;A ist eine Schl\u00fcsselrolle der Finanzabteilung zur Verbesserung der wirtschaftlichen Leistung des Unternehmens. Sie verwaltet den gesamten Prognosemanagementzyklus (Budget, Prognose) und pr\u00fcft strategische Entscheidungsportfolios.<\/span><\/p>\n<p>Sie ist eine \u201eBusiness-Partner\u201d-Funktion in dem Sinne, dass sie eng mit den Fachabteilungen zusammenarbeitet. Ihr Wissen \u00fcber das Gesch\u00e4ft und die Wertsch\u00f6pfungshebel sollte in den Managementdialog einflie\u00dfen und die Identifizierung operativer Aktionspl\u00e4ne zur Leistungsverbesserung erm\u00f6glichen.<\/p>\n<p>Eine effiziente FP&amp;A ist unerl\u00e4sslich, um Margen zu sichern und zu verbessern, den Cashflow zu beschleunigen, den strategischen Plan umzusetzen und neue Hebel zur Wertsch\u00f6pfung zu identifizieren.<\/p>\n<p>In vielen Unternehmen umfasst die Rolle der FP&amp;A jedoch Aufgaben, die weit von ihren Kernaufgaben entfernt sind: zu viel Reporting, zu wenig Analyse, mehr Support als F\u00fchrung, zu viel Buchhaltung usw. Die Herausforderung f\u00fcr den CFO besteht darin, die Rolle der FP&amp;A neu zu positionieren, um durch die Transformation dieser Funktion einen Mehrwert zu schaffen.<\/p>\n<h2><b>Wie wir helfen k\u00f6nnen<\/b><\/h2>\n<p>Unsere Berater und Beraterinnen nutzen ihr Fachwissen und ihre Erfahrung in der Leitung von FP&amp;A-Transformationsprojekten, um CFOs bei der Umgestaltung der FP&amp;A-Funktion zu unterst\u00fctzen. Sie begleiten den CFO in den Phasen der Diagnose, der Entwicklung einer Vision f\u00fcr die Funktion, der Identifizierung von Verbesserungshebel und deren Umsetzung.<\/p>\n<p>Entwicklung einer klaren und sachlichen Diagnose der FP&amp;A-Funktion:<\/p>\n<ul>\n<li>Ver\u00e4nderung der Wahrnehmung der Gesch\u00e4ftsbereiche gegen\u00fcber der Finanzplanung und -analyse<\/li>\n<li>Erfassung der aktuellen FP&amp;A-Aufgaben nach Interventionsbereichen und Bewertung der jeweiligen Gewichtung hinsichtlich des Arbeitsaufwands<\/li>\n<li>Benchmarking der Funktion und Bewertung ihrer Praktiken (z. B. Organisation, Prozesse, Tools) anhand eines Best-Practice-Rahmenwerks<\/li>\n<li>Weitergabe der Ergebnisse und Validierung der Auswirkungen der Funktionstransformation<\/li>\n<\/ul>\n<p>Festlegung des Ziels und der umzusetzenden Hebel:<\/p>\n<ul>\n<li>Definition der Zielvorgaben f\u00fcr FP&amp;A und Ausrichtung der Stakeholder auf diese Vision<\/li>\n<li>Neuausrichtung von FP&amp;A auf seine neuen Aufgaben<\/li>\n<li>Definition der erforderlichen Kompetenzen und Durchf\u00fchrung einer \u201eTalent Review\u201d zur Erstellung eines geeigneten Kompetenzentwicklungsplans<\/li>\n<li>Vereinfachung, Standardisierung und Automatisierung von Berichtsprozessen (SaaS-Cloud-L\u00f6sungen f\u00fcr Modellierung, Business Intelligence, maschinelles Lernen, k\u00fcnstliche Intelligenz)<\/li>\n<\/ul>\n","protected":false},"excerpt":{"rendered":"<p>Einf\u00fchrung und Herausforderungen FP&amp;A ist eine Schl\u00fcsselrolle der Finanzabteilung zur Verbesserung der wirtschaftlichen Leistung des Unternehmens. Sie verwaltet den gesamten Prognosemanagementzyklus (Budget, Prognose) und pr\u00fcft strategische Entscheidungsportfolios. Sie ist eine \u201eBusiness-Partner\u201d-Funktion in dem Sinne, dass sie eng mit den Fachabteilungen zusammenarbeitet. Ihr Wissen \u00fcber das Gesch\u00e4ft und die Wertsch\u00f6pfungshebel sollte in den Managementdialog einflie\u00dfen und [&hellip;]<\/p>\n","protected":false},"author":1,"featured_media":0,"parent":30400,"menu_order":10,"comment_status":"closed","ping_status":"closed","template":"","meta":{"_acf_changed":false,"footnotes":""},"class_list":["post-30387","page","type-page","status-publish","hentry"],"acf":[],"yoast_head":"<!-- This site is optimized with the Yoast SEO plugin v27.5 - https:\/\/yoast.com\/product\/yoast-seo-wordpress\/ -->\n<title>FP&amp;A Transformation | Argon &amp; Co<\/title>\n<meta name=\"description\" content=\"Our FP&amp;A transformation teams support the CFO from diagnosis to construction of function vision &amp; implementation of improvement levers. Learn more.\" \/>\n<meta name=\"robots\" content=\"index, follow, max-snippet:-1, max-image-preview:large, max-video-preview:-1\" \/>\n<link rel=\"canonical\" href=\"https:\/\/www.argonandco.com\/de\/leistungen\/finanzdienstleister\/fpa-transformation\/\" \/>\n<meta property=\"og:locale\" content=\"de_DE\" \/>\n<meta property=\"og:type\" content=\"article\" \/>\n<meta property=\"og:title\" content=\"FP&amp;A Transformation | Argon &amp; Co\" \/>\n<meta property=\"og:description\" content=\"Our FP&amp;A transformation teams support the CFO from diagnosis to construction of function vision &amp; implementation of improvement levers. Learn more.\" \/>\n<meta property=\"og:url\" content=\"https:\/\/www.argonandco.com\/de\/leistungen\/finanzdienstleister\/fpa-transformation\/\" \/>\n<meta property=\"og:site_name\" content=\"Argon &amp; Co\" \/>\n<meta property=\"article:modified_time\" content=\"2025-11-20T11:56:27+00:00\" \/>\n<meta name=\"twitter:card\" content=\"summary_large_image\" \/>\n<meta name=\"twitter:label1\" content=\"Gesch\u00e4tzte Lesezeit\" \/>\n\t<meta name=\"twitter:data1\" content=\"2 Minuten\" \/>\n<script type=\"application\/ld+json\" class=\"yoast-schema-graph\">{\"@context\":\"https:\\\/\\\/schema.org\",\"@graph\":[{\"@type\":\"WebPage\",\"@id\":\"https:\\\/\\\/www.argonandco.com\\\/de\\\/leistungen\\\/finanzdienstleister\\\/fpa-transformation\\\/\",\"url\":\"https:\\\/\\\/www.argonandco.com\\\/de\\\/leistungen\\\/finanzdienstleister\\\/fpa-transformation\\\/\",\"name\":\"FP&A Transformation | Argon &amp; Co\",\"isPartOf\":{\"@id\":\"https:\\\/\\\/www.argonandco.com\\\/de\\\/#website\"},\"datePublished\":\"2019-09-06T10:17:09+00:00\",\"dateModified\":\"2025-11-20T11:56:27+00:00\",\"description\":\"Our FP&A transformation teams support the CFO from diagnosis to construction of function vision & implementation of improvement levers. Learn more.\",\"breadcrumb\":{\"@id\":\"https:\\\/\\\/www.argonandco.com\\\/de\\\/leistungen\\\/finanzdienstleister\\\/fpa-transformation\\\/#breadcrumb\"},\"inLanguage\":\"de\",\"potentialAction\":[{\"@type\":\"ReadAction\",\"target\":[\"https:\\\/\\\/www.argonandco.com\\\/de\\\/leistungen\\\/finanzdienstleister\\\/fpa-transformation\\\/\"]}]},{\"@type\":\"BreadcrumbList\",\"@id\":\"https:\\\/\\\/www.argonandco.com\\\/de\\\/leistungen\\\/finanzdienstleister\\\/fpa-transformation\\\/#breadcrumb\",\"itemListElement\":[{\"@type\":\"ListItem\",\"position\":1,\"name\":\"Home\",\"item\":\"https:\\\/\\\/www.argonandco.com\\\/de\\\/\"},{\"@type\":\"ListItem\",\"position\":2,\"name\":\"Leistungen\",\"item\":\"https:\\\/\\\/www.argonandco.com\\\/de\\\/leistungen\\\/\"},{\"@type\":\"ListItem\",\"position\":3,\"name\":\"Finanzdienstleister\",\"item\":\"https:\\\/\\\/www.argonandco.com\\\/de\\\/leistungen\\\/finanzdienstleister\\\/\"},{\"@type\":\"ListItem\",\"position\":4,\"name\":\"FP&#038;A Transformation\"}]},{\"@type\":\"WebSite\",\"@id\":\"https:\\\/\\\/www.argonandco.com\\\/de\\\/#website\",\"url\":\"https:\\\/\\\/www.argonandco.com\\\/de\\\/\",\"name\":\"Argon &amp; Co\",\"description\":\"We help clients achieve their strategic and operational objectives, working together to transform their businesses and generate real change.\",\"potentialAction\":[{\"@type\":\"SearchAction\",\"target\":{\"@type\":\"EntryPoint\",\"urlTemplate\":\"https:\\\/\\\/www.argonandco.com\\\/de\\\/?s={search_term_string}\"},\"query-input\":{\"@type\":\"PropertyValueSpecification\",\"valueRequired\":true,\"valueName\":\"search_term_string\"}}],\"inLanguage\":\"de\"}]}<\/script>\n<!-- \/ Yoast SEO plugin. -->","yoast_head_json":{"title":"FP&A Transformation | Argon &amp; Co","description":"Our FP&A transformation teams support the CFO from diagnosis to construction of function vision & implementation of improvement levers. Learn more.","robots":{"index":"index","follow":"follow","max-snippet":"max-snippet:-1","max-image-preview":"max-image-preview:large","max-video-preview":"max-video-preview:-1"},"canonical":"https:\/\/www.argonandco.com\/de\/leistungen\/finanzdienstleister\/fpa-transformation\/","og_locale":"de_DE","og_type":"article","og_title":"FP&A Transformation | Argon &amp; Co","og_description":"Our FP&A transformation teams support the CFO from diagnosis to construction of function vision & implementation of improvement levers. Learn more.","og_url":"https:\/\/www.argonandco.com\/de\/leistungen\/finanzdienstleister\/fpa-transformation\/","og_site_name":"Argon &amp; Co","article_modified_time":"2025-11-20T11:56:27+00:00","twitter_card":"summary_large_image","twitter_misc":{"Gesch\u00e4tzte Lesezeit":"2 Minuten"},"schema":{"@context":"https:\/\/schema.org","@graph":[{"@type":"WebPage","@id":"https:\/\/www.argonandco.com\/de\/leistungen\/finanzdienstleister\/fpa-transformation\/","url":"https:\/\/www.argonandco.com\/de\/leistungen\/finanzdienstleister\/fpa-transformation\/","name":"FP&A Transformation | Argon &amp; Co","isPartOf":{"@id":"https:\/\/www.argonandco.com\/de\/#website"},"datePublished":"2019-09-06T10:17:09+00:00","dateModified":"2025-11-20T11:56:27+00:00","description":"Our FP&A transformation teams support the CFO from diagnosis to construction of function vision & implementation of improvement levers. Learn more.","breadcrumb":{"@id":"https:\/\/www.argonandco.com\/de\/leistungen\/finanzdienstleister\/fpa-transformation\/#breadcrumb"},"inLanguage":"de","potentialAction":[{"@type":"ReadAction","target":["https:\/\/www.argonandco.com\/de\/leistungen\/finanzdienstleister\/fpa-transformation\/"]}]},{"@type":"BreadcrumbList","@id":"https:\/\/www.argonandco.com\/de\/leistungen\/finanzdienstleister\/fpa-transformation\/#breadcrumb","itemListElement":[{"@type":"ListItem","position":1,"name":"Home","item":"https:\/\/www.argonandco.com\/de\/"},{"@type":"ListItem","position":2,"name":"Leistungen","item":"https:\/\/www.argonandco.com\/de\/leistungen\/"},{"@type":"ListItem","position":3,"name":"Finanzdienstleister","item":"https:\/\/www.argonandco.com\/de\/leistungen\/finanzdienstleister\/"},{"@type":"ListItem","position":4,"name":"FP&#038;A Transformation"}]},{"@type":"WebSite","@id":"https:\/\/www.argonandco.com\/de\/#website","url":"https:\/\/www.argonandco.com\/de\/","name":"Argon &amp; Co","description":"We help clients achieve their strategic and operational objectives, working together to transform their businesses and generate real change.","potentialAction":[{"@type":"SearchAction","target":{"@type":"EntryPoint","urlTemplate":"https:\/\/www.argonandco.com\/de\/?s={search_term_string}"},"query-input":{"@type":"PropertyValueSpecification","valueRequired":true,"valueName":"search_term_string"}}],"inLanguage":"de"}]}},"_links":{"self":[{"href":"https:\/\/www.argonandco.com\/de\/wp-json\/wp\/v2\/pages\/30387","targetHints":{"allow":["GET"]}}],"collection":[{"href":"https:\/\/www.argonandco.com\/de\/wp-json\/wp\/v2\/pages"}],"about":[{"href":"https:\/\/www.argonandco.com\/de\/wp-json\/wp\/v2\/types\/page"}],"author":[{"embeddable":true,"href":"https:\/\/www.argonandco.com\/de\/wp-json\/wp\/v2\/users\/1"}],"replies":[{"embeddable":true,"href":"https:\/\/www.argonandco.com\/de\/wp-json\/wp\/v2\/comments?post=30387"}],"version-history":[{"count":0,"href":"https:\/\/www.argonandco.com\/de\/wp-json\/wp\/v2\/pages\/30387\/revisions"}],"up":[{"embeddable":true,"href":"https:\/\/www.argonandco.com\/de\/wp-json\/wp\/v2\/pages\/30400"}],"wp:attachment":[{"href":"https:\/\/www.argonandco.com\/de\/wp-json\/wp\/v2\/media?parent=30387"}],"curies":[{"name":"wp","href":"https:\/\/api.w.org\/{rel}","templated":true}]}}