{"id":30384,"date":"2019-09-06T11:17:23","date_gmt":"2019-09-06T10:17:09","guid":{"rendered":"https:\/\/www.argonandco.com\/lean-finance\/"},"modified":"2025-11-20T11:57:08","modified_gmt":"2025-11-20T11:57:08","slug":"lean-finance","status":"publish","type":"page","link":"https:\/\/www.argonandco.com\/de\/leistungen\/finanzdienstleister\/lean-finance\/","title":{"rendered":"Lean finance"},"content":{"rendered":"<h2><b>Einf\u00fchrung und Herausforderungen<\/b><\/h2>\n<p><span class=\"intro\" style=\"font-weight: 400;\">Lange Zeit wurde die Effizienz von Verwaltungsprozessen nicht als Treiber f\u00fcr die Leistungsf\u00e4higkeit von Unternehmen angesehen, da der Fokus auf Produktivit\u00e4tssteigerungen in Fertigungsbetrieben lag.<\/span><\/p>\n<p><span style=\"font-weight: 400;\">Allerdings machen Vertriebs-, Verwaltungs- und allgemeine Kosten (SG&amp;A) einen erheblichen Teil der Betriebsausgaben aus. Ihre hohen variablen Kosten verdeutlichen das Potenzial f\u00fcr eine Kostenoptimierung.<\/span><\/p>\n<p><span style=\"font-weight: 400;\">Die Transformation von Supportfunktionen wird zunehmend industrialisiert, mit der Schaffung von Shared-Services-Centern und der Einf\u00fchrung standardisierterer Prozesse. Diese Ver\u00e4nderungen machen Lean-Management-Techniken f\u00fcr Supportfunktionen \u00e4u\u00dferst relevant, da sie deren Abl\u00e4ufe denen von Fertigungsbetrieben ann\u00e4hern.<\/span><\/p>\n<p>Die verwendeten Methoden entsprechen denen eines industriellen Lean-Management-Ansatzes (Zeitmessung, Wertstromanalyse, Kaizen-Events, Gemba, Spaghetti-Bowl-Analyse usw.), erfordern jedoch ein tiefgreifendes Verst\u00e4ndnis des Funktionsbereichs, um die Relevanz der Empfehlungen sicherzustellen.<\/p>\n<p>Wie bei jedem Lean-Management-Ansatz steht der Mehrwert f\u00fcr den Kunden im Mittelpunkt der \u00dcberlegungen. Oft sind die Kunden von Verwaltungsprozessen die operativen Bereiche, die den einzelnen Support-Funktionen spezifische Erwartungen mitteilen. Ein Beispiel hierf\u00fcr w\u00e4re die Sicherstellung der Ankunft von Materialien und Komponenten an den Produktionslinien f\u00fcr Beschaffungsteams oder die schnelle und kosteng\u00fcnstige Aufbereitung von Buchhaltungsinformationen f\u00fcr Buchhaltungsteams.<\/p>\n<h2><b>Wie wir helfen k\u00f6nne<\/b><\/h2>\n<p><span style=\"font-weight: 400;\">F\u00fcr jeden Prozess mobilisiert Argon &amp; Co funktionale und branchenspezifische Experten, die auch \u00fcber Erfahrung mit Lean-Management-Techniken verf\u00fcgen. Wir bevorzugen einen pragmatischen Ansatz, der darauf abzielt, schnelle Vorteile zu erzielen, aber auch die Beteiligten zu bef\u00e4higen und neue Verhaltensweisen zu verankern, um die Ergebnisse nachhaltig zu sichern.<\/span><\/p>\n<p><span style=\"font-weight: 400;\">Die Erfahrung der Teams von Argon &amp; Co, ihre Fachkompetenz und ihre F\u00e4higkeit, so eng wie m\u00f6glich mit operativen und funktionalen Teams zusammenzuarbeiten, erm\u00f6glichen es uns, unsere Kunden bei der Umsetzung von Lean Office zu unterst\u00fctzen:<\/span><\/p>\n<ul>\n<li>Quantifizierung und detaillierte Analyse aller Aufgaben und Ausgaben der betroffenen Abteilungen<\/li>\n<li>Bewertung der Notwendigkeit und des Nutzens der verschiedenen Aufgaben und Aktivit\u00e4ten f\u00fcr den internen (und externen) Kunden<\/li>\n<li>Einsch\u00e4tzung des Risikos, das mit der Abschaffung bestimmter wertloser Aufgaben verbunden ist<\/li>\n<li>Festlegung von Zielen f\u00fcr die verschiedenen Kostenreduzierungsmanager, um Verhaltens\u00e4nderungen anzuregen und zu erm\u00f6glichen<\/li>\n<li>Unterst\u00fctzung des Unternehmens bei der Umsetzung der festgelegten Ma\u00dfnahmen, beim Management der organisatorischen Ver\u00e4nderungen und bei der \u00dcberwachung der Vorteile<\/li>\n<\/ul>\n<div id=\"gtx-trans\" style=\"position: absolute; left: 284px; top: 52px;\">\n<div class=\"gtx-trans-icon\"><\/div>\n<\/div>\n","protected":false},"excerpt":{"rendered":"<p>Einf\u00fchrung und Herausforderungen Lange Zeit wurde die Effizienz von Verwaltungsprozessen nicht als Treiber f\u00fcr die Leistungsf\u00e4higkeit von Unternehmen angesehen, da der Fokus auf Produktivit\u00e4tssteigerungen in Fertigungsbetrieben lag. Allerdings machen Vertriebs-, Verwaltungs- und allgemeine Kosten (SG&amp;A) einen erheblichen Teil der Betriebsausgaben aus. Ihre hohen variablen Kosten verdeutlichen das Potenzial f\u00fcr eine Kostenoptimierung. Die Transformation von Supportfunktionen [&hellip;]<\/p>\n","protected":false},"author":1,"featured_media":0,"parent":30400,"menu_order":14,"comment_status":"closed","ping_status":"closed","template":"","meta":{"_acf_changed":false,"footnotes":""},"class_list":["post-30384","page","type-page","status-publish","hentry"],"acf":[],"yoast_head":"<!-- This site is optimized with the Yoast SEO plugin v27.4 - https:\/\/yoast.com\/product\/yoast-seo-wordpress\/ -->\n<title>Lean finance | Argon &amp; Co<\/title>\n<meta name=\"description\" content=\"We provide lean finance implementation support, mobilising functional &amp; sector experts, also experienced in lean management techniques. Learn more.\" \/>\n<meta name=\"robots\" content=\"index, follow, max-snippet:-1, max-image-preview:large, max-video-preview:-1\" \/>\n<link rel=\"canonical\" href=\"https:\/\/www.argonandco.com\/de\/leistungen\/finanzdienstleister\/lean-finance\/\" \/>\n<meta property=\"og:locale\" content=\"de_DE\" \/>\n<meta property=\"og:type\" content=\"article\" \/>\n<meta property=\"og:title\" content=\"Lean finance | Argon &amp; Co\" \/>\n<meta property=\"og:description\" content=\"We provide lean finance implementation support, mobilising functional &amp; sector experts, also experienced in lean management techniques. Learn more.\" \/>\n<meta property=\"og:url\" content=\"https:\/\/www.argonandco.com\/de\/leistungen\/finanzdienstleister\/lean-finance\/\" \/>\n<meta property=\"og:site_name\" content=\"Argon &amp; Co\" \/>\n<meta property=\"article:modified_time\" content=\"2025-11-20T11:57:08+00:00\" \/>\n<meta name=\"twitter:card\" content=\"summary_large_image\" \/>\n<meta name=\"twitter:label1\" content=\"Gesch\u00e4tzte Lesezeit\" \/>\n\t<meta name=\"twitter:data1\" content=\"2 Minuten\" \/>\n<script type=\"application\/ld+json\" class=\"yoast-schema-graph\">{\"@context\":\"https:\\\/\\\/schema.org\",\"@graph\":[{\"@type\":\"WebPage\",\"@id\":\"https:\\\/\\\/www.argonandco.com\\\/de\\\/leistungen\\\/finanzdienstleister\\\/lean-finance\\\/\",\"url\":\"https:\\\/\\\/www.argonandco.com\\\/de\\\/leistungen\\\/finanzdienstleister\\\/lean-finance\\\/\",\"name\":\"Lean finance | Argon &amp; Co\",\"isPartOf\":{\"@id\":\"https:\\\/\\\/www.argonandco.com\\\/de\\\/#website\"},\"datePublished\":\"2019-09-06T10:17:09+00:00\",\"dateModified\":\"2025-11-20T11:57:08+00:00\",\"description\":\"We provide lean finance implementation support, mobilising functional & sector experts, also experienced in lean management techniques. Learn more.\",\"breadcrumb\":{\"@id\":\"https:\\\/\\\/www.argonandco.com\\\/de\\\/leistungen\\\/finanzdienstleister\\\/lean-finance\\\/#breadcrumb\"},\"inLanguage\":\"de\",\"potentialAction\":[{\"@type\":\"ReadAction\",\"target\":[\"https:\\\/\\\/www.argonandco.com\\\/de\\\/leistungen\\\/finanzdienstleister\\\/lean-finance\\\/\"]}]},{\"@type\":\"BreadcrumbList\",\"@id\":\"https:\\\/\\\/www.argonandco.com\\\/de\\\/leistungen\\\/finanzdienstleister\\\/lean-finance\\\/#breadcrumb\",\"itemListElement\":[{\"@type\":\"ListItem\",\"position\":1,\"name\":\"Home\",\"item\":\"https:\\\/\\\/www.argonandco.com\\\/de\\\/\"},{\"@type\":\"ListItem\",\"position\":2,\"name\":\"Leistungen\",\"item\":\"https:\\\/\\\/www.argonandco.com\\\/de\\\/leistungen\\\/\"},{\"@type\":\"ListItem\",\"position\":3,\"name\":\"Finanzdienstleister\",\"item\":\"https:\\\/\\\/www.argonandco.com\\\/de\\\/leistungen\\\/finanzdienstleister\\\/\"},{\"@type\":\"ListItem\",\"position\":4,\"name\":\"Lean finance\"}]},{\"@type\":\"WebSite\",\"@id\":\"https:\\\/\\\/www.argonandco.com\\\/de\\\/#website\",\"url\":\"https:\\\/\\\/www.argonandco.com\\\/de\\\/\",\"name\":\"Argon &amp; Co\",\"description\":\"We help clients achieve their strategic and operational objectives, working together to transform their businesses and generate real change.\",\"potentialAction\":[{\"@type\":\"SearchAction\",\"target\":{\"@type\":\"EntryPoint\",\"urlTemplate\":\"https:\\\/\\\/www.argonandco.com\\\/de\\\/?s={search_term_string}\"},\"query-input\":{\"@type\":\"PropertyValueSpecification\",\"valueRequired\":true,\"valueName\":\"search_term_string\"}}],\"inLanguage\":\"de\"}]}<\/script>\n<!-- \/ Yoast SEO plugin. -->","yoast_head_json":{"title":"Lean finance | Argon &amp; Co","description":"We provide lean finance implementation support, mobilising functional & sector experts, also experienced in lean management techniques. Learn more.","robots":{"index":"index","follow":"follow","max-snippet":"max-snippet:-1","max-image-preview":"max-image-preview:large","max-video-preview":"max-video-preview:-1"},"canonical":"https:\/\/www.argonandco.com\/de\/leistungen\/finanzdienstleister\/lean-finance\/","og_locale":"de_DE","og_type":"article","og_title":"Lean finance | Argon &amp; Co","og_description":"We provide lean finance implementation support, mobilising functional & sector experts, also experienced in lean management techniques. Learn more.","og_url":"https:\/\/www.argonandco.com\/de\/leistungen\/finanzdienstleister\/lean-finance\/","og_site_name":"Argon &amp; Co","article_modified_time":"2025-11-20T11:57:08+00:00","twitter_card":"summary_large_image","twitter_misc":{"Gesch\u00e4tzte Lesezeit":"2 Minuten"},"schema":{"@context":"https:\/\/schema.org","@graph":[{"@type":"WebPage","@id":"https:\/\/www.argonandco.com\/de\/leistungen\/finanzdienstleister\/lean-finance\/","url":"https:\/\/www.argonandco.com\/de\/leistungen\/finanzdienstleister\/lean-finance\/","name":"Lean finance | Argon &amp; Co","isPartOf":{"@id":"https:\/\/www.argonandco.com\/de\/#website"},"datePublished":"2019-09-06T10:17:09+00:00","dateModified":"2025-11-20T11:57:08+00:00","description":"We provide lean finance implementation support, mobilising functional & sector experts, also experienced in lean management techniques. Learn more.","breadcrumb":{"@id":"https:\/\/www.argonandco.com\/de\/leistungen\/finanzdienstleister\/lean-finance\/#breadcrumb"},"inLanguage":"de","potentialAction":[{"@type":"ReadAction","target":["https:\/\/www.argonandco.com\/de\/leistungen\/finanzdienstleister\/lean-finance\/"]}]},{"@type":"BreadcrumbList","@id":"https:\/\/www.argonandco.com\/de\/leistungen\/finanzdienstleister\/lean-finance\/#breadcrumb","itemListElement":[{"@type":"ListItem","position":1,"name":"Home","item":"https:\/\/www.argonandco.com\/de\/"},{"@type":"ListItem","position":2,"name":"Leistungen","item":"https:\/\/www.argonandco.com\/de\/leistungen\/"},{"@type":"ListItem","position":3,"name":"Finanzdienstleister","item":"https:\/\/www.argonandco.com\/de\/leistungen\/finanzdienstleister\/"},{"@type":"ListItem","position":4,"name":"Lean finance"}]},{"@type":"WebSite","@id":"https:\/\/www.argonandco.com\/de\/#website","url":"https:\/\/www.argonandco.com\/de\/","name":"Argon &amp; Co","description":"We help clients achieve their strategic and operational objectives, working together to transform their businesses and generate real change.","potentialAction":[{"@type":"SearchAction","target":{"@type":"EntryPoint","urlTemplate":"https:\/\/www.argonandco.com\/de\/?s={search_term_string}"},"query-input":{"@type":"PropertyValueSpecification","valueRequired":true,"valueName":"search_term_string"}}],"inLanguage":"de"}]}},"_links":{"self":[{"href":"https:\/\/www.argonandco.com\/de\/wp-json\/wp\/v2\/pages\/30384","targetHints":{"allow":["GET"]}}],"collection":[{"href":"https:\/\/www.argonandco.com\/de\/wp-json\/wp\/v2\/pages"}],"about":[{"href":"https:\/\/www.argonandco.com\/de\/wp-json\/wp\/v2\/types\/page"}],"author":[{"embeddable":true,"href":"https:\/\/www.argonandco.com\/de\/wp-json\/wp\/v2\/users\/1"}],"replies":[{"embeddable":true,"href":"https:\/\/www.argonandco.com\/de\/wp-json\/wp\/v2\/comments?post=30384"}],"version-history":[{"count":0,"href":"https:\/\/www.argonandco.com\/de\/wp-json\/wp\/v2\/pages\/30384\/revisions"}],"up":[{"embeddable":true,"href":"https:\/\/www.argonandco.com\/de\/wp-json\/wp\/v2\/pages\/30400"}],"wp:attachment":[{"href":"https:\/\/www.argonandco.com\/de\/wp-json\/wp\/v2\/media?parent=30384"}],"curies":[{"name":"wp","href":"https:\/\/api.w.org\/{rel}","templated":true}]}}