{"id":30378,"date":"2019-09-06T15:23:34","date_gmt":"2019-09-06T14:23:34","guid":{"rendered":"https:\/\/www.argonandco.com\/automotive\/"},"modified":"2025-11-20T12:01:54","modified_gmt":"2025-11-20T12:01:54","slug":"automobil-und-zulieferer","status":"publish","type":"page","link":"https:\/\/www.argonandco.com\/de\/branchen\/automobil-und-zulieferer\/","title":{"rendered":"Automobil und Zulieferer"},"content":{"rendered":"<h2>Automobilindustrie<\/h2>\n<p>Die Automobilindustrie wurde von der Krise 2008 schwer getroffen, was zur Schlie\u00dfung von Produktionsst\u00e4tten und zu Einstellungsstopps f\u00fchrte. Nach einer kurzen Wachstumsphase sieht sich die Branche aufgrund eines deutlichen R\u00fcckgangs der Verk\u00e4ufe von Dieselfahrzeugen infolge politischer Ver\u00e4nderungen, der schwierigen Umstellung auf Elektrofahrzeuge und des weltweiten Trends zum Carsharing erneut mit Unsicherheiten konfrontiert. Diese Entwicklungen f\u00fchren tendenziell zu einem R\u00fcckgang der erwarteten Ums\u00e4tze, bringen aber auch neue Gesch\u00e4ftsm\u00f6glichkeiten mit sich.<\/p>\n<h2>Herausforderungen in der Automobilindustrie<\/h2>\n<p>Diese Ereignisse stellen Automobilhersteller und Zulieferer vor gro\u00dfe Herausforderungen. J\u00fcngste Initiativen wie die \u00dcbernahme von Kapten durch Daimler und die Strategie von Michelin, in Mobilit\u00e4tsdienstleistungen, insbesondere in digitale Technologien, zu investieren, zeigen den massiven Wandel, der in Zukunft bevorsteht.<br \/>\nDie Auswirkungen auf den Betrieb sind erheblich. Eine vollst\u00e4ndige Umstellung der industriellen Werkzeuge, die Notwendigkeit von Agilit\u00e4t in einer traditionell kostenorientierten Branche, in der die schnelle Anpassung von Produktionskapazit\u00e4ten oder -mixen ein gro\u00dfes Problem darstellt, und die Verwaltung von Ersatzteilen in einer Kreislaufwirtschaft einschlie\u00dflich elektrischer Batterien haben die Betriebslandschaft ver\u00e4ndert.<\/p>\n<h2>Wie wir Ihnen in der Automobilindustrie helfen k\u00f6nnen<\/h2>\n<p>Wir unterst\u00fctzen Hersteller und Zulieferer bei der notwendigen Transformation ihrer Gesch\u00e4ftsprozesse mit besonderem Fokus auf Agilit\u00e4t \u2013 von der Identifizierung von Problemen bis hin zur Umsetzung von Leistungshebel:<\/p>\n    <div class=\"accordion\" id=\"accordion\" data-id=\"30378\" data-eval=\"true\" data-field=\"accordions\" >\n                        <div class=\"accordion__item\">\n                    <div class=\"accordion__trigger js-accordion-trigger\">\n                        <h4 class=\"accordion__title\">Beschaffung und vorgelagerte Optimierung<\/h4>\n                        <div class=\"accordion__plus js-accordion-plus\"><\/div>\n                    <\/div>\n                    <div class=\"accordion__content js-accordion-target\">\n                        <ul>\n<li>Beschaffungsstrategie<\/li>\n<li>Zusammenarbeit mit Lieferanten und Leistungsbewertung<\/li>\n<li>Reduzierung von Beschaffungsverz\u00f6gerungen<\/li>\n<li>Bestandsoptimierung<\/li>\n<li>Beschaffungsleistung<\/li>\n<\/ul>\n                    <\/div>\n                <\/div>\n                        <div class=\"accordion__item\">\n                    <div class=\"accordion__trigger js-accordion-trigger\">\n                        <h4 class=\"accordion__title\">Industrielle Strategie<\/h4>\n                        <div class=\"accordion__plus js-accordion-plus\"><\/div>\n                    <\/div>\n                    <div class=\"accordion__content js-accordion-target\">\n                        <ul>\n<li>Optimierung der Standorte<\/li>\n<li>Zuweisung von Produkten zu Standorten auf Basis von Nachfrageunsicherheiten<\/li>\n<li>Fahrzeugverkaufsprognosen und S&amp;OP<\/li>\n<li>Industrielle Leistung und Lean Management<\/li>\n<li>Instandhaltung industrieller Infrastrukturen<\/li>\n<\/ul>\n                    <\/div>\n                <\/div>\n                        <div class=\"accordion__item\">\n                    <div class=\"accordion__trigger js-accordion-trigger\">\n                        <h4 class=\"accordion__title\">Planung der Lieferketten<\/h4>\n                        <div class=\"accordion__plus js-accordion-plus\"><\/div>\n                    <\/div>\n                    <div class=\"accordion__content js-accordion-target\">\n                        <ul>\n<li>Bedarfsmanagement<\/li>\n<li>Multisite-Planung<\/li>\n<li>Kapazit\u00e4tsplanung und Optimierung des Fahrzeugfilms<\/li>\n<li>Terminierungsoptimierung<\/li>\n<li>Management des synchronisierten Flusses<\/li>\n<li>Just-in-Time-Fluss<\/li>\n<\/ul>\n                    <\/div>\n                <\/div>\n                        <div class=\"accordion__item\">\n                    <div class=\"accordion__trigger js-accordion-trigger\">\n                        <h4 class=\"accordion__title\">Optimierung der Fahrzeugverteilung<\/h4>\n                        <div class=\"accordion__plus js-accordion-plus\"><\/div>\n                    <\/div>\n                    <div class=\"accordion__content js-accordion-target\">\n                        <ul>\n<li>Echtzeit-Flussverfolgung dank IoT-L\u00f6sungen<\/li>\n<\/ul>\n                    <\/div>\n                <\/div>\n                        <div class=\"accordion__item\">\n                    <div class=\"accordion__trigger js-accordion-trigger\">\n                        <h4 class=\"accordion__title\">Optimierung der Ersatzteil-Lieferkette<\/h4>\n                        <div class=\"accordion__plus js-accordion-plus\"><\/div>\n                    <\/div>\n                    <div class=\"accordion__content js-accordion-target\">\n                        <ul>\n<li>Servicestrategie und Logistikstrategie<\/li>\n<li>Optimierung von Sortimenten im Netzwerk und Verkaufsprognosen mit maschinellen Lerntechnologien<\/li>\n<li>Lieferkettenplanung<\/li>\n<li>Bestandsreduzierung<\/li>\n<li>Effizienz der Logistikprozesse f\u00fcr Transport- und Lagerdienstleistungen<\/li>\n<\/ul>\n                    <\/div>\n                <\/div>\n            <\/div>\n    \n<h2>Unser Ansatz<\/h2>\n<p>Wir kombinieren technisches Fachwissen, operative Erfahrung und Branchenkenntnisse, um unseren Kunden bei der L\u00f6sung von Problemen im Automobilbereich zu helfen und nachhaltige Ergebnisse zu erzielen. Unser pers\u00f6nlicher und pragmatischer Ansatz, der bei Bedarf auch Herausforderungen nicht scheut, gew\u00e4hrleistet die Akzeptanz auf allen Ebenen des Unternehmens unserer Kunden und einen erfolgreichen Abschluss. Wir haben mit einer Vielzahl von Unternehmen aus der Automobilindustrie zusammengearbeitet, darunter Michelin, PSA Groupe, Europcar, Autodistribution, Renault, Emil Frey, die Commercial Vehicle Business Unit (CVBU) von Tata Motors, Manheim Global Trader, Genuine Parts Company (GPC) und Avvashyacci. <a href=\"https:\/\/www.argonandco.com\/de\/ueber-uns\/\"><u>Erfahren Sie hier mehr \u00fcber uns.<\/u><\/a><u><\/u><\/p>\n","protected":false},"excerpt":{"rendered":"<p>Automobilindustrie Die Automobilindustrie wurde von der Krise 2008 schwer getroffen, was zur Schlie\u00dfung von Produktionsst\u00e4tten und zu Einstellungsstopps f\u00fchrte. Nach einer kurzen Wachstumsphase sieht sich die Branche aufgrund eines deutlichen R\u00fcckgangs der Verk\u00e4ufe von Dieselfahrzeugen infolge politischer Ver\u00e4nderungen, der schwierigen Umstellung auf Elektrofahrzeuge und des weltweiten Trends zum Carsharing erneut mit Unsicherheiten konfrontiert. Diese Entwicklungen [&hellip;]<\/p>\n","protected":false},"author":1,"featured_media":0,"parent":30380,"menu_order":1,"comment_status":"closed","ping_status":"closed","template":"","meta":{"_acf_changed":false,"footnotes":""},"class_list":["post-30378","page","type-page","status-publish","hentry"],"acf":[],"yoast_head":"<!-- This site is optimized with the Yoast SEO plugin v27.5 - https:\/\/yoast.com\/product\/yoast-seo-wordpress\/ -->\n<title>Automobil und Zulieferer | Argon &amp; Co<\/title>\n<meta name=\"description\" content=\"Argon &amp; Co verf\u00fcgt \u00fcber umfangreiche Erfahrung im Automobilsektor und bietet weltweit Beratungsdienstleistungen im Bereich Automobilmanagement und Betriebsstrategie an.\" \/>\n<meta name=\"robots\" content=\"index, follow, max-snippet:-1, max-image-preview:large, max-video-preview:-1\" \/>\n<link rel=\"canonical\" href=\"https:\/\/www.argonandco.com\/de\/branchen\/automobil-und-zulieferer\/\" \/>\n<meta property=\"og:locale\" content=\"de_DE\" \/>\n<meta property=\"og:type\" content=\"article\" \/>\n<meta property=\"og:title\" content=\"Automobil und Zulieferer | Argon &amp; Co\" \/>\n<meta property=\"og:description\" content=\"Argon &amp; Co verf\u00fcgt \u00fcber umfangreiche Erfahrung im Automobilsektor und bietet weltweit Beratungsdienstleistungen im Bereich Automobilmanagement und Betriebsstrategie an.\" \/>\n<meta property=\"og:url\" content=\"https:\/\/www.argonandco.com\/de\/branchen\/automobil-und-zulieferer\/\" \/>\n<meta property=\"og:site_name\" content=\"Argon &amp; Co\" \/>\n<meta property=\"article:modified_time\" content=\"2025-11-20T12:01:54+00:00\" \/>\n<meta name=\"twitter:card\" content=\"summary_large_image\" \/>\n<meta name=\"twitter:label1\" content=\"Gesch\u00e4tzte Lesezeit\" \/>\n\t<meta name=\"twitter:data1\" content=\"2 Minuten\" \/>\n<script type=\"application\/ld+json\" class=\"yoast-schema-graph\">{\"@context\":\"https:\\\/\\\/schema.org\",\"@graph\":[{\"@type\":\"WebPage\",\"@id\":\"https:\\\/\\\/www.argonandco.com\\\/de\\\/branchen\\\/automobil-und-zulieferer\\\/\",\"url\":\"https:\\\/\\\/www.argonandco.com\\\/de\\\/branchen\\\/automobil-und-zulieferer\\\/\",\"name\":\"Automobil und Zulieferer | Argon &amp; Co\",\"isPartOf\":{\"@id\":\"https:\\\/\\\/www.argonandco.com\\\/de\\\/#website\"},\"datePublished\":\"2019-09-06T14:23:34+00:00\",\"dateModified\":\"2025-11-20T12:01:54+00:00\",\"description\":\"Argon & Co verf\u00fcgt \u00fcber umfangreiche Erfahrung im Automobilsektor und bietet weltweit Beratungsdienstleistungen im Bereich Automobilmanagement und Betriebsstrategie an.\",\"breadcrumb\":{\"@id\":\"https:\\\/\\\/www.argonandco.com\\\/de\\\/branchen\\\/automobil-und-zulieferer\\\/#breadcrumb\"},\"inLanguage\":\"de\",\"potentialAction\":[{\"@type\":\"ReadAction\",\"target\":[\"https:\\\/\\\/www.argonandco.com\\\/de\\\/branchen\\\/automobil-und-zulieferer\\\/\"]}]},{\"@type\":\"BreadcrumbList\",\"@id\":\"https:\\\/\\\/www.argonandco.com\\\/de\\\/branchen\\\/automobil-und-zulieferer\\\/#breadcrumb\",\"itemListElement\":[{\"@type\":\"ListItem\",\"position\":1,\"name\":\"Home\",\"item\":\"https:\\\/\\\/www.argonandco.com\\\/de\\\/\"},{\"@type\":\"ListItem\",\"position\":2,\"name\":\"Branchen\",\"item\":\"https:\\\/\\\/www.argonandco.com\\\/de\\\/branchen\\\/\"},{\"@type\":\"ListItem\",\"position\":3,\"name\":\"Automobil und Zulieferer\"}]},{\"@type\":\"WebSite\",\"@id\":\"https:\\\/\\\/www.argonandco.com\\\/de\\\/#website\",\"url\":\"https:\\\/\\\/www.argonandco.com\\\/de\\\/\",\"name\":\"Argon &amp; Co\",\"description\":\"We help clients achieve their strategic and operational objectives, working together to transform their businesses and generate real change.\",\"potentialAction\":[{\"@type\":\"SearchAction\",\"target\":{\"@type\":\"EntryPoint\",\"urlTemplate\":\"https:\\\/\\\/www.argonandco.com\\\/de\\\/?s={search_term_string}\"},\"query-input\":{\"@type\":\"PropertyValueSpecification\",\"valueRequired\":true,\"valueName\":\"search_term_string\"}}],\"inLanguage\":\"de\"}]}<\/script>\n<!-- \/ Yoast SEO plugin. -->","yoast_head_json":{"title":"Automobil und Zulieferer | Argon &amp; Co","description":"Argon & Co verf\u00fcgt \u00fcber umfangreiche Erfahrung im Automobilsektor und bietet weltweit Beratungsdienstleistungen im Bereich Automobilmanagement und Betriebsstrategie an.","robots":{"index":"index","follow":"follow","max-snippet":"max-snippet:-1","max-image-preview":"max-image-preview:large","max-video-preview":"max-video-preview:-1"},"canonical":"https:\/\/www.argonandco.com\/de\/branchen\/automobil-und-zulieferer\/","og_locale":"de_DE","og_type":"article","og_title":"Automobil und Zulieferer | Argon &amp; Co","og_description":"Argon & Co verf\u00fcgt \u00fcber umfangreiche Erfahrung im Automobilsektor und bietet weltweit Beratungsdienstleistungen im Bereich Automobilmanagement und Betriebsstrategie an.","og_url":"https:\/\/www.argonandco.com\/de\/branchen\/automobil-und-zulieferer\/","og_site_name":"Argon &amp; Co","article_modified_time":"2025-11-20T12:01:54+00:00","twitter_card":"summary_large_image","twitter_misc":{"Gesch\u00e4tzte Lesezeit":"2 Minuten"},"schema":{"@context":"https:\/\/schema.org","@graph":[{"@type":"WebPage","@id":"https:\/\/www.argonandco.com\/de\/branchen\/automobil-und-zulieferer\/","url":"https:\/\/www.argonandco.com\/de\/branchen\/automobil-und-zulieferer\/","name":"Automobil und Zulieferer | Argon &amp; Co","isPartOf":{"@id":"https:\/\/www.argonandco.com\/de\/#website"},"datePublished":"2019-09-06T14:23:34+00:00","dateModified":"2025-11-20T12:01:54+00:00","description":"Argon & Co verf\u00fcgt \u00fcber umfangreiche Erfahrung im Automobilsektor und bietet weltweit Beratungsdienstleistungen im Bereich Automobilmanagement und Betriebsstrategie an.","breadcrumb":{"@id":"https:\/\/www.argonandco.com\/de\/branchen\/automobil-und-zulieferer\/#breadcrumb"},"inLanguage":"de","potentialAction":[{"@type":"ReadAction","target":["https:\/\/www.argonandco.com\/de\/branchen\/automobil-und-zulieferer\/"]}]},{"@type":"BreadcrumbList","@id":"https:\/\/www.argonandco.com\/de\/branchen\/automobil-und-zulieferer\/#breadcrumb","itemListElement":[{"@type":"ListItem","position":1,"name":"Home","item":"https:\/\/www.argonandco.com\/de\/"},{"@type":"ListItem","position":2,"name":"Branchen","item":"https:\/\/www.argonandco.com\/de\/branchen\/"},{"@type":"ListItem","position":3,"name":"Automobil und Zulieferer"}]},{"@type":"WebSite","@id":"https:\/\/www.argonandco.com\/de\/#website","url":"https:\/\/www.argonandco.com\/de\/","name":"Argon &amp; Co","description":"We help clients achieve their strategic and operational objectives, working together to transform their businesses and generate real change.","potentialAction":[{"@type":"SearchAction","target":{"@type":"EntryPoint","urlTemplate":"https:\/\/www.argonandco.com\/de\/?s={search_term_string}"},"query-input":{"@type":"PropertyValueSpecification","valueRequired":true,"valueName":"search_term_string"}}],"inLanguage":"de"}]}},"_links":{"self":[{"href":"https:\/\/www.argonandco.com\/de\/wp-json\/wp\/v2\/pages\/30378","targetHints":{"allow":["GET"]}}],"collection":[{"href":"https:\/\/www.argonandco.com\/de\/wp-json\/wp\/v2\/pages"}],"about":[{"href":"https:\/\/www.argonandco.com\/de\/wp-json\/wp\/v2\/types\/page"}],"author":[{"embeddable":true,"href":"https:\/\/www.argonandco.com\/de\/wp-json\/wp\/v2\/users\/1"}],"replies":[{"embeddable":true,"href":"https:\/\/www.argonandco.com\/de\/wp-json\/wp\/v2\/comments?post=30378"}],"version-history":[{"count":0,"href":"https:\/\/www.argonandco.com\/de\/wp-json\/wp\/v2\/pages\/30378\/revisions"}],"up":[{"embeddable":true,"href":"https:\/\/www.argonandco.com\/de\/wp-json\/wp\/v2\/pages\/30380"}],"wp:attachment":[{"href":"https:\/\/www.argonandco.com\/de\/wp-json\/wp\/v2\/media?parent=30378"}],"curies":[{"name":"wp","href":"https:\/\/api.w.org\/{rel}","templated":true}]}}