{"id":30376,"date":"2019-09-06T15:23:34","date_gmt":"2019-09-06T14:23:34","guid":{"rendered":"https:\/\/www.argonandco.com\/aerospace-and-defence\/"},"modified":"2025-11-20T12:02:32","modified_gmt":"2025-11-20T12:02:32","slug":"luftfahrt-und-verteidigung","status":"publish","type":"page","link":"https:\/\/www.argonandco.com\/de\/branchen\/luftfahrt-und-verteidigung\/","title":{"rendered":"Luftfahrt und Verteidigung"},"content":{"rendered":"<h2>Luft- und Raumfahrt sowie Verteidigung<\/h2>\n<p>Die Verteidigungs- und Luftfahrtindustrie durchl\u00e4uft derzeit tiefgreifende und langwierige Ver\u00e4nderungen. Die Luftfahrtindustrie befindet sich aufgrund der Nachfrage aus Schwellenl\u00e4ndern und der Nachfrage nach neuen Flugzeugen mit geringem Verbrauch weiterhin in einer Phase rasanten Wachstums. Die Verteidigungsindustrie hingegen leidet unter einem R\u00fcckgang der staatlichen Nachfrage, der insbesondere mit den K\u00fcrzungen der Verteidigungshaushalte der europ\u00e4ischen L\u00e4nder zusammenh\u00e4ngt. Dies stellt das globale Wirtschaftsmodell gro\u00dfer Verteidigungsprojekte, die Forschung und Innovation vorantreiben, in Frage.<\/p>\n<h2>Herausforderungen in der Luftfahrt- und Verteidigungsindustrie<\/h2>\n<p>Generell machen der Wettbewerbsdruck, der Eintritt neuer Marktteilnehmer, der Technologietransfer und die Bedeutung lokaler Werke eine globalisierte Lieferkette, die Zusammenarbeit innerhalb des Unternehmens und mit Lieferanten sowie ein durchg\u00e4ngiges Programmmanagement \u00fcber den gesamten Produktlebenszyklus hinweg erforderlich.<\/p>\n<p>In der Luft- und Raumfahrtindustrie muss die gesamte Kette, von den Zulieferern bis zu den Herstellern, nicht nur den Hochlauf der Lieferkette gew\u00e4hrleisten, sondern auch die Konzeption neuer Modelle, die kosteng\u00fcnstiger zu betreiben sind.<\/p>\n<h2>Wie wir Ihnen in der Luft- und Raumfahrt sowie im Verteidigungsbereich helfen k\u00f6nnen<\/h2>\n<p>Wir unterst\u00fctzen unsere Kunden bei ihren Transformationsprogrammen, von der Identifizierung von Chancen bis hin zur Umsetzung aller operativen Leistungshebel.<\/p>\n    <div class=\"accordion\" id=\"accordion\" data-id=\"30376\" data-eval=\"true\" data-field=\"accordions\" >\n                        <div class=\"accordion__item\">\n                    <div class=\"accordion__trigger js-accordion-trigger\">\n                        <h4 class=\"accordion__title\">Betriebliche Organisation<\/h4>\n                        <div class=\"accordion__plus js-accordion-plus\"><\/div>\n                    <\/div>\n                    <div class=\"accordion__content js-accordion-target\">\n                        <ul>\n<li>Definition von Pflanzen und Entwicklung der operativen Organisation, um Probleme mit Gesch\u00e4ftsmodellen, Wachstum, PMI und Harmonisierung der Arbeitsmethoden zu antizipieren oder zu bew\u00e4ltigen.<\/li>\n<\/ul>\n                    <\/div>\n                <\/div>\n                        <div class=\"accordion__item\">\n                    <div class=\"accordion__trigger js-accordion-trigger\">\n                        <h4 class=\"accordion__title\">Technologie, Design und Zusammenarbeit<\/h4>\n                        <div class=\"accordion__plus js-accordion-plus\"><\/div>\n                    <\/div>\n                    <div class=\"accordion__content js-accordion-target\">\n                        <ul>\n<li>Strukturierung technologischer Roadmaps und Verbesserung des Managements kooperativer Forschungs- und Entwicklungsprogramme<\/li>\n<li>Design-to-Value bei Programmen zwischen Partnern<\/li>\n<li>Digitalisierung der Lieferkette und Zusammenarbeit mit Lieferanten entlang des gesamten Produktlebenszyklus<\/li>\n<\/ul>\n                    <\/div>\n                <\/div>\n                        <div class=\"accordion__item\">\n                    <div class=\"accordion__trigger js-accordion-trigger\">\n                        <h4 class=\"accordion__title\">Optimierung der Lieferkette<\/h4>\n                        <div class=\"accordion__plus js-accordion-plus\"><\/div>\n                    <\/div>\n                    <div class=\"accordion__content js-accordion-target\">\n                        <ul>\n<li>Optimierung der vorgelagerten Lieferkette: Beschaffungs- und Ausgleichsstrategie, Zyklusverk\u00fcrzung, Reduzierung von Lagerbest\u00e4nden und unfertigen Erzeugnissen, wirtschaftliche Leistungsf\u00e4higkeit der Hauptlieferanten, Anpassungsf\u00e4higkeit an Nachfrageschwankungen, globaler Supply-Chain-Control-Tower<\/li>\n<li>Aufrechterhaltung optimaler Betriebsbedingungen (Verk\u00fcrzung der Vorlaufzeiten, Planung und Prognose der MRO-Fl\u00fcsse, Bestandsoptimierung usw.)<\/li>\n<li>Optimierung der Ersatzteilverteilung (Prognosen, Beschaffungs- und Vertriebsnetze, Lagerrichtlinien)<\/li>\n<\/ul>\n                    <\/div>\n                <\/div>\n            <\/div>\n    \n<h2>Unser Ansatz<\/h2>\n<p>Wir kombinieren technisches Fachwissen, operative Erfahrung und Branchenkenntnisse, um unseren Kunden bei der L\u00f6sung von Problemen in der Luftfahrt- und Verteidigungsindustrie zu helfen und nachhaltige Ergebnisse zu erzielen. Unser pers\u00f6nlicher und pragmatischer Ansatz, der bei Bedarf auch Herausforderungen nicht scheut, gew\u00e4hrleistet die Akzeptanz auf allen Ebenen des Unternehmens unserer Kunden und einen erfolgreichen Abschluss. Wir haben mit einer Vielzahl von Unternehmen aus der Luftfahrt- und Verteidigungsindustrie zusammengearbeitet, darunter Thales, Safran Electrical &amp; Power, Nexter Systems, Naval Group, Manchester Airports Group Plc, Airbus Helicopters, MBDA, Lat\u00e9co\u00e8re und Eutelsat. <a href=\"https:\/\/www.argonandco.com\/de\/ueber-uns\/\"><u>Erfahren Sie hier mehr \u00fcber uns.<\/u><\/a><u><\/u><\/p>\n","protected":false},"excerpt":{"rendered":"<p>Luft- und Raumfahrt sowie Verteidigung Die Verteidigungs- und Luftfahrtindustrie durchl\u00e4uft derzeit tiefgreifende und langwierige Ver\u00e4nderungen. Die Luftfahrtindustrie befindet sich aufgrund der Nachfrage aus Schwellenl\u00e4ndern und der Nachfrage nach neuen Flugzeugen mit geringem Verbrauch weiterhin in einer Phase rasanten Wachstums. Die Verteidigungsindustrie hingegen leidet unter einem R\u00fcckgang der staatlichen Nachfrage, der insbesondere mit den K\u00fcrzungen der [&hellip;]<\/p>\n","protected":false},"author":1,"featured_media":0,"parent":30380,"menu_order":7,"comment_status":"closed","ping_status":"closed","template":"","meta":{"_acf_changed":false,"footnotes":""},"class_list":["post-30376","page","type-page","status-publish","hentry"],"acf":[],"yoast_head":"<!-- This site is optimized with the Yoast SEO plugin v27.5 - https:\/\/yoast.com\/product\/yoast-seo-wordpress\/ -->\n<title>Luftfahrt und Verteidigung | Argon &amp; Co<\/title>\n<meta name=\"description\" content=\"Argon &amp; Co unterst\u00fctzt Unternehmen aus der Luft- und Raumfahrt sowie der Verteidigungsindustrie bei ihren Transformationsprogrammen, indem es Chancen identifiziert und Leistungshebel implementiert.\" \/>\n<meta name=\"robots\" content=\"index, follow, max-snippet:-1, max-image-preview:large, max-video-preview:-1\" \/>\n<link rel=\"canonical\" href=\"https:\/\/www.argonandco.com\/de\/branchen\/luftfahrt-und-verteidigung\/\" \/>\n<meta property=\"og:locale\" content=\"de_DE\" \/>\n<meta property=\"og:type\" content=\"article\" \/>\n<meta property=\"og:title\" content=\"Luftfahrt und Verteidigung | Argon &amp; Co\" \/>\n<meta property=\"og:description\" content=\"Argon &amp; Co unterst\u00fctzt Unternehmen aus der Luft- und Raumfahrt sowie der Verteidigungsindustrie bei ihren Transformationsprogrammen, indem es Chancen identifiziert und Leistungshebel implementiert.\" \/>\n<meta property=\"og:url\" content=\"https:\/\/www.argonandco.com\/de\/branchen\/luftfahrt-und-verteidigung\/\" \/>\n<meta property=\"og:site_name\" content=\"Argon &amp; Co\" \/>\n<meta property=\"article:modified_time\" content=\"2025-11-20T12:02:32+00:00\" \/>\n<meta name=\"twitter:card\" content=\"summary_large_image\" \/>\n<meta name=\"twitter:label1\" content=\"Gesch\u00e4tzte Lesezeit\" \/>\n\t<meta name=\"twitter:data1\" content=\"1 Minute\" \/>\n<script type=\"application\/ld+json\" class=\"yoast-schema-graph\">{\"@context\":\"https:\\\/\\\/schema.org\",\"@graph\":[{\"@type\":\"WebPage\",\"@id\":\"https:\\\/\\\/www.argonandco.com\\\/de\\\/branchen\\\/luftfahrt-und-verteidigung\\\/\",\"url\":\"https:\\\/\\\/www.argonandco.com\\\/de\\\/branchen\\\/luftfahrt-und-verteidigung\\\/\",\"name\":\"Luftfahrt und Verteidigung | Argon &amp; Co\",\"isPartOf\":{\"@id\":\"https:\\\/\\\/www.argonandco.com\\\/de\\\/#website\"},\"datePublished\":\"2019-09-06T14:23:34+00:00\",\"dateModified\":\"2025-11-20T12:02:32+00:00\",\"description\":\"Argon & Co unterst\u00fctzt Unternehmen aus der Luft- und Raumfahrt sowie der Verteidigungsindustrie bei ihren Transformationsprogrammen, indem es Chancen identifiziert und Leistungshebel implementiert.\",\"breadcrumb\":{\"@id\":\"https:\\\/\\\/www.argonandco.com\\\/de\\\/branchen\\\/luftfahrt-und-verteidigung\\\/#breadcrumb\"},\"inLanguage\":\"de\",\"potentialAction\":[{\"@type\":\"ReadAction\",\"target\":[\"https:\\\/\\\/www.argonandco.com\\\/de\\\/branchen\\\/luftfahrt-und-verteidigung\\\/\"]}]},{\"@type\":\"BreadcrumbList\",\"@id\":\"https:\\\/\\\/www.argonandco.com\\\/de\\\/branchen\\\/luftfahrt-und-verteidigung\\\/#breadcrumb\",\"itemListElement\":[{\"@type\":\"ListItem\",\"position\":1,\"name\":\"Home\",\"item\":\"https:\\\/\\\/www.argonandco.com\\\/de\\\/\"},{\"@type\":\"ListItem\",\"position\":2,\"name\":\"Branchen\",\"item\":\"https:\\\/\\\/www.argonandco.com\\\/de\\\/branchen\\\/\"},{\"@type\":\"ListItem\",\"position\":3,\"name\":\"Luftfahrt und Verteidigung\"}]},{\"@type\":\"WebSite\",\"@id\":\"https:\\\/\\\/www.argonandco.com\\\/de\\\/#website\",\"url\":\"https:\\\/\\\/www.argonandco.com\\\/de\\\/\",\"name\":\"Argon &amp; Co\",\"description\":\"We help clients achieve their strategic and operational objectives, working together to transform their businesses and generate real change.\",\"potentialAction\":[{\"@type\":\"SearchAction\",\"target\":{\"@type\":\"EntryPoint\",\"urlTemplate\":\"https:\\\/\\\/www.argonandco.com\\\/de\\\/?s={search_term_string}\"},\"query-input\":{\"@type\":\"PropertyValueSpecification\",\"valueRequired\":true,\"valueName\":\"search_term_string\"}}],\"inLanguage\":\"de\"}]}<\/script>\n<!-- \/ Yoast SEO plugin. -->","yoast_head_json":{"title":"Luftfahrt und Verteidigung | Argon &amp; Co","description":"Argon & Co unterst\u00fctzt Unternehmen aus der Luft- und Raumfahrt sowie der Verteidigungsindustrie bei ihren Transformationsprogrammen, indem es Chancen identifiziert und Leistungshebel implementiert.","robots":{"index":"index","follow":"follow","max-snippet":"max-snippet:-1","max-image-preview":"max-image-preview:large","max-video-preview":"max-video-preview:-1"},"canonical":"https:\/\/www.argonandco.com\/de\/branchen\/luftfahrt-und-verteidigung\/","og_locale":"de_DE","og_type":"article","og_title":"Luftfahrt und Verteidigung | Argon &amp; Co","og_description":"Argon & Co unterst\u00fctzt Unternehmen aus der Luft- und Raumfahrt sowie der Verteidigungsindustrie bei ihren Transformationsprogrammen, indem es Chancen identifiziert und Leistungshebel implementiert.","og_url":"https:\/\/www.argonandco.com\/de\/branchen\/luftfahrt-und-verteidigung\/","og_site_name":"Argon &amp; Co","article_modified_time":"2025-11-20T12:02:32+00:00","twitter_card":"summary_large_image","twitter_misc":{"Gesch\u00e4tzte Lesezeit":"1 Minute"},"schema":{"@context":"https:\/\/schema.org","@graph":[{"@type":"WebPage","@id":"https:\/\/www.argonandco.com\/de\/branchen\/luftfahrt-und-verteidigung\/","url":"https:\/\/www.argonandco.com\/de\/branchen\/luftfahrt-und-verteidigung\/","name":"Luftfahrt und Verteidigung | Argon &amp; Co","isPartOf":{"@id":"https:\/\/www.argonandco.com\/de\/#website"},"datePublished":"2019-09-06T14:23:34+00:00","dateModified":"2025-11-20T12:02:32+00:00","description":"Argon & Co unterst\u00fctzt Unternehmen aus der Luft- und Raumfahrt sowie der Verteidigungsindustrie bei ihren Transformationsprogrammen, indem es Chancen identifiziert und Leistungshebel implementiert.","breadcrumb":{"@id":"https:\/\/www.argonandco.com\/de\/branchen\/luftfahrt-und-verteidigung\/#breadcrumb"},"inLanguage":"de","potentialAction":[{"@type":"ReadAction","target":["https:\/\/www.argonandco.com\/de\/branchen\/luftfahrt-und-verteidigung\/"]}]},{"@type":"BreadcrumbList","@id":"https:\/\/www.argonandco.com\/de\/branchen\/luftfahrt-und-verteidigung\/#breadcrumb","itemListElement":[{"@type":"ListItem","position":1,"name":"Home","item":"https:\/\/www.argonandco.com\/de\/"},{"@type":"ListItem","position":2,"name":"Branchen","item":"https:\/\/www.argonandco.com\/de\/branchen\/"},{"@type":"ListItem","position":3,"name":"Luftfahrt und Verteidigung"}]},{"@type":"WebSite","@id":"https:\/\/www.argonandco.com\/de\/#website","url":"https:\/\/www.argonandco.com\/de\/","name":"Argon &amp; Co","description":"We help clients achieve their strategic and operational objectives, working together to transform their businesses and generate real change.","potentialAction":[{"@type":"SearchAction","target":{"@type":"EntryPoint","urlTemplate":"https:\/\/www.argonandco.com\/de\/?s={search_term_string}"},"query-input":{"@type":"PropertyValueSpecification","valueRequired":true,"valueName":"search_term_string"}}],"inLanguage":"de"}]}},"_links":{"self":[{"href":"https:\/\/www.argonandco.com\/de\/wp-json\/wp\/v2\/pages\/30376","targetHints":{"allow":["GET"]}}],"collection":[{"href":"https:\/\/www.argonandco.com\/de\/wp-json\/wp\/v2\/pages"}],"about":[{"href":"https:\/\/www.argonandco.com\/de\/wp-json\/wp\/v2\/types\/page"}],"author":[{"embeddable":true,"href":"https:\/\/www.argonandco.com\/de\/wp-json\/wp\/v2\/users\/1"}],"replies":[{"embeddable":true,"href":"https:\/\/www.argonandco.com\/de\/wp-json\/wp\/v2\/comments?post=30376"}],"version-history":[{"count":0,"href":"https:\/\/www.argonandco.com\/de\/wp-json\/wp\/v2\/pages\/30376\/revisions"}],"up":[{"embeddable":true,"href":"https:\/\/www.argonandco.com\/de\/wp-json\/wp\/v2\/pages\/30380"}],"wp:attachment":[{"href":"https:\/\/www.argonandco.com\/de\/wp-json\/wp\/v2\/media?parent=30376"}],"curies":[{"name":"wp","href":"https:\/\/api.w.org\/{rel}","templated":true}]}}