{"id":30374,"date":"2019-09-06T15:23:34","date_gmt":"2019-09-06T14:23:34","guid":{"rendered":"https:\/\/www.argonandco.com\/consumer-goods\/"},"modified":"2025-11-20T12:02:46","modified_gmt":"2025-11-20T12:02:46","slug":"konsumgueter","status":"publish","type":"page","link":"https:\/\/www.argonandco.com\/de\/branchen\/konsumgueter\/","title":{"rendered":"Konsumg\u00fcter"},"content":{"rendered":"<h2>Konsumg\u00fcter<\/h2>\n<p>Konsumg\u00fcterunternehmen bauten fr\u00fcher starke internationale Marken auf, die von Skaleneffekten und engen Beziehungen zu Vertriebspartnern profitierten, aber das Umfeld hat sich ver\u00e4ndert.<\/p>\n<p>Die heutige Generation von Verbrauchern ist weniger markenbewusst oder markenorientiert: Der Trend zu \u201eSelf-Care\u201c nimmt zu, kleine Marken wachsen schnell, und es wird immer wichtiger, \u00fcber soziale Medien schnell und direkt mit den Verbrauchern interagieren zu k\u00f6nnen.<\/p>\n<p>Ein effektives Betriebsmanagement in der Konsumg\u00fcterindustrie h\u00e4ngt von der Transparenz und Kontrolle aller Aspekte der Lieferkette ab, vom Materiallieferanten bis zum Verbraucher.<\/p>\n<h2>Herausforderungen in der Konsumg\u00fcterindustrie<\/h2>\n<p>In diesem wettbewerbsintensiven und dynamischen Umfeld m\u00fcssen Unternehmen agiler denn je werden, um wettbewerbsf\u00e4hig zu bleiben. Eine schnelle Reaktion auf die sich \u00e4ndernden Bed\u00fcrfnisse der Verbraucher ist der Schl\u00fcssel zum Erfolg. Eine Reihe sich weiterentwickelnder Dynamiken tragen weiterhin zur Komplexit\u00e4t und zu den Herausforderungen f\u00fcr Lieferketten bei, darunter steigende Materialkosten und eine eingeschr\u00e4nkte Versorgung mit wichtigen Vorleistungen, die durch Bev\u00f6lkerungswachstum, steigenden Wohlstand und Konsum sowie tiefgreifende Gesetzes- und Steuer\u00e4nderungen zur \u00c4nderung des Verbraucherverhaltens und zur Verringerung der Umweltbelastung verursacht werden.<\/p>\n<p>Die Verbrauchernachfrage breitet sich aus: Auf der einen Seite w\u00e4chst die Nachfrage nach Premium- und Frischprodukten, auf der anderen Seite sorgen kostenbewusste Verbraucher f\u00fcr einen anhaltenden Bedarf an Sonderangeboten und preisg\u00fcnstigen Produkten. Es \u00f6ffnen sich allm\u00e4hlich neue M\u00e4rkte, die die weltweite Nachfrage dramatisch ver\u00e4ndern k\u00f6nnen, w\u00e4hrend gleichzeitig im Inland auf den Druck durch den Convenience-Einzelhandel und den Direktvertrieb reagiert werden muss.<\/p>\n<p>Aufgrund von Gesundheits- und Umweltbedenken wird die Suche nach Innovationen intensiviert; zunehmende Premium Produkte sowie segmentierte Portfolios setzen die Produktentwicklungsprozesse und das Produktlebenszyklusmanagement unter Druck. Dar\u00fcber hinaus bietet die zunehmende Verf\u00fcgbarkeit von Daten Chancen f\u00fcr zus\u00e4tzliche Ums\u00e4tze und eine schnellere Reaktion auf Verbraucherbed\u00fcrfnisse f\u00fcr diejenigen, die diese Daten effektiv analysieren k\u00f6nnen.<\/p>\n<h2>Wie wir der Konsumg\u00fcterindustrie helfen k\u00f6nnen<\/h2>\n<p>Unsere Aufgabe ist es, unseren Kunden dabei zu helfen, Komplexit\u00e4t zu reduzieren und operative Einfachheit zu erreichen. Wir arbeiten gemeinsam daran, einen Service zu entwickeln, der alle operativen Anforderungen erf\u00fcllt und eine effiziente Umsetzung der Strategie erm\u00f6glicht.<br \/>\nWir k\u00f6nnen Ihnen dabei helfen:<\/p>\n    <div class=\"accordion\" id=\"accordion\" data-id=\"30374\" data-eval=\"true\" data-field=\"accordions\" >\n                        <div class=\"accordion__item\">\n                    <div class=\"accordion__trigger js-accordion-trigger\">\n                        <h4 class=\"accordion__title\">Prozess und Kontrollen<\/h4>\n                        <div class=\"accordion__plus js-accordion-plus\"><\/div>\n                    <\/div>\n                    <div class=\"accordion__content js-accordion-target\">\n                        <ul>\n<li>Verfeinerung der Prozesse im Bereich Nachfragemanagement, um die beste Angebotsreaktion zu erzielen<\/li>\n<li>Versch\u00e4rfung der Kontrolle \u00fcber das Sortimentsmanagement und die Produktlebenszyklen<\/li>\n<\/ul>\n                    <\/div>\n                <\/div>\n                        <div class=\"accordion__item\">\n                    <div class=\"accordion__trigger js-accordion-trigger\">\n                        <h4 class=\"accordion__title\">Strategien und Performance<\/h4>\n                        <div class=\"accordion__plus js-accordion-plus\"><\/div>\n                    <\/div>\n                    <div class=\"accordion__content js-accordion-target\">\n                        <ul>\n<li>Effiziente und flexible Produktionsstrategien einf\u00fchren<\/li>\n<li>Materialwirtschaft und Lieferantenperformance intelligenter gestalten<\/li>\n<\/ul>\n                    <\/div>\n                <\/div>\n                        <div class=\"accordion__item\">\n                    <div class=\"accordion__trigger js-accordion-trigger\">\n                        <h4 class=\"accordion__title\">Optimierung<\/h4>\n                        <div class=\"accordion__plus js-accordion-plus\"><\/div>\n                    <\/div>\n                    <div class=\"accordion__content js-accordion-target\">\n                        <ul>\n<li>Einf\u00fchrung eines effektiveren Managements wichtiger Lieferkettenpartner durch st\u00e4rker integrierte und aufeinander abgestimmte Arbeitsweisen<\/li>\n<li>Optimierung des Lagerbestands in der gesamten Lieferkette<\/li>\n<\/ul>\n                    <\/div>\n                <\/div>\n                        <div class=\"accordion__item\">\n                    <div class=\"accordion__trigger js-accordion-trigger\">\n                        <h4 class=\"accordion__title\">Systeme und Werkzeuge<\/h4>\n                        <div class=\"accordion__plus js-accordion-plus\"><\/div>\n                    <\/div>\n                    <div class=\"accordion__content js-accordion-target\">\n                        <ul>\n<li>Einsatz modernster Analysewerkzeuge zur Gewinnung von Erkenntnissen und zur Unterst\u00fctzung einer besseren Entscheidungsfindung<\/li>\n<li>Sicherstellung, dass die Systeme die Prozesse des angestrebten Betriebsmodells unterst\u00fctzen<\/li>\n<\/ul>\n                    <\/div>\n                <\/div>\n                        <div class=\"accordion__item\">\n                    <div class=\"accordion__trigger js-accordion-trigger\">\n                        <h4 class=\"accordion__title\">Digitale L\u00f6sungen<\/h4>\n                        <div class=\"accordion__plus js-accordion-plus\"><\/div>\n                    <\/div>\n                    <div class=\"accordion__content js-accordion-target\">\n                        <ul>\n<li>Erh\u00f6hung der Transparenz und R\u00fcckverfolgbarkeit durch unsere digitalen L\u00f6sungen<\/li>\n<li>Reduzierung manueller und fehleranf\u00e4lliger T\u00e4tigkeiten durch robotergest\u00fctzte Prozessautomatisierung, z. B. Stammdatenverwaltung und Auftragsabwicklung<\/li>\n<\/ul>\n                    <\/div>\n                <\/div>\n                        <div class=\"accordion__item\">\n                    <div class=\"accordion__trigger js-accordion-trigger\">\n                        <h4 class=\"accordion__title\">Aus- und Weiterbildung<\/h4>\n                        <div class=\"accordion__plus js-accordion-plus\"><\/div>\n                    <\/div>\n                    <div class=\"accordion__content js-accordion-target\">\n                        <ul>\n<li>Identifizierung von Qualifikationsl\u00fccken bei Mitarbeitern und Entwicklung von Schulungs- und Weiterbildungsprogrammen<\/li>\n<\/ul>\n                    <\/div>\n                <\/div>\n            <\/div>\n    \n<h2>Unser Ansatz<\/h2>\n<p>Wir kombinieren technisches Fachwissen, operative Erfahrung und Branchenkenntnisse, um unseren Kunden bei der L\u00f6sung von Problemen im Bereich Konsumg\u00fcter zu helfen und nachhaltige Ergebnisse zu erzielen. Unser pers\u00f6nlicher und pragmatischer Ansatz, der bei Bedarf auch Herausforderungen nicht scheut, sorgt f\u00fcr Akzeptanz auf allen Ebenen des Unternehmens unserer Kunden und f\u00fcr einen erfolgreichen Abschluss. Wir haben mit einer Vielzahl von Unternehmen aus der Konsumg\u00fcterbranche zusammengearbeitet, darunter PZ Cussons, Hallmark Cards, Electrolux, Avon, Sony Computer Entertainment, Paperchase, Royal Canin, British American Tobacco, Hachette Livre, L&#8217;Or\u00e9al Paris und Avon. <a href=\"https:\/\/www.argonandco.com\/de\/ueber-uns\/\"><u>Erfahren Sie hier mehr \u00fcber uns.<\/u><\/a><u><\/u><\/p>\n","protected":false},"excerpt":{"rendered":"<p>Konsumg\u00fcter Konsumg\u00fcterunternehmen bauten fr\u00fcher starke internationale Marken auf, die von Skaleneffekten und engen Beziehungen zu Vertriebspartnern profitierten, aber das Umfeld hat sich ver\u00e4ndert. Die heutige Generation von Verbrauchern ist weniger markenbewusst oder markenorientiert: Der Trend zu \u201eSelf-Care\u201c nimmt zu, kleine Marken wachsen schnell, und es wird immer wichtiger, \u00fcber soziale Medien schnell und direkt mit [&hellip;]<\/p>\n","protected":false},"author":1,"featured_media":0,"parent":30380,"menu_order":8,"comment_status":"closed","ping_status":"closed","template":"","meta":{"_acf_changed":false,"footnotes":""},"class_list":["post-30374","page","type-page","status-publish","hentry"],"acf":[],"yoast_head":"<!-- This site is optimized with the Yoast SEO plugin v27.5 - https:\/\/yoast.com\/product\/yoast-seo-wordpress\/ -->\n<title>Konsumg\u00fcter | Argon &amp; Co<\/title>\n<meta name=\"description\" content=\"Die Beratungsleistungen von Argon &amp; Co im Bereich Konsumg\u00fctermanagement und Betriebsstrategie helfen Kunden dabei, ihre Lieferkette zu kontrollieren und ihre Betriebsabl\u00e4ufe zu vereinfachen.\" \/>\n<meta name=\"robots\" content=\"index, follow, max-snippet:-1, max-image-preview:large, max-video-preview:-1\" \/>\n<link rel=\"canonical\" href=\"https:\/\/www.argonandco.com\/de\/branchen\/konsumgueter\/\" \/>\n<meta property=\"og:locale\" content=\"de_DE\" \/>\n<meta property=\"og:type\" content=\"article\" \/>\n<meta property=\"og:title\" content=\"Konsumg\u00fcter | Argon &amp; Co\" \/>\n<meta property=\"og:description\" content=\"Die Beratungsleistungen von Argon &amp; Co im Bereich Konsumg\u00fctermanagement und Betriebsstrategie helfen Kunden dabei, ihre Lieferkette zu kontrollieren und ihre Betriebsabl\u00e4ufe zu vereinfachen.\" \/>\n<meta property=\"og:url\" content=\"https:\/\/www.argonandco.com\/de\/branchen\/konsumgueter\/\" \/>\n<meta property=\"og:site_name\" content=\"Argon &amp; Co\" \/>\n<meta property=\"article:modified_time\" content=\"2025-11-20T12:02:46+00:00\" \/>\n<meta name=\"twitter:card\" content=\"summary_large_image\" \/>\n<meta name=\"twitter:label1\" content=\"Gesch\u00e4tzte Lesezeit\" \/>\n\t<meta name=\"twitter:data1\" content=\"2 Minuten\" \/>\n<script type=\"application\/ld+json\" class=\"yoast-schema-graph\">{\"@context\":\"https:\\\/\\\/schema.org\",\"@graph\":[{\"@type\":\"WebPage\",\"@id\":\"https:\\\/\\\/www.argonandco.com\\\/de\\\/branchen\\\/konsumgueter\\\/\",\"url\":\"https:\\\/\\\/www.argonandco.com\\\/de\\\/branchen\\\/konsumgueter\\\/\",\"name\":\"Konsumg\u00fcter | Argon &amp; Co\",\"isPartOf\":{\"@id\":\"https:\\\/\\\/www.argonandco.com\\\/de\\\/#website\"},\"datePublished\":\"2019-09-06T14:23:34+00:00\",\"dateModified\":\"2025-11-20T12:02:46+00:00\",\"description\":\"Die Beratungsleistungen von Argon & Co im Bereich Konsumg\u00fctermanagement und Betriebsstrategie helfen Kunden dabei, ihre Lieferkette zu kontrollieren und ihre Betriebsabl\u00e4ufe zu vereinfachen.\",\"breadcrumb\":{\"@id\":\"https:\\\/\\\/www.argonandco.com\\\/de\\\/branchen\\\/konsumgueter\\\/#breadcrumb\"},\"inLanguage\":\"de\",\"potentialAction\":[{\"@type\":\"ReadAction\",\"target\":[\"https:\\\/\\\/www.argonandco.com\\\/de\\\/branchen\\\/konsumgueter\\\/\"]}]},{\"@type\":\"BreadcrumbList\",\"@id\":\"https:\\\/\\\/www.argonandco.com\\\/de\\\/branchen\\\/konsumgueter\\\/#breadcrumb\",\"itemListElement\":[{\"@type\":\"ListItem\",\"position\":1,\"name\":\"Home\",\"item\":\"https:\\\/\\\/www.argonandco.com\\\/de\\\/\"},{\"@type\":\"ListItem\",\"position\":2,\"name\":\"Branchen\",\"item\":\"https:\\\/\\\/www.argonandco.com\\\/de\\\/branchen\\\/\"},{\"@type\":\"ListItem\",\"position\":3,\"name\":\"Konsumg\u00fcter\"}]},{\"@type\":\"WebSite\",\"@id\":\"https:\\\/\\\/www.argonandco.com\\\/de\\\/#website\",\"url\":\"https:\\\/\\\/www.argonandco.com\\\/de\\\/\",\"name\":\"Argon &amp; Co\",\"description\":\"We help clients achieve their strategic and operational objectives, working together to transform their businesses and generate real change.\",\"potentialAction\":[{\"@type\":\"SearchAction\",\"target\":{\"@type\":\"EntryPoint\",\"urlTemplate\":\"https:\\\/\\\/www.argonandco.com\\\/de\\\/?s={search_term_string}\"},\"query-input\":{\"@type\":\"PropertyValueSpecification\",\"valueRequired\":true,\"valueName\":\"search_term_string\"}}],\"inLanguage\":\"de\"}]}<\/script>\n<!-- \/ Yoast SEO plugin. -->","yoast_head_json":{"title":"Konsumg\u00fcter | Argon &amp; Co","description":"Die Beratungsleistungen von Argon & Co im Bereich Konsumg\u00fctermanagement und Betriebsstrategie helfen Kunden dabei, ihre Lieferkette zu kontrollieren und ihre Betriebsabl\u00e4ufe zu vereinfachen.","robots":{"index":"index","follow":"follow","max-snippet":"max-snippet:-1","max-image-preview":"max-image-preview:large","max-video-preview":"max-video-preview:-1"},"canonical":"https:\/\/www.argonandco.com\/de\/branchen\/konsumgueter\/","og_locale":"de_DE","og_type":"article","og_title":"Konsumg\u00fcter | Argon &amp; Co","og_description":"Die Beratungsleistungen von Argon & Co im Bereich Konsumg\u00fctermanagement und Betriebsstrategie helfen Kunden dabei, ihre Lieferkette zu kontrollieren und ihre Betriebsabl\u00e4ufe zu vereinfachen.","og_url":"https:\/\/www.argonandco.com\/de\/branchen\/konsumgueter\/","og_site_name":"Argon &amp; Co","article_modified_time":"2025-11-20T12:02:46+00:00","twitter_card":"summary_large_image","twitter_misc":{"Gesch\u00e4tzte Lesezeit":"2 Minuten"},"schema":{"@context":"https:\/\/schema.org","@graph":[{"@type":"WebPage","@id":"https:\/\/www.argonandco.com\/de\/branchen\/konsumgueter\/","url":"https:\/\/www.argonandco.com\/de\/branchen\/konsumgueter\/","name":"Konsumg\u00fcter | Argon &amp; Co","isPartOf":{"@id":"https:\/\/www.argonandco.com\/de\/#website"},"datePublished":"2019-09-06T14:23:34+00:00","dateModified":"2025-11-20T12:02:46+00:00","description":"Die Beratungsleistungen von Argon & Co im Bereich Konsumg\u00fctermanagement und Betriebsstrategie helfen Kunden dabei, ihre Lieferkette zu kontrollieren und ihre Betriebsabl\u00e4ufe zu vereinfachen.","breadcrumb":{"@id":"https:\/\/www.argonandco.com\/de\/branchen\/konsumgueter\/#breadcrumb"},"inLanguage":"de","potentialAction":[{"@type":"ReadAction","target":["https:\/\/www.argonandco.com\/de\/branchen\/konsumgueter\/"]}]},{"@type":"BreadcrumbList","@id":"https:\/\/www.argonandco.com\/de\/branchen\/konsumgueter\/#breadcrumb","itemListElement":[{"@type":"ListItem","position":1,"name":"Home","item":"https:\/\/www.argonandco.com\/de\/"},{"@type":"ListItem","position":2,"name":"Branchen","item":"https:\/\/www.argonandco.com\/de\/branchen\/"},{"@type":"ListItem","position":3,"name":"Konsumg\u00fcter"}]},{"@type":"WebSite","@id":"https:\/\/www.argonandco.com\/de\/#website","url":"https:\/\/www.argonandco.com\/de\/","name":"Argon &amp; Co","description":"We help clients achieve their strategic and operational objectives, working together to transform their businesses and generate real change.","potentialAction":[{"@type":"SearchAction","target":{"@type":"EntryPoint","urlTemplate":"https:\/\/www.argonandco.com\/de\/?s={search_term_string}"},"query-input":{"@type":"PropertyValueSpecification","valueRequired":true,"valueName":"search_term_string"}}],"inLanguage":"de"}]}},"_links":{"self":[{"href":"https:\/\/www.argonandco.com\/de\/wp-json\/wp\/v2\/pages\/30374","targetHints":{"allow":["GET"]}}],"collection":[{"href":"https:\/\/www.argonandco.com\/de\/wp-json\/wp\/v2\/pages"}],"about":[{"href":"https:\/\/www.argonandco.com\/de\/wp-json\/wp\/v2\/types\/page"}],"author":[{"embeddable":true,"href":"https:\/\/www.argonandco.com\/de\/wp-json\/wp\/v2\/users\/1"}],"replies":[{"embeddable":true,"href":"https:\/\/www.argonandco.com\/de\/wp-json\/wp\/v2\/comments?post=30374"}],"version-history":[{"count":0,"href":"https:\/\/www.argonandco.com\/de\/wp-json\/wp\/v2\/pages\/30374\/revisions"}],"up":[{"embeddable":true,"href":"https:\/\/www.argonandco.com\/de\/wp-json\/wp\/v2\/pages\/30380"}],"wp:attachment":[{"href":"https:\/\/www.argonandco.com\/de\/wp-json\/wp\/v2\/media?parent=30374"}],"curies":[{"name":"wp","href":"https:\/\/api.w.org\/{rel}","templated":true}]}}