{"id":30370,"date":"2019-09-06T15:23:34","date_gmt":"2019-09-06T14:23:34","guid":{"rendered":"https:\/\/www.argonandco.com\/fashion\/"},"modified":"2025-11-20T12:04:15","modified_gmt":"2025-11-20T12:04:15","slug":"mode","status":"publish","type":"page","link":"https:\/\/www.argonandco.com\/de\/branchen\/mode\/","title":{"rendered":"Mode"},"content":{"rendered":"<h2>Mode<\/h2>\n<p>Die Modebranche unterliegt beispiellosen Ver\u00e4nderungen, da Konsumenten generell weniger Geld f\u00fcr Kleidung ausgeben und der Druck auf die Gewinnmargen stark zunimmt. Das Verbraucherverhalten hat sich gewandelt. Die Verbraucher sind besser informiert und vielseitiger, sie suchen nach Innovationen und reagieren sensibel auf gesellschaftliche und \u00f6kologische Auswirkungen. Parallel zu diesen Ver\u00e4nderungen gewinnen reine Online-H\u00e4ndler wie Zalando und ASOS Marktanteile hinzu, da sie von geringeren Kostenstrukturen als traditionelle Einzelh\u00e4ndler profitieren.<\/p>\n<h2>Herausforderungen in der Modebranche<\/h2>\n<p>Diese Marktentwicklungen zwingen die traditionelle Modebranche zu gesch\u00e4ftlichen Umstrukturierungen, um wettbewerbsf\u00e4hig zu bleiben. Es besteht die Notwendigkeit, die Attraktivit\u00e4t durch schnellere Produkteinf\u00fchrungen und vollst\u00e4ndige Individualisierung zu verbessern. Dies erfordert eine Neugestaltung der Produktentwicklungsprozesse, einschlie\u00dflich 3D-Konzeption und \u201eschlanke\u201c Zyklen. Modeunternehmen m\u00fcssen entscheiden, wie sie sich effektiv auf den Omnichannel-Einzelhandel umstellen k\u00f6nnen, um einen reibungslosen Ablauf zwischen den Vertriebskan\u00e4len w\u00e4hrend des gesamten Lebenszyklus (ein Lager, OMS, Echtzeit) zu gew\u00e4hrleisten und ma\u00dfgeschneiderte Dienstleistungen anzubieten, die einen reibungslosen Ablauf zwischen den Kan\u00e4len garantieren.<\/p>\n<p>Dar\u00fcber ist es notwendig, durch Transparenz in den Produktionsprozessen (insbesondere in Niedriglohnl\u00e4ndern) und die Reduzierung von Treibhausgasemissionen (IOT-R\u00fcckverfolgbarkeit, kohlenstoffarme Transporttechnologien usw.) mehr soziale und \u00f6kologische Verantwortung zu \u00fcbernehmen. Au\u00dferdem m\u00fcssen sie der Volatilit\u00e4t der Nachfrage und der Vielseitigkeit der Verbraucher entgegenwirken und die bald verbotene Produktvernichtung vermeiden, was sie zur Entwicklung von Prognosetechnologien und einer agilen Lieferkette zwingt.<\/p>\n<h2>Wie wir der Modebranche helfen k\u00f6nnen<\/h2>\n<p>Wir arbeiten mit mehr als 50 der bekanntesten Bekleidungsmarken in Europa und den USA zusammen und begleiten sie in jeder Phase der Wertsch\u00f6pfungskette, von der Strategie bis zur Projektumsetzung. Wir helfen Ihnen bei:<\/p>\n    <div class=\"accordion\" id=\"accordion\" data-id=\"30370\" data-eval=\"true\" data-field=\"accordions\" >\n                        <div class=\"accordion__item\">\n                    <div class=\"accordion__trigger js-accordion-trigger\">\n                        <h4 class=\"accordion__title\">Logistiknetzwerke<\/h4>\n                        <div class=\"accordion__plus js-accordion-plus\"><\/div>\n                    <\/div>\n                    <div class=\"accordion__content js-accordion-target\">\n                        <ul>\n<li>Neugestaltung von Logistiknetzwerken und Optimierung von Transportabl\u00e4ufen unter Nutzung der Vorteile von IoT-Technologien, Echtzeit-R\u00fcckverfolgbarkeit und Lagerautomatisierung<\/li>\n<li>Schlanke Verfahren in der Logistik und im Lager<\/li>\n<\/ul>\n                    <\/div>\n                <\/div>\n                        <div class=\"accordion__item\">\n                    <div class=\"accordion__trigger js-accordion-trigger\">\n                        <h4 class=\"accordion__title\">Prozess-Neugestaltung<\/h4>\n                        <div class=\"accordion__plus js-accordion-plus\"><\/div>\n                    <\/div>\n                    <div class=\"accordion__content js-accordion-target\">\n                        <ul>\n<li>Prozessoptimierung von der Produktkonzeption bis zur Auslieferung aus dem Lager, mit dem Ziel, Verz\u00f6gerungen zu reduzieren und Qualit\u00e4tsstandards zu verbessern.<\/li>\n<\/ul>\n                    <\/div>\n                <\/div>\n                        <div class=\"accordion__item\">\n                    <div class=\"accordion__trigger js-accordion-trigger\">\n                        <h4 class=\"accordion__title\">Omnichannel-Transformation<\/h4>\n                        <div class=\"accordion__plus js-accordion-plus\"><\/div>\n                    <\/div>\n                    <div class=\"accordion__content js-accordion-target\">\n                        <ul>\n<li>Definition und Umsetzung der Omnichannel-Transformation (Servicepaletten, Strategien zur Zentralisierung der Lagerbest\u00e4nde und Auftragsmanagement)<\/li>\n<\/ul>\n                    <\/div>\n                <\/div>\n                        <div class=\"accordion__item\">\n                    <div class=\"accordion__trigger js-accordion-trigger\">\n                        <h4 class=\"accordion__title\">Planung<\/h4>\n                        <div class=\"accordion__plus js-accordion-plus\"><\/div>\n                    <\/div>\n                    <div class=\"accordion__content js-accordion-target\">\n                        <ul>\n<li>Sammlung, Sortierung und Bestandsplanung sowie Steuerung sowohl auf makroskopischer Ebene (Kategorien und Regionen) als auch auf mikroskopischer Ebene (SKU im Laden) auf der Grundlage der besten Tools und Praktiken f\u00fcr die Warenplanung<\/li>\n<li>Einf\u00fchrung von Kooperationsprozessen mit Lieferanten, die Material- und Kapazit\u00e4tsplanung integrieren, um Verz\u00f6gerungen zu verk\u00fcrzen und die Produktion zu beschleunigen<\/li>\n<\/ul>\n                    <\/div>\n                <\/div>\n                        <div class=\"accordion__item\">\n                    <div class=\"accordion__trigger js-accordion-trigger\">\n                        <h4 class=\"accordion__title\">Beschaffung<\/h4>\n                        <div class=\"accordion__plus js-accordion-plus\"><\/div>\n                    <\/div>\n                    <div class=\"accordion__content js-accordion-target\">\n                        <ul>\n<li>Neudefinition der Beschaffungsstrategien auf globaler Ebene und Optimierung der Beschaffungsleistungen (Lieferantenverhandlungen und Zusammenarbeit)<\/li>\n<\/ul>\n                    <\/div>\n                <\/div>\n                        <div class=\"accordion__item\">\n                    <div class=\"accordion__trigger js-accordion-trigger\">\n                        <h4 class=\"accordion__title\">Umsatz<\/h4>\n                        <div class=\"accordion__plus js-accordion-plus\"><\/div>\n                    <\/div>\n                    <div class=\"accordion__content js-accordion-target\">\n                        <ul>\n<li>Verbesserung der Zuverl\u00e4ssigkeit von Umsatzprognosen mithilfe von Data Science<\/li>\n<\/ul>\n                    <\/div>\n                <\/div>\n            <\/div>\n    \n<h2>Unser Ansatz<\/h2>\n<p>Wir kombinieren technisches Fachwissen, operative Erfahrung und Branchenkenntnisse, um unseren Kunden bei der L\u00f6sung von Problemen in der Modebranche zu helfen und nachhaltige Ergebnisse zu erzielen. Unser pers\u00f6nlicher und pragmatischer Ansatz, der bei Bedarf auch Herausforderungen nicht scheut, sorgt f\u00fcr Akzeptanz auf allen Ebenen des Unternehmens unserer Kunden und f\u00fcr einen erfolgreichen Abschluss. Wir haben mit einer Vielzahl von Unternehmen aus der Modebranche zusammengearbeitet, darunter Burberry, Calvin Klein Inc., C. &amp; J. Clarks Ltd., La Redoute, L Brands, Salomon, Clarks, Orsay, Sandro, Kiabi und Kenzo. <a href=\"https:\/\/www.argonandco.com\/de\/ueber-uns\/\"><u>Erfahren Sie hier mehr \u00fcber uns.<\/u><\/a><u><\/u><\/p>\n","protected":false},"excerpt":{"rendered":"<p>Mode Die Modebranche unterliegt beispiellosen Ver\u00e4nderungen, da Konsumenten generell weniger Geld f\u00fcr Kleidung ausgeben und der Druck auf die Gewinnmargen stark zunimmt. Das Verbraucherverhalten hat sich gewandelt. Die Verbraucher sind besser informiert und vielseitiger, sie suchen nach Innovationen und reagieren sensibel auf gesellschaftliche und \u00f6kologische Auswirkungen. Parallel zu diesen Ver\u00e4nderungen gewinnen reine Online-H\u00e4ndler wie Zalando [&hellip;]<\/p>\n","protected":false},"author":1,"featured_media":0,"parent":30380,"menu_order":11,"comment_status":"closed","ping_status":"closed","template":"","meta":{"_acf_changed":false,"footnotes":""},"class_list":["post-30370","page","type-page","status-publish","hentry"],"acf":[],"yoast_head":"<!-- This site is optimized with the Yoast SEO plugin v27.5 - https:\/\/yoast.com\/product\/yoast-seo-wordpress\/ -->\n<title>Mode | Argon &amp; Co<\/title>\n<meta name=\"description\" content=\"Argon &amp; Co unterst\u00fctzt Modemarken entlang der gesamten Wertsch\u00f6pfungskette, von der Strategie bis zur Projektumsetzung. Erfahren Sie mehr \u00fcber unsere Beratungsleistungen im Bereich Modemanagement.\" \/>\n<meta name=\"robots\" content=\"index, follow, max-snippet:-1, max-image-preview:large, max-video-preview:-1\" \/>\n<link rel=\"canonical\" href=\"https:\/\/www.argonandco.com\/de\/branchen\/mode\/\" \/>\n<meta property=\"og:locale\" content=\"de_DE\" \/>\n<meta property=\"og:type\" content=\"article\" \/>\n<meta property=\"og:title\" content=\"Mode | Argon &amp; Co\" \/>\n<meta property=\"og:description\" content=\"Argon &amp; Co unterst\u00fctzt Modemarken entlang der gesamten Wertsch\u00f6pfungskette, von der Strategie bis zur Projektumsetzung. Erfahren Sie mehr \u00fcber unsere Beratungsleistungen im Bereich Modemanagement.\" \/>\n<meta property=\"og:url\" content=\"https:\/\/www.argonandco.com\/de\/branchen\/mode\/\" \/>\n<meta property=\"og:site_name\" content=\"Argon &amp; Co\" \/>\n<meta property=\"article:modified_time\" content=\"2025-11-20T12:04:15+00:00\" \/>\n<meta name=\"twitter:card\" content=\"summary_large_image\" \/>\n<meta name=\"twitter:label1\" content=\"Gesch\u00e4tzte Lesezeit\" \/>\n\t<meta name=\"twitter:data1\" content=\"2 Minuten\" \/>\n<script type=\"application\/ld+json\" class=\"yoast-schema-graph\">{\"@context\":\"https:\\\/\\\/schema.org\",\"@graph\":[{\"@type\":\"WebPage\",\"@id\":\"https:\\\/\\\/www.argonandco.com\\\/de\\\/branchen\\\/mode\\\/\",\"url\":\"https:\\\/\\\/www.argonandco.com\\\/de\\\/branchen\\\/mode\\\/\",\"name\":\"Mode | Argon &amp; Co\",\"isPartOf\":{\"@id\":\"https:\\\/\\\/www.argonandco.com\\\/de\\\/#website\"},\"datePublished\":\"2019-09-06T14:23:34+00:00\",\"dateModified\":\"2025-11-20T12:04:15+00:00\",\"description\":\"Argon & Co unterst\u00fctzt Modemarken entlang der gesamten Wertsch\u00f6pfungskette, von der Strategie bis zur Projektumsetzung. Erfahren Sie mehr \u00fcber unsere Beratungsleistungen im Bereich Modemanagement.\",\"breadcrumb\":{\"@id\":\"https:\\\/\\\/www.argonandco.com\\\/de\\\/branchen\\\/mode\\\/#breadcrumb\"},\"inLanguage\":\"de\",\"potentialAction\":[{\"@type\":\"ReadAction\",\"target\":[\"https:\\\/\\\/www.argonandco.com\\\/de\\\/branchen\\\/mode\\\/\"]}]},{\"@type\":\"BreadcrumbList\",\"@id\":\"https:\\\/\\\/www.argonandco.com\\\/de\\\/branchen\\\/mode\\\/#breadcrumb\",\"itemListElement\":[{\"@type\":\"ListItem\",\"position\":1,\"name\":\"Home\",\"item\":\"https:\\\/\\\/www.argonandco.com\\\/de\\\/\"},{\"@type\":\"ListItem\",\"position\":2,\"name\":\"Branchen\",\"item\":\"https:\\\/\\\/www.argonandco.com\\\/de\\\/branchen\\\/\"},{\"@type\":\"ListItem\",\"position\":3,\"name\":\"Mode\"}]},{\"@type\":\"WebSite\",\"@id\":\"https:\\\/\\\/www.argonandco.com\\\/de\\\/#website\",\"url\":\"https:\\\/\\\/www.argonandco.com\\\/de\\\/\",\"name\":\"Argon &amp; Co\",\"description\":\"We help clients achieve their strategic and operational objectives, working together to transform their businesses and generate real change.\",\"potentialAction\":[{\"@type\":\"SearchAction\",\"target\":{\"@type\":\"EntryPoint\",\"urlTemplate\":\"https:\\\/\\\/www.argonandco.com\\\/de\\\/?s={search_term_string}\"},\"query-input\":{\"@type\":\"PropertyValueSpecification\",\"valueRequired\":true,\"valueName\":\"search_term_string\"}}],\"inLanguage\":\"de\"}]}<\/script>\n<!-- \/ Yoast SEO plugin. -->","yoast_head_json":{"title":"Mode | Argon &amp; Co","description":"Argon & Co unterst\u00fctzt Modemarken entlang der gesamten Wertsch\u00f6pfungskette, von der Strategie bis zur Projektumsetzung. Erfahren Sie mehr \u00fcber unsere Beratungsleistungen im Bereich Modemanagement.","robots":{"index":"index","follow":"follow","max-snippet":"max-snippet:-1","max-image-preview":"max-image-preview:large","max-video-preview":"max-video-preview:-1"},"canonical":"https:\/\/www.argonandco.com\/de\/branchen\/mode\/","og_locale":"de_DE","og_type":"article","og_title":"Mode | Argon &amp; Co","og_description":"Argon & Co unterst\u00fctzt Modemarken entlang der gesamten Wertsch\u00f6pfungskette, von der Strategie bis zur Projektumsetzung. Erfahren Sie mehr \u00fcber unsere Beratungsleistungen im Bereich Modemanagement.","og_url":"https:\/\/www.argonandco.com\/de\/branchen\/mode\/","og_site_name":"Argon &amp; Co","article_modified_time":"2025-11-20T12:04:15+00:00","twitter_card":"summary_large_image","twitter_misc":{"Gesch\u00e4tzte Lesezeit":"2 Minuten"},"schema":{"@context":"https:\/\/schema.org","@graph":[{"@type":"WebPage","@id":"https:\/\/www.argonandco.com\/de\/branchen\/mode\/","url":"https:\/\/www.argonandco.com\/de\/branchen\/mode\/","name":"Mode | Argon &amp; Co","isPartOf":{"@id":"https:\/\/www.argonandco.com\/de\/#website"},"datePublished":"2019-09-06T14:23:34+00:00","dateModified":"2025-11-20T12:04:15+00:00","description":"Argon & Co unterst\u00fctzt Modemarken entlang der gesamten Wertsch\u00f6pfungskette, von der Strategie bis zur Projektumsetzung. Erfahren Sie mehr \u00fcber unsere Beratungsleistungen im Bereich Modemanagement.","breadcrumb":{"@id":"https:\/\/www.argonandco.com\/de\/branchen\/mode\/#breadcrumb"},"inLanguage":"de","potentialAction":[{"@type":"ReadAction","target":["https:\/\/www.argonandco.com\/de\/branchen\/mode\/"]}]},{"@type":"BreadcrumbList","@id":"https:\/\/www.argonandco.com\/de\/branchen\/mode\/#breadcrumb","itemListElement":[{"@type":"ListItem","position":1,"name":"Home","item":"https:\/\/www.argonandco.com\/de\/"},{"@type":"ListItem","position":2,"name":"Branchen","item":"https:\/\/www.argonandco.com\/de\/branchen\/"},{"@type":"ListItem","position":3,"name":"Mode"}]},{"@type":"WebSite","@id":"https:\/\/www.argonandco.com\/de\/#website","url":"https:\/\/www.argonandco.com\/de\/","name":"Argon &amp; Co","description":"We help clients achieve their strategic and operational objectives, working together to transform their businesses and generate real change.","potentialAction":[{"@type":"SearchAction","target":{"@type":"EntryPoint","urlTemplate":"https:\/\/www.argonandco.com\/de\/?s={search_term_string}"},"query-input":{"@type":"PropertyValueSpecification","valueRequired":true,"valueName":"search_term_string"}}],"inLanguage":"de"}]}},"_links":{"self":[{"href":"https:\/\/www.argonandco.com\/de\/wp-json\/wp\/v2\/pages\/30370","targetHints":{"allow":["GET"]}}],"collection":[{"href":"https:\/\/www.argonandco.com\/de\/wp-json\/wp\/v2\/pages"}],"about":[{"href":"https:\/\/www.argonandco.com\/de\/wp-json\/wp\/v2\/types\/page"}],"author":[{"embeddable":true,"href":"https:\/\/www.argonandco.com\/de\/wp-json\/wp\/v2\/users\/1"}],"replies":[{"embeddable":true,"href":"https:\/\/www.argonandco.com\/de\/wp-json\/wp\/v2\/comments?post=30370"}],"version-history":[{"count":0,"href":"https:\/\/www.argonandco.com\/de\/wp-json\/wp\/v2\/pages\/30370\/revisions"}],"up":[{"embeddable":true,"href":"https:\/\/www.argonandco.com\/de\/wp-json\/wp\/v2\/pages\/30380"}],"wp:attachment":[{"href":"https:\/\/www.argonandco.com\/de\/wp-json\/wp\/v2\/media?parent=30370"}],"curies":[{"name":"wp","href":"https:\/\/api.w.org\/{rel}","templated":true}]}}