{"id":30368,"date":"2019-09-06T15:23:34","date_gmt":"2019-09-06T14:23:34","guid":{"rendered":"https:\/\/www.argonandco.com\/food-and-drink\/"},"modified":"2025-11-20T12:05:01","modified_gmt":"2025-11-20T12:05:01","slug":"nahrungs-und-genussmittel","status":"publish","type":"page","link":"https:\/\/www.argonandco.com\/de\/branchen\/nahrungs-und-genussmittel\/","title":{"rendered":"Nahrungs- und Genussmittel"},"content":{"rendered":"<h2>Lebensmittel- und Getr\u00e4nkeindustrie<\/h2>\n<p>Ein effektives Betriebsmanagement in der Lebensmittel- und Getr\u00e4nkeindustrie h\u00e4ngt von der Transparenz und Kontrolle aller Aspekte der Lieferkette ab, vom Anbau bis zum Verbraucher. In diesem wettbewerbsintensiven und dynamischen Umfeld m\u00fcssen Unternehmen agiler denn je werden, um wettbewerbsf\u00e4hig zu bleiben. Eine schnelle Reaktion auf die sich \u00e4ndernden Bed\u00fcrfnisse der Verbraucher ist der Schl\u00fcssel zum Erfolg.<\/p>\n<h2>Herausforderungen in der Lebensmittel- und Getr\u00e4nkeindustrie<\/h2>\n<p>Eine Reihe sich st\u00e4ndig weiterentwickelnder Dynamiken erh\u00f6ht die Komplexit\u00e4t und die Herausforderungen f\u00fcr Lieferketten weiter, darunter steigende Materialkosten und eine eingeschr\u00e4nkte Versorgung mit wichtigen Vorleistungen, die durch Bev\u00f6lkerungswachstum, steigenden Wohlstand und Konsumorientierung angetrieben werden. In den letzten Jahren wurden au\u00dferdem tiefgreifende gesetzliche und steuerliche \u00c4nderungen eingef\u00fchrt, die darauf abzielen, das Verbraucherverhalten zu \u00e4ndern und die Umweltbelastung zu verringern.<\/p>\n<p>Die Verbrauchernachfrage hat sich erweitert, wobei auf der einen Seite Premium- und Frischprodukte wachsen und auf der anderen Seite kostenbewusste Verbraucher den anhaltenden Bedarf an Werbeaktionen und preisg\u00fcnstigen Produkten vorantreiben. Dar\u00fcber hinaus haben sich nach und nach neue M\u00e4rkte ge\u00f6ffnet, die die weltweite Nachfrage dramatisch ver\u00e4ndern k\u00f6nnen, w\u00e4hrend gleichzeitig im Inland auf den Druck durch den Convenience-Einzelhandel und den Direktvertrieb reagiert wird.<\/p>\n<p>Aufgrund von Gesundheits- und Umweltbedenken w\u00e4chst der Innovationshunger des Marktes, und Premiumisierung sowie segmentierte Portfolios setzen die Produktentwicklungsprozesse und das Produktlebenszyklusmanagement unter Druck. Die zunehmende Verf\u00fcgbarkeit von Daten bietet jedoch Chancen f\u00fcr zus\u00e4tzliche Ums\u00e4tze und eine schnellere Reaktion auf Verbraucherbed\u00fcrfnisse f\u00fcr diejenigen, die diese Daten effektiv analysieren k\u00f6nnen.<\/p>\n<h2>Wie wir der Lebensmittel- und Getr\u00e4nkeindustrie helfen k\u00f6nnen<\/h2>\n<p>Unsere Aufgabe ist es, unseren Kunden dabei zu helfen, Komplexit\u00e4t zu reduzieren und operative Einfachheit zu erreichen. Wir arbeiten mit unseren Kunden zusammen, um einen Service zu entwickeln, der alle operativen Anforderungen erf\u00fcllt und eine effiziente Umsetzung der Strategie erm\u00f6glicht.<\/p>\n<p>Als anerkannter Spezialist in der Lebensmittel- und Getr\u00e4nkeindustrie arbeiten wir seit vielen Jahren mit einigen der weltweit gr\u00f6\u00dften Lebensmittel- und Getr\u00e4nkeunternehmen zusammen. Durch diese Projekte haben wir wertvolle Einblicke in die Marktdynamik gewonnen, in der sie t\u00e4tig sind. Wir k\u00f6nnen Ihnen helfen mit:<\/p>\n    <div class=\"accordion\" id=\"accordion\" data-id=\"30368\" data-eval=\"true\" data-field=\"accordions\" >\n                        <div class=\"accordion__item\">\n                    <div class=\"accordion__trigger js-accordion-trigger\">\n                        <h4 class=\"accordion__title\">Prozess und Kontrollen<\/h4>\n                        <div class=\"accordion__plus js-accordion-plus\"><\/div>\n                    <\/div>\n                    <div class=\"accordion__content js-accordion-target\">\n                        <ul>\n<li>Verfeinerung der Prozesse im Bereich Nachfragemanagement, um die beste Angebotsreaktion zu erzielen<\/li>\n<li>Versch\u00e4rfung der Kontrolle \u00fcber das Sortimentsmanagement und die Produktlebenszyklen<\/li>\n<\/ul>\n                    <\/div>\n                <\/div>\n                        <div class=\"accordion__item\">\n                    <div class=\"accordion__trigger js-accordion-trigger\">\n                        <h4 class=\"accordion__title\">Strategien und Leistungsf\u00e4higkeit<\/h4>\n                        <div class=\"accordion__plus js-accordion-plus\"><\/div>\n                    <\/div>\n                    <div class=\"accordion__content js-accordion-target\">\n                        <ul>\n<li>Effiziente und flexible Produktionsstrategien einf\u00fchren<\/li>\n<li>Materialwirtschaft und Lieferantenperformance intelligenter gestalten<\/li>\n<\/ul>\n                    <\/div>\n                <\/div>\n                        <div class=\"accordion__item\">\n                    <div class=\"accordion__trigger js-accordion-trigger\">\n                        <h4 class=\"accordion__title\">Optimierung<\/h4>\n                        <div class=\"accordion__plus js-accordion-plus\"><\/div>\n                    <\/div>\n                    <div class=\"accordion__content js-accordion-target\">\n                        <ul>\n<li>Einf\u00fchrung eines effektiveren Managements wichtiger Lieferkettenpartner durch st\u00e4rker integrierte und aufeinander abgestimmte Arbeitsweisen<\/li>\n<li>Optimierung des Lagerbestands in der gesamten Lieferkette<\/li>\n<\/ul>\n                    <\/div>\n                <\/div>\n                        <div class=\"accordion__item\">\n                    <div class=\"accordion__trigger js-accordion-trigger\">\n                        <h4 class=\"accordion__title\">Digitale L\u00f6sungen<\/h4>\n                        <div class=\"accordion__plus js-accordion-plus\"><\/div>\n                    <\/div>\n                    <div class=\"accordion__content js-accordion-target\">\n                        <ul>\n<li>Erh\u00f6hung der Transparenz und R\u00fcckverfolgbarkeit durch unsere digitale L\u00f6sung<\/li>\n<li>Reduzierung manueller und fehleranf\u00e4lliger T\u00e4tigkeiten durch robotergest\u00fctzte Prozessautomatisierung, z. B. Stammdatenverwaltung und Auftragsabwicklung<\/li>\n<\/ul>\n                    <\/div>\n                <\/div>\n                        <div class=\"accordion__item\">\n                    <div class=\"accordion__trigger js-accordion-trigger\">\n                        <h4 class=\"accordion__title\">Systeme und Werkzeuge<\/h4>\n                        <div class=\"accordion__plus js-accordion-plus\"><\/div>\n                    <\/div>\n                    <div class=\"accordion__content js-accordion-target\">\n                        <ul>\n<li>Sicherstellung, dass die Systeme die Prozesse des angestrebten Betriebsmodells unterst\u00fctzen<\/li>\n<li>Einsatz modernster Analysewerkzeuge zur Gewinnung von Erkenntnissen und zur Unterst\u00fctzung einer besseren Entscheidungsfindung<\/li>\n<\/ul>\n                    <\/div>\n                <\/div>\n                        <div class=\"accordion__item\">\n                    <div class=\"accordion__trigger js-accordion-trigger\">\n                        <h4 class=\"accordion__title\">Ausbildung und Schulung<\/h4>\n                        <div class=\"accordion__plus js-accordion-plus\"><\/div>\n                    <\/div>\n                    <div class=\"accordion__content js-accordion-target\">\n                        <ul>\n<li>Identifizierung von Qualifikationsl\u00fccken bei Mitarbeitern und Entwicklung von Schulungs- und Weiterbildungsprogrammen<\/li>\n<\/ul>\n                    <\/div>\n                <\/div>\n            <\/div>\n    \n<h2>Unser Ansatz<\/h2>\n<p>Wir kombinieren technisches Fachwissen, operative Erfahrung und Branchenkenntnisse, um unseren Kunden bei der L\u00f6sung von Problemen im Bereich Lebensmittel und Getr\u00e4nke zu helfen und nachhaltige Ergebnisse zu erzielen. Unser pers\u00f6nlicher und pragmatischer Ansatz, der bei Bedarf auch Herausforderungen nicht scheut, gew\u00e4hrleistet die Akzeptanz auf allen Ebenen des Unternehmens unserer Kunden und einen erfolgreichen Abschluss. Wir haben mit einer Vielzahl von Unternehmen aus der Lebensmittel- und Getr\u00e4nkeindustrie zusammengearbeitet, darunter Mondelez International, Mars, Arla, Diageo plc, Treasury Wine Estates (TWE), Danone, Carlsberg, Mo\u00ebt Hennessy, SABMiller und Fonterra. <a href=\"https:\/\/www.argonandco.com\/de\/ueber-uns\/\"><u>Erfahren Sie hier mehr \u00fcber uns.<\/u><\/a><u><\/u><\/p>\n","protected":false},"excerpt":{"rendered":"<p>Lebensmittel- und Getr\u00e4nkeindustrie Ein effektives Betriebsmanagement in der Lebensmittel- und Getr\u00e4nkeindustrie h\u00e4ngt von der Transparenz und Kontrolle aller Aspekte der Lieferkette ab, vom Anbau bis zum Verbraucher. In diesem wettbewerbsintensiven und dynamischen Umfeld m\u00fcssen Unternehmen agiler denn je werden, um wettbewerbsf\u00e4hig zu bleiben. Eine schnelle Reaktion auf die sich \u00e4ndernden Bed\u00fcrfnisse der Verbraucher ist der [&hellip;]<\/p>\n","protected":false},"author":1,"featured_media":0,"parent":30380,"menu_order":13,"comment_status":"closed","ping_status":"closed","template":"","meta":{"_acf_changed":false,"footnotes":""},"class_list":["post-30368","page","type-page","status-publish","hentry"],"acf":[],"yoast_head":"<!-- This site is optimized with the Yoast SEO plugin v27.5 - https:\/\/yoast.com\/product\/yoast-seo-wordpress\/ -->\n<title>Nahrungs- und Genussmittel | Argon &amp; Co<\/title>\n<meta name=\"description\" content=\"Wir helfen unseren Kunden aus der Lebensmittel- und Getr\u00e4nkeindustrie dabei, Komplexit\u00e4t zu reduzieren und operative Einfachheit zu erreichen \u2013 dank unserer Einblicke in die Marktdynamik. Erfahren Sie mehr.\" \/>\n<meta name=\"robots\" content=\"index, follow, max-snippet:-1, max-image-preview:large, max-video-preview:-1\" \/>\n<link rel=\"canonical\" href=\"https:\/\/www.argonandco.com\/de\/branchen\/nahrungs-und-genussmittel\/\" \/>\n<meta property=\"og:locale\" content=\"de_DE\" \/>\n<meta property=\"og:type\" content=\"article\" \/>\n<meta property=\"og:title\" content=\"Nahrungs- und Genussmittel | Argon &amp; Co\" \/>\n<meta property=\"og:description\" content=\"Wir helfen unseren Kunden aus der Lebensmittel- und Getr\u00e4nkeindustrie dabei, Komplexit\u00e4t zu reduzieren und operative Einfachheit zu erreichen \u2013 dank unserer Einblicke in die Marktdynamik. Erfahren Sie mehr.\" \/>\n<meta property=\"og:url\" content=\"https:\/\/www.argonandco.com\/de\/branchen\/nahrungs-und-genussmittel\/\" \/>\n<meta property=\"og:site_name\" content=\"Argon &amp; Co\" \/>\n<meta property=\"article:modified_time\" content=\"2025-11-20T12:05:01+00:00\" \/>\n<meta name=\"twitter:card\" content=\"summary_large_image\" \/>\n<meta name=\"twitter:label1\" content=\"Gesch\u00e4tzte Lesezeit\" \/>\n\t<meta name=\"twitter:data1\" content=\"2 Minuten\" \/>\n<script type=\"application\/ld+json\" class=\"yoast-schema-graph\">{\"@context\":\"https:\\\/\\\/schema.org\",\"@graph\":[{\"@type\":\"WebPage\",\"@id\":\"https:\\\/\\\/www.argonandco.com\\\/de\\\/branchen\\\/nahrungs-und-genussmittel\\\/\",\"url\":\"https:\\\/\\\/www.argonandco.com\\\/de\\\/branchen\\\/nahrungs-und-genussmittel\\\/\",\"name\":\"Nahrungs- und Genussmittel | Argon &amp; Co\",\"isPartOf\":{\"@id\":\"https:\\\/\\\/www.argonandco.com\\\/de\\\/#website\"},\"datePublished\":\"2019-09-06T14:23:34+00:00\",\"dateModified\":\"2025-11-20T12:05:01+00:00\",\"description\":\"Wir helfen unseren Kunden aus der Lebensmittel- und Getr\u00e4nkeindustrie dabei, Komplexit\u00e4t zu reduzieren und operative Einfachheit zu erreichen \u2013 dank unserer Einblicke in die Marktdynamik. Erfahren Sie mehr.\",\"breadcrumb\":{\"@id\":\"https:\\\/\\\/www.argonandco.com\\\/de\\\/branchen\\\/nahrungs-und-genussmittel\\\/#breadcrumb\"},\"inLanguage\":\"de\",\"potentialAction\":[{\"@type\":\"ReadAction\",\"target\":[\"https:\\\/\\\/www.argonandco.com\\\/de\\\/branchen\\\/nahrungs-und-genussmittel\\\/\"]}]},{\"@type\":\"BreadcrumbList\",\"@id\":\"https:\\\/\\\/www.argonandco.com\\\/de\\\/branchen\\\/nahrungs-und-genussmittel\\\/#breadcrumb\",\"itemListElement\":[{\"@type\":\"ListItem\",\"position\":1,\"name\":\"Home\",\"item\":\"https:\\\/\\\/www.argonandco.com\\\/de\\\/\"},{\"@type\":\"ListItem\",\"position\":2,\"name\":\"Branchen\",\"item\":\"https:\\\/\\\/www.argonandco.com\\\/de\\\/branchen\\\/\"},{\"@type\":\"ListItem\",\"position\":3,\"name\":\"Nahrungs- und Genussmittel\"}]},{\"@type\":\"WebSite\",\"@id\":\"https:\\\/\\\/www.argonandco.com\\\/de\\\/#website\",\"url\":\"https:\\\/\\\/www.argonandco.com\\\/de\\\/\",\"name\":\"Argon &amp; Co\",\"description\":\"We help clients achieve their strategic and operational objectives, working together to transform their businesses and generate real change.\",\"potentialAction\":[{\"@type\":\"SearchAction\",\"target\":{\"@type\":\"EntryPoint\",\"urlTemplate\":\"https:\\\/\\\/www.argonandco.com\\\/de\\\/?s={search_term_string}\"},\"query-input\":{\"@type\":\"PropertyValueSpecification\",\"valueRequired\":true,\"valueName\":\"search_term_string\"}}],\"inLanguage\":\"de\"}]}<\/script>\n<!-- \/ Yoast SEO plugin. -->","yoast_head_json":{"title":"Nahrungs- und Genussmittel | Argon &amp; Co","description":"Wir helfen unseren Kunden aus der Lebensmittel- und Getr\u00e4nkeindustrie dabei, Komplexit\u00e4t zu reduzieren und operative Einfachheit zu erreichen \u2013 dank unserer Einblicke in die Marktdynamik. Erfahren Sie mehr.","robots":{"index":"index","follow":"follow","max-snippet":"max-snippet:-1","max-image-preview":"max-image-preview:large","max-video-preview":"max-video-preview:-1"},"canonical":"https:\/\/www.argonandco.com\/de\/branchen\/nahrungs-und-genussmittel\/","og_locale":"de_DE","og_type":"article","og_title":"Nahrungs- und Genussmittel | Argon &amp; Co","og_description":"Wir helfen unseren Kunden aus der Lebensmittel- und Getr\u00e4nkeindustrie dabei, Komplexit\u00e4t zu reduzieren und operative Einfachheit zu erreichen \u2013 dank unserer Einblicke in die Marktdynamik. Erfahren Sie mehr.","og_url":"https:\/\/www.argonandco.com\/de\/branchen\/nahrungs-und-genussmittel\/","og_site_name":"Argon &amp; Co","article_modified_time":"2025-11-20T12:05:01+00:00","twitter_card":"summary_large_image","twitter_misc":{"Gesch\u00e4tzte Lesezeit":"2 Minuten"},"schema":{"@context":"https:\/\/schema.org","@graph":[{"@type":"WebPage","@id":"https:\/\/www.argonandco.com\/de\/branchen\/nahrungs-und-genussmittel\/","url":"https:\/\/www.argonandco.com\/de\/branchen\/nahrungs-und-genussmittel\/","name":"Nahrungs- und Genussmittel | Argon &amp; Co","isPartOf":{"@id":"https:\/\/www.argonandco.com\/de\/#website"},"datePublished":"2019-09-06T14:23:34+00:00","dateModified":"2025-11-20T12:05:01+00:00","description":"Wir helfen unseren Kunden aus der Lebensmittel- und Getr\u00e4nkeindustrie dabei, Komplexit\u00e4t zu reduzieren und operative Einfachheit zu erreichen \u2013 dank unserer Einblicke in die Marktdynamik. Erfahren Sie mehr.","breadcrumb":{"@id":"https:\/\/www.argonandco.com\/de\/branchen\/nahrungs-und-genussmittel\/#breadcrumb"},"inLanguage":"de","potentialAction":[{"@type":"ReadAction","target":["https:\/\/www.argonandco.com\/de\/branchen\/nahrungs-und-genussmittel\/"]}]},{"@type":"BreadcrumbList","@id":"https:\/\/www.argonandco.com\/de\/branchen\/nahrungs-und-genussmittel\/#breadcrumb","itemListElement":[{"@type":"ListItem","position":1,"name":"Home","item":"https:\/\/www.argonandco.com\/de\/"},{"@type":"ListItem","position":2,"name":"Branchen","item":"https:\/\/www.argonandco.com\/de\/branchen\/"},{"@type":"ListItem","position":3,"name":"Nahrungs- und Genussmittel"}]},{"@type":"WebSite","@id":"https:\/\/www.argonandco.com\/de\/#website","url":"https:\/\/www.argonandco.com\/de\/","name":"Argon &amp; Co","description":"We help clients achieve their strategic and operational objectives, working together to transform their businesses and generate real change.","potentialAction":[{"@type":"SearchAction","target":{"@type":"EntryPoint","urlTemplate":"https:\/\/www.argonandco.com\/de\/?s={search_term_string}"},"query-input":{"@type":"PropertyValueSpecification","valueRequired":true,"valueName":"search_term_string"}}],"inLanguage":"de"}]}},"_links":{"self":[{"href":"https:\/\/www.argonandco.com\/de\/wp-json\/wp\/v2\/pages\/30368","targetHints":{"allow":["GET"]}}],"collection":[{"href":"https:\/\/www.argonandco.com\/de\/wp-json\/wp\/v2\/pages"}],"about":[{"href":"https:\/\/www.argonandco.com\/de\/wp-json\/wp\/v2\/types\/page"}],"author":[{"embeddable":true,"href":"https:\/\/www.argonandco.com\/de\/wp-json\/wp\/v2\/users\/1"}],"replies":[{"embeddable":true,"href":"https:\/\/www.argonandco.com\/de\/wp-json\/wp\/v2\/comments?post=30368"}],"version-history":[{"count":0,"href":"https:\/\/www.argonandco.com\/de\/wp-json\/wp\/v2\/pages\/30368\/revisions"}],"up":[{"embeddable":true,"href":"https:\/\/www.argonandco.com\/de\/wp-json\/wp\/v2\/pages\/30380"}],"wp:attachment":[{"href":"https:\/\/www.argonandco.com\/de\/wp-json\/wp\/v2\/media?parent=30368"}],"curies":[{"name":"wp","href":"https:\/\/api.w.org\/{rel}","templated":true}]}}