{"id":30366,"date":"2019-09-06T15:23:34","date_gmt":"2019-09-06T14:23:34","guid":{"rendered":"https:\/\/www.argonandco.com\/industrial-and-chemicals\/"},"modified":"2025-11-20T12:05:15","modified_gmt":"2025-11-20T12:05:15","slug":"industrie-und-chemie","status":"publish","type":"page","link":"https:\/\/www.argonandco.com\/de\/branchen\/industrie-und-chemie\/","title":{"rendered":"Industrie und Chemie"},"content":{"rendered":"<h2>Industrie und Chemie<\/h2>\n<p>Das aktuelle wirtschaftliche Umfeld f\u00fcr die Industrie- und Chemiebranche ist von Unsicherheit gepr\u00e4gt: internationale Handelsspannungen, geopolitische Instabilit\u00e4t und der Brexit, um nur einige zu nennen. Dar\u00fcber hinaus \u00e4ndern sich die Erwartungen der Verbraucher und die regulatorischen Anforderungen steigen stetig.<\/p>\n<p>Die Globalisierung und Digitalisierung setzen die Wertsch\u00f6pfungsketten von Industrieunternehmen unter Druck, da sie mit steigenden Kundenanforderungen hinsichtlich Qualit\u00e4t und Verf\u00fcgbarkeit sowie mit Umweltauflagen konfrontiert sind. Au\u00dferdem m\u00fcssen sie innovativ sein und sich von der Konkurrenz abheben, um weiterhin gut abzuschneiden, unabh\u00e4ngig davon, ob es sich um historische Wettbewerber oder neue Marktteilnehmer handelt. Im Rahmen des Wettlaufs um die kritische Gr\u00f6\u00dfe zur Finanzierung immer gr\u00f6\u00dferer Investitionen sind Konsolidierungsbewegungen zu beobachten.<\/p>\n<p>In diesem Zusammenhang steht die Industrie mehr denn je vor gro\u00dfen Herausforderungen hinsichtlich ihrer Leistungsf\u00e4higkeit und Transformation und muss sich daher anpassen, um diesen Entwicklungen und Unsicherheiten gerecht zu werden.<\/p>\n<h2>Herausforderungen in der Industrie und Chemieindustrie<\/h2>\n<p>Industrieunternehmen m\u00fcssen sowohl flexibel genug sein, um ihre Investitionen oder externe Wachstumsma\u00dfnahmen zu finanzieren, als auch in der Lage sein, ihre Innovationskraft in Bezug auf Produkte und Dienstleistungen kontinuierlich zu st\u00e4rken und gleichzeitig ein den Erwartungen entsprechendes wirtschaftliches Leistungsniveau aufrechtzuerhalten.<\/p>\n<p>Dies h\u00e4ngt von einer zunehmend optimierten und kontrollierten Betriebsleistung entlang der gesamten Wertsch\u00f6pfungskette ab, von den Lieferanten \u00fcber die Supportfunktionen bis hin zu den Kunden und der Markteinf\u00fchrungszeit.<\/p>\n<h2>Wie wir die Industrie- und Chemiebranche unterst\u00fctzen k\u00f6nnen<\/h2>\n<p>Wir unterst\u00fctzen Industriekunden durch die Verbesserung ihrer betrieblichen Leistungsf\u00e4higkeit in folgenden Bereichen:<\/p>\n    <div class=\"accordion\" id=\"accordion\" data-id=\"30366\" data-eval=\"true\" data-field=\"accordions\" >\n                        <div class=\"accordion__item\">\n                    <div class=\"accordion__trigger js-accordion-trigger\">\n                        <h4 class=\"accordion__title\">Optimierung von Kundenprozessen und Strategie<\/h4>\n                        <div class=\"accordion__plus js-accordion-plus\"><\/div>\n                    <\/div>\n                    <div class=\"accordion__content js-accordion-target\">\n                        <ul>\n<li>Preisgestaltung<\/li>\n<li>Rechnungsstellung<\/li>\n<li>Vertragslebenszyklus<\/li>\n<li>Verbesserung des Cashflows<\/li>\n<li>Verbesserung der Serviceleistungen<\/li>\n<li>Kundenbeziehungen und Service<\/li>\n<li>Entwicklung im Bereich Multi-Channel und Digital<\/li>\n<\/ul>\n                    <\/div>\n                <\/div>\n                        <div class=\"accordion__item\">\n                    <div class=\"accordion__trigger js-accordion-trigger\">\n                        <h4 class=\"accordion__title\">Kostensenkung<\/h4>\n                        <div class=\"accordion__plus js-accordion-plus\"><\/div>\n                    <\/div>\n                    <div class=\"accordion__content js-accordion-target\">\n                        <ul>\n<li>Kostenvariabilisierung<\/li>\n<li>Lean Management<\/li>\n<li>Design zur Wertsteigerung bei industriellen Investitionen<\/li>\n<li>Optimierung der direkten und indirekten Einkaufskosten<\/li>\n<li>Optimierung von Shared Services f\u00fcr Supportfunktionen<\/li>\n<\/ul>\n                    <\/div>\n                <\/div>\n                        <div class=\"accordion__item\">\n                    <div class=\"accordion__trigger js-accordion-trigger\">\n                        <h4 class=\"accordion__title\">Beschleunigung des \"Time to Market\"<\/h4>\n                        <div class=\"accordion__plus js-accordion-plus\"><\/div>\n                    <\/div>\n                    <div class=\"accordion__content js-accordion-target\">\n                        <ul>\n<li>Entwicklung<\/li>\n<li>Optimierung des Ideenfindungsprozesses<\/li>\n<li>Industrialisierung und Einf\u00fchrung neuer Produkte und Dienstleistungen<\/li>\n<\/ul>\n                    <\/div>\n                <\/div>\n                        <div class=\"accordion__item\">\n                    <div class=\"accordion__trigger js-accordion-trigger\">\n                        <h4 class=\"accordion__title\">Optimierung von Betriebskapital und Cashflow<\/h4>\n                        <div class=\"accordion__plus js-accordion-plus\"><\/div>\n                    <\/div>\n                    <div class=\"accordion__content js-accordion-target\">\n                        <ul>\n<li>Prognosen<\/li>\n<li>Taktische und S&amp;OP-Planung<\/li>\n<li>Auslastung\/Kapazit\u00e4tsabgleich von Ressourcen<\/li>\n<li>Implementierung von Bestandsrichtlinien, die an die Besonderheiten der Branche angepasst sind<\/li>\n<\/ul>\n                    <\/div>\n                <\/div>\n                        <div class=\"accordion__item\">\n                    <div class=\"accordion__trigger js-accordion-trigger\">\n                        <h4 class=\"accordion__title\">Betriebswirtschaftliche Effizienz<\/h4>\n                        <div class=\"accordion__plus js-accordion-plus\"><\/div>\n                    <\/div>\n                    <div class=\"accordion__content js-accordion-target\">\n                        <ul>\n<li>Optimierung von Organisationen einschlie\u00dflich Rollen und Verantwortlichkeiten<\/li>\n<li>Personal- und Leistungsmanagement<\/li>\n<li>Ver\u00e4nderungsmanagement<\/li>\n<\/ul>\n                    <\/div>\n                <\/div>\n            <\/div>\n    \n<h2>Unser Ansatz<\/h2>\n<p>Wir kombinieren technisches Fachwissen, operative Erfahrung und betriebswirtschaftliche Kenntnisse, um unseren Kunden bei der L\u00f6sung industrieller und chemischer Probleme zu helfen und dauerhafte Ergebnisse zu erzielen. Unser pers\u00f6nlicher und pragmatischer Ansatz, der bei Bedarf auch Herausforderungen nicht scheut, gew\u00e4hrleistet die Akzeptanz auf allen Ebenen des Unternehmens unserer Kunden und einen erfolgreichen Abschluss. Wir haben mit einer Vielzahl von Unternehmen aus der Industrie- und Chemiebranche zusammengearbeitet, darunter Ferrovial Agroman, Essentra, ASSA ABLOY, AkzoNobel, Liberty OneSteel, Bouyer Leroux, Arkema, Orora Group, Johnson Matthey und Essilor. <a href=\"https:\/\/www.argonandco.com\/de\/ueber-uns\/\"><u>Erfahren Sie hier mehr \u00fcber uns.<\/u><\/a><u><\/u><\/p>\n","protected":false},"excerpt":{"rendered":"<p>Industrie und Chemie Das aktuelle wirtschaftliche Umfeld f\u00fcr die Industrie- und Chemiebranche ist von Unsicherheit gepr\u00e4gt: internationale Handelsspannungen, geopolitische Instabilit\u00e4t und der Brexit, um nur einige zu nennen. Dar\u00fcber hinaus \u00e4ndern sich die Erwartungen der Verbraucher und die regulatorischen Anforderungen steigen stetig. Die Globalisierung und Digitalisierung setzen die Wertsch\u00f6pfungsketten von Industrieunternehmen unter Druck, da sie [&hellip;]<\/p>\n","protected":false},"author":1,"featured_media":0,"parent":30380,"menu_order":14,"comment_status":"closed","ping_status":"closed","template":"","meta":{"_acf_changed":false,"footnotes":""},"class_list":["post-30366","page","type-page","status-publish","hentry"],"acf":[],"yoast_head":"<!-- This site is optimized with the Yoast SEO plugin v27.5 - https:\/\/yoast.com\/product\/yoast-seo-wordpress\/ -->\n<title>Industrie und Chemie | Argon &amp; Co<\/title>\n<meta name=\"description\" content=\"Argon &amp; Co unterst\u00fctzt Kunden aus der Industrie und Chemie bei der Verbesserung ihrer betrieblichen Leistung, Kundenprozesse, Servicestrategien, Kostensenkung und vielem mehr.\" \/>\n<meta name=\"robots\" content=\"index, follow, max-snippet:-1, max-image-preview:large, max-video-preview:-1\" \/>\n<link rel=\"canonical\" href=\"https:\/\/www.argonandco.com\/de\/branchen\/industrie-und-chemie\/\" \/>\n<meta property=\"og:locale\" content=\"de_DE\" \/>\n<meta property=\"og:type\" content=\"article\" \/>\n<meta property=\"og:title\" content=\"Industrie und Chemie | Argon &amp; Co\" \/>\n<meta property=\"og:description\" content=\"Argon &amp; Co unterst\u00fctzt Kunden aus der Industrie und Chemie bei der Verbesserung ihrer betrieblichen Leistung, Kundenprozesse, Servicestrategien, Kostensenkung und vielem mehr.\" \/>\n<meta property=\"og:url\" content=\"https:\/\/www.argonandco.com\/de\/branchen\/industrie-und-chemie\/\" \/>\n<meta property=\"og:site_name\" content=\"Argon &amp; Co\" \/>\n<meta property=\"article:modified_time\" content=\"2025-11-20T12:05:15+00:00\" \/>\n<meta name=\"twitter:card\" content=\"summary_large_image\" \/>\n<meta name=\"twitter:label1\" content=\"Gesch\u00e4tzte Lesezeit\" \/>\n\t<meta name=\"twitter:data1\" content=\"2 Minuten\" \/>\n<script type=\"application\/ld+json\" class=\"yoast-schema-graph\">{\"@context\":\"https:\\\/\\\/schema.org\",\"@graph\":[{\"@type\":\"WebPage\",\"@id\":\"https:\\\/\\\/www.argonandco.com\\\/de\\\/branchen\\\/industrie-und-chemie\\\/\",\"url\":\"https:\\\/\\\/www.argonandco.com\\\/de\\\/branchen\\\/industrie-und-chemie\\\/\",\"name\":\"Industrie und Chemie | Argon &amp; Co\",\"isPartOf\":{\"@id\":\"https:\\\/\\\/www.argonandco.com\\\/de\\\/#website\"},\"datePublished\":\"2019-09-06T14:23:34+00:00\",\"dateModified\":\"2025-11-20T12:05:15+00:00\",\"description\":\"Argon & Co unterst\u00fctzt Kunden aus der Industrie und Chemie bei der Verbesserung ihrer betrieblichen Leistung, Kundenprozesse, Servicestrategien, Kostensenkung und vielem mehr.\",\"breadcrumb\":{\"@id\":\"https:\\\/\\\/www.argonandco.com\\\/de\\\/branchen\\\/industrie-und-chemie\\\/#breadcrumb\"},\"inLanguage\":\"de\",\"potentialAction\":[{\"@type\":\"ReadAction\",\"target\":[\"https:\\\/\\\/www.argonandco.com\\\/de\\\/branchen\\\/industrie-und-chemie\\\/\"]}]},{\"@type\":\"BreadcrumbList\",\"@id\":\"https:\\\/\\\/www.argonandco.com\\\/de\\\/branchen\\\/industrie-und-chemie\\\/#breadcrumb\",\"itemListElement\":[{\"@type\":\"ListItem\",\"position\":1,\"name\":\"Home\",\"item\":\"https:\\\/\\\/www.argonandco.com\\\/de\\\/\"},{\"@type\":\"ListItem\",\"position\":2,\"name\":\"Branchen\",\"item\":\"https:\\\/\\\/www.argonandco.com\\\/de\\\/branchen\\\/\"},{\"@type\":\"ListItem\",\"position\":3,\"name\":\"Industrie und Chemie\"}]},{\"@type\":\"WebSite\",\"@id\":\"https:\\\/\\\/www.argonandco.com\\\/de\\\/#website\",\"url\":\"https:\\\/\\\/www.argonandco.com\\\/de\\\/\",\"name\":\"Argon &amp; Co\",\"description\":\"We help clients achieve their strategic and operational objectives, working together to transform their businesses and generate real change.\",\"potentialAction\":[{\"@type\":\"SearchAction\",\"target\":{\"@type\":\"EntryPoint\",\"urlTemplate\":\"https:\\\/\\\/www.argonandco.com\\\/de\\\/?s={search_term_string}\"},\"query-input\":{\"@type\":\"PropertyValueSpecification\",\"valueRequired\":true,\"valueName\":\"search_term_string\"}}],\"inLanguage\":\"de\"}]}<\/script>\n<!-- \/ Yoast SEO plugin. -->","yoast_head_json":{"title":"Industrie und Chemie | Argon &amp; Co","description":"Argon & Co unterst\u00fctzt Kunden aus der Industrie und Chemie bei der Verbesserung ihrer betrieblichen Leistung, Kundenprozesse, Servicestrategien, Kostensenkung und vielem mehr.","robots":{"index":"index","follow":"follow","max-snippet":"max-snippet:-1","max-image-preview":"max-image-preview:large","max-video-preview":"max-video-preview:-1"},"canonical":"https:\/\/www.argonandco.com\/de\/branchen\/industrie-und-chemie\/","og_locale":"de_DE","og_type":"article","og_title":"Industrie und Chemie | Argon &amp; Co","og_description":"Argon & Co unterst\u00fctzt Kunden aus der Industrie und Chemie bei der Verbesserung ihrer betrieblichen Leistung, Kundenprozesse, Servicestrategien, Kostensenkung und vielem mehr.","og_url":"https:\/\/www.argonandco.com\/de\/branchen\/industrie-und-chemie\/","og_site_name":"Argon &amp; Co","article_modified_time":"2025-11-20T12:05:15+00:00","twitter_card":"summary_large_image","twitter_misc":{"Gesch\u00e4tzte Lesezeit":"2 Minuten"},"schema":{"@context":"https:\/\/schema.org","@graph":[{"@type":"WebPage","@id":"https:\/\/www.argonandco.com\/de\/branchen\/industrie-und-chemie\/","url":"https:\/\/www.argonandco.com\/de\/branchen\/industrie-und-chemie\/","name":"Industrie und Chemie | Argon &amp; Co","isPartOf":{"@id":"https:\/\/www.argonandco.com\/de\/#website"},"datePublished":"2019-09-06T14:23:34+00:00","dateModified":"2025-11-20T12:05:15+00:00","description":"Argon & Co unterst\u00fctzt Kunden aus der Industrie und Chemie bei der Verbesserung ihrer betrieblichen Leistung, Kundenprozesse, Servicestrategien, Kostensenkung und vielem mehr.","breadcrumb":{"@id":"https:\/\/www.argonandco.com\/de\/branchen\/industrie-und-chemie\/#breadcrumb"},"inLanguage":"de","potentialAction":[{"@type":"ReadAction","target":["https:\/\/www.argonandco.com\/de\/branchen\/industrie-und-chemie\/"]}]},{"@type":"BreadcrumbList","@id":"https:\/\/www.argonandco.com\/de\/branchen\/industrie-und-chemie\/#breadcrumb","itemListElement":[{"@type":"ListItem","position":1,"name":"Home","item":"https:\/\/www.argonandco.com\/de\/"},{"@type":"ListItem","position":2,"name":"Branchen","item":"https:\/\/www.argonandco.com\/de\/branchen\/"},{"@type":"ListItem","position":3,"name":"Industrie und Chemie"}]},{"@type":"WebSite","@id":"https:\/\/www.argonandco.com\/de\/#website","url":"https:\/\/www.argonandco.com\/de\/","name":"Argon &amp; Co","description":"We help clients achieve their strategic and operational objectives, working together to transform their businesses and generate real change.","potentialAction":[{"@type":"SearchAction","target":{"@type":"EntryPoint","urlTemplate":"https:\/\/www.argonandco.com\/de\/?s={search_term_string}"},"query-input":{"@type":"PropertyValueSpecification","valueRequired":true,"valueName":"search_term_string"}}],"inLanguage":"de"}]}},"_links":{"self":[{"href":"https:\/\/www.argonandco.com\/de\/wp-json\/wp\/v2\/pages\/30366","targetHints":{"allow":["GET"]}}],"collection":[{"href":"https:\/\/www.argonandco.com\/de\/wp-json\/wp\/v2\/pages"}],"about":[{"href":"https:\/\/www.argonandco.com\/de\/wp-json\/wp\/v2\/types\/page"}],"author":[{"embeddable":true,"href":"https:\/\/www.argonandco.com\/de\/wp-json\/wp\/v2\/users\/1"}],"replies":[{"embeddable":true,"href":"https:\/\/www.argonandco.com\/de\/wp-json\/wp\/v2\/comments?post=30366"}],"version-history":[{"count":0,"href":"https:\/\/www.argonandco.com\/de\/wp-json\/wp\/v2\/pages\/30366\/revisions"}],"up":[{"embeddable":true,"href":"https:\/\/www.argonandco.com\/de\/wp-json\/wp\/v2\/pages\/30380"}],"wp:attachment":[{"href":"https:\/\/www.argonandco.com\/de\/wp-json\/wp\/v2\/media?parent=30366"}],"curies":[{"name":"wp","href":"https:\/\/api.w.org\/{rel}","templated":true}]}}