{"id":30364,"date":"2019-09-06T15:23:34","date_gmt":"2019-09-06T14:23:34","guid":{"rendered":"https:\/\/www.argonandco.com\/life-sciences\/"},"modified":"2025-11-20T12:05:28","modified_gmt":"2025-11-20T12:05:28","slug":"life-sciences","status":"publish","type":"page","link":"https:\/\/www.argonandco.com\/de\/branchen\/life-sciences\/","title":{"rendered":"Life Sciences"},"content":{"rendered":"<h2>Biowissenschaften<\/h2>\n<p>Die Life-Sciences-Branche, die in der Vergangenheit sehr profitabel war, befindet sich derzeit in einem beschleunigten Wandel, der durch wirtschaftlichen Druck, steigende regulatorische Anforderungen, Preis- und Leistungswettbewerb bei OTC-Produkten, Deregulierung und die Rationalisierung von Produkten f\u00fcr die \u00f6ffentliche Gesundheit gepr\u00e4gt ist.<\/p>\n<h2>Herausforderungen in der Life-Sciences-Branche<\/h2>\n<p>Angesichts dieser Entwicklungen m\u00fcssen pharmazeutische Labore ihren Kundenservice kontinuierlich verbessern, indem sie neue Produkte entwickeln\/auf den Markt bringen oder bestehende Produkte verbessern und den Service f\u00fcr Patienten und verschreibende \u00c4rzte ausbauen, wobei sie die Vorteile digitaler M\u00f6glichkeiten nutzen sollten.<\/p>\n<p>Die Labore m\u00fcssen auch weiterhin nach Skaleneffekten suchen, um die steigenden Kosten f\u00fcr Forschung und Entwicklung durch industrielle oder Vertriebssynergien zu senken. \u00dcbernahmen m\u00fcssen effektiv integriert werden, insbesondere in Bezug auf die Organisationsstruktur, die Prozesse und die IT.<\/p>\n<p>Life-Science-Unternehmen m\u00fcssen zunehmend flexibler werden und gleichzeitig ihre Kosten kontrollieren. Dazu m\u00fcssen sie ihre Vertriebsstrategie anpassen, die Nachfragesteuerung und das Kooperationsmodell verbessern, indem sie das Gleichgewicht zwischen Nachfrage, Lagerbest\u00e4nden und industrieller Kapazit\u00e4t kontrollieren, das industrielle Modell weiterentwickeln (Entkopplungspunkte, verz\u00f6gerte Differenzierung, Kampagnengr\u00f6\u00dfe), die Lagerpolitik optimieren, den Produktionszyklus verk\u00fcrzen und das \u00c4nderungsmanagement verbessern.<\/p>\n<h2>Wie wir Ihnen bei Herausforderungen im Bereich Life Sciences helfen k\u00f6nnen<\/h2>\n<p>Wir unterst\u00fctzen Life-Science-Unternehmen bei der Transformation, von der Bewertung der Betriebsabl\u00e4ufe bis hin zur Umsetzung von Verbesserungsma\u00dfnahmen entlang der gesamten Lieferkette.<\/p>\n    <div class=\"accordion\" id=\"accordion\" data-id=\"30364\" data-eval=\"true\" data-field=\"accordions\" >\n                        <div class=\"accordion__item\">\n                    <div class=\"accordion__trigger js-accordion-trigger\">\n                        <h4 class=\"accordion__title\">Operative Strategie<\/h4>\n                        <div class=\"accordion__plus js-accordion-plus\"><\/div>\n                    <\/div>\n                    <div class=\"accordion__content js-accordion-target\">\n                        <ul>\n<li>Governance, Lieferkette und Betriebsorganisation<\/li>\n<li>Make-or-Buy-Entscheidungen und industrielle Pr\u00e4senz<\/li>\n<li>Reduzierung der Katalogkomplexit\u00e4t<\/li>\n<li>Ausgliederung\/Integration nach Fusionen<\/li>\n<\/ul>\n                    <\/div>\n                <\/div>\n                        <div class=\"accordion__item\">\n                    <div class=\"accordion__trigger js-accordion-trigger\">\n                        <h4 class=\"accordion__title\">Digitalisierung von Betriebsabl\u00e4ufen<\/h4>\n                        <div class=\"accordion__plus js-accordion-plus\"><\/div>\n                    <\/div>\n                    <div class=\"accordion__content js-accordion-target\">\n                        <ul>\n<li>Echtzeit-R\u00fcckverfolgbarkeit \u00fcber IoT (Fl\u00fcsse, Transport, parallele M\u00e4rkte, Temperatur\u00fcberwachung usw.)<\/li>\n<li>Bedarfsprognosen<\/li>\n<li>Fertigungsprozesssteuerung<\/li>\n<li>Entwicklung vorausschauender Wartung<\/li>\n<li>APS-Systemeinf\u00fchrung<\/li>\n<\/ul>\n                    <\/div>\n                <\/div>\n                        <div class=\"accordion__item\">\n                    <div class=\"accordion__trigger js-accordion-trigger\">\n                        <h4 class=\"accordion__title\">Wirtschaftliche Leistung und Kostenkontrolle<\/h4>\n                        <div class=\"accordion__plus js-accordion-plus\"><\/div>\n                    <\/div>\n                    <div class=\"accordion__content js-accordion-target\">\n                        <ul>\n<li>(Neu-)Gestaltung zur Wertsteigerung<\/li>\n<li>Effizienz der Eink\u00e4ufe\/Sollkosten der Verpackung<\/li>\n<li>industrielle Wettbewerbsf\u00e4higkeit<\/li>\n<li>Reduzierung der Lagerbest\u00e4nde<\/li>\n<li>Reduzierung der Vertriebs- und Verwaltungskosten<\/li>\n<li>Optimierung der Servicekosten und Logistikwege<\/li>\n<li>Governance und Leistungssteuerung<\/li>\n<\/ul>\n                    <\/div>\n                <\/div>\n                        <div class=\"accordion__item\">\n                    <div class=\"accordion__trigger js-accordion-trigger\">\n                        <h4 class=\"accordion__title\">Agility<\/h4>\n                        <div class=\"accordion__plus js-accordion-plus\"><\/div>\n                    <\/div>\n                    <div class=\"accordion__content js-accordion-target\">\n                        <ul>\n<li>NPI<\/li>\n<li>Synchronisierung und Ausf\u00fchrung der Planungskette: Verkauf &gt; Nachschub &gt; Produktion &gt; Bestellung<\/li>\n<li>Reaktionsf\u00e4higkeit und industrielle Flexibilit\u00e4t (MTO\/MTS, Produktionskampagnengr\u00f6\u00dfe, Sicherheitsverteilung und Stabilisierung der Nachfragesignale)<\/li>\n<\/ul>\n                    <\/div>\n                <\/div>\n                        <div class=\"accordion__item\">\n                    <div class=\"accordion__trigger js-accordion-trigger\">\n                        <h4 class=\"accordion__title\">Compliance<\/h4>\n                        <div class=\"accordion__plus js-accordion-plus\"><\/div>\n                    <\/div>\n                    <div class=\"accordion__content js-accordion-target\">\n                        <ul>\n<li>\u00c4nderungskontrollmanagement<\/li>\n<li>Serialisierungsmodellauswahl und Markteinf\u00fchrungszeitsteuerung<\/li>\n<li>Freigabeprozess<\/li>\n<li>Kontrolle der Stammdaten<\/li>\n<\/ul>\n                    <\/div>\n                <\/div>\n                        <div class=\"accordion__item\">\n                    <div class=\"accordion__trigger js-accordion-trigger\">\n                        <h4 class=\"accordion__title\">Zusammenarbeit<\/h4>\n                        <div class=\"accordion__plus js-accordion-plus\"><\/div>\n                    <\/div>\n                    <div class=\"accordion__content js-accordion-target\">\n                        <ul>\n<li>Steuerung der Lieferkette und APS-Einsatz<\/li>\n<li>Interaktion mit den CDMOs: Lieferantenentwicklung<\/li>\n<li>kollaborative Planung mit Herstellern<\/li>\n<li>Risikomanagement der Lieferquellen<\/li>\n<\/ul>\n                    <\/div>\n                <\/div>\n            <\/div>\n    \n<h2>Unser Ansatz<\/h2>\n<p>Wir kombinieren technisches Fachwissen, operative Erfahrung und betriebswirtschaftliche Kenntnisse, um unseren Kunden bei der L\u00f6sung von Problemen im Bereich Life Sciences zu helfen und nachhaltige Ergebnisse zu erzielen. Unser pers\u00f6nlicher und pragmatischer Ansatz, bei Bedarf auch mit kritischem Hinterfragen, gew\u00e4hrleistet die Akzeptanz auf allen Ebenen des Unternehmens unserer Kunden und einen erfolgreichen Abschluss. Wir haben mit einer Vielzahl von Unternehmen aus der Life-Science-Branche zusammengearbeitet, darunter Arysta, Pfizer, Merck, GSK, Bristol-Myers Squibb (BMS), Novartis, Roche, Sanofi, Servier und IPSEN. <a href=\"https:\/\/www.argonandco.com\/de\/ueber-uns\/\"><u>Erfahren Sie hier mehr \u00fcber uns.<\/u><\/a><u><\/u><\/p>\n","protected":false},"excerpt":{"rendered":"<p>Biowissenschaften Die Life-Sciences-Branche, die in der Vergangenheit sehr profitabel war, befindet sich derzeit in einem beschleunigten Wandel, der durch wirtschaftlichen Druck, steigende regulatorische Anforderungen, Preis- und Leistungswettbewerb bei OTC-Produkten, Deregulierung und die Rationalisierung von Produkten f\u00fcr die \u00f6ffentliche Gesundheit gepr\u00e4gt ist. Herausforderungen in der Life-Sciences-Branche Angesichts dieser Entwicklungen m\u00fcssen pharmazeutische Labore ihren Kundenservice kontinuierlich verbessern, [&hellip;]<\/p>\n","protected":false},"author":1,"featured_media":0,"parent":30380,"menu_order":14,"comment_status":"closed","ping_status":"closed","template":"","meta":{"_acf_changed":false,"footnotes":""},"class_list":["post-30364","page","type-page","status-publish","hentry"],"acf":[],"yoast_head":"<!-- This site is optimized with the Yoast SEO plugin v27.5 - https:\/\/yoast.com\/product\/yoast-seo-wordpress\/ -->\n<title>Life Sciences | Argon &amp; Co<\/title>\n<meta name=\"description\" content=\"Argon &amp; Co unterst\u00fctzt Life-Science-Unternehmen bei der Transformation, von der Bewertung der Betriebsabl\u00e4ufe bis hin zur Umsetzung von Verbesserungsma\u00dfnahmen entlang der gesamten Lieferkette.\" \/>\n<meta name=\"robots\" content=\"index, follow, max-snippet:-1, max-image-preview:large, max-video-preview:-1\" \/>\n<link rel=\"canonical\" href=\"https:\/\/www.argonandco.com\/de\/branchen\/life-sciences\/\" \/>\n<meta property=\"og:locale\" content=\"de_DE\" \/>\n<meta property=\"og:type\" content=\"article\" \/>\n<meta property=\"og:title\" content=\"Life Sciences | Argon &amp; Co\" \/>\n<meta property=\"og:description\" content=\"Argon &amp; Co unterst\u00fctzt Life-Science-Unternehmen bei der Transformation, von der Bewertung der Betriebsabl\u00e4ufe bis hin zur Umsetzung von Verbesserungsma\u00dfnahmen entlang der gesamten Lieferkette.\" \/>\n<meta property=\"og:url\" content=\"https:\/\/www.argonandco.com\/de\/branchen\/life-sciences\/\" \/>\n<meta property=\"og:site_name\" content=\"Argon &amp; Co\" \/>\n<meta property=\"article:modified_time\" content=\"2025-11-20T12:05:28+00:00\" \/>\n<meta name=\"twitter:card\" content=\"summary_large_image\" \/>\n<meta name=\"twitter:label1\" content=\"Gesch\u00e4tzte Lesezeit\" \/>\n\t<meta name=\"twitter:data1\" content=\"2 Minuten\" \/>\n<script type=\"application\/ld+json\" class=\"yoast-schema-graph\">{\"@context\":\"https:\\\/\\\/schema.org\",\"@graph\":[{\"@type\":\"WebPage\",\"@id\":\"https:\\\/\\\/www.argonandco.com\\\/de\\\/branchen\\\/life-sciences\\\/\",\"url\":\"https:\\\/\\\/www.argonandco.com\\\/de\\\/branchen\\\/life-sciences\\\/\",\"name\":\"Life Sciences | Argon &amp; Co\",\"isPartOf\":{\"@id\":\"https:\\\/\\\/www.argonandco.com\\\/de\\\/#website\"},\"datePublished\":\"2019-09-06T14:23:34+00:00\",\"dateModified\":\"2025-11-20T12:05:28+00:00\",\"description\":\"Argon & Co unterst\u00fctzt Life-Science-Unternehmen bei der Transformation, von der Bewertung der Betriebsabl\u00e4ufe bis hin zur Umsetzung von Verbesserungsma\u00dfnahmen entlang der gesamten Lieferkette.\",\"breadcrumb\":{\"@id\":\"https:\\\/\\\/www.argonandco.com\\\/de\\\/branchen\\\/life-sciences\\\/#breadcrumb\"},\"inLanguage\":\"de\",\"potentialAction\":[{\"@type\":\"ReadAction\",\"target\":[\"https:\\\/\\\/www.argonandco.com\\\/de\\\/branchen\\\/life-sciences\\\/\"]}]},{\"@type\":\"BreadcrumbList\",\"@id\":\"https:\\\/\\\/www.argonandco.com\\\/de\\\/branchen\\\/life-sciences\\\/#breadcrumb\",\"itemListElement\":[{\"@type\":\"ListItem\",\"position\":1,\"name\":\"Home\",\"item\":\"https:\\\/\\\/www.argonandco.com\\\/de\\\/\"},{\"@type\":\"ListItem\",\"position\":2,\"name\":\"Branchen\",\"item\":\"https:\\\/\\\/www.argonandco.com\\\/de\\\/branchen\\\/\"},{\"@type\":\"ListItem\",\"position\":3,\"name\":\"Life Sciences\"}]},{\"@type\":\"WebSite\",\"@id\":\"https:\\\/\\\/www.argonandco.com\\\/de\\\/#website\",\"url\":\"https:\\\/\\\/www.argonandco.com\\\/de\\\/\",\"name\":\"Argon &amp; Co\",\"description\":\"We help clients achieve their strategic and operational objectives, working together to transform their businesses and generate real change.\",\"potentialAction\":[{\"@type\":\"SearchAction\",\"target\":{\"@type\":\"EntryPoint\",\"urlTemplate\":\"https:\\\/\\\/www.argonandco.com\\\/de\\\/?s={search_term_string}\"},\"query-input\":{\"@type\":\"PropertyValueSpecification\",\"valueRequired\":true,\"valueName\":\"search_term_string\"}}],\"inLanguage\":\"de\"}]}<\/script>\n<!-- \/ Yoast SEO plugin. -->","yoast_head_json":{"title":"Life Sciences | Argon &amp; Co","description":"Argon & Co unterst\u00fctzt Life-Science-Unternehmen bei der Transformation, von der Bewertung der Betriebsabl\u00e4ufe bis hin zur Umsetzung von Verbesserungsma\u00dfnahmen entlang der gesamten Lieferkette.","robots":{"index":"index","follow":"follow","max-snippet":"max-snippet:-1","max-image-preview":"max-image-preview:large","max-video-preview":"max-video-preview:-1"},"canonical":"https:\/\/www.argonandco.com\/de\/branchen\/life-sciences\/","og_locale":"de_DE","og_type":"article","og_title":"Life Sciences | Argon &amp; Co","og_description":"Argon & Co unterst\u00fctzt Life-Science-Unternehmen bei der Transformation, von der Bewertung der Betriebsabl\u00e4ufe bis hin zur Umsetzung von Verbesserungsma\u00dfnahmen entlang der gesamten Lieferkette.","og_url":"https:\/\/www.argonandco.com\/de\/branchen\/life-sciences\/","og_site_name":"Argon &amp; Co","article_modified_time":"2025-11-20T12:05:28+00:00","twitter_card":"summary_large_image","twitter_misc":{"Gesch\u00e4tzte Lesezeit":"2 Minuten"},"schema":{"@context":"https:\/\/schema.org","@graph":[{"@type":"WebPage","@id":"https:\/\/www.argonandco.com\/de\/branchen\/life-sciences\/","url":"https:\/\/www.argonandco.com\/de\/branchen\/life-sciences\/","name":"Life Sciences | Argon &amp; Co","isPartOf":{"@id":"https:\/\/www.argonandco.com\/de\/#website"},"datePublished":"2019-09-06T14:23:34+00:00","dateModified":"2025-11-20T12:05:28+00:00","description":"Argon & Co unterst\u00fctzt Life-Science-Unternehmen bei der Transformation, von der Bewertung der Betriebsabl\u00e4ufe bis hin zur Umsetzung von Verbesserungsma\u00dfnahmen entlang der gesamten Lieferkette.","breadcrumb":{"@id":"https:\/\/www.argonandco.com\/de\/branchen\/life-sciences\/#breadcrumb"},"inLanguage":"de","potentialAction":[{"@type":"ReadAction","target":["https:\/\/www.argonandco.com\/de\/branchen\/life-sciences\/"]}]},{"@type":"BreadcrumbList","@id":"https:\/\/www.argonandco.com\/de\/branchen\/life-sciences\/#breadcrumb","itemListElement":[{"@type":"ListItem","position":1,"name":"Home","item":"https:\/\/www.argonandco.com\/de\/"},{"@type":"ListItem","position":2,"name":"Branchen","item":"https:\/\/www.argonandco.com\/de\/branchen\/"},{"@type":"ListItem","position":3,"name":"Life Sciences"}]},{"@type":"WebSite","@id":"https:\/\/www.argonandco.com\/de\/#website","url":"https:\/\/www.argonandco.com\/de\/","name":"Argon &amp; Co","description":"We help clients achieve their strategic and operational objectives, working together to transform their businesses and generate real change.","potentialAction":[{"@type":"SearchAction","target":{"@type":"EntryPoint","urlTemplate":"https:\/\/www.argonandco.com\/de\/?s={search_term_string}"},"query-input":{"@type":"PropertyValueSpecification","valueRequired":true,"valueName":"search_term_string"}}],"inLanguage":"de"}]}},"_links":{"self":[{"href":"https:\/\/www.argonandco.com\/de\/wp-json\/wp\/v2\/pages\/30364","targetHints":{"allow":["GET"]}}],"collection":[{"href":"https:\/\/www.argonandco.com\/de\/wp-json\/wp\/v2\/pages"}],"about":[{"href":"https:\/\/www.argonandco.com\/de\/wp-json\/wp\/v2\/types\/page"}],"author":[{"embeddable":true,"href":"https:\/\/www.argonandco.com\/de\/wp-json\/wp\/v2\/users\/1"}],"replies":[{"embeddable":true,"href":"https:\/\/www.argonandco.com\/de\/wp-json\/wp\/v2\/comments?post=30364"}],"version-history":[{"count":0,"href":"https:\/\/www.argonandco.com\/de\/wp-json\/wp\/v2\/pages\/30364\/revisions"}],"up":[{"embeddable":true,"href":"https:\/\/www.argonandco.com\/de\/wp-json\/wp\/v2\/pages\/30380"}],"wp:attachment":[{"href":"https:\/\/www.argonandco.com\/de\/wp-json\/wp\/v2\/media?parent=30364"}],"curies":[{"name":"wp","href":"https:\/\/api.w.org\/{rel}","templated":true}]}}