{"id":30358,"date":"2019-09-06T15:23:34","date_gmt":"2019-09-06T14:23:34","guid":{"rendered":"https:\/\/www.argonandco.com\/retail-and-e-commerce\/"},"modified":"2025-11-20T12:06:22","modified_gmt":"2025-11-20T12:06:22","slug":"retail-and-e-commerce","status":"publish","type":"page","link":"https:\/\/www.argonandco.com\/de\/branchen\/retail-and-e-commerce\/","title":{"rendered":"(Online) Handel"},"content":{"rendered":"<h2>Einzelhandel und E-Commerce<\/h2>\n<p>Der Einzelhandel befindet sich weltweit in einem beispiellosen Wandel. In den letzten zehn Jahren haben reine E-Commerce-Anbieter, insbesondere im Non-Food-Bereich, ein rasantes Wachstum verzeichnet und weisen ganz andere Kostenstrukturen als traditionelle Anbieter auf. Die Margen stehen unter Druck (R\u00fcckgang der Besucherzahlen und\/oder Ums\u00e4tze, geringere Margen im E-Commerce und unterschiedliche Umsatz-\/Kostenentwicklung), und die Verbraucher sind zunehmend informiert und vielseitig.<\/p>\n<h2>Herausforderungen in der Einzelhandels- und E-Commerce-Branche<\/h2>\n<p>Die F\u00e4higkeit von Einzelh\u00e4ndlern, ein differenziertes Kundenerlebnis oder Produktangebot zu bieten, die End-to-End-Kosten radikal zu optimieren, um Margenverluste auszugleichen und notwendige Investitionen zu finanzieren, sowie operative Exzellenz zu gew\u00e4hrleisten, sind heute \u00dcberlebensvoraussetzungen.<br \/>\nAngesichts steigender Verbrauchererwartungen und des zunehmenden Drucks sind digitale Initiativen erforderlich, um das Kundenerlebnis zu transformieren, Verbraucherkenntnisse zu entwickeln und das Lieferkettenmanagement, die Absatzprognosen, das Preismanagement, die Werbeaktionen und den Filialbetrieb weiterzuentwickeln.<\/p>\n<h2>Wie wir Ihnen im Einzelhandel und E-Commerce helfen k\u00f6nnen<\/h2>\n<p>Wir arbeiten mit 10 der 25 gr\u00f6\u00dften Einzelh\u00e4ndler in Europa und einigen der f\u00fchrenden Einzelh\u00e4ndler in den USA in allen Bereichen der Wertsch\u00f6pfungskette zusammen. Wir unterst\u00fctzen unsere Kunden dabei, ihre End-to-End-Betriebsstrategie zu definieren und Transformationen umzusetzen.<\/p>\n    <div class=\"accordion\" id=\"accordion\" data-id=\"30358\" data-eval=\"true\" data-field=\"accordions\" >\n                        <div class=\"accordion__item\">\n                    <div class=\"accordion__trigger js-accordion-trigger\">\n                        <h4 class=\"accordion__title\">Neuerfindung des Einzelhandelsmodells<\/h4>\n                        <div class=\"accordion__plus js-accordion-plus\"><\/div>\n                    <\/div>\n                    <div class=\"accordion__content js-accordion-target\">\n                        <ul>\n<li>Omnichannel-Strategie<\/li>\n<li>Definition der Rolle der Filialen und Strategie zur Nutzung der Verm\u00f6genswerte<\/li>\n<li>Innovationsmanagement (Auswahl der Technologie, Partnerschaften)<\/li>\n<li>Fortgeschrittenes Datenmanagement (Verwaltung fortgeschrittener Daten, Nutzung aller verf\u00fcgbaren Daten)<\/li>\n<\/ul>\n                    <\/div>\n                <\/div>\n                        <div class=\"accordion__item\">\n                    <div class=\"accordion__trigger js-accordion-trigger\">\n                        <h4 class=\"accordion__title\">Digitale Transformation<\/h4>\n                        <div class=\"accordion__plus js-accordion-plus\"><\/div>\n                    <\/div>\n                    <div class=\"accordion__content js-accordion-target\">\n                        <ul>\n<li>KI (Kundenerfahrung, Verbrauchererkenntnisse und Lieferkettenmanagement, Umsatzprognosen, Preismanagement, Werbung und Filialbetrieb)<\/li>\n<li>Digitalisierung im Laden<\/li>\n<li>RPA<\/li>\n<\/ul>\n                    <\/div>\n                <\/div>\n                        <div class=\"accordion__item\">\n                    <div class=\"accordion__trigger js-accordion-trigger\">\n                        <h4 class=\"accordion__title\">Ladenbetrieb<\/h4>\n                        <div class=\"accordion__plus js-accordion-plus\"><\/div>\n                    <\/div>\n                    <div class=\"accordion__content js-accordion-target\">\n                        <ul>\n<li>Servicestrategie<\/li>\n<li>Produktivit\u00e4t und Lean Management am Point of Sale<\/li>\n<li>Ressourcenplanung<\/li>\n<li>Optimierung der Backoffice-Prozesse in Filialen<\/li>\n<\/ul>\n                    <\/div>\n                <\/div>\n                        <div class=\"accordion__item\">\n                    <div class=\"accordion__trigger js-accordion-trigger\">\n                        <h4 class=\"accordion__title\">Beschaffungsstrategie<\/h4>\n                        <div class=\"accordion__plus js-accordion-plus\"><\/div>\n                    <\/div>\n                    <div class=\"accordion__content js-accordion-target\">\n                        <ul>\n<li>Beschaffungsleistungsmanagement<\/li>\n<li>Optimierung und Organisation von Beschaffungsstellen<\/li>\n<li>Verhandlungsleistung mit Lieferanten<\/li>\n<li>Zusammenarbeit mit Lieferanten<\/li>\n<\/ul>\n                    <\/div>\n                <\/div>\n                        <div class=\"accordion__item\">\n                    <div class=\"accordion__trigger js-accordion-trigger\">\n                        <h4 class=\"accordion__title\">Lieferkette<\/h4>\n                        <div class=\"accordion__plus js-accordion-plus\"><\/div>\n                    <\/div>\n                    <div class=\"accordion__content js-accordion-target\">\n                        <ul>\n<li>Lieferkettenstrategie<\/li>\n<li>Organisation und Management der Lieferkette<\/li>\n<li>Lieferoptimierung<\/li>\n<li>Multi-Channel-Management und Auftragsabwicklung<\/li>\n<li>IT-Lieferketten-Masterplan<\/li>\n<\/ul>\n                    <\/div>\n                <\/div>\n                        <div class=\"accordion__item\">\n                    <div class=\"accordion__trigger js-accordion-trigger\">\n                        <h4 class=\"accordion__title\">Logistik<\/h4>\n                        <div class=\"accordion__plus js-accordion-plus\"><\/div>\n                    <\/div>\n                    <div class=\"accordion__content js-accordion-target\">\n                        <ul>\n<li>Servicepolitik f\u00fcr Gesch\u00e4fte\/Internet<\/li>\n<li>End-to-End-Optimierung<\/li>\n<li>Logistik-Masterplan<\/li>\n<li>Organisation und Management der Laden-\/Weblogistik<\/li>\n<li>Logistik-Leistungspl\u00e4ne<\/li>\n<li>Mechanisierung\/Automatisierung<\/li>\n<li>Transportoptimierung<\/li>\n<\/ul>\n                    <\/div>\n                <\/div>\n                        <div class=\"accordion__item\">\n                    <div class=\"accordion__trigger js-accordion-trigger\">\n                        <h4 class=\"accordion__title\">Backoffice<\/h4>\n                        <div class=\"accordion__plus js-accordion-plus\"><\/div>\n                    <\/div>\n                    <div class=\"accordion__content js-accordion-target\">\n                        <ul>\n<li>Optimierung von Backoffice-Funktionen<\/li>\n<li>Shared Services und Outsourcing<\/li>\n<li>Optimierung\/Automatisierung von Supportprozessen<\/li>\n<li>Service- und Leistungsmanagement<\/li>\n<\/ul>\n                    <\/div>\n                <\/div>\n                        <div class=\"accordion__item\">\n                    <div class=\"accordion__trigger js-accordion-trigger\">\n                        <h4 class=\"accordion__title\">Transformations- und Ver\u00e4nderungsmanagement<\/h4>\n                        <div class=\"accordion__plus js-accordion-plus\"><\/div>\n                    <\/div>\n                    <div class=\"accordion__content js-accordion-target\">\n                        <ul>\n<li>Transformationsplan<\/li>\n<li>Mobilisierung der Interessengruppen<\/li>\n<li>Unterst\u00fctzung bei der Transformation von Unternehmen und Organisationen<\/li>\n<\/ul>\n                    <\/div>\n                <\/div>\n            <\/div>\n    \n<h2>Unser Ansatz<\/h2>\n<p>Wir kombinieren technisches Fachwissen, operative Erfahrung und betriebswirtschaftliche Kenntnisse, um unseren Kunden bei der L\u00f6sung von Problemen im Einzelhandel und E-Commerce zu helfen und nachhaltige Ergebnisse zu erzielen. Unser pers\u00f6nlicher und pragmatischer Ansatz, der bei Bedarf auch Herausforderungen nicht scheut, gew\u00e4hrleistet die Akzeptanz auf allen Ebenen des Unternehmens unserer Kunden und einen erfolgreichen Abschluss. Wir haben mit einer Vielzahl von Unternehmen aus dem Einzelhandel und E-Commerce zusammengearbeitet, darunter Amazon, Williams-Sonoma, Target, JB Hi-Fi, IKEA, Intermarche, Carter&#8217;s, Carrefour, Waitrose und Reliance Retail. <a href=\"https:\/\/www.argonandco.com\/de\/ueber-uns\/\"><u>Erfahren Sie hier mehr \u00fcber uns.<\/u><\/a><\/p>\n","protected":false},"excerpt":{"rendered":"<p>Einzelhandel und E-Commerce Der Einzelhandel befindet sich weltweit in einem beispiellosen Wandel. In den letzten zehn Jahren haben reine E-Commerce-Anbieter, insbesondere im Non-Food-Bereich, ein rasantes Wachstum verzeichnet und weisen ganz andere Kostenstrukturen als traditionelle Anbieter auf. Die Margen stehen unter Druck (R\u00fcckgang der Besucherzahlen und\/oder Ums\u00e4tze, geringere Margen im E-Commerce und unterschiedliche Umsatz-\/Kostenentwicklung), und die [&hellip;]<\/p>\n","protected":false},"author":1,"featured_media":0,"parent":30380,"menu_order":18,"comment_status":"closed","ping_status":"closed","template":"","meta":{"_acf_changed":false,"footnotes":""},"class_list":["post-30358","page","type-page","status-publish","hentry"],"acf":[],"yoast_head":"<!-- This site is optimized with the Yoast SEO plugin v27.4 - https:\/\/yoast.com\/product\/yoast-seo-wordpress\/ -->\n<title>(Online) Handel | Argon &amp; Co<\/title>\n<meta name=\"description\" content=\"Argon &amp; Co bietet 10 der 25 gr\u00f6\u00dften Einzelhandelsunternehmen Europas Beratungsdienstleistungen in den Bereichen Einzelhandels- und E-Commerce-Strategie sowie Managementberatung. Erfahren Sie mehr.\" \/>\n<meta name=\"robots\" content=\"index, follow, max-snippet:-1, max-image-preview:large, max-video-preview:-1\" \/>\n<link rel=\"canonical\" href=\"https:\/\/www.argonandco.com\/de\/branchen\/retail-and-e-commerce\/\" \/>\n<meta property=\"og:locale\" content=\"de_DE\" \/>\n<meta property=\"og:type\" content=\"article\" \/>\n<meta property=\"og:title\" content=\"(Online) Handel | Argon &amp; Co\" \/>\n<meta property=\"og:description\" content=\"Argon &amp; Co bietet 10 der 25 gr\u00f6\u00dften Einzelhandelsunternehmen Europas Beratungsdienstleistungen in den Bereichen Einzelhandels- und E-Commerce-Strategie sowie Managementberatung. Erfahren Sie mehr.\" \/>\n<meta property=\"og:url\" content=\"https:\/\/www.argonandco.com\/de\/branchen\/retail-and-e-commerce\/\" \/>\n<meta property=\"og:site_name\" content=\"Argon &amp; Co\" \/>\n<meta property=\"article:modified_time\" content=\"2025-11-20T12:06:22+00:00\" \/>\n<meta name=\"twitter:card\" content=\"summary_large_image\" \/>\n<meta name=\"twitter:label1\" content=\"Gesch\u00e4tzte Lesezeit\" \/>\n\t<meta name=\"twitter:data1\" content=\"1 Minute\" \/>\n<script type=\"application\/ld+json\" class=\"yoast-schema-graph\">{\"@context\":\"https:\\\/\\\/schema.org\",\"@graph\":[{\"@type\":\"WebPage\",\"@id\":\"https:\\\/\\\/www.argonandco.com\\\/de\\\/branchen\\\/retail-and-e-commerce\\\/\",\"url\":\"https:\\\/\\\/www.argonandco.com\\\/de\\\/branchen\\\/retail-and-e-commerce\\\/\",\"name\":\"(Online) Handel | Argon &amp; Co\",\"isPartOf\":{\"@id\":\"https:\\\/\\\/www.argonandco.com\\\/de\\\/#website\"},\"datePublished\":\"2019-09-06T14:23:34+00:00\",\"dateModified\":\"2025-11-20T12:06:22+00:00\",\"description\":\"Argon & Co bietet 10 der 25 gr\u00f6\u00dften Einzelhandelsunternehmen Europas Beratungsdienstleistungen in den Bereichen Einzelhandels- und E-Commerce-Strategie sowie Managementberatung. Erfahren Sie mehr.\",\"breadcrumb\":{\"@id\":\"https:\\\/\\\/www.argonandco.com\\\/de\\\/branchen\\\/retail-and-e-commerce\\\/#breadcrumb\"},\"inLanguage\":\"de\",\"potentialAction\":[{\"@type\":\"ReadAction\",\"target\":[\"https:\\\/\\\/www.argonandco.com\\\/de\\\/branchen\\\/retail-and-e-commerce\\\/\"]}]},{\"@type\":\"BreadcrumbList\",\"@id\":\"https:\\\/\\\/www.argonandco.com\\\/de\\\/branchen\\\/retail-and-e-commerce\\\/#breadcrumb\",\"itemListElement\":[{\"@type\":\"ListItem\",\"position\":1,\"name\":\"Home\",\"item\":\"https:\\\/\\\/www.argonandco.com\\\/de\\\/\"},{\"@type\":\"ListItem\",\"position\":2,\"name\":\"Branchen\",\"item\":\"https:\\\/\\\/www.argonandco.com\\\/de\\\/branchen\\\/\"},{\"@type\":\"ListItem\",\"position\":3,\"name\":\"(Online) Handel\"}]},{\"@type\":\"WebSite\",\"@id\":\"https:\\\/\\\/www.argonandco.com\\\/de\\\/#website\",\"url\":\"https:\\\/\\\/www.argonandco.com\\\/de\\\/\",\"name\":\"Argon &amp; Co\",\"description\":\"We help clients achieve their strategic and operational objectives, working together to transform their businesses and generate real change.\",\"potentialAction\":[{\"@type\":\"SearchAction\",\"target\":{\"@type\":\"EntryPoint\",\"urlTemplate\":\"https:\\\/\\\/www.argonandco.com\\\/de\\\/?s={search_term_string}\"},\"query-input\":{\"@type\":\"PropertyValueSpecification\",\"valueRequired\":true,\"valueName\":\"search_term_string\"}}],\"inLanguage\":\"de\"}]}<\/script>\n<!-- \/ Yoast SEO plugin. -->","yoast_head_json":{"title":"(Online) Handel | Argon &amp; Co","description":"Argon & Co bietet 10 der 25 gr\u00f6\u00dften Einzelhandelsunternehmen Europas Beratungsdienstleistungen in den Bereichen Einzelhandels- und E-Commerce-Strategie sowie Managementberatung. Erfahren Sie mehr.","robots":{"index":"index","follow":"follow","max-snippet":"max-snippet:-1","max-image-preview":"max-image-preview:large","max-video-preview":"max-video-preview:-1"},"canonical":"https:\/\/www.argonandco.com\/de\/branchen\/retail-and-e-commerce\/","og_locale":"de_DE","og_type":"article","og_title":"(Online) Handel | Argon &amp; Co","og_description":"Argon & Co bietet 10 der 25 gr\u00f6\u00dften Einzelhandelsunternehmen Europas Beratungsdienstleistungen in den Bereichen Einzelhandels- und E-Commerce-Strategie sowie Managementberatung. Erfahren Sie mehr.","og_url":"https:\/\/www.argonandco.com\/de\/branchen\/retail-and-e-commerce\/","og_site_name":"Argon &amp; Co","article_modified_time":"2025-11-20T12:06:22+00:00","twitter_card":"summary_large_image","twitter_misc":{"Gesch\u00e4tzte Lesezeit":"1 Minute"},"schema":{"@context":"https:\/\/schema.org","@graph":[{"@type":"WebPage","@id":"https:\/\/www.argonandco.com\/de\/branchen\/retail-and-e-commerce\/","url":"https:\/\/www.argonandco.com\/de\/branchen\/retail-and-e-commerce\/","name":"(Online) Handel | Argon &amp; Co","isPartOf":{"@id":"https:\/\/www.argonandco.com\/de\/#website"},"datePublished":"2019-09-06T14:23:34+00:00","dateModified":"2025-11-20T12:06:22+00:00","description":"Argon & Co bietet 10 der 25 gr\u00f6\u00dften Einzelhandelsunternehmen Europas Beratungsdienstleistungen in den Bereichen Einzelhandels- und E-Commerce-Strategie sowie Managementberatung. Erfahren Sie mehr.","breadcrumb":{"@id":"https:\/\/www.argonandco.com\/de\/branchen\/retail-and-e-commerce\/#breadcrumb"},"inLanguage":"de","potentialAction":[{"@type":"ReadAction","target":["https:\/\/www.argonandco.com\/de\/branchen\/retail-and-e-commerce\/"]}]},{"@type":"BreadcrumbList","@id":"https:\/\/www.argonandco.com\/de\/branchen\/retail-and-e-commerce\/#breadcrumb","itemListElement":[{"@type":"ListItem","position":1,"name":"Home","item":"https:\/\/www.argonandco.com\/de\/"},{"@type":"ListItem","position":2,"name":"Branchen","item":"https:\/\/www.argonandco.com\/de\/branchen\/"},{"@type":"ListItem","position":3,"name":"(Online) Handel"}]},{"@type":"WebSite","@id":"https:\/\/www.argonandco.com\/de\/#website","url":"https:\/\/www.argonandco.com\/de\/","name":"Argon &amp; Co","description":"We help clients achieve their strategic and operational objectives, working together to transform their businesses and generate real change.","potentialAction":[{"@type":"SearchAction","target":{"@type":"EntryPoint","urlTemplate":"https:\/\/www.argonandco.com\/de\/?s={search_term_string}"},"query-input":{"@type":"PropertyValueSpecification","valueRequired":true,"valueName":"search_term_string"}}],"inLanguage":"de"}]}},"_links":{"self":[{"href":"https:\/\/www.argonandco.com\/de\/wp-json\/wp\/v2\/pages\/30358","targetHints":{"allow":["GET"]}}],"collection":[{"href":"https:\/\/www.argonandco.com\/de\/wp-json\/wp\/v2\/pages"}],"about":[{"href":"https:\/\/www.argonandco.com\/de\/wp-json\/wp\/v2\/types\/page"}],"author":[{"embeddable":true,"href":"https:\/\/www.argonandco.com\/de\/wp-json\/wp\/v2\/users\/1"}],"replies":[{"embeddable":true,"href":"https:\/\/www.argonandco.com\/de\/wp-json\/wp\/v2\/comments?post=30358"}],"version-history":[{"count":0,"href":"https:\/\/www.argonandco.com\/de\/wp-json\/wp\/v2\/pages\/30358\/revisions"}],"up":[{"embeddable":true,"href":"https:\/\/www.argonandco.com\/de\/wp-json\/wp\/v2\/pages\/30380"}],"wp:attachment":[{"href":"https:\/\/www.argonandco.com\/de\/wp-json\/wp\/v2\/media?parent=30358"}],"curies":[{"name":"wp","href":"https:\/\/api.w.org\/{rel}","templated":true}]}}