{"id":30356,"date":"2019-09-06T15:23:34","date_gmt":"2019-09-06T14:23:34","guid":{"rendered":"https:\/\/www.argonandco.com\/services\/"},"modified":"2025-11-20T12:06:37","modified_gmt":"2025-11-20T12:06:37","slug":"service","status":"publish","type":"page","link":"https:\/\/www.argonandco.com\/de\/branchen\/service\/","title":{"rendered":"Service"},"content":{"rendered":"<h2>Dienstleistungen<\/h2>\n<p>Die meisten Dienstleistungsunternehmen sehen sich mit einem raschen Anstieg der Kundenanforderungen konfrontiert, sowohl hinsichtlich der Servicequalit\u00e4t als auch der Preise. Au\u00dferdem m\u00fcssen sie sich mit neuen, oft agileren Akteuren mit disruptiven Gesch\u00e4ftsmodellen auseinandersetzen. Dienstleistungsunternehmen sind gezwungen, ihr Angebot im Sinne einer st\u00e4rkeren Differenzierung und Personalisierung zu \u00fcberdenken, um eine \u201eKommodifizierung\u201d und den Verlust des direkten Kundenkontakts zu vermeiden oder sogar ihr Betriebsmodell radikal umzugestalten.<\/p>\n<h2>Herausforderungen in der Dienstleistungsbranche<\/h2>\n<p>Die digitale Transformation wird zu einer strategischen Investition und sogar zu einer \u00dcberlebensstrategie im B2C-Dienstleistungsbereich, nicht nur in Bezug auf Technologie und Dienstleistungen, sondern auch im Hinblick auf die Entwicklung der Gesch\u00e4ftsbereiche und des Humankapitals des Unternehmens.<\/p>\n<p>Auf operativer Ebene sind die Probleme bekannt und zahlreich. Insbesondere m\u00fcssen Angebote und F\u00e4higkeiten an die Marktbed\u00fcrfnisse angepasst werden, Unternehmen ben\u00f6tigen operative Flexibilit\u00e4t und m\u00fcssen ein \u00d6kosystem von Partnern schaffen, das ihrer Make-or-Buy-Strategie entspricht, und die Lohnkosten m\u00fcssen optimiert werden, da sie oft zwischen 60 % und 80 % der Betriebskosten ausmachen. Dar\u00fcber hinaus sollten Prozesse nach M\u00f6glichkeit optimiert und automatisiert und die Beziehungen zu strategischen Lieferanten verbessert werden. Au\u00dferdem muss Fachwissen aufgebaut, geb\u00fcndelt und verbreitet werden.<\/p>\n<p>Die digitale Transformation ist eine neue Herausforderung, sowohl f\u00fcr das Gesch\u00e4ft als auch f\u00fcr den Betrieb. In den meisten Dienstleistungsbereichen entstehen reine Digitalunternehmen mit disruptiven Gesch\u00e4ftsmodellen. Auch wenn die Gr\u00f6\u00dfe dieser neuen Marktteilnehmer noch keine Bedrohung darstellt, ist ihre F\u00e4higkeit, schnell einen bedeutenden Anteil am Wert eines oder mehrerer Segmente zu erobern, real. Unternehmen der Branche m\u00fcssen daher einerseits die Kunden- und Gesch\u00e4ftsdimensionen der Digitalisierung und andererseits ihre operative Effizienz verstehen.<\/p>\n<h2>Wie wir der Dienstleistungsbranche helfen k\u00f6nnen<\/h2>\n<p><span style=\"font-weight: 400;\">Wir unterst\u00fctzen Kunden dieser Branche bei ihrer Transformation von der Bewertung der Herausforderungen bis hin zur Umsetzung aller operativen Leistungsfaktoren:\u00a0<\/span><\/p>\n    <div class=\"accordion\" id=\"accordion\" data-id=\"30356\" data-eval=\"true\" data-field=\"accordions\" >\n                        <div class=\"accordion__item\">\n                    <div class=\"accordion__trigger js-accordion-trigger\">\n                        <h4 class=\"accordion__title\">Strategie<\/h4>\n                        <div class=\"accordion__plus js-accordion-plus\"><\/div>\n                    <\/div>\n                    <div class=\"accordion__content js-accordion-target\">\n                        <ul>\n<li>Unterst\u00fctzung bei der Reflexion der digitalen Strategie und Einf\u00fchrung von PoCs<\/li>\n<li>\u00dcberpr\u00fcfung des Angebotsportfolios entsprechend den Marktanforderungen<\/li>\n<li>Unterst\u00fctzung bei der Neuausrichtung der Gesch\u00e4ftsstrategie und beim Outsourcing\/bei der Zusammenarbeit mit wichtigen Lieferanten<\/li>\n<\/ul>\n                    <\/div>\n                <\/div>\n                        <div class=\"accordion__item\">\n                    <div class=\"accordion__trigger js-accordion-trigger\">\n                        <h4 class=\"accordion__title\">Kompetenzen<\/h4>\n                        <div class=\"accordion__plus js-accordion-plus\"><\/div>\n                    <\/div>\n                    <div class=\"accordion__content js-accordion-target\">\n                        <ul>\n<li>Schnell neue Kompetenzen und F\u00e4higkeiten erwerben<\/li>\n<li>Die Servicekultur st\u00e4rken<\/li>\n<\/ul>\n                    <\/div>\n                <\/div>\n                        <div class=\"accordion__item\">\n                    <div class=\"accordion__trigger js-accordion-trigger\">\n                        <h4 class=\"accordion__title\">Optimierung und Transformation<\/h4>\n                        <div class=\"accordion__plus js-accordion-plus\"><\/div>\n                    <\/div>\n                    <div class=\"accordion__content js-accordion-target\">\n                        <ul>\n<li>Pyramide optimieren (Lohnabrechnung)<\/li>\n<li>Kompetenzzentren aufbauen<\/li>\n<li>Lieferprozesse umgestalten<\/li>\n<li>Nearshoring-Ressourcen nutzen<\/li>\n<li>Vertriebs- und Verwaltungskosten sowie Lieferantenbeziehungen optimieren<\/li>\n<li>Den digitalen Wandel meistern<\/li>\n<\/ul>\n                    <\/div>\n                <\/div>\n            <\/div>\n    \n<h2>Unser Ansatz<\/h2>\n<p>Wir kombinieren technisches Fachwissen, operative Erfahrung und betriebswirtschaftliche Kenntnisse, um unseren Kunden bei der L\u00f6sung von Serviceproblemen zu helfen und dauerhafte Ergebnisse zu erzielen. Unser pers\u00f6nlicher und pragmatischer Ansatz, der bei Bedarf auch Herausforderungen nicht scheut, gew\u00e4hrleistet die Akzeptanz auf allen Ebenen des Unternehmens unserer Kunden und einen erfolgreichen Abschluss. Wir haben mit einer Vielzahl von Unternehmen aus der Dienstleistungsbranche zusammengearbeitet, darunter St John Ambulance, Europ Assistance, Communisis, Banque de France, GPT Group, Foncia, Elior Group, Suncorp, Crown Commercial Service und American Express. <a href=\"https:\/\/www.argonandco.com\/de\/ueber-uns\/\"><u>Erfahren Sie hier mehr \u00fcber uns.<\/u><\/a><\/p>\n","protected":false},"excerpt":{"rendered":"<p>Dienstleistungen Die meisten Dienstleistungsunternehmen sehen sich mit einem raschen Anstieg der Kundenanforderungen konfrontiert, sowohl hinsichtlich der Servicequalit\u00e4t als auch der Preise. Au\u00dferdem m\u00fcssen sie sich mit neuen, oft agileren Akteuren mit disruptiven Gesch\u00e4ftsmodellen auseinandersetzen. Dienstleistungsunternehmen sind gezwungen, ihr Angebot im Sinne einer st\u00e4rkeren Differenzierung und Personalisierung zu \u00fcberdenken, um eine \u201eKommodifizierung\u201d und den Verlust des [&hellip;]<\/p>\n","protected":false},"author":1,"featured_media":0,"parent":30380,"menu_order":18,"comment_status":"closed","ping_status":"closed","template":"","meta":{"_acf_changed":false,"footnotes":""},"class_list":["post-30356","page","type-page","status-publish","hentry"],"acf":[],"yoast_head":"<!-- This site is optimized with the Yoast SEO plugin v27.4 - https:\/\/yoast.com\/product\/yoast-seo-wordpress\/ -->\n<title>Service | Argon &amp; Co<\/title>\n<meta name=\"robots\" content=\"index, follow, max-snippet:-1, max-image-preview:large, max-video-preview:-1\" \/>\n<link rel=\"canonical\" href=\"https:\/\/www.argonandco.com\/de\/branchen\/service\/\" \/>\n<meta property=\"og:locale\" content=\"de_DE\" \/>\n<meta property=\"og:type\" content=\"article\" \/>\n<meta property=\"og:title\" content=\"Service | Argon &amp; Co\" \/>\n<meta property=\"og:description\" content=\"Dienstleistungen Die meisten Dienstleistungsunternehmen sehen sich mit einem raschen Anstieg der Kundenanforderungen konfrontiert, sowohl hinsichtlich der Servicequalit\u00e4t als auch der Preise. Au\u00dferdem m\u00fcssen sie sich mit neuen, oft agileren Akteuren mit disruptiven Gesch\u00e4ftsmodellen auseinandersetzen. Dienstleistungsunternehmen sind gezwungen, ihr Angebot im Sinne einer st\u00e4rkeren Differenzierung und Personalisierung zu \u00fcberdenken, um eine \u201eKommodifizierung\u201d und den Verlust des [&hellip;]\" \/>\n<meta property=\"og:url\" content=\"https:\/\/www.argonandco.com\/de\/branchen\/service\/\" \/>\n<meta property=\"og:site_name\" content=\"Argon &amp; Co\" \/>\n<meta property=\"article:modified_time\" content=\"2025-11-20T12:06:37+00:00\" \/>\n<meta name=\"twitter:card\" content=\"summary_large_image\" \/>\n<meta name=\"twitter:label1\" content=\"Gesch\u00e4tzte Lesezeit\" \/>\n\t<meta name=\"twitter:data1\" content=\"2 Minuten\" \/>\n<script type=\"application\/ld+json\" class=\"yoast-schema-graph\">{\"@context\":\"https:\\\/\\\/schema.org\",\"@graph\":[{\"@type\":\"WebPage\",\"@id\":\"https:\\\/\\\/www.argonandco.com\\\/de\\\/branchen\\\/service\\\/\",\"url\":\"https:\\\/\\\/www.argonandco.com\\\/de\\\/branchen\\\/service\\\/\",\"name\":\"Service | Argon &amp; Co\",\"isPartOf\":{\"@id\":\"https:\\\/\\\/www.argonandco.com\\\/de\\\/#website\"},\"datePublished\":\"2019-09-06T14:23:34+00:00\",\"dateModified\":\"2025-11-20T12:06:37+00:00\",\"breadcrumb\":{\"@id\":\"https:\\\/\\\/www.argonandco.com\\\/de\\\/branchen\\\/service\\\/#breadcrumb\"},\"inLanguage\":\"de\",\"potentialAction\":[{\"@type\":\"ReadAction\",\"target\":[\"https:\\\/\\\/www.argonandco.com\\\/de\\\/branchen\\\/service\\\/\"]}]},{\"@type\":\"BreadcrumbList\",\"@id\":\"https:\\\/\\\/www.argonandco.com\\\/de\\\/branchen\\\/service\\\/#breadcrumb\",\"itemListElement\":[{\"@type\":\"ListItem\",\"position\":1,\"name\":\"Home\",\"item\":\"https:\\\/\\\/www.argonandco.com\\\/de\\\/\"},{\"@type\":\"ListItem\",\"position\":2,\"name\":\"Branchen\",\"item\":\"https:\\\/\\\/www.argonandco.com\\\/de\\\/branchen\\\/\"},{\"@type\":\"ListItem\",\"position\":3,\"name\":\"Service\"}]},{\"@type\":\"WebSite\",\"@id\":\"https:\\\/\\\/www.argonandco.com\\\/de\\\/#website\",\"url\":\"https:\\\/\\\/www.argonandco.com\\\/de\\\/\",\"name\":\"Argon &amp; Co\",\"description\":\"We help clients achieve their strategic and operational objectives, working together to transform their businesses and generate real change.\",\"potentialAction\":[{\"@type\":\"SearchAction\",\"target\":{\"@type\":\"EntryPoint\",\"urlTemplate\":\"https:\\\/\\\/www.argonandco.com\\\/de\\\/?s={search_term_string}\"},\"query-input\":{\"@type\":\"PropertyValueSpecification\",\"valueRequired\":true,\"valueName\":\"search_term_string\"}}],\"inLanguage\":\"de\"}]}<\/script>\n<!-- \/ Yoast SEO plugin. -->","yoast_head_json":{"title":"Service | Argon &amp; Co","robots":{"index":"index","follow":"follow","max-snippet":"max-snippet:-1","max-image-preview":"max-image-preview:large","max-video-preview":"max-video-preview:-1"},"canonical":"https:\/\/www.argonandco.com\/de\/branchen\/service\/","og_locale":"de_DE","og_type":"article","og_title":"Service | Argon &amp; Co","og_description":"Dienstleistungen Die meisten Dienstleistungsunternehmen sehen sich mit einem raschen Anstieg der Kundenanforderungen konfrontiert, sowohl hinsichtlich der Servicequalit\u00e4t als auch der Preise. Au\u00dferdem m\u00fcssen sie sich mit neuen, oft agileren Akteuren mit disruptiven Gesch\u00e4ftsmodellen auseinandersetzen. Dienstleistungsunternehmen sind gezwungen, ihr Angebot im Sinne einer st\u00e4rkeren Differenzierung und Personalisierung zu \u00fcberdenken, um eine \u201eKommodifizierung\u201d und den Verlust des [&hellip;]","og_url":"https:\/\/www.argonandco.com\/de\/branchen\/service\/","og_site_name":"Argon &amp; Co","article_modified_time":"2025-11-20T12:06:37+00:00","twitter_card":"summary_large_image","twitter_misc":{"Gesch\u00e4tzte Lesezeit":"2 Minuten"},"schema":{"@context":"https:\/\/schema.org","@graph":[{"@type":"WebPage","@id":"https:\/\/www.argonandco.com\/de\/branchen\/service\/","url":"https:\/\/www.argonandco.com\/de\/branchen\/service\/","name":"Service | Argon &amp; Co","isPartOf":{"@id":"https:\/\/www.argonandco.com\/de\/#website"},"datePublished":"2019-09-06T14:23:34+00:00","dateModified":"2025-11-20T12:06:37+00:00","breadcrumb":{"@id":"https:\/\/www.argonandco.com\/de\/branchen\/service\/#breadcrumb"},"inLanguage":"de","potentialAction":[{"@type":"ReadAction","target":["https:\/\/www.argonandco.com\/de\/branchen\/service\/"]}]},{"@type":"BreadcrumbList","@id":"https:\/\/www.argonandco.com\/de\/branchen\/service\/#breadcrumb","itemListElement":[{"@type":"ListItem","position":1,"name":"Home","item":"https:\/\/www.argonandco.com\/de\/"},{"@type":"ListItem","position":2,"name":"Branchen","item":"https:\/\/www.argonandco.com\/de\/branchen\/"},{"@type":"ListItem","position":3,"name":"Service"}]},{"@type":"WebSite","@id":"https:\/\/www.argonandco.com\/de\/#website","url":"https:\/\/www.argonandco.com\/de\/","name":"Argon &amp; Co","description":"We help clients achieve their strategic and operational objectives, working together to transform their businesses and generate real change.","potentialAction":[{"@type":"SearchAction","target":{"@type":"EntryPoint","urlTemplate":"https:\/\/www.argonandco.com\/de\/?s={search_term_string}"},"query-input":{"@type":"PropertyValueSpecification","valueRequired":true,"valueName":"search_term_string"}}],"inLanguage":"de"}]}},"_links":{"self":[{"href":"https:\/\/www.argonandco.com\/de\/wp-json\/wp\/v2\/pages\/30356","targetHints":{"allow":["GET"]}}],"collection":[{"href":"https:\/\/www.argonandco.com\/de\/wp-json\/wp\/v2\/pages"}],"about":[{"href":"https:\/\/www.argonandco.com\/de\/wp-json\/wp\/v2\/types\/page"}],"author":[{"embeddable":true,"href":"https:\/\/www.argonandco.com\/de\/wp-json\/wp\/v2\/users\/1"}],"replies":[{"embeddable":true,"href":"https:\/\/www.argonandco.com\/de\/wp-json\/wp\/v2\/comments?post=30356"}],"version-history":[{"count":0,"href":"https:\/\/www.argonandco.com\/de\/wp-json\/wp\/v2\/pages\/30356\/revisions"}],"up":[{"embeddable":true,"href":"https:\/\/www.argonandco.com\/de\/wp-json\/wp\/v2\/pages\/30380"}],"wp:attachment":[{"href":"https:\/\/www.argonandco.com\/de\/wp-json\/wp\/v2\/media?parent=30356"}],"curies":[{"name":"wp","href":"https:\/\/api.w.org\/{rel}","templated":true}]}}