{"id":30354,"date":"2019-09-06T15:23:34","date_gmt":"2019-09-06T14:23:34","guid":{"rendered":"https:\/\/www.argonandco.com\/transport-and-logistics\/"},"modified":"2025-11-20T12:06:53","modified_gmt":"2025-11-20T12:06:53","slug":"transport-und-logistik","status":"publish","type":"page","link":"https:\/\/www.argonandco.com\/de\/branchen\/transport-und-logistik\/","title":{"rendered":"Transport und Logistik"},"content":{"rendered":"<h2>Transport und Logistik<\/h2>\n<p>In einem Umfeld, das durch Marktliberalisierung, das Aufkommen neuer Akteure, rasantes Verkehrswachstum und sich wandelnde Verbrauchererwartungen gekennzeichnet ist, sind Transport- und Logistikunternehmen gezwungen, ihr Gesch\u00e4ftsmodell und ihre Organisation grundlegend zu ver\u00e4ndern.<\/p>\n<h2>Herausforderungen in der Transport- und Logistikbranche<\/h2>\n<p>In der Luftfahrtbranche bedeuten das Aufkommen des \u201eLow-Cost\u201c-Modells und der Aufstieg neuer Akteure mit starken Wettbewerbsvorteilen, dass Unternehmen nach nachhaltigen Skaleneffekten suchen m\u00fcssen.<\/p>\n<p>In der Eisenbahnbranche sehen sich die etablierten Betreiber nicht nur mit der \u00d6ffnung des Personenverkehrsmarktes und Herausforderungen im Zusammenhang mit der Flexibilit\u00e4t konfrontiert, sondern m\u00fcssen auch ihre Wettbewerbsf\u00e4higkeit deutlich verbessern und gleichzeitig die Finanzierung der Infrastruktur sicherstellen.<\/p>\n<h2>Wie wir Ihnen bei Transport und Logistik helfen k\u00f6nnen<\/h2>\n<p>Wir unterst\u00fctzen einige der wichtigsten Akteure der Branche, darunter Unternehmen aus den Bereichen Tourismus und Luftverkehr, See- und Schienenverkehr, Postdienste, Kurier- und Logistikdienstleistungen. Wir unterst\u00fctzen sie bei der Umstrukturierung und der Steigerung ihrer betrieblichen Effizienz in allen Bereichen der Wertsch\u00f6pfungskette.<\/p>\n    <div class=\"accordion\" id=\"accordion\" data-id=\"30354\" data-eval=\"true\" data-field=\"accordions\" >\n                        <div class=\"accordion__item\">\n                    <div class=\"accordion__trigger js-accordion-trigger\">\n                        <h4 class=\"accordion__title\">Beschaffung<\/h4>\n                        <div class=\"accordion__plus js-accordion-plus\"><\/div>\n                    <\/div>\n                    <div class=\"accordion__content js-accordion-target\">\n                        <ul>\n<li>Beschaffungsstrategie<\/li>\n<li>Eigenfertigung oder Zukauf<\/li>\n<li>Organisation und Leistungsmanagement<\/li>\n<li>(Neu-)Gestaltung zu Zielkosten<\/li>\n<li>Beschaffungsleistungspl\u00e4ne<\/li>\n<\/ul>\n                    <\/div>\n                <\/div>\n                        <div class=\"accordion__item\">\n                    <div class=\"accordion__trigger js-accordion-trigger\">\n                        <h4 class=\"accordion__title\">Fertigung (Produktion und Wartung)<\/h4>\n                        <div class=\"accordion__plus js-accordion-plus\"><\/div>\n                    <\/div>\n                    <div class=\"accordion__content js-accordion-target\">\n                        <ul>\n<li>Strategie f\u00fcr Verm\u00f6genswerte<\/li>\n<li>Instandhaltungs- und Arbeitsplanung<\/li>\n<li>Schlanke Instandhaltung und operative Exzellenz<\/li>\n<li>Optimierung der Ersatzteilversorgung<\/li>\n<li>Vorausschauende Instandhaltung<\/li>\n<\/ul>\n                    <\/div>\n                <\/div>\n                        <div class=\"accordion__item\">\n                    <div class=\"accordion__trigger js-accordion-trigger\">\n                        <h4 class=\"accordion__title\">Logistik<\/h4>\n                        <div class=\"accordion__plus js-accordion-plus\"><\/div>\n                    <\/div>\n                    <div class=\"accordion__content js-accordion-target\">\n                        <ul>\n<li>Servicepolitik<\/li>\n<li>Logistik-Masterpl\u00e4ne<\/li>\n<li>Logistikorganisation und -management<\/li>\n<li>Logistikleistungspl\u00e4ne<\/li>\n<li>Mechanisierung\/Automatisierung von Logistikstandorten<\/li>\n<li>Transportoptimierung<\/li>\n<\/ul>\n                    <\/div>\n                <\/div>\n                        <div class=\"accordion__item\">\n                    <div class=\"accordion__trigger js-accordion-trigger\">\n                        <h4 class=\"accordion__title\">Betrieb<\/h4>\n                        <div class=\"accordion__plus js-accordion-plus\"><\/div>\n                    <\/div>\n                    <div class=\"accordion__content js-accordion-target\">\n                        <ul>\n<li>Produktivit\u00e4t\/Lean<\/li>\n<li>Ressourcenplanung<\/li>\n<li>Optimierung von Backoffice-Prozessen<\/li>\n<\/ul>\n                    <\/div>\n                <\/div>\n                        <div class=\"accordion__item\">\n                    <div class=\"accordion__trigger js-accordion-trigger\">\n                        <h4 class=\"accordion__title\">Backoffice<\/h4>\n                        <div class=\"accordion__plus js-accordion-plus\"><\/div>\n                    <\/div>\n                    <div class=\"accordion__content js-accordion-target\">\n                        <ul>\n<li>Optimierung von Organisationen<\/li>\n<li>Gemeinsam genutzte Dienste und Outsourcing<\/li>\n<li>Optimierung\/Automatisierung von Supportprozessen<\/li>\n<li>Service- und Leistungsmanagement<\/li>\n<\/ul>\n                    <\/div>\n                <\/div>\n                        <div class=\"accordion__item\">\n                    <div class=\"accordion__trigger js-accordion-trigger\">\n                        <h4 class=\"accordion__title\">Digitalstrategie<\/h4>\n                        <div class=\"accordion__plus js-accordion-plus\"><\/div>\n                    <\/div>\n                    <div class=\"accordion__content js-accordion-target\">\n                        <ul>\n<li>Digitalstrategie<\/li>\n<li>Kollaborative Plattformen<\/li>\n<li>KI (Kundenerfahrung, Verbrauchererkenntnisse, Prognosen, Preismanagement, Werbeaktionen und Betriebsabl\u00e4ufe)<\/li>\n<li>IoT (R\u00fcckverfolgbarkeit)<\/li>\n<li>RPA<\/li>\n<\/ul>\n                    <\/div>\n                <\/div>\n            <\/div>\n    \n<h2>Unser Ansatz<\/h2>\n<p>Wir kombinieren technisches Fachwissen, operative Erfahrung und betriebswirtschaftliche Kenntnisse, um unseren Kunden bei der L\u00f6sung ihrer Transport- und Logistikprobleme zu helfen und nachhaltige Ergebnisse zu erzielen. Unser pers\u00f6nlicher und pragmatischer Ansatz, der bei Bedarf auch Herausforderungen nicht scheut, gew\u00e4hrleistet die Akzeptanz auf allen Ebenen des Unternehmens unserer Kunden und einen erfolgreichen Abschluss. Wir haben mit einer Vielzahl von Unternehmen aus der Transport- und Logistikbranche zusammengearbeitet, darunter Kuehne + Nagel, Hills, Bunzl Retail Supplies, Swire Cold Storage, La Poste, AirFrance, GEODIS, Swire, ID Logistics, FM Logistic und SNCF. <a href=\"https:\/\/www.argonandco.com\/de\/ueber-uns\/\"><u>Erfahren Sie hier mehr \u00fcber uns.<\/u><\/a><u><\/u><\/p>\n","protected":false},"excerpt":{"rendered":"<p>Transport und Logistik In einem Umfeld, das durch Marktliberalisierung, das Aufkommen neuer Akteure, rasantes Verkehrswachstum und sich wandelnde Verbrauchererwartungen gekennzeichnet ist, sind Transport- und Logistikunternehmen gezwungen, ihr Gesch\u00e4ftsmodell und ihre Organisation grundlegend zu ver\u00e4ndern. Herausforderungen in der Transport- und Logistikbranche In der Luftfahrtbranche bedeuten das Aufkommen des \u201eLow-Cost\u201c-Modells und der Aufstieg neuer Akteure mit starken [&hellip;]<\/p>\n","protected":false},"author":1,"featured_media":0,"parent":30380,"menu_order":20,"comment_status":"closed","ping_status":"closed","template":"","meta":{"_acf_changed":false,"footnotes":""},"class_list":["post-30354","page","type-page","status-publish","hentry"],"acf":[],"yoast_head":"<!-- This site is optimized with the Yoast SEO plugin v27.5 - https:\/\/yoast.com\/product\/yoast-seo-wordpress\/ -->\n<title>Transport und Logistik | Argon &amp; Co<\/title>\n<meta name=\"description\" content=\"Argon &amp; Co bietet weltweit Managementberatung f\u00fcr Logistik- und Transportunternehmen: Tourismus, Luftfahrt, Seeverkehr, Schienenverkehr, Postwesen, Kurierdienste. Erfahren Sie mehr.\" \/>\n<meta name=\"robots\" content=\"index, follow, max-snippet:-1, max-image-preview:large, max-video-preview:-1\" \/>\n<link rel=\"canonical\" href=\"https:\/\/www.argonandco.com\/de\/branchen\/transport-und-logistik\/\" \/>\n<meta property=\"og:locale\" content=\"de_DE\" \/>\n<meta property=\"og:type\" content=\"article\" \/>\n<meta property=\"og:title\" content=\"Transport und Logistik | Argon &amp; Co\" \/>\n<meta property=\"og:description\" content=\"Argon &amp; Co bietet weltweit Managementberatung f\u00fcr Logistik- und Transportunternehmen: Tourismus, Luftfahrt, Seeverkehr, Schienenverkehr, Postwesen, Kurierdienste. Erfahren Sie mehr.\" \/>\n<meta property=\"og:url\" content=\"https:\/\/www.argonandco.com\/de\/branchen\/transport-und-logistik\/\" \/>\n<meta property=\"og:site_name\" content=\"Argon &amp; Co\" \/>\n<meta property=\"article:modified_time\" content=\"2025-11-20T12:06:53+00:00\" \/>\n<meta name=\"twitter:card\" content=\"summary_large_image\" \/>\n<meta name=\"twitter:label1\" content=\"Gesch\u00e4tzte Lesezeit\" \/>\n\t<meta name=\"twitter:data1\" content=\"1 Minute\" \/>\n<script type=\"application\/ld+json\" class=\"yoast-schema-graph\">{\"@context\":\"https:\\\/\\\/schema.org\",\"@graph\":[{\"@type\":\"WebPage\",\"@id\":\"https:\\\/\\\/www.argonandco.com\\\/de\\\/branchen\\\/transport-und-logistik\\\/\",\"url\":\"https:\\\/\\\/www.argonandco.com\\\/de\\\/branchen\\\/transport-und-logistik\\\/\",\"name\":\"Transport und Logistik | Argon &amp; Co\",\"isPartOf\":{\"@id\":\"https:\\\/\\\/www.argonandco.com\\\/de\\\/#website\"},\"datePublished\":\"2019-09-06T14:23:34+00:00\",\"dateModified\":\"2025-11-20T12:06:53+00:00\",\"description\":\"Argon & Co bietet weltweit Managementberatung f\u00fcr Logistik- und Transportunternehmen: Tourismus, Luftfahrt, Seeverkehr, Schienenverkehr, Postwesen, Kurierdienste. Erfahren Sie mehr.\",\"breadcrumb\":{\"@id\":\"https:\\\/\\\/www.argonandco.com\\\/de\\\/branchen\\\/transport-und-logistik\\\/#breadcrumb\"},\"inLanguage\":\"de\",\"potentialAction\":[{\"@type\":\"ReadAction\",\"target\":[\"https:\\\/\\\/www.argonandco.com\\\/de\\\/branchen\\\/transport-und-logistik\\\/\"]}]},{\"@type\":\"BreadcrumbList\",\"@id\":\"https:\\\/\\\/www.argonandco.com\\\/de\\\/branchen\\\/transport-und-logistik\\\/#breadcrumb\",\"itemListElement\":[{\"@type\":\"ListItem\",\"position\":1,\"name\":\"Home\",\"item\":\"https:\\\/\\\/www.argonandco.com\\\/de\\\/\"},{\"@type\":\"ListItem\",\"position\":2,\"name\":\"Branchen\",\"item\":\"https:\\\/\\\/www.argonandco.com\\\/de\\\/branchen\\\/\"},{\"@type\":\"ListItem\",\"position\":3,\"name\":\"Transport und Logistik\"}]},{\"@type\":\"WebSite\",\"@id\":\"https:\\\/\\\/www.argonandco.com\\\/de\\\/#website\",\"url\":\"https:\\\/\\\/www.argonandco.com\\\/de\\\/\",\"name\":\"Argon &amp; Co\",\"description\":\"We help clients achieve their strategic and operational objectives, working together to transform their businesses and generate real change.\",\"potentialAction\":[{\"@type\":\"SearchAction\",\"target\":{\"@type\":\"EntryPoint\",\"urlTemplate\":\"https:\\\/\\\/www.argonandco.com\\\/de\\\/?s={search_term_string}\"},\"query-input\":{\"@type\":\"PropertyValueSpecification\",\"valueRequired\":true,\"valueName\":\"search_term_string\"}}],\"inLanguage\":\"de\"}]}<\/script>\n<!-- \/ Yoast SEO plugin. -->","yoast_head_json":{"title":"Transport und Logistik | Argon &amp; Co","description":"Argon & Co bietet weltweit Managementberatung f\u00fcr Logistik- und Transportunternehmen: Tourismus, Luftfahrt, Seeverkehr, Schienenverkehr, Postwesen, Kurierdienste. Erfahren Sie mehr.","robots":{"index":"index","follow":"follow","max-snippet":"max-snippet:-1","max-image-preview":"max-image-preview:large","max-video-preview":"max-video-preview:-1"},"canonical":"https:\/\/www.argonandco.com\/de\/branchen\/transport-und-logistik\/","og_locale":"de_DE","og_type":"article","og_title":"Transport und Logistik | Argon &amp; Co","og_description":"Argon & Co bietet weltweit Managementberatung f\u00fcr Logistik- und Transportunternehmen: Tourismus, Luftfahrt, Seeverkehr, Schienenverkehr, Postwesen, Kurierdienste. Erfahren Sie mehr.","og_url":"https:\/\/www.argonandco.com\/de\/branchen\/transport-und-logistik\/","og_site_name":"Argon &amp; Co","article_modified_time":"2025-11-20T12:06:53+00:00","twitter_card":"summary_large_image","twitter_misc":{"Gesch\u00e4tzte Lesezeit":"1 Minute"},"schema":{"@context":"https:\/\/schema.org","@graph":[{"@type":"WebPage","@id":"https:\/\/www.argonandco.com\/de\/branchen\/transport-und-logistik\/","url":"https:\/\/www.argonandco.com\/de\/branchen\/transport-und-logistik\/","name":"Transport und Logistik | Argon &amp; Co","isPartOf":{"@id":"https:\/\/www.argonandco.com\/de\/#website"},"datePublished":"2019-09-06T14:23:34+00:00","dateModified":"2025-11-20T12:06:53+00:00","description":"Argon & Co bietet weltweit Managementberatung f\u00fcr Logistik- und Transportunternehmen: Tourismus, Luftfahrt, Seeverkehr, Schienenverkehr, Postwesen, Kurierdienste. Erfahren Sie mehr.","breadcrumb":{"@id":"https:\/\/www.argonandco.com\/de\/branchen\/transport-und-logistik\/#breadcrumb"},"inLanguage":"de","potentialAction":[{"@type":"ReadAction","target":["https:\/\/www.argonandco.com\/de\/branchen\/transport-und-logistik\/"]}]},{"@type":"BreadcrumbList","@id":"https:\/\/www.argonandco.com\/de\/branchen\/transport-und-logistik\/#breadcrumb","itemListElement":[{"@type":"ListItem","position":1,"name":"Home","item":"https:\/\/www.argonandco.com\/de\/"},{"@type":"ListItem","position":2,"name":"Branchen","item":"https:\/\/www.argonandco.com\/de\/branchen\/"},{"@type":"ListItem","position":3,"name":"Transport und Logistik"}]},{"@type":"WebSite","@id":"https:\/\/www.argonandco.com\/de\/#website","url":"https:\/\/www.argonandco.com\/de\/","name":"Argon &amp; Co","description":"We help clients achieve their strategic and operational objectives, working together to transform their businesses and generate real change.","potentialAction":[{"@type":"SearchAction","target":{"@type":"EntryPoint","urlTemplate":"https:\/\/www.argonandco.com\/de\/?s={search_term_string}"},"query-input":{"@type":"PropertyValueSpecification","valueRequired":true,"valueName":"search_term_string"}}],"inLanguage":"de"}]}},"_links":{"self":[{"href":"https:\/\/www.argonandco.com\/de\/wp-json\/wp\/v2\/pages\/30354","targetHints":{"allow":["GET"]}}],"collection":[{"href":"https:\/\/www.argonandco.com\/de\/wp-json\/wp\/v2\/pages"}],"about":[{"href":"https:\/\/www.argonandco.com\/de\/wp-json\/wp\/v2\/types\/page"}],"author":[{"embeddable":true,"href":"https:\/\/www.argonandco.com\/de\/wp-json\/wp\/v2\/users\/1"}],"replies":[{"embeddable":true,"href":"https:\/\/www.argonandco.com\/de\/wp-json\/wp\/v2\/comments?post=30354"}],"version-history":[{"count":0,"href":"https:\/\/www.argonandco.com\/de\/wp-json\/wp\/v2\/pages\/30354\/revisions"}],"up":[{"embeddable":true,"href":"https:\/\/www.argonandco.com\/de\/wp-json\/wp\/v2\/pages\/30380"}],"wp:attachment":[{"href":"https:\/\/www.argonandco.com\/de\/wp-json\/wp\/v2\/media?parent=30354"}],"curies":[{"name":"wp","href":"https:\/\/api.w.org\/{rel}","templated":true}]}}