{"id":30346,"date":"2019-09-11T15:04:23","date_gmt":"2019-09-11T14:04:47","guid":{"rendered":"https:\/\/www.argonandco.com\/hr-organisation\/"},"modified":"2025-11-17T13:53:48","modified_gmt":"2025-11-17T13:53:48","slug":"personalorganisation","status":"publish","type":"page","link":"https:\/\/www.argonandco.com\/de\/leistungen\/menschen-und-kultur\/personalorganisation\/","title":{"rendered":"Personalorganisation"},"content":{"rendered":"<h2><b>Einf\u00fchrung und Herausforderungen<\/b><\/h2>\n<p><span class=\"intro\"><span style=\"font-weight: 400;\">Wirtschaftliche und gesellschaftliche Ver\u00e4nderungen, die Entwicklung von Berufen, interne Umstrukturierungen (Restrukturierung, Shared Services, Outsourcing) und externe Umstrukturierungen (Fusionen\/\u00dcbernahmen, Ausgliederungen) bedeuten, dass die Personalabteilung st\u00e4ndig vor neuen Herausforderungen steht, die zur Strategie und Entwicklung des Unternehmens beitragen.<\/span><\/span><\/p>\n<p><span style=\"font-weight: 400;\">In diesem zunehmend anspruchsvollen Umfeld muss sich die Personalabteilung an Mitarbeiter mit unterschiedlichen Erwartungen und Motivationen anpassen und einen generations\u00fcbergreifenden Managementansatz verfolgen. Die Personalabteilung muss daher sicherstellen, dass ihre Organisation und ihre Aufgaben heute mit den Zielen von morgen im Einklang stehen. In diesem Zusammenhang sind die Weitergabe und Entwicklung des Wissens, des Know-hows und der Kompetenzen des Teams wichtige Themen f\u00fcr die Personalabteilung, um neuen Herausforderungen gerecht zu werden: Bereitstellung eines besseren Serviceniveaus sowohl f\u00fcr den Betrieb als auch f\u00fcr die Mitarbeiter bei gleichzeitiger Vorwegnahme und Begleitung von Ver\u00e4nderungen auf nachhaltige Weise.<\/span><\/p>\n<h2><b>Wie wir helfen k\u00f6nnen<\/b><\/h2>\n<p>Argon &amp; Co unterst\u00fctzt Personalabteilungen dabei, ihre strategischen Ziele zu erreichen, indem es Feedback und Best Practices aus komplexen und internationalen Kontexten nutzt und dabei die Kultur und das \u00d6kosystem ihres Unternehmens ber\u00fccksichtigt:<\/p>\n<ul>\n<li>Reifegradanalyse der Organisation auf Basis einer robusten und bew\u00e4hrten Methodik<\/li>\n<li>Entwurf und Umsetzung von Betriebsmodellen (Reorganisation von Funktionen\/Prozessen, Shared Service Center, Outsourcing usw.). Entwicklung einer Zielvision (einschlie\u00dflich der Erweiterung auf neue Dienstleistungen) und eines Fahrplans, der die Ambitionen und die F\u00e4higkeit zur Umsetzung aller technischen und personellen Parameter (Organisation, Soziales, Prozesse, Systeme, Infrastruktur, Governance, Management) auf der Grundlage eines realistischen Business Case integriert<\/li>\n<li>Unterst\u00fctzung der organisatorischen Transformationen des Unternehmens (Post-Merger-Integration, Restrukturierung, Ausgliederung): Bewertung der mit dem Projekt verbundenen wirtschaftlichen und sozialen Risiken, Definition des organisatorischen Ziels, organisatorische Neuausrichtung (Operations- und Supportfunktionen), Neuausrichtung der Kerngesch\u00e4ftsprozesse und des Supports, Personal- und Sozialmanagement<\/li>\n<\/ul>\n","protected":false},"excerpt":{"rendered":"<p>Einf\u00fchrung und Herausforderungen Wirtschaftliche und gesellschaftliche Ver\u00e4nderungen, die Entwicklung von Berufen, interne Umstrukturierungen (Restrukturierung, Shared Services, Outsourcing) und externe Umstrukturierungen (Fusionen\/\u00dcbernahmen, Ausgliederungen) bedeuten, dass die Personalabteilung st\u00e4ndig vor neuen Herausforderungen steht, die zur Strategie und Entwicklung des Unternehmens beitragen. In diesem zunehmend anspruchsvollen Umfeld muss sich die Personalabteilung an Mitarbeiter mit unterschiedlichen Erwartungen und Motivationen [&hellip;]<\/p>\n","protected":false},"author":1,"featured_media":0,"parent":30396,"menu_order":0,"comment_status":"closed","ping_status":"closed","template":"","meta":{"_acf_changed":false,"footnotes":""},"class_list":["post-30346","page","type-page","status-publish","hentry"],"acf":[],"yoast_head":"<!-- This site is optimized with the Yoast SEO plugin v27.4 - https:\/\/yoast.com\/product\/yoast-seo-wordpress\/ -->\n<title>HR Organisation Consultancy Services | Argon &amp; Co<\/title>\n<meta name=\"description\" content=\"We support HR departments in achieving their strategic ambitions, capitalising on feedback &amp; best practices in context of culture and ecosystem. Learn more.\" \/>\n<meta name=\"robots\" content=\"index, follow, max-snippet:-1, max-image-preview:large, max-video-preview:-1\" \/>\n<link rel=\"canonical\" href=\"https:\/\/www.argonandco.com\/de\/leistungen\/menschen-und-kultur\/personalorganisation\/\" \/>\n<meta property=\"og:locale\" content=\"de_DE\" \/>\n<meta property=\"og:type\" content=\"article\" \/>\n<meta property=\"og:title\" content=\"HR Organisation Consultancy Services | Argon &amp; Co\" \/>\n<meta property=\"og:description\" content=\"We support HR departments in achieving their strategic ambitions, capitalising on feedback &amp; best practices in context of culture and ecosystem. Learn more.\" \/>\n<meta property=\"og:url\" content=\"https:\/\/www.argonandco.com\/de\/leistungen\/menschen-und-kultur\/personalorganisation\/\" \/>\n<meta property=\"og:site_name\" content=\"Argon &amp; Co\" \/>\n<meta property=\"article:modified_time\" content=\"2025-11-17T13:53:48+00:00\" \/>\n<meta name=\"twitter:card\" content=\"summary_large_image\" \/>\n<meta name=\"twitter:label1\" content=\"Gesch\u00e4tzte Lesezeit\" \/>\n\t<meta name=\"twitter:data1\" content=\"1 Minute\" \/>\n<script type=\"application\/ld+json\" class=\"yoast-schema-graph\">{\"@context\":\"https:\\\/\\\/schema.org\",\"@graph\":[{\"@type\":\"WebPage\",\"@id\":\"https:\\\/\\\/www.argonandco.com\\\/de\\\/leistungen\\\/menschen-und-kultur\\\/personalorganisation\\\/\",\"url\":\"https:\\\/\\\/www.argonandco.com\\\/de\\\/leistungen\\\/menschen-und-kultur\\\/personalorganisation\\\/\",\"name\":\"HR Organisation Consultancy Services | Argon & Co\",\"isPartOf\":{\"@id\":\"https:\\\/\\\/www.argonandco.com\\\/de\\\/#website\"},\"datePublished\":\"2019-09-11T14:04:47+00:00\",\"dateModified\":\"2025-11-17T13:53:48+00:00\",\"description\":\"We support HR departments in achieving their strategic ambitions, capitalising on feedback & best practices in context of culture and ecosystem. Learn more.\",\"breadcrumb\":{\"@id\":\"https:\\\/\\\/www.argonandco.com\\\/de\\\/leistungen\\\/menschen-und-kultur\\\/personalorganisation\\\/#breadcrumb\"},\"inLanguage\":\"de\",\"potentialAction\":[{\"@type\":\"ReadAction\",\"target\":[\"https:\\\/\\\/www.argonandco.com\\\/de\\\/leistungen\\\/menschen-und-kultur\\\/personalorganisation\\\/\"]}]},{\"@type\":\"BreadcrumbList\",\"@id\":\"https:\\\/\\\/www.argonandco.com\\\/de\\\/leistungen\\\/menschen-und-kultur\\\/personalorganisation\\\/#breadcrumb\",\"itemListElement\":[{\"@type\":\"ListItem\",\"position\":1,\"name\":\"Home\",\"item\":\"https:\\\/\\\/www.argonandco.com\\\/de\\\/\"},{\"@type\":\"ListItem\",\"position\":2,\"name\":\"Leistungen\",\"item\":\"https:\\\/\\\/www.argonandco.com\\\/de\\\/leistungen\\\/\"},{\"@type\":\"ListItem\",\"position\":3,\"name\":\"Menschen und Kultur\",\"item\":\"https:\\\/\\\/www.argonandco.com\\\/de\\\/leistungen\\\/menschen-und-kultur\\\/\"},{\"@type\":\"ListItem\",\"position\":4,\"name\":\"Personalorganisation\"}]},{\"@type\":\"WebSite\",\"@id\":\"https:\\\/\\\/www.argonandco.com\\\/de\\\/#website\",\"url\":\"https:\\\/\\\/www.argonandco.com\\\/de\\\/\",\"name\":\"Argon &amp; Co\",\"description\":\"We help clients achieve their strategic and operational objectives, working together to transform their businesses and generate real change.\",\"potentialAction\":[{\"@type\":\"SearchAction\",\"target\":{\"@type\":\"EntryPoint\",\"urlTemplate\":\"https:\\\/\\\/www.argonandco.com\\\/de\\\/?s={search_term_string}\"},\"query-input\":{\"@type\":\"PropertyValueSpecification\",\"valueRequired\":true,\"valueName\":\"search_term_string\"}}],\"inLanguage\":\"de\"}]}<\/script>\n<!-- \/ Yoast SEO plugin. -->","yoast_head_json":{"title":"HR Organisation Consultancy Services | Argon & Co","description":"We support HR departments in achieving their strategic ambitions, capitalising on feedback & best practices in context of culture and ecosystem. Learn more.","robots":{"index":"index","follow":"follow","max-snippet":"max-snippet:-1","max-image-preview":"max-image-preview:large","max-video-preview":"max-video-preview:-1"},"canonical":"https:\/\/www.argonandco.com\/de\/leistungen\/menschen-und-kultur\/personalorganisation\/","og_locale":"de_DE","og_type":"article","og_title":"HR Organisation Consultancy Services | Argon & Co","og_description":"We support HR departments in achieving their strategic ambitions, capitalising on feedback & best practices in context of culture and ecosystem. Learn more.","og_url":"https:\/\/www.argonandco.com\/de\/leistungen\/menschen-und-kultur\/personalorganisation\/","og_site_name":"Argon &amp; Co","article_modified_time":"2025-11-17T13:53:48+00:00","twitter_card":"summary_large_image","twitter_misc":{"Gesch\u00e4tzte Lesezeit":"1 Minute"},"schema":{"@context":"https:\/\/schema.org","@graph":[{"@type":"WebPage","@id":"https:\/\/www.argonandco.com\/de\/leistungen\/menschen-und-kultur\/personalorganisation\/","url":"https:\/\/www.argonandco.com\/de\/leistungen\/menschen-und-kultur\/personalorganisation\/","name":"HR Organisation Consultancy Services | Argon & Co","isPartOf":{"@id":"https:\/\/www.argonandco.com\/de\/#website"},"datePublished":"2019-09-11T14:04:47+00:00","dateModified":"2025-11-17T13:53:48+00:00","description":"We support HR departments in achieving their strategic ambitions, capitalising on feedback & best practices in context of culture and ecosystem. Learn more.","breadcrumb":{"@id":"https:\/\/www.argonandco.com\/de\/leistungen\/menschen-und-kultur\/personalorganisation\/#breadcrumb"},"inLanguage":"de","potentialAction":[{"@type":"ReadAction","target":["https:\/\/www.argonandco.com\/de\/leistungen\/menschen-und-kultur\/personalorganisation\/"]}]},{"@type":"BreadcrumbList","@id":"https:\/\/www.argonandco.com\/de\/leistungen\/menschen-und-kultur\/personalorganisation\/#breadcrumb","itemListElement":[{"@type":"ListItem","position":1,"name":"Home","item":"https:\/\/www.argonandco.com\/de\/"},{"@type":"ListItem","position":2,"name":"Leistungen","item":"https:\/\/www.argonandco.com\/de\/leistungen\/"},{"@type":"ListItem","position":3,"name":"Menschen und Kultur","item":"https:\/\/www.argonandco.com\/de\/leistungen\/menschen-und-kultur\/"},{"@type":"ListItem","position":4,"name":"Personalorganisation"}]},{"@type":"WebSite","@id":"https:\/\/www.argonandco.com\/de\/#website","url":"https:\/\/www.argonandco.com\/de\/","name":"Argon &amp; Co","description":"We help clients achieve their strategic and operational objectives, working together to transform their businesses and generate real change.","potentialAction":[{"@type":"SearchAction","target":{"@type":"EntryPoint","urlTemplate":"https:\/\/www.argonandco.com\/de\/?s={search_term_string}"},"query-input":{"@type":"PropertyValueSpecification","valueRequired":true,"valueName":"search_term_string"}}],"inLanguage":"de"}]}},"_links":{"self":[{"href":"https:\/\/www.argonandco.com\/de\/wp-json\/wp\/v2\/pages\/30346","targetHints":{"allow":["GET"]}}],"collection":[{"href":"https:\/\/www.argonandco.com\/de\/wp-json\/wp\/v2\/pages"}],"about":[{"href":"https:\/\/www.argonandco.com\/de\/wp-json\/wp\/v2\/types\/page"}],"author":[{"embeddable":true,"href":"https:\/\/www.argonandco.com\/de\/wp-json\/wp\/v2\/users\/1"}],"replies":[{"embeddable":true,"href":"https:\/\/www.argonandco.com\/de\/wp-json\/wp\/v2\/comments?post=30346"}],"version-history":[{"count":0,"href":"https:\/\/www.argonandco.com\/de\/wp-json\/wp\/v2\/pages\/30346\/revisions"}],"up":[{"embeddable":true,"href":"https:\/\/www.argonandco.com\/de\/wp-json\/wp\/v2\/pages\/30396"}],"wp:attachment":[{"href":"https:\/\/www.argonandco.com\/de\/wp-json\/wp\/v2\/media?parent=30346"}],"curies":[{"name":"wp","href":"https:\/\/api.w.org\/{rel}","templated":true}]}}