{"id":30345,"date":"2019-09-11T15:04:23","date_gmt":"2019-09-11T14:04:47","guid":{"rendered":"https:\/\/www.argonandco.com\/digital-hr-processes\/"},"modified":"2025-11-20T12:00:39","modified_gmt":"2025-11-20T12:00:39","slug":"digitale-hr-prozesse","status":"publish","type":"page","link":"https:\/\/www.argonandco.com\/de\/leistungen\/menschen-und-kultur\/digitale-hr-prozesse\/","title":{"rendered":"Digitale HR-Prozesse"},"content":{"rendered":"<h2><b>Einf\u00fchrung und Herausforderungen<\/b><\/h2>\n<p><span class=\"intro\" style=\"font-weight: 400;\">Die Digitalisierung steht in vielen Personalabteilungen auf der Tagesordnung, da sie mehrere Ziele erf\u00fcllt: Sie macht Prozesse robuster, erm\u00f6glicht eine Neuausrichtung der Funktion auf Aufgaben mit h\u00f6herer Wertsch\u00f6pfung, senkt Kosten und spart Zeit im t\u00e4glichen Management und verbessert die Qualit\u00e4t f\u00fcr die Mitarbeiter durch digitales Arbeiten.\u00a0<\/span><\/p>\n<p><span style=\"font-weight: 400;\">Digitales Arbeiten ist die Integration digitaler Tools und Anwendungen in den Arbeitsalltag. Es schafft Mehrwert, solange es den Erwartungen und Gewohnheiten der Mitarbeiter und F\u00fchrungskr\u00e4fte in Bezug auf ihre Arbeitsweise, Interaktion, Zusammenarbeit und Mobilit\u00e4t entspricht.<\/span><\/p>\n<p><span style=\"font-weight: 400;\">Engagement und Motivation sind f\u00fcr die Leistungsf\u00e4higkeit von Unternehmen zu entscheidenden Faktoren geworden. Eine wichtige Herausforderung f\u00fcr Unternehmen besteht darin, ein Gleichgewicht zu finden, indem sie sich wieder auf die Individualit\u00e4t konzentrieren, wo sich das Kollektive und das Kollaborative durchgesetzt haben. Dazu m\u00fcssen Unternehmen ihren Mitarbeitern personalisierte Dienstleistungen und intuitive, innovative Tools anbieten. Damit spielen die Mitarbeiter eine Schl\u00fcsselrolle in ihrer eigenen Entwicklung und profitieren in ihrem Unternehmen von denselben Vorteilen wie von privaten digitalen Technologien.<\/span><span style=\"font-weight: 400;\">\u00a0\u00a0<\/span><\/p>\n<h2><b>Wie wir helfen k\u00f6nnen<\/b><\/h2>\n<p><span style=\"font-weight: 400;\">Wir arbeiten mit unseren Kunden zusammen, um den Erfolg ihrer Projekte sicherzustellen. Wir verfolgen einen auf die Benutzererfahrung ausgerichteten Ansatz, der sich auf die F\u00fchrungskultur, das Arbeitsumfeld und die individuelle Entwicklung konzentriert<\/span><span style=\"font-weight: 400;\">:<\/span><\/p>\n<ul>\n<li>Entwurf koh\u00e4renter und realistischer End-to-End-Betriebsprozesse, die in einen logischen und strukturierten Rahmen integriert sind, um die Transaktionseffizienz (Qualit\u00e4t\/Kosten\/Zeit) gem\u00e4\u00df einer pragmatischen und kollaborativen Methodik unter Einbeziehung aller Beteiligten in der Wertsch\u00f6pfungskette zu verbessern<\/li>\n<li>\u00dcbersicht \u00fcber L\u00f6sungen f\u00fcr die Markteinf\u00fchrung und Unterst\u00fctzung bei der Auswahl<\/li>\n<li>Auswirkungsanalyse: Ermittlung von Abh\u00e4ngigkeiten zu vor- und nachgelagerten Prozessen<\/li>\n<li>Definition der Roadmap und des Umsetzungsplans<\/li>\n<li>Unterst\u00fctzung bei der Einf\u00fchrung neuer Nutzungsm\u00f6glichkeiten und Kooperationsmethoden (virtueller Arbeitsplatz, flexibles B\u00fcro usw.)<\/li>\n<\/ul>\n","protected":false},"excerpt":{"rendered":"<p>Einf\u00fchrung und Herausforderungen Die Digitalisierung steht in vielen Personalabteilungen auf der Tagesordnung, da sie mehrere Ziele erf\u00fcllt: Sie macht Prozesse robuster, erm\u00f6glicht eine Neuausrichtung der Funktion auf Aufgaben mit h\u00f6herer Wertsch\u00f6pfung, senkt Kosten und spart Zeit im t\u00e4glichen Management und verbessert die Qualit\u00e4t f\u00fcr die Mitarbeiter durch digitales Arbeiten.\u00a0 Digitales Arbeiten ist die Integration digitaler [&hellip;]<\/p>\n","protected":false},"author":1,"featured_media":0,"parent":30396,"menu_order":7,"comment_status":"closed","ping_status":"closed","template":"","meta":{"_acf_changed":false,"footnotes":""},"class_list":["post-30345","page","type-page","status-publish","hentry"],"acf":[],"yoast_head":"<!-- This site is optimized with the Yoast SEO plugin v27.4 - https:\/\/yoast.com\/product\/yoast-seo-wordpress\/ -->\n<title>Digitale HR-Prozesse | Argon &amp; Co<\/title>\n<meta name=\"description\" content=\"Argon &amp; Co work with our clients to ensure the success of their HR digitisation projects. User-experience centred approach. Get in touch today.\" \/>\n<meta name=\"robots\" content=\"index, follow, max-snippet:-1, max-image-preview:large, max-video-preview:-1\" \/>\n<link rel=\"canonical\" href=\"https:\/\/www.argonandco.com\/de\/leistungen\/menschen-und-kultur\/digitale-hr-prozesse\/\" \/>\n<meta property=\"og:locale\" content=\"de_DE\" \/>\n<meta property=\"og:type\" content=\"article\" \/>\n<meta property=\"og:title\" content=\"Digitale HR-Prozesse | Argon &amp; Co\" \/>\n<meta property=\"og:description\" content=\"Argon &amp; Co work with our clients to ensure the success of their HR digitisation projects. User-experience centred approach. Get in touch today.\" \/>\n<meta property=\"og:url\" content=\"https:\/\/www.argonandco.com\/de\/leistungen\/menschen-und-kultur\/digitale-hr-prozesse\/\" \/>\n<meta property=\"og:site_name\" content=\"Argon &amp; Co\" \/>\n<meta property=\"article:modified_time\" content=\"2025-11-20T12:00:39+00:00\" \/>\n<meta name=\"twitter:card\" content=\"summary_large_image\" \/>\n<meta name=\"twitter:label1\" content=\"Gesch\u00e4tzte Lesezeit\" \/>\n\t<meta name=\"twitter:data1\" content=\"2 Minuten\" \/>\n<script type=\"application\/ld+json\" class=\"yoast-schema-graph\">{\"@context\":\"https:\\\/\\\/schema.org\",\"@graph\":[{\"@type\":\"WebPage\",\"@id\":\"https:\\\/\\\/www.argonandco.com\\\/de\\\/leistungen\\\/menschen-und-kultur\\\/digitale-hr-prozesse\\\/\",\"url\":\"https:\\\/\\\/www.argonandco.com\\\/de\\\/leistungen\\\/menschen-und-kultur\\\/digitale-hr-prozesse\\\/\",\"name\":\"Digitale HR-Prozesse | Argon &amp; Co\",\"isPartOf\":{\"@id\":\"https:\\\/\\\/www.argonandco.com\\\/de\\\/#website\"},\"datePublished\":\"2019-09-11T14:04:47+00:00\",\"dateModified\":\"2025-11-20T12:00:39+00:00\",\"description\":\"Argon & Co work with our clients to ensure the success of their HR digitisation projects. User-experience centred approach. Get in touch today.\",\"breadcrumb\":{\"@id\":\"https:\\\/\\\/www.argonandco.com\\\/de\\\/leistungen\\\/menschen-und-kultur\\\/digitale-hr-prozesse\\\/#breadcrumb\"},\"inLanguage\":\"de\",\"potentialAction\":[{\"@type\":\"ReadAction\",\"target\":[\"https:\\\/\\\/www.argonandco.com\\\/de\\\/leistungen\\\/menschen-und-kultur\\\/digitale-hr-prozesse\\\/\"]}]},{\"@type\":\"BreadcrumbList\",\"@id\":\"https:\\\/\\\/www.argonandco.com\\\/de\\\/leistungen\\\/menschen-und-kultur\\\/digitale-hr-prozesse\\\/#breadcrumb\",\"itemListElement\":[{\"@type\":\"ListItem\",\"position\":1,\"name\":\"Home\",\"item\":\"https:\\\/\\\/www.argonandco.com\\\/de\\\/\"},{\"@type\":\"ListItem\",\"position\":2,\"name\":\"Leistungen\",\"item\":\"https:\\\/\\\/www.argonandco.com\\\/de\\\/leistungen\\\/\"},{\"@type\":\"ListItem\",\"position\":3,\"name\":\"Menschen und Kultur\",\"item\":\"https:\\\/\\\/www.argonandco.com\\\/de\\\/leistungen\\\/menschen-und-kultur\\\/\"},{\"@type\":\"ListItem\",\"position\":4,\"name\":\"Digitale HR-Prozesse\"}]},{\"@type\":\"WebSite\",\"@id\":\"https:\\\/\\\/www.argonandco.com\\\/de\\\/#website\",\"url\":\"https:\\\/\\\/www.argonandco.com\\\/de\\\/\",\"name\":\"Argon &amp; Co\",\"description\":\"We help clients achieve their strategic and operational objectives, working together to transform their businesses and generate real change.\",\"potentialAction\":[{\"@type\":\"SearchAction\",\"target\":{\"@type\":\"EntryPoint\",\"urlTemplate\":\"https:\\\/\\\/www.argonandco.com\\\/de\\\/?s={search_term_string}\"},\"query-input\":{\"@type\":\"PropertyValueSpecification\",\"valueRequired\":true,\"valueName\":\"search_term_string\"}}],\"inLanguage\":\"de\"}]}<\/script>\n<!-- \/ Yoast SEO plugin. -->","yoast_head_json":{"title":"Digitale HR-Prozesse | Argon &amp; Co","description":"Argon & Co work with our clients to ensure the success of their HR digitisation projects. User-experience centred approach. Get in touch today.","robots":{"index":"index","follow":"follow","max-snippet":"max-snippet:-1","max-image-preview":"max-image-preview:large","max-video-preview":"max-video-preview:-1"},"canonical":"https:\/\/www.argonandco.com\/de\/leistungen\/menschen-und-kultur\/digitale-hr-prozesse\/","og_locale":"de_DE","og_type":"article","og_title":"Digitale HR-Prozesse | Argon &amp; Co","og_description":"Argon & Co work with our clients to ensure the success of their HR digitisation projects. User-experience centred approach. Get in touch today.","og_url":"https:\/\/www.argonandco.com\/de\/leistungen\/menschen-und-kultur\/digitale-hr-prozesse\/","og_site_name":"Argon &amp; Co","article_modified_time":"2025-11-20T12:00:39+00:00","twitter_card":"summary_large_image","twitter_misc":{"Gesch\u00e4tzte Lesezeit":"2 Minuten"},"schema":{"@context":"https:\/\/schema.org","@graph":[{"@type":"WebPage","@id":"https:\/\/www.argonandco.com\/de\/leistungen\/menschen-und-kultur\/digitale-hr-prozesse\/","url":"https:\/\/www.argonandco.com\/de\/leistungen\/menschen-und-kultur\/digitale-hr-prozesse\/","name":"Digitale HR-Prozesse | Argon &amp; Co","isPartOf":{"@id":"https:\/\/www.argonandco.com\/de\/#website"},"datePublished":"2019-09-11T14:04:47+00:00","dateModified":"2025-11-20T12:00:39+00:00","description":"Argon & Co work with our clients to ensure the success of their HR digitisation projects. User-experience centred approach. Get in touch today.","breadcrumb":{"@id":"https:\/\/www.argonandco.com\/de\/leistungen\/menschen-und-kultur\/digitale-hr-prozesse\/#breadcrumb"},"inLanguage":"de","potentialAction":[{"@type":"ReadAction","target":["https:\/\/www.argonandco.com\/de\/leistungen\/menschen-und-kultur\/digitale-hr-prozesse\/"]}]},{"@type":"BreadcrumbList","@id":"https:\/\/www.argonandco.com\/de\/leistungen\/menschen-und-kultur\/digitale-hr-prozesse\/#breadcrumb","itemListElement":[{"@type":"ListItem","position":1,"name":"Home","item":"https:\/\/www.argonandco.com\/de\/"},{"@type":"ListItem","position":2,"name":"Leistungen","item":"https:\/\/www.argonandco.com\/de\/leistungen\/"},{"@type":"ListItem","position":3,"name":"Menschen und Kultur","item":"https:\/\/www.argonandco.com\/de\/leistungen\/menschen-und-kultur\/"},{"@type":"ListItem","position":4,"name":"Digitale HR-Prozesse"}]},{"@type":"WebSite","@id":"https:\/\/www.argonandco.com\/de\/#website","url":"https:\/\/www.argonandco.com\/de\/","name":"Argon &amp; Co","description":"We help clients achieve their strategic and operational objectives, working together to transform their businesses and generate real change.","potentialAction":[{"@type":"SearchAction","target":{"@type":"EntryPoint","urlTemplate":"https:\/\/www.argonandco.com\/de\/?s={search_term_string}"},"query-input":{"@type":"PropertyValueSpecification","valueRequired":true,"valueName":"search_term_string"}}],"inLanguage":"de"}]}},"_links":{"self":[{"href":"https:\/\/www.argonandco.com\/de\/wp-json\/wp\/v2\/pages\/30345","targetHints":{"allow":["GET"]}}],"collection":[{"href":"https:\/\/www.argonandco.com\/de\/wp-json\/wp\/v2\/pages"}],"about":[{"href":"https:\/\/www.argonandco.com\/de\/wp-json\/wp\/v2\/types\/page"}],"author":[{"embeddable":true,"href":"https:\/\/www.argonandco.com\/de\/wp-json\/wp\/v2\/users\/1"}],"replies":[{"embeddable":true,"href":"https:\/\/www.argonandco.com\/de\/wp-json\/wp\/v2\/comments?post=30345"}],"version-history":[{"count":0,"href":"https:\/\/www.argonandco.com\/de\/wp-json\/wp\/v2\/pages\/30345\/revisions"}],"up":[{"embeddable":true,"href":"https:\/\/www.argonandco.com\/de\/wp-json\/wp\/v2\/pages\/30396"}],"wp:attachment":[{"href":"https:\/\/www.argonandco.com\/de\/wp-json\/wp\/v2\/media?parent=30345"}],"curies":[{"name":"wp","href":"https:\/\/api.w.org\/{rel}","templated":true}]}}