{"id":30343,"date":"2019-09-11T15:04:23","date_gmt":"2019-09-11T14:04:47","guid":{"rendered":"https:\/\/www.argonandco.com\/hr-solutions\/"},"modified":"2025-11-20T12:01:10","modified_gmt":"2025-11-20T12:01:10","slug":"personalwesen","status":"publish","type":"page","link":"https:\/\/www.argonandco.com\/de\/leistungen\/menschen-und-kultur\/personalwesen\/","title":{"rendered":"Personalwesen"},"content":{"rendered":"<h2><b>Einf\u00fchrung und Herausforderungen<\/b><\/h2>\n<p><span class=\"intro\" style=\"font-weight: 400;\">Das Streben nach operativer Exzellenz bleibt eine gro\u00dfe Herausforderung f\u00fcr jedes Unternehmen, und die Personalabteilung bildet dabei keine Ausnahme. HR-L\u00f6sungen erm\u00f6glichen es der Personalabteilung, ihr Dienstleistungsangebot zu verbessern, um den Mehrwert f\u00fcr den Betrieb und die Mitarbeiter zu steigern: Automatisierung von Aufgaben (Mehrfacheingaben, Kontrollen), reibungsloserer Informationsfluss und Austausch (Workflow, Self-Service, Berichterstellung), Sicherung und Verbesserung der Datenzuverl\u00e4ssigkeit sowie Verbesserung der Ergonomie und Benutzerfreundlichkeit.<\/span><\/p>\n<p>Die Landschaft der HR-L\u00f6sungen ver\u00e4ndert sich jedoch radikal durch den zunehmenden Einsatz von SaaS, Cloud Computing, das Aufkommen neuer Akteure, Fusionen und \u00dcbernahmen historischer Akteure, eine Vielzahl von Angeboten, den echten Mehrwert der angebotenen Funktionen, Ergonomie und Benutzerfreundlichkeit sowie Berichtsfunktionen.<\/p>\n<p>Viele Personalabteilungen sind mittlerweile davon \u00fcberzeugt, dass digitale Initiativen erforderlich sind, um die Entwicklungsziele des Unternehmens zu unterst\u00fctzen und die Attraktivit\u00e4t des Unternehmens f\u00fcr Mitarbeiter zu gew\u00e4hrleisten. Allerdings fragen sich viele Personalabteilungen noch, wo sie anfangen sollen und wie sie vorgehen sollen. Die Chancen und die Komplexit\u00e4t solcher Projekte h\u00e4ngen von der Art der eingesetzten L\u00f6sung (ERP\/SaaS\/beides), den betroffenen HR-Bereichen und dem gesch\u00e4ftlichen Kontext ab, in dem sie eingebettet sind.<\/p>\n<h2><b>Wie k\u00f6nnen wir helfen<\/b><\/h2>\n<p><span style=\"font-weight: 400;\">Argon &amp; Co unterst\u00fctzt seine Kunden Schritt f\u00fcr Schritt bei der Kl\u00e4rung ihrer Bed\u00fcrfnisse, damit sie ihre Anforderungen schnell definieren und hinterfragen k\u00f6nnen, wobei gesch\u00e4ftliche Aspekte, die Unternehmenskultur und der Kontext sowie die Bewertung von Chancen ber\u00fccksichtigt werden. Wir arbeiten daran, Szenarien zu identifizieren, die das erwartete Niveau der Kapitalrendite gew\u00e4hrleisten:<\/span><\/p>\n<ul>\n<li>Diagnose der digitalen Reife der HR-Funktion<\/li>\n<li>Anforderungsrahmen, der die Nutzung und Erwartungen der Stakeholder auf der Grundlage unserer Expertise in digitalen Tools und Best Practices integriert<\/li>\n<li>Vollst\u00e4ndige \u00dcbersicht \u00fcber die digitalen L\u00f6sungen auf dem Markt<\/li>\n<li>Unterst\u00fctzung bei der Auswahl und Implementierung digitaler L\u00f6sungen<\/li>\n<li>Pragmatischer, toolbasierter Ansatz, der das Feedback aus Gro\u00dfprojekten in multikulturellen Umgebungen nutzt<\/li>\n<\/ul>\n","protected":false},"excerpt":{"rendered":"<p>Einf\u00fchrung und Herausforderungen Das Streben nach operativer Exzellenz bleibt eine gro\u00dfe Herausforderung f\u00fcr jedes Unternehmen, und die Personalabteilung bildet dabei keine Ausnahme. HR-L\u00f6sungen erm\u00f6glichen es der Personalabteilung, ihr Dienstleistungsangebot zu verbessern, um den Mehrwert f\u00fcr den Betrieb und die Mitarbeiter zu steigern: Automatisierung von Aufgaben (Mehrfacheingaben, Kontrollen), reibungsloserer Informationsfluss und Austausch (Workflow, Self-Service, Berichterstellung), Sicherung [&hellip;]<\/p>\n","protected":false},"author":1,"featured_media":0,"parent":30396,"menu_order":9,"comment_status":"closed","ping_status":"closed","template":"","meta":{"_acf_changed":false,"footnotes":""},"class_list":["post-30343","page","type-page","status-publish","hentry"],"acf":[],"yoast_head":"<!-- This site is optimized with the Yoast SEO plugin v27.4 - https:\/\/yoast.com\/product\/yoast-seo-wordpress\/ -->\n<title>Personalwesen | Argon &amp; Co<\/title>\n<meta name=\"description\" content=\"We support its UK clients step by step in clarifying their human resource (HR) needs, enabling them to quickly define and challenge their needs. Learn more.\" \/>\n<meta name=\"robots\" content=\"index, follow, max-snippet:-1, max-image-preview:large, max-video-preview:-1\" \/>\n<link rel=\"canonical\" href=\"https:\/\/www.argonandco.com\/de\/leistungen\/menschen-und-kultur\/personalwesen\/\" \/>\n<meta property=\"og:locale\" content=\"de_DE\" \/>\n<meta property=\"og:type\" content=\"article\" \/>\n<meta property=\"og:title\" content=\"Personalwesen | Argon &amp; Co\" \/>\n<meta property=\"og:description\" content=\"We support its UK clients step by step in clarifying their human resource (HR) needs, enabling them to quickly define and challenge their needs. Learn more.\" \/>\n<meta property=\"og:url\" content=\"https:\/\/www.argonandco.com\/de\/leistungen\/menschen-und-kultur\/personalwesen\/\" \/>\n<meta property=\"og:site_name\" content=\"Argon &amp; Co\" \/>\n<meta property=\"article:modified_time\" content=\"2025-11-20T12:01:10+00:00\" \/>\n<meta name=\"twitter:card\" content=\"summary_large_image\" \/>\n<meta name=\"twitter:label1\" content=\"Gesch\u00e4tzte Lesezeit\" \/>\n\t<meta name=\"twitter:data1\" content=\"2 Minuten\" \/>\n<script type=\"application\/ld+json\" class=\"yoast-schema-graph\">{\"@context\":\"https:\\\/\\\/schema.org\",\"@graph\":[{\"@type\":\"WebPage\",\"@id\":\"https:\\\/\\\/www.argonandco.com\\\/de\\\/leistungen\\\/menschen-und-kultur\\\/personalwesen\\\/\",\"url\":\"https:\\\/\\\/www.argonandco.com\\\/de\\\/leistungen\\\/menschen-und-kultur\\\/personalwesen\\\/\",\"name\":\"Personalwesen | Argon &amp; Co\",\"isPartOf\":{\"@id\":\"https:\\\/\\\/www.argonandco.com\\\/de\\\/#website\"},\"datePublished\":\"2019-09-11T14:04:47+00:00\",\"dateModified\":\"2025-11-20T12:01:10+00:00\",\"description\":\"We support its UK clients step by step in clarifying their human resource (HR) needs, enabling them to quickly define and challenge their needs. Learn more.\",\"breadcrumb\":{\"@id\":\"https:\\\/\\\/www.argonandco.com\\\/de\\\/leistungen\\\/menschen-und-kultur\\\/personalwesen\\\/#breadcrumb\"},\"inLanguage\":\"de\",\"potentialAction\":[{\"@type\":\"ReadAction\",\"target\":[\"https:\\\/\\\/www.argonandco.com\\\/de\\\/leistungen\\\/menschen-und-kultur\\\/personalwesen\\\/\"]}]},{\"@type\":\"BreadcrumbList\",\"@id\":\"https:\\\/\\\/www.argonandco.com\\\/de\\\/leistungen\\\/menschen-und-kultur\\\/personalwesen\\\/#breadcrumb\",\"itemListElement\":[{\"@type\":\"ListItem\",\"position\":1,\"name\":\"Home\",\"item\":\"https:\\\/\\\/www.argonandco.com\\\/de\\\/\"},{\"@type\":\"ListItem\",\"position\":2,\"name\":\"Leistungen\",\"item\":\"https:\\\/\\\/www.argonandco.com\\\/de\\\/leistungen\\\/\"},{\"@type\":\"ListItem\",\"position\":3,\"name\":\"Menschen und Kultur\",\"item\":\"https:\\\/\\\/www.argonandco.com\\\/de\\\/leistungen\\\/menschen-und-kultur\\\/\"},{\"@type\":\"ListItem\",\"position\":4,\"name\":\"Personalwesen\"}]},{\"@type\":\"WebSite\",\"@id\":\"https:\\\/\\\/www.argonandco.com\\\/de\\\/#website\",\"url\":\"https:\\\/\\\/www.argonandco.com\\\/de\\\/\",\"name\":\"Argon &amp; Co\",\"description\":\"We help clients achieve their strategic and operational objectives, working together to transform their businesses and generate real change.\",\"potentialAction\":[{\"@type\":\"SearchAction\",\"target\":{\"@type\":\"EntryPoint\",\"urlTemplate\":\"https:\\\/\\\/www.argonandco.com\\\/de\\\/?s={search_term_string}\"},\"query-input\":{\"@type\":\"PropertyValueSpecification\",\"valueRequired\":true,\"valueName\":\"search_term_string\"}}],\"inLanguage\":\"de\"}]}<\/script>\n<!-- \/ Yoast SEO plugin. -->","yoast_head_json":{"title":"Personalwesen | Argon &amp; Co","description":"We support its UK clients step by step in clarifying their human resource (HR) needs, enabling them to quickly define and challenge their needs. Learn more.","robots":{"index":"index","follow":"follow","max-snippet":"max-snippet:-1","max-image-preview":"max-image-preview:large","max-video-preview":"max-video-preview:-1"},"canonical":"https:\/\/www.argonandco.com\/de\/leistungen\/menschen-und-kultur\/personalwesen\/","og_locale":"de_DE","og_type":"article","og_title":"Personalwesen | Argon &amp; Co","og_description":"We support its UK clients step by step in clarifying their human resource (HR) needs, enabling them to quickly define and challenge their needs. Learn more.","og_url":"https:\/\/www.argonandco.com\/de\/leistungen\/menschen-und-kultur\/personalwesen\/","og_site_name":"Argon &amp; Co","article_modified_time":"2025-11-20T12:01:10+00:00","twitter_card":"summary_large_image","twitter_misc":{"Gesch\u00e4tzte Lesezeit":"2 Minuten"},"schema":{"@context":"https:\/\/schema.org","@graph":[{"@type":"WebPage","@id":"https:\/\/www.argonandco.com\/de\/leistungen\/menschen-und-kultur\/personalwesen\/","url":"https:\/\/www.argonandco.com\/de\/leistungen\/menschen-und-kultur\/personalwesen\/","name":"Personalwesen | Argon &amp; Co","isPartOf":{"@id":"https:\/\/www.argonandco.com\/de\/#website"},"datePublished":"2019-09-11T14:04:47+00:00","dateModified":"2025-11-20T12:01:10+00:00","description":"We support its UK clients step by step in clarifying their human resource (HR) needs, enabling them to quickly define and challenge their needs. Learn more.","breadcrumb":{"@id":"https:\/\/www.argonandco.com\/de\/leistungen\/menschen-und-kultur\/personalwesen\/#breadcrumb"},"inLanguage":"de","potentialAction":[{"@type":"ReadAction","target":["https:\/\/www.argonandco.com\/de\/leistungen\/menschen-und-kultur\/personalwesen\/"]}]},{"@type":"BreadcrumbList","@id":"https:\/\/www.argonandco.com\/de\/leistungen\/menschen-und-kultur\/personalwesen\/#breadcrumb","itemListElement":[{"@type":"ListItem","position":1,"name":"Home","item":"https:\/\/www.argonandco.com\/de\/"},{"@type":"ListItem","position":2,"name":"Leistungen","item":"https:\/\/www.argonandco.com\/de\/leistungen\/"},{"@type":"ListItem","position":3,"name":"Menschen und Kultur","item":"https:\/\/www.argonandco.com\/de\/leistungen\/menschen-und-kultur\/"},{"@type":"ListItem","position":4,"name":"Personalwesen"}]},{"@type":"WebSite","@id":"https:\/\/www.argonandco.com\/de\/#website","url":"https:\/\/www.argonandco.com\/de\/","name":"Argon &amp; Co","description":"We help clients achieve their strategic and operational objectives, working together to transform their businesses and generate real change.","potentialAction":[{"@type":"SearchAction","target":{"@type":"EntryPoint","urlTemplate":"https:\/\/www.argonandco.com\/de\/?s={search_term_string}"},"query-input":{"@type":"PropertyValueSpecification","valueRequired":true,"valueName":"search_term_string"}}],"inLanguage":"de"}]}},"_links":{"self":[{"href":"https:\/\/www.argonandco.com\/de\/wp-json\/wp\/v2\/pages\/30343","targetHints":{"allow":["GET"]}}],"collection":[{"href":"https:\/\/www.argonandco.com\/de\/wp-json\/wp\/v2\/pages"}],"about":[{"href":"https:\/\/www.argonandco.com\/de\/wp-json\/wp\/v2\/types\/page"}],"author":[{"embeddable":true,"href":"https:\/\/www.argonandco.com\/de\/wp-json\/wp\/v2\/users\/1"}],"replies":[{"embeddable":true,"href":"https:\/\/www.argonandco.com\/de\/wp-json\/wp\/v2\/comments?post=30343"}],"version-history":[{"count":0,"href":"https:\/\/www.argonandco.com\/de\/wp-json\/wp\/v2\/pages\/30343\/revisions"}],"up":[{"embeddable":true,"href":"https:\/\/www.argonandco.com\/de\/wp-json\/wp\/v2\/pages\/30396"}],"wp:attachment":[{"href":"https:\/\/www.argonandco.com\/de\/wp-json\/wp\/v2\/media?parent=30343"}],"curies":[{"name":"wp","href":"https:\/\/api.w.org\/{rel}","templated":true}]}}