{"id":30342,"date":"2019-09-11T15:04:23","date_gmt":"2019-09-11T14:04:47","guid":{"rendered":"https:\/\/www.argonandco.com\/talent-development\/"},"modified":"2025-11-20T12:01:25","modified_gmt":"2025-11-20T12:01:25","slug":"talentfoerderung","status":"publish","type":"page","link":"https:\/\/www.argonandco.com\/de\/leistungen\/menschen-und-kultur\/talentfoerderung\/","title":{"rendered":"Talentf\u00f6rderung"},"content":{"rendered":"<h2><b>Einf\u00fchrung und Herausforderungen<\/b><\/h2>\n<p><span style=\"font-weight: 400;\">Die Gewinnung, Auswahl und Bindung kompetenter und motivierter Mitarbeiter sind gro\u00dfe Herausforderungen f\u00fcr alle Unternehmen. Es ist unerl\u00e4sslich, durch die Mitarbeitererfahrung in Talente zu investieren und diese zu nutzen, ein einheitliches und attraktives Arbeitgeberimage zu gew\u00e4hrleisten, interne Mobilit\u00e4tssysteme innovativ zu gestalten und die Kompetenzentwicklung zu planen und zu organisieren.<\/span><\/p>\n<p><span style=\"font-weight: 400;\">Die Mitarbeitererfahrung beginnt lange vor dem Eintritt in das Unternehmen: das Gesch\u00e4ftsmodell, die Aufgaben und Werte des Unternehmens werden untersucht. Die Qualit\u00e4t der Integrationserfahrung ist entscheidend f\u00fcr die anf\u00e4ngliche Leistung und Bindung der Mitarbeiter und macht sie zu partizipativen und effektiven Mitgliedern des Unternehmens.<br \/>\n<\/span><\/p>\n<p><span style=\"font-weight: 400;\">Auch das Lernen erlebt durch digitale Technologien eine echte Erneuerung: Die Kompetenzentwicklung wird durch soziales Lernen, wie z. B. geografisch verteilte Lerngemeinschaften, die ihre Erfahrungen ohne Status- oder Altersbarrieren austauschen, zunehmend mitarbeiterorientiert.<br \/>\n<\/span><\/p>\n<p><span style=\"font-weight: 400;\">Horizontale Managementprinzipien entwickeln sich ebenfalls, angetrieben durch den Einfluss der Technologien und die neuen hypervernetzten Generationen: Abflachung der Pyramidenstrukturen, Zusammenarbeit, Teamarbeit im Projektmodus, mehr Autonomie, eine direktere Beziehung zur Unternehmensleitung. Infolgedessen werden F\u00fchrungskr\u00e4fte und Mitarbeiter st\u00e4rker in ihre Aufgaben eingebunden.<br \/>\n<\/span><\/p>\n<p><span style=\"font-weight: 400;\">Die gr\u00f6\u00dfte Herausforderung f\u00fcr Unternehmen besteht heute darin, die individuellen Bed\u00fcrfnisse der Mitarbeiter, wie z. B. Weiterbildung und Entwicklung, mit den Anforderungen des Unternehmens (Kontrolle der Gesamtlohnsumme, Wachstumsziele usw.) in Einklang zu bringen.<\/span><\/p>\n<h2><b>Wie k\u00f6nnen wir helfen<\/b><\/h2>\n<p><span style=\"font-weight: 400;\">Argon &amp; Co unterst\u00fctzt seine Kunden bei der Entwicklung ihrer Talentmanagement-Richtlinien und hilft ihnen dabei, eine bereichernde Erfahrung (Onboarding, Mobilit\u00e4t und Weiterbildung) f\u00fcr ihre Mitarbeiter in Bezug auf F\u00fchrungskultur, Arbeitsumfeld und individuelle Entwicklung zu schaffen:<\/span><\/p>\n<ul>\n<li>Erfassung und Bewertung von Kompetenzen (Identifizierung der f\u00fcr den operativen Bedarf kritischen Kompetenzen)<\/li>\n<li>Festlegung der Strategie f\u00fcr das Talentmanagement (Aufdeckung von Potenzialen und Diversifizierung der Kompetenzen) und der Karrierewege<\/li>\n<li>Entwurf von Managementsystemen und Kompetenzentwicklungssystemen (Re-\/Upskilling, kollaboratives, erweitertes, mobiles, soziales, adaptives Lernen usw.)<\/li>\n<li>Zukunftsorientierte Vision der Entwicklung von Berufen und Kompetenzen<\/li>\n<li>Prognose des Bedarfs an Arbeitspl\u00e4tzen und Kompetenzen: mehrj\u00e4hrige Prognosen<\/li>\n<\/ul>\n","protected":false},"excerpt":{"rendered":"<p>Einf\u00fchrung und Herausforderungen Die Gewinnung, Auswahl und Bindung kompetenter und motivierter Mitarbeiter sind gro\u00dfe Herausforderungen f\u00fcr alle Unternehmen. Es ist unerl\u00e4sslich, durch die Mitarbeitererfahrung in Talente zu investieren und diese zu nutzen, ein einheitliches und attraktives Arbeitgeberimage zu gew\u00e4hrleisten, interne Mobilit\u00e4tssysteme innovativ zu gestalten und die Kompetenzentwicklung zu planen und zu organisieren. Die Mitarbeitererfahrung beginnt [&hellip;]<\/p>\n","protected":false},"author":1,"featured_media":0,"parent":30396,"menu_order":10,"comment_status":"closed","ping_status":"closed","template":"","meta":{"_acf_changed":false,"footnotes":""},"class_list":["post-30342","page","type-page","status-publish","hentry"],"acf":[],"yoast_head":"<!-- This site is optimized with the Yoast SEO plugin v27.4 - https:\/\/yoast.com\/product\/yoast-seo-wordpress\/ -->\n<title>Talentf\u00f6rderung | Argon &amp; Co<\/title>\n<meta name=\"description\" content=\"Argon &amp; Co supports clients in developing their talent management policies and helps them build an enriching experience for their employees. Learn more.\" \/>\n<meta name=\"robots\" content=\"index, follow, max-snippet:-1, max-image-preview:large, max-video-preview:-1\" \/>\n<link rel=\"canonical\" href=\"https:\/\/www.argonandco.com\/de\/leistungen\/menschen-und-kultur\/talentfoerderung\/\" \/>\n<meta property=\"og:locale\" content=\"de_DE\" \/>\n<meta property=\"og:type\" content=\"article\" \/>\n<meta property=\"og:title\" content=\"Talentf\u00f6rderung | Argon &amp; Co\" \/>\n<meta property=\"og:description\" content=\"Argon &amp; Co supports clients in developing their talent management policies and helps them build an enriching experience for their employees. Learn more.\" \/>\n<meta property=\"og:url\" content=\"https:\/\/www.argonandco.com\/de\/leistungen\/menschen-und-kultur\/talentfoerderung\/\" \/>\n<meta property=\"og:site_name\" content=\"Argon &amp; Co\" \/>\n<meta property=\"article:modified_time\" content=\"2025-11-20T12:01:25+00:00\" \/>\n<meta name=\"twitter:card\" content=\"summary_large_image\" \/>\n<meta name=\"twitter:label1\" content=\"Gesch\u00e4tzte Lesezeit\" \/>\n\t<meta name=\"twitter:data1\" content=\"2 Minuten\" \/>\n<script type=\"application\/ld+json\" class=\"yoast-schema-graph\">{\"@context\":\"https:\\\/\\\/schema.org\",\"@graph\":[{\"@type\":\"WebPage\",\"@id\":\"https:\\\/\\\/www.argonandco.com\\\/de\\\/leistungen\\\/menschen-und-kultur\\\/talentfoerderung\\\/\",\"url\":\"https:\\\/\\\/www.argonandco.com\\\/de\\\/leistungen\\\/menschen-und-kultur\\\/talentfoerderung\\\/\",\"name\":\"Talentf\u00f6rderung | Argon &amp; Co\",\"isPartOf\":{\"@id\":\"https:\\\/\\\/www.argonandco.com\\\/de\\\/#website\"},\"datePublished\":\"2019-09-11T14:04:47+00:00\",\"dateModified\":\"2025-11-20T12:01:25+00:00\",\"description\":\"Argon & Co supports clients in developing their talent management policies and helps them build an enriching experience for their employees. Learn more.\",\"breadcrumb\":{\"@id\":\"https:\\\/\\\/www.argonandco.com\\\/de\\\/leistungen\\\/menschen-und-kultur\\\/talentfoerderung\\\/#breadcrumb\"},\"inLanguage\":\"de\",\"potentialAction\":[{\"@type\":\"ReadAction\",\"target\":[\"https:\\\/\\\/www.argonandco.com\\\/de\\\/leistungen\\\/menschen-und-kultur\\\/talentfoerderung\\\/\"]}]},{\"@type\":\"BreadcrumbList\",\"@id\":\"https:\\\/\\\/www.argonandco.com\\\/de\\\/leistungen\\\/menschen-und-kultur\\\/talentfoerderung\\\/#breadcrumb\",\"itemListElement\":[{\"@type\":\"ListItem\",\"position\":1,\"name\":\"Home\",\"item\":\"https:\\\/\\\/www.argonandco.com\\\/de\\\/\"},{\"@type\":\"ListItem\",\"position\":2,\"name\":\"Leistungen\",\"item\":\"https:\\\/\\\/www.argonandco.com\\\/de\\\/leistungen\\\/\"},{\"@type\":\"ListItem\",\"position\":3,\"name\":\"Menschen und Kultur\",\"item\":\"https:\\\/\\\/www.argonandco.com\\\/de\\\/leistungen\\\/menschen-und-kultur\\\/\"},{\"@type\":\"ListItem\",\"position\":4,\"name\":\"Talentf\u00f6rderung\"}]},{\"@type\":\"WebSite\",\"@id\":\"https:\\\/\\\/www.argonandco.com\\\/de\\\/#website\",\"url\":\"https:\\\/\\\/www.argonandco.com\\\/de\\\/\",\"name\":\"Argon &amp; Co\",\"description\":\"We help clients achieve their strategic and operational objectives, working together to transform their businesses and generate real change.\",\"potentialAction\":[{\"@type\":\"SearchAction\",\"target\":{\"@type\":\"EntryPoint\",\"urlTemplate\":\"https:\\\/\\\/www.argonandco.com\\\/de\\\/?s={search_term_string}\"},\"query-input\":{\"@type\":\"PropertyValueSpecification\",\"valueRequired\":true,\"valueName\":\"search_term_string\"}}],\"inLanguage\":\"de\"}]}<\/script>\n<!-- \/ Yoast SEO plugin. -->","yoast_head_json":{"title":"Talentf\u00f6rderung | Argon &amp; Co","description":"Argon & Co supports clients in developing their talent management policies and helps them build an enriching experience for their employees. Learn more.","robots":{"index":"index","follow":"follow","max-snippet":"max-snippet:-1","max-image-preview":"max-image-preview:large","max-video-preview":"max-video-preview:-1"},"canonical":"https:\/\/www.argonandco.com\/de\/leistungen\/menschen-und-kultur\/talentfoerderung\/","og_locale":"de_DE","og_type":"article","og_title":"Talentf\u00f6rderung | Argon &amp; Co","og_description":"Argon & Co supports clients in developing their talent management policies and helps them build an enriching experience for their employees. Learn more.","og_url":"https:\/\/www.argonandco.com\/de\/leistungen\/menschen-und-kultur\/talentfoerderung\/","og_site_name":"Argon &amp; Co","article_modified_time":"2025-11-20T12:01:25+00:00","twitter_card":"summary_large_image","twitter_misc":{"Gesch\u00e4tzte Lesezeit":"2 Minuten"},"schema":{"@context":"https:\/\/schema.org","@graph":[{"@type":"WebPage","@id":"https:\/\/www.argonandco.com\/de\/leistungen\/menschen-und-kultur\/talentfoerderung\/","url":"https:\/\/www.argonandco.com\/de\/leistungen\/menschen-und-kultur\/talentfoerderung\/","name":"Talentf\u00f6rderung | Argon &amp; Co","isPartOf":{"@id":"https:\/\/www.argonandco.com\/de\/#website"},"datePublished":"2019-09-11T14:04:47+00:00","dateModified":"2025-11-20T12:01:25+00:00","description":"Argon & Co supports clients in developing their talent management policies and helps them build an enriching experience for their employees. Learn more.","breadcrumb":{"@id":"https:\/\/www.argonandco.com\/de\/leistungen\/menschen-und-kultur\/talentfoerderung\/#breadcrumb"},"inLanguage":"de","potentialAction":[{"@type":"ReadAction","target":["https:\/\/www.argonandco.com\/de\/leistungen\/menschen-und-kultur\/talentfoerderung\/"]}]},{"@type":"BreadcrumbList","@id":"https:\/\/www.argonandco.com\/de\/leistungen\/menschen-und-kultur\/talentfoerderung\/#breadcrumb","itemListElement":[{"@type":"ListItem","position":1,"name":"Home","item":"https:\/\/www.argonandco.com\/de\/"},{"@type":"ListItem","position":2,"name":"Leistungen","item":"https:\/\/www.argonandco.com\/de\/leistungen\/"},{"@type":"ListItem","position":3,"name":"Menschen und Kultur","item":"https:\/\/www.argonandco.com\/de\/leistungen\/menschen-und-kultur\/"},{"@type":"ListItem","position":4,"name":"Talentf\u00f6rderung"}]},{"@type":"WebSite","@id":"https:\/\/www.argonandco.com\/de\/#website","url":"https:\/\/www.argonandco.com\/de\/","name":"Argon &amp; Co","description":"We help clients achieve their strategic and operational objectives, working together to transform their businesses and generate real change.","potentialAction":[{"@type":"SearchAction","target":{"@type":"EntryPoint","urlTemplate":"https:\/\/www.argonandco.com\/de\/?s={search_term_string}"},"query-input":{"@type":"PropertyValueSpecification","valueRequired":true,"valueName":"search_term_string"}}],"inLanguage":"de"}]}},"_links":{"self":[{"href":"https:\/\/www.argonandco.com\/de\/wp-json\/wp\/v2\/pages\/30342","targetHints":{"allow":["GET"]}}],"collection":[{"href":"https:\/\/www.argonandco.com\/de\/wp-json\/wp\/v2\/pages"}],"about":[{"href":"https:\/\/www.argonandco.com\/de\/wp-json\/wp\/v2\/types\/page"}],"author":[{"embeddable":true,"href":"https:\/\/www.argonandco.com\/de\/wp-json\/wp\/v2\/users\/1"}],"replies":[{"embeddable":true,"href":"https:\/\/www.argonandco.com\/de\/wp-json\/wp\/v2\/comments?post=30342"}],"version-history":[{"count":0,"href":"https:\/\/www.argonandco.com\/de\/wp-json\/wp\/v2\/pages\/30342\/revisions"}],"up":[{"embeddable":true,"href":"https:\/\/www.argonandco.com\/de\/wp-json\/wp\/v2\/pages\/30396"}],"wp:attachment":[{"href":"https:\/\/www.argonandco.com\/de\/wp-json\/wp\/v2\/media?parent=30342"}],"curies":[{"name":"wp","href":"https:\/\/api.w.org\/{rel}","templated":true}]}}