{"id":30340,"date":"2019-09-11T15:07:23","date_gmt":"2019-09-11T14:07:10","guid":{"rendered":"https:\/\/www.argonandco.com\/sga-optimisation\/"},"modified":"2025-11-17T13:51:21","modified_gmt":"2025-11-17T13:51:21","slug":"optimierung-der-vertriebs-und-verwaltungskosten","status":"publish","type":"page","link":"https:\/\/www.argonandco.com\/de\/leistungen\/sga\/optimierung-der-vertriebs-und-verwaltungskosten\/","title":{"rendered":"Optimierung der Vertriebs- und Verwaltungskosten"},"content":{"rendered":"<h2><b>Einf\u00fchrung und Herausforderungen<\/b><b><\/b><\/h2>\n<p><span class=\"intro\" style=\"font-weight: 400;\">Bei der Optimierung der Vertriebs- und Verwaltungskosten sind mehrere Fragen interessant:<\/span><\/p>\n<p><span style=\"font-weight: 400;\">Zun\u00e4chst muss der Ausgangspunkt definiert werden. Wor\u00fcber sprechen wir in Bezug auf Dienstleistungen, Dienstleistungsqualit\u00e4t und damit verbundene Kosten? Sind einige Funktionen \u00fcberdimensioniert? Sind andere Funktionen unterdimensioniert? Manager verf\u00fcgen selten \u00fcber eine genaue \u00dcbersicht \u00fcber ihre Vertriebs- und Verwaltungskostenorganisation oder \u00fcber Indikatoren, um diese zu bewerten und mit externen Benchmarks zu vergleichen.<br \/>\n<\/span><\/p>\n<p><span style=\"font-weight: 400;\">Zweitens m\u00fcssen die Anforderungen des Unternehmens an die Vertriebs- und Verwaltungskosten beschrieben werden. Die Support-, Zentral- und kaufm\u00e4nnischen Funktionen verursachen Kosten. Es gilt, den Bedarf an Dienstleistungen zu validieren, um operative und strategische Herausforderungen zu bew\u00e4ltigen, die \u00fcber die Kernaufgaben bestimmter Funktionen hinausgehen, und anschlie\u00dfend die Ressourcen an die Zielvorgaben anzupassen.<br \/>\n<\/span><\/p>\n<p><span style=\"font-weight: 400;\">Drittens m\u00fcssen Leistungshebel abgebildet werden, um die Effektivit\u00e4t der Funktionen sicherzustellen. Dazu geh\u00f6ren insbesondere der Grad der Ressourcenb\u00fcndelung und der Digitalisierung von Prozessen, aber auch die Abstimmung der Kompetenzen auf den Bedarf. F\u00fcr bestimmte Funktionen au\u00dferhalb des Kerngesch\u00e4fts des Unternehmens stellt sich die Frage nach Make or Buy.<br \/>\n<\/span><\/p>\n<p><span style=\"font-weight: 400;\">Schlie\u00dflich stellt sich die Frage nach dem Wie, d. h. nach der Erstellung einer Roadmap zur Optimierung der Vertriebs- und Verwaltungskosten mit dem dazugeh\u00f6rigen Business Case.<\/span><\/p>\n<h2><b>Wie k\u00f6nnen wir helfen<\/b><\/h2>\n<p><span style=\"font-weight: 400;\">Mit unserer Erfahrung in SG&amp;A-Projekten und unserer funktionalen Expertise unterst\u00fctzt Argon &amp; Co Kunden dabei, die richtige L\u00f6sung f\u00fcr ihr Unternehmen und ihre operativen und strategischen Herausforderungen zu finden.<\/span><\/p>\n<ul>\n<li style=\"font-weight: 400;\">Diagnose aller Support-, kaufm\u00e4nnischen und zentralen Funktionen (Finanzen, Personalwesen, Marketing\/Digital, Recht, Beschaffung, IT, Handel, Immobilien usw.)<\/li>\n<\/ul>\n<ul>\n<li style=\"list-style-type: none;\">\n<ul>\n<li style=\"font-weight: 400;\">Definieren Sie den Begriff \u201eVertriebs- und Verwaltungskosten\u201c anhand eines prozessbasierten Ansatzes und unterteilt in verschiedene Kategorien (Kernaktivit\u00e4ten, Gesch\u00e4ftspartner, Fachwissen und Transaktionsaktivit\u00e4ten).<\/li>\n<li style=\"font-weight: 400;\">Erstellen Sie einen externen und internen Benchmark f\u00fcr die Effizienz der Vertriebs- und Verwaltungskosten nach Prozessen (Vollzeit\u00e4quivalente, Kosten, Qualit\u00e4t, Servicelevel).<\/li>\n<li style=\"font-weight: 400;\">Sammeln Sie Feedback und Erwartungen aus den operativen Abteilungen und identifizieren Sie die wichtigsten Probleme.<\/li>\n<li style=\"font-weight: 400;\">Sammeln Sie die Optimierungshebel, die pro Prozess aktiviert werden k\u00f6nnen, und quantifizieren Sie diese hinsichtlich ihres Nutzens und ihrer Zug\u00e4nglichkeit.\n<ul>\n<li style=\"list-style-type: none;\"><\/li>\n<\/ul>\n<\/li>\n<\/ul>\n<\/li>\n<\/ul>\n<ul>\n<li style=\"font-weight: 400;\"><span style=\"font-weight: 400;\">Entwerfen Sie eine Vision der Zielorganisation der Funktionen.<\/span>\n<ul>\n<li>Entwickeln und qualifizieren Sie Szenarien f\u00fcr Organisationsmodelle, indem Sie die Besonderheiten und Herausforderungen jeder Funktion ber\u00fccksichtigen<\/li>\n<li>Definieren Sie die Zielorganisation (Rollen und Verantwortlichkeiten, Gr\u00f6\u00dfe)<\/li>\n<li>Analysieren Sie die Auswirkungen und erstellen Sie den Business Case<\/li>\n<\/ul>\n<\/li>\n<\/ul>\n<ul>\n<li><b><span style=\"font-weight: 400;\">Erstellen Sie den Plan zur Umgestaltung der Vertriebs- und Verwaltungskosten<\/span><\/b><\/li>\n<\/ul>\n<p>&nbsp;<\/p>\n<p>&nbsp;<\/p>\n","protected":false},"excerpt":{"rendered":"<p>Einf\u00fchrung und Herausforderungen Bei der Optimierung der Vertriebs- und Verwaltungskosten sind mehrere Fragen interessant: Zun\u00e4chst muss der Ausgangspunkt definiert werden. Wor\u00fcber sprechen wir in Bezug auf Dienstleistungen, Dienstleistungsqualit\u00e4t und damit verbundene Kosten? Sind einige Funktionen \u00fcberdimensioniert? Sind andere Funktionen unterdimensioniert? Manager verf\u00fcgen selten \u00fcber eine genaue \u00dcbersicht \u00fcber ihre Vertriebs- und Verwaltungskostenorganisation oder \u00fcber Indikatoren, [&hellip;]<\/p>\n","protected":false},"author":1,"featured_media":0,"parent":30398,"menu_order":0,"comment_status":"closed","ping_status":"closed","template":"","meta":{"_acf_changed":false,"footnotes":""},"class_list":["post-30340","page","type-page","status-publish","hentry"],"acf":[],"yoast_head":"<!-- This site is optimized with the Yoast SEO plugin v27.4 - https:\/\/yoast.com\/product\/yoast-seo-wordpress\/ -->\n<title>Optimierung der Vertriebs- und Verwaltungskosten - Argon &amp; Co<\/title>\n<meta name=\"robots\" content=\"index, follow, max-snippet:-1, max-image-preview:large, max-video-preview:-1\" \/>\n<link rel=\"canonical\" href=\"https:\/\/www.argonandco.com\/de\/leistungen\/sga\/optimierung-der-vertriebs-und-verwaltungskosten\/\" \/>\n<meta property=\"og:locale\" content=\"de_DE\" \/>\n<meta property=\"og:type\" content=\"article\" \/>\n<meta property=\"og:title\" content=\"Optimierung der Vertriebs- und Verwaltungskosten - Argon &amp; Co\" \/>\n<meta property=\"og:description\" content=\"Einf\u00fchrung und Herausforderungen Bei der Optimierung der Vertriebs- und Verwaltungskosten sind mehrere Fragen interessant: Zun\u00e4chst muss der Ausgangspunkt definiert werden. Wor\u00fcber sprechen wir in Bezug auf Dienstleistungen, Dienstleistungsqualit\u00e4t und damit verbundene Kosten? Sind einige Funktionen \u00fcberdimensioniert? Sind andere Funktionen unterdimensioniert? Manager verf\u00fcgen selten \u00fcber eine genaue \u00dcbersicht \u00fcber ihre Vertriebs- und Verwaltungskostenorganisation oder \u00fcber Indikatoren, [&hellip;]\" \/>\n<meta property=\"og:url\" content=\"https:\/\/www.argonandco.com\/de\/leistungen\/sga\/optimierung-der-vertriebs-und-verwaltungskosten\/\" \/>\n<meta property=\"og:site_name\" content=\"Argon &amp; Co\" \/>\n<meta property=\"article:modified_time\" content=\"2025-11-17T13:51:21+00:00\" \/>\n<meta name=\"twitter:card\" content=\"summary_large_image\" \/>\n<meta name=\"twitter:label1\" content=\"Gesch\u00e4tzte Lesezeit\" \/>\n\t<meta name=\"twitter:data1\" content=\"2 Minuten\" \/>\n<script type=\"application\/ld+json\" class=\"yoast-schema-graph\">{\"@context\":\"https:\\\/\\\/schema.org\",\"@graph\":[{\"@type\":\"WebPage\",\"@id\":\"https:\\\/\\\/www.argonandco.com\\\/de\\\/leistungen\\\/sga\\\/optimierung-der-vertriebs-und-verwaltungskosten\\\/\",\"url\":\"https:\\\/\\\/www.argonandco.com\\\/de\\\/leistungen\\\/sga\\\/optimierung-der-vertriebs-und-verwaltungskosten\\\/\",\"name\":\"Optimierung der Vertriebs- und Verwaltungskosten - Argon &amp; Co\",\"isPartOf\":{\"@id\":\"https:\\\/\\\/www.argonandco.com\\\/de\\\/#website\"},\"datePublished\":\"2019-09-11T14:07:10+00:00\",\"dateModified\":\"2025-11-17T13:51:21+00:00\",\"breadcrumb\":{\"@id\":\"https:\\\/\\\/www.argonandco.com\\\/de\\\/leistungen\\\/sga\\\/optimierung-der-vertriebs-und-verwaltungskosten\\\/#breadcrumb\"},\"inLanguage\":\"de\",\"potentialAction\":[{\"@type\":\"ReadAction\",\"target\":[\"https:\\\/\\\/www.argonandco.com\\\/de\\\/leistungen\\\/sga\\\/optimierung-der-vertriebs-und-verwaltungskosten\\\/\"]}]},{\"@type\":\"BreadcrumbList\",\"@id\":\"https:\\\/\\\/www.argonandco.com\\\/de\\\/leistungen\\\/sga\\\/optimierung-der-vertriebs-und-verwaltungskosten\\\/#breadcrumb\",\"itemListElement\":[{\"@type\":\"ListItem\",\"position\":1,\"name\":\"Home\",\"item\":\"https:\\\/\\\/www.argonandco.com\\\/de\\\/\"},{\"@type\":\"ListItem\",\"position\":2,\"name\":\"Leistungen\",\"item\":\"https:\\\/\\\/www.argonandco.com\\\/de\\\/leistungen\\\/\"},{\"@type\":\"ListItem\",\"position\":3,\"name\":\"SG&#038;A\",\"item\":\"https:\\\/\\\/www.argonandco.com\\\/de\\\/leistungen\\\/sga\\\/\"},{\"@type\":\"ListItem\",\"position\":4,\"name\":\"Optimierung der Vertriebs- und Verwaltungskosten\"}]},{\"@type\":\"WebSite\",\"@id\":\"https:\\\/\\\/www.argonandco.com\\\/de\\\/#website\",\"url\":\"https:\\\/\\\/www.argonandco.com\\\/de\\\/\",\"name\":\"Argon &amp; Co\",\"description\":\"We help clients achieve their strategic and operational objectives, working together to transform their businesses and generate real change.\",\"potentialAction\":[{\"@type\":\"SearchAction\",\"target\":{\"@type\":\"EntryPoint\",\"urlTemplate\":\"https:\\\/\\\/www.argonandco.com\\\/de\\\/?s={search_term_string}\"},\"query-input\":{\"@type\":\"PropertyValueSpecification\",\"valueRequired\":true,\"valueName\":\"search_term_string\"}}],\"inLanguage\":\"de\"}]}<\/script>\n<!-- \/ Yoast SEO plugin. -->","yoast_head_json":{"title":"Optimierung der Vertriebs- und Verwaltungskosten - Argon &amp; Co","robots":{"index":"index","follow":"follow","max-snippet":"max-snippet:-1","max-image-preview":"max-image-preview:large","max-video-preview":"max-video-preview:-1"},"canonical":"https:\/\/www.argonandco.com\/de\/leistungen\/sga\/optimierung-der-vertriebs-und-verwaltungskosten\/","og_locale":"de_DE","og_type":"article","og_title":"Optimierung der Vertriebs- und Verwaltungskosten - Argon &amp; Co","og_description":"Einf\u00fchrung und Herausforderungen Bei der Optimierung der Vertriebs- und Verwaltungskosten sind mehrere Fragen interessant: Zun\u00e4chst muss der Ausgangspunkt definiert werden. Wor\u00fcber sprechen wir in Bezug auf Dienstleistungen, Dienstleistungsqualit\u00e4t und damit verbundene Kosten? Sind einige Funktionen \u00fcberdimensioniert? Sind andere Funktionen unterdimensioniert? Manager verf\u00fcgen selten \u00fcber eine genaue \u00dcbersicht \u00fcber ihre Vertriebs- und Verwaltungskostenorganisation oder \u00fcber Indikatoren, [&hellip;]","og_url":"https:\/\/www.argonandco.com\/de\/leistungen\/sga\/optimierung-der-vertriebs-und-verwaltungskosten\/","og_site_name":"Argon &amp; Co","article_modified_time":"2025-11-17T13:51:21+00:00","twitter_card":"summary_large_image","twitter_misc":{"Gesch\u00e4tzte Lesezeit":"2 Minuten"},"schema":{"@context":"https:\/\/schema.org","@graph":[{"@type":"WebPage","@id":"https:\/\/www.argonandco.com\/de\/leistungen\/sga\/optimierung-der-vertriebs-und-verwaltungskosten\/","url":"https:\/\/www.argonandco.com\/de\/leistungen\/sga\/optimierung-der-vertriebs-und-verwaltungskosten\/","name":"Optimierung der Vertriebs- und Verwaltungskosten - Argon &amp; Co","isPartOf":{"@id":"https:\/\/www.argonandco.com\/de\/#website"},"datePublished":"2019-09-11T14:07:10+00:00","dateModified":"2025-11-17T13:51:21+00:00","breadcrumb":{"@id":"https:\/\/www.argonandco.com\/de\/leistungen\/sga\/optimierung-der-vertriebs-und-verwaltungskosten\/#breadcrumb"},"inLanguage":"de","potentialAction":[{"@type":"ReadAction","target":["https:\/\/www.argonandco.com\/de\/leistungen\/sga\/optimierung-der-vertriebs-und-verwaltungskosten\/"]}]},{"@type":"BreadcrumbList","@id":"https:\/\/www.argonandco.com\/de\/leistungen\/sga\/optimierung-der-vertriebs-und-verwaltungskosten\/#breadcrumb","itemListElement":[{"@type":"ListItem","position":1,"name":"Home","item":"https:\/\/www.argonandco.com\/de\/"},{"@type":"ListItem","position":2,"name":"Leistungen","item":"https:\/\/www.argonandco.com\/de\/leistungen\/"},{"@type":"ListItem","position":3,"name":"SG&#038;A","item":"https:\/\/www.argonandco.com\/de\/leistungen\/sga\/"},{"@type":"ListItem","position":4,"name":"Optimierung der Vertriebs- und Verwaltungskosten"}]},{"@type":"WebSite","@id":"https:\/\/www.argonandco.com\/de\/#website","url":"https:\/\/www.argonandco.com\/de\/","name":"Argon &amp; Co","description":"We help clients achieve their strategic and operational objectives, working together to transform their businesses and generate real change.","potentialAction":[{"@type":"SearchAction","target":{"@type":"EntryPoint","urlTemplate":"https:\/\/www.argonandco.com\/de\/?s={search_term_string}"},"query-input":{"@type":"PropertyValueSpecification","valueRequired":true,"valueName":"search_term_string"}}],"inLanguage":"de"}]}},"_links":{"self":[{"href":"https:\/\/www.argonandco.com\/de\/wp-json\/wp\/v2\/pages\/30340","targetHints":{"allow":["GET"]}}],"collection":[{"href":"https:\/\/www.argonandco.com\/de\/wp-json\/wp\/v2\/pages"}],"about":[{"href":"https:\/\/www.argonandco.com\/de\/wp-json\/wp\/v2\/types\/page"}],"author":[{"embeddable":true,"href":"https:\/\/www.argonandco.com\/de\/wp-json\/wp\/v2\/users\/1"}],"replies":[{"embeddable":true,"href":"https:\/\/www.argonandco.com\/de\/wp-json\/wp\/v2\/comments?post=30340"}],"version-history":[{"count":0,"href":"https:\/\/www.argonandco.com\/de\/wp-json\/wp\/v2\/pages\/30340\/revisions"}],"up":[{"embeddable":true,"href":"https:\/\/www.argonandco.com\/de\/wp-json\/wp\/v2\/pages\/30398"}],"wp:attachment":[{"href":"https:\/\/www.argonandco.com\/de\/wp-json\/wp\/v2\/media?parent=30340"}],"curies":[{"name":"wp","href":"https:\/\/api.w.org\/{rel}","templated":true}]}}