{"id":30339,"date":"2019-09-11T15:07:23","date_gmt":"2019-09-11T14:07:23","guid":{"rendered":"https:\/\/www.argonandco.com\/shared-services-strategy\/"},"modified":"2025-11-17T13:51:41","modified_gmt":"2025-11-17T13:51:41","slug":"shared-services-strategie","status":"publish","type":"page","link":"https:\/\/www.argonandco.com\/de\/leistungen\/sga\/shared-services-strategie\/","title":{"rendered":"Shared services Strategie"},"content":{"rendered":"<h2><b>Einf\u00fchrung und Herausforderungen<\/b><\/h2>\n<p><span class=\"intro\" style=\"font-weight: 400;\">Das Shared-Services-Modell hat sich f\u00fcr Supportfunktionen etabliert und wird zunehmend auch im operativen Bereich eingesetzt. Es besteht darin, Mitarbeiter und Ressourcen innerhalb einer Organisation oder Gruppe zusammenzuf\u00fchren, um den operativen Einheiten des Unternehmens effizientere Dienstleistungen und besseres Fachwissen zur Verf\u00fcgung zu stellen. Die Vorteile sind zahlreich: Skaleneffekte, Professionalisierung, Agilit\u00e4t, Standardisierung von Prozessen und Aufbau von Fachwissen. Dar\u00fcber hinaus erm\u00f6glicht ein Shared-Services-Modell dem lokalen Management, sich auf das operative Gesch\u00e4ft und die Kunden zu konzentrieren.<\/span><\/p>\n<p><span style=\"font-weight: 400;\">Die Wirkung des Modells vervielfacht sich, wenn es auf alle oder mehrere Supportfunktionen (z. B. Finanzen, Personalwesen, Beschaffung, IT, Kundendienst) und bestimmte Gesch\u00e4ftsprozesse angewendet wird (z. B. Logistik, Engineering) &#8211; es gibt vielfache Variationen: lokale, regionale oder globale Shared Services, Governance nach Funktionen oder funktions\u00fcbergreifend, Einsatz von Outsourcing.<\/span><\/p>\n<p><span style=\"font-weight: 400;\">Unternehmen, die keine Shared-Services-Organisation haben, fragen sich, wie sie zu ihren Wettbewerbern aufschlie\u00dfen k\u00f6nnen. Unternehmen, die bereits eine Shared-Services-Organisation implementiert haben, fragen sich, wie sie noch einen Schritt weiter gehen und ihre Leistung und Produktivit\u00e4t steigern k\u00f6nnen. Unabh\u00e4ngig vom Reifegrad des Unternehmens m\u00fcssen sich F\u00fchrungskr\u00e4fte folgende strategische Fragen stellen: Was ist die Zielvision von Shared Services? In welchem T\u00e4tigkeitsbereich soll sie umgesetzt werden? Wo sollen die Zentren in Zukunft angesiedelt sein? Ist Outsourcing f\u00fcr mein Unternehmen relevant? Was spricht aus betriebswirtschaftlicher Sicht f\u00fcr dieses neue Organisationsmodell? Wie l\u00e4sst sich ein realistischer Fahrplan erstellen? Und vor allem: Wie soll die Transformation gesteuert werden?<\/span><\/p>\n<h2><b>Wie wir helfen k\u00f6nnen<\/b><\/h2>\n<p><span style=\"font-weight: 400;\">\u00dcber die Methodik hinaus verf\u00fcgt Argon &amp; Co \u00fcber das erforderliche Fachwissen im Bereich Shared Services, um seine Kunden bei der richtigen strategischen Entscheidung zu unterst\u00fctzen. Die Entwicklung einer Shared-Services-Strategie und eines entsprechenden Fahrplans umfasst drei wesentliche Schritte:<\/span><\/p>\n<ul>\n<li>Diagnose des bestehenden Systems<\/li>\n<\/ul>\n<ul>\n<li style=\"list-style-type: none;\">\n<ul>\n<li>Wie ausgereift sind die Supportfunktionen im Unternehmen?<\/li>\n<li>Auf welche Funktionen und Aktivit\u00e4ten werden Shared Services eingesetzt? In welchen Regionen?<\/li>\n<li>Wie haben sich Kosten und Leistung entwickelt<\/li>\n<\/ul>\n<\/li>\n<\/ul>\n<ul>\n<li>Identifizierung und Bewertung verschiedener Szenarien als Grundlage f\u00fcr die Wahl der Zielvision f\u00fcr Shared Services. Einige h\u00e4ufig untersuchte Makroszenarien sind:\n<ul>\n<li style=\"list-style-type: none;\"><\/li>\n<li>Konsolidierung von Aktivit\u00e4ten in nationalen und globalen Shared Service Centern mit Lokalisierungsszenarien<\/li>\n<li>Auslagerung bestimmter Aktivit\u00e4ten<\/li>\n<li>End-to-End-Prozessintegration<\/li>\n<li>Erweiterung des Funktionsumfangs und Entwicklung des Governance-Modells<\/li>\n<\/ul>\n<\/li>\n<\/ul>\n<ul>\n<li>Entwicklung der Transformations-Roadmap und des Business Case<\/li>\n<\/ul>\n<ul>\n<li style=\"list-style-type: none;\">\n<ul>\n<li style=\"font-weight: 400;\"><span style=\"font-weight: 400;\">Bewertung aller Chancen und Risken im Zusammenhang mit der Umsetzung &#8211; sei es in technischer, personeller, sozialer, wirtschaftlicher, politischer oder anderer Hinsicht.\u00a0<\/span><\/li>\n<li style=\"font-weight: 400;\"><span style=\"font-weight: 400;\">Analyse der verschiedenen m\u00f6glichen Entwicklungspfade und Empfehlungen<\/span><\/li>\n<li style=\"font-weight: 400;\"><span style=\"font-weight: 400;\">Entwicklung eines realistischen Business Cases unter Einbeziehung der Projektkosten und -vorteile<\/span><\/li>\n<\/ul>\n<\/li>\n<\/ul>\n","protected":false},"excerpt":{"rendered":"<p>Einf\u00fchrung und Herausforderungen Das Shared-Services-Modell hat sich f\u00fcr Supportfunktionen etabliert und wird zunehmend auch im operativen Bereich eingesetzt. Es besteht darin, Mitarbeiter und Ressourcen innerhalb einer Organisation oder Gruppe zusammenzuf\u00fchren, um den operativen Einheiten des Unternehmens effizientere Dienstleistungen und besseres Fachwissen zur Verf\u00fcgung zu stellen. Die Vorteile sind zahlreich: Skaleneffekte, Professionalisierung, Agilit\u00e4t, Standardisierung von Prozessen [&hellip;]<\/p>\n","protected":false},"author":1,"featured_media":0,"parent":30398,"menu_order":1,"comment_status":"closed","ping_status":"closed","template":"","meta":{"_acf_changed":false,"footnotes":""},"class_list":["post-30339","page","type-page","status-publish","hentry"],"acf":[],"yoast_head":"<!-- This site is optimized with the Yoast SEO plugin v27.4 - https:\/\/yoast.com\/product\/yoast-seo-wordpress\/ -->\n<title>Shared services Strategie - Argon &amp; Co<\/title>\n<meta name=\"robots\" content=\"index, follow, max-snippet:-1, max-image-preview:large, max-video-preview:-1\" \/>\n<link rel=\"canonical\" href=\"https:\/\/www.argonandco.com\/de\/leistungen\/sga\/shared-services-strategie\/\" \/>\n<meta property=\"og:locale\" content=\"de_DE\" \/>\n<meta property=\"og:type\" content=\"article\" \/>\n<meta property=\"og:title\" content=\"Shared services Strategie - Argon &amp; Co\" \/>\n<meta property=\"og:description\" content=\"Einf\u00fchrung und Herausforderungen Das Shared-Services-Modell hat sich f\u00fcr Supportfunktionen etabliert und wird zunehmend auch im operativen Bereich eingesetzt. Es besteht darin, Mitarbeiter und Ressourcen innerhalb einer Organisation oder Gruppe zusammenzuf\u00fchren, um den operativen Einheiten des Unternehmens effizientere Dienstleistungen und besseres Fachwissen zur Verf\u00fcgung zu stellen. Die Vorteile sind zahlreich: Skaleneffekte, Professionalisierung, Agilit\u00e4t, Standardisierung von Prozessen [&hellip;]\" \/>\n<meta property=\"og:url\" content=\"https:\/\/www.argonandco.com\/de\/leistungen\/sga\/shared-services-strategie\/\" \/>\n<meta property=\"og:site_name\" content=\"Argon &amp; Co\" \/>\n<meta property=\"article:modified_time\" content=\"2025-11-17T13:51:41+00:00\" \/>\n<meta name=\"twitter:card\" content=\"summary_large_image\" \/>\n<meta name=\"twitter:label1\" content=\"Gesch\u00e4tzte Lesezeit\" \/>\n\t<meta name=\"twitter:data1\" content=\"2 Minuten\" \/>\n<script type=\"application\/ld+json\" class=\"yoast-schema-graph\">{\"@context\":\"https:\\\/\\\/schema.org\",\"@graph\":[{\"@type\":\"WebPage\",\"@id\":\"https:\\\/\\\/www.argonandco.com\\\/de\\\/leistungen\\\/sga\\\/shared-services-strategie\\\/\",\"url\":\"https:\\\/\\\/www.argonandco.com\\\/de\\\/leistungen\\\/sga\\\/shared-services-strategie\\\/\",\"name\":\"Shared services Strategie - Argon &amp; Co\",\"isPartOf\":{\"@id\":\"https:\\\/\\\/www.argonandco.com\\\/de\\\/#website\"},\"datePublished\":\"2019-09-11T14:07:23+00:00\",\"dateModified\":\"2025-11-17T13:51:41+00:00\",\"breadcrumb\":{\"@id\":\"https:\\\/\\\/www.argonandco.com\\\/de\\\/leistungen\\\/sga\\\/shared-services-strategie\\\/#breadcrumb\"},\"inLanguage\":\"de\",\"potentialAction\":[{\"@type\":\"ReadAction\",\"target\":[\"https:\\\/\\\/www.argonandco.com\\\/de\\\/leistungen\\\/sga\\\/shared-services-strategie\\\/\"]}]},{\"@type\":\"BreadcrumbList\",\"@id\":\"https:\\\/\\\/www.argonandco.com\\\/de\\\/leistungen\\\/sga\\\/shared-services-strategie\\\/#breadcrumb\",\"itemListElement\":[{\"@type\":\"ListItem\",\"position\":1,\"name\":\"Home\",\"item\":\"https:\\\/\\\/www.argonandco.com\\\/de\\\/\"},{\"@type\":\"ListItem\",\"position\":2,\"name\":\"Leistungen\",\"item\":\"https:\\\/\\\/www.argonandco.com\\\/de\\\/leistungen\\\/\"},{\"@type\":\"ListItem\",\"position\":3,\"name\":\"SG&#038;A\",\"item\":\"https:\\\/\\\/www.argonandco.com\\\/de\\\/leistungen\\\/sga\\\/\"},{\"@type\":\"ListItem\",\"position\":4,\"name\":\"Shared services Strategie\"}]},{\"@type\":\"WebSite\",\"@id\":\"https:\\\/\\\/www.argonandco.com\\\/de\\\/#website\",\"url\":\"https:\\\/\\\/www.argonandco.com\\\/de\\\/\",\"name\":\"Argon &amp; Co\",\"description\":\"We help clients achieve their strategic and operational objectives, working together to transform their businesses and generate real change.\",\"potentialAction\":[{\"@type\":\"SearchAction\",\"target\":{\"@type\":\"EntryPoint\",\"urlTemplate\":\"https:\\\/\\\/www.argonandco.com\\\/de\\\/?s={search_term_string}\"},\"query-input\":{\"@type\":\"PropertyValueSpecification\",\"valueRequired\":true,\"valueName\":\"search_term_string\"}}],\"inLanguage\":\"de\"}]}<\/script>\n<!-- \/ Yoast SEO plugin. -->","yoast_head_json":{"title":"Shared services Strategie - Argon &amp; Co","robots":{"index":"index","follow":"follow","max-snippet":"max-snippet:-1","max-image-preview":"max-image-preview:large","max-video-preview":"max-video-preview:-1"},"canonical":"https:\/\/www.argonandco.com\/de\/leistungen\/sga\/shared-services-strategie\/","og_locale":"de_DE","og_type":"article","og_title":"Shared services Strategie - Argon &amp; Co","og_description":"Einf\u00fchrung und Herausforderungen Das Shared-Services-Modell hat sich f\u00fcr Supportfunktionen etabliert und wird zunehmend auch im operativen Bereich eingesetzt. Es besteht darin, Mitarbeiter und Ressourcen innerhalb einer Organisation oder Gruppe zusammenzuf\u00fchren, um den operativen Einheiten des Unternehmens effizientere Dienstleistungen und besseres Fachwissen zur Verf\u00fcgung zu stellen. Die Vorteile sind zahlreich: Skaleneffekte, Professionalisierung, Agilit\u00e4t, Standardisierung von Prozessen [&hellip;]","og_url":"https:\/\/www.argonandco.com\/de\/leistungen\/sga\/shared-services-strategie\/","og_site_name":"Argon &amp; Co","article_modified_time":"2025-11-17T13:51:41+00:00","twitter_card":"summary_large_image","twitter_misc":{"Gesch\u00e4tzte Lesezeit":"2 Minuten"},"schema":{"@context":"https:\/\/schema.org","@graph":[{"@type":"WebPage","@id":"https:\/\/www.argonandco.com\/de\/leistungen\/sga\/shared-services-strategie\/","url":"https:\/\/www.argonandco.com\/de\/leistungen\/sga\/shared-services-strategie\/","name":"Shared services Strategie - Argon &amp; Co","isPartOf":{"@id":"https:\/\/www.argonandco.com\/de\/#website"},"datePublished":"2019-09-11T14:07:23+00:00","dateModified":"2025-11-17T13:51:41+00:00","breadcrumb":{"@id":"https:\/\/www.argonandco.com\/de\/leistungen\/sga\/shared-services-strategie\/#breadcrumb"},"inLanguage":"de","potentialAction":[{"@type":"ReadAction","target":["https:\/\/www.argonandco.com\/de\/leistungen\/sga\/shared-services-strategie\/"]}]},{"@type":"BreadcrumbList","@id":"https:\/\/www.argonandco.com\/de\/leistungen\/sga\/shared-services-strategie\/#breadcrumb","itemListElement":[{"@type":"ListItem","position":1,"name":"Home","item":"https:\/\/www.argonandco.com\/de\/"},{"@type":"ListItem","position":2,"name":"Leistungen","item":"https:\/\/www.argonandco.com\/de\/leistungen\/"},{"@type":"ListItem","position":3,"name":"SG&#038;A","item":"https:\/\/www.argonandco.com\/de\/leistungen\/sga\/"},{"@type":"ListItem","position":4,"name":"Shared services Strategie"}]},{"@type":"WebSite","@id":"https:\/\/www.argonandco.com\/de\/#website","url":"https:\/\/www.argonandco.com\/de\/","name":"Argon &amp; Co","description":"We help clients achieve their strategic and operational objectives, working together to transform their businesses and generate real change.","potentialAction":[{"@type":"SearchAction","target":{"@type":"EntryPoint","urlTemplate":"https:\/\/www.argonandco.com\/de\/?s={search_term_string}"},"query-input":{"@type":"PropertyValueSpecification","valueRequired":true,"valueName":"search_term_string"}}],"inLanguage":"de"}]}},"_links":{"self":[{"href":"https:\/\/www.argonandco.com\/de\/wp-json\/wp\/v2\/pages\/30339","targetHints":{"allow":["GET"]}}],"collection":[{"href":"https:\/\/www.argonandco.com\/de\/wp-json\/wp\/v2\/pages"}],"about":[{"href":"https:\/\/www.argonandco.com\/de\/wp-json\/wp\/v2\/types\/page"}],"author":[{"embeddable":true,"href":"https:\/\/www.argonandco.com\/de\/wp-json\/wp\/v2\/users\/1"}],"replies":[{"embeddable":true,"href":"https:\/\/www.argonandco.com\/de\/wp-json\/wp\/v2\/comments?post=30339"}],"version-history":[{"count":0,"href":"https:\/\/www.argonandco.com\/de\/wp-json\/wp\/v2\/pages\/30339\/revisions"}],"up":[{"embeddable":true,"href":"https:\/\/www.argonandco.com\/de\/wp-json\/wp\/v2\/pages\/30398"}],"wp:attachment":[{"href":"https:\/\/www.argonandco.com\/de\/wp-json\/wp\/v2\/media?parent=30339"}],"curies":[{"name":"wp","href":"https:\/\/api.w.org\/{rel}","templated":true}]}}