{"id":30338,"date":"2019-09-11T15:07:23","date_gmt":"2019-09-11T14:07:23","guid":{"rendered":"https:\/\/www.argonandco.com\/shared-services-implementation\/"},"modified":"2025-07-21T09:00:25","modified_gmt":"2025-07-21T08:00:25","slug":"shared-services-implementation","status":"publish","type":"page","link":"https:\/\/www.argonandco.com\/de\/leistungen\/sga\/shared-services-implementation\/","title":{"rendered":"Implementation Shared services"},"content":{"rendered":"<h2><b>Einf\u00fchrung und Herausforderungen<\/b><\/h2>\n<p><span style=\"font-size: 1.5rem;\">Die Dauer der Implementierungsphase h\u00e4ngt von der Anzahl der zu migirierenden Standorte ab. Sie bestehen aus einer Vorbereitungsphase, einer \u00dcbergangsphase (in der die Aktivit\u00e4ten auf Shared Services \u00fcbertragen werden) und einer Stabilisierungsphase.\u00a0<\/span><\/p>\n<p><span style=\"font-weight: 400;\">In der Umsetzungsphase kann nicht improvisiert werden. Die Einf\u00fchrung einer neuen Organisation ist in vielerlei Hinsicht komplex und mit technischen Risiken im Zusammenhang mit dem Wissenstransfer sowie sozialen und personellen Risiken verbunden. Dar\u00fcber hinaus k\u00f6nnen unterschiedliche Informationssysteme und der internationale Kontext, in dem Unternehmen t\u00e4tig sind, zu weiterer Komplexit\u00e4t f\u00fchren.\u00a0<\/span><\/p>\n<p><span style=\"font-weight: 400;\">Unsere Erfahrung mit Shared-Services-Projekten hat uns dabei geholfen, f\u00fcnf wichtige Erfolgsfaktoren f\u00fcr eine erfolgreiche Umsetzung zu identifizieren. Der erste Faktor ist die Unterst\u00fctzung durch die Unternehmensleitung und die Abstimmung zwischen den vom Projekt betroffenen F\u00fchrungskr\u00e4ften. Der zweite Faktor ist die Vorwegnahme und das Management der sozialen Dimension des Projekts. Der dritte Faktor ist die Wahl des Standorts und der R\u00e4umlichkeiten f\u00fcr das Shared-Services-Center. Der vierte Faktor ist die Notwendigkeit, hochqualifizierte Teams zu rekrutieren. Der f\u00fcnfte Faktor ist die Vorbereitung und das strenge Management der kritischen \u00dcbergangsphase, um die Qualit\u00e4t und Kontinuit\u00e4t der Dienstleistungen aufrechtzuerhalten.<\/span><\/p>\n<h2><b>Wie wir helfen k\u00f6nnen<\/b><\/h2>\n<p>Argon &amp; Co unterst\u00fctzt seine Kunden in allen Phasen der Umsetzung eines Shared-Services-Projekts an allen Standorten weltweit. Unsere Experten verf\u00fcgen \u00fcber zwanzig Jahre Erfahrung in der Umsetzung von Shared Services, dem Management der Risiken und der nachhaltigen Beschleunigung der Implementierung.<\/p>\n<p>Das Umsetzungsprogramm gliedert sich in acht Schl\u00fcsselbereiche mit starken Abh\u00e4ngigkeiten:<\/p>\n<ul>\n<li>Personal- und Kommunikationsstrategie: Definition, Vorbereitung und Nachverfolgung des Informations- und Konsultationsverfahrens, Kommunikationsmanagement<\/li>\n<li>Infrastruktur: Standortwahl, Auswahl des Standorts, Vertragsabschl\u00fcsse, Vorbereitung der Infrastruktur<\/li>\n<li>Organisation und Governance: detaillierte Konzeption der Zielorganisation und Governance, Stellenbeschreibungen, Rekrutierungs- und Schulungsplan sowie \u00dcberwachung<\/li>\n<li>Prozesse: Validierung des detaillierten Umfangs, Dokumentation der Prozesse<\/li>\n<li>IT-Systeme: Identifizierung und Implementierung von IT-Systemarbeitsweisen (z. B. Zugriff und Berechtigungen, Workflows)<\/li>\n<li>SLA, KPI und Nachberechnung: Definition von Dienstleistungen und Managementindikatoren, Baselining (Erstellung einer Referenzbasis), Leistungs\u00fcberwachung und Nachberechnung<\/li>\n<li>\u00dcbergang: Vorbereitung der Migration von Aktivit\u00e4ten, Management des Wissenstransfers und Job-Shadowing, Stabilisierungsmanagement<\/li>\n<\/ul>\n","protected":false},"excerpt":{"rendered":"<p>Einf\u00fchrung und Herausforderungen Die Dauer der Implementierungsphase h\u00e4ngt von der Anzahl der zu migirierenden Standorte ab. Sie bestehen aus einer Vorbereitungsphase, einer \u00dcbergangsphase (in der die Aktivit\u00e4ten auf Shared Services \u00fcbertragen werden) und einer Stabilisierungsphase.\u00a0 In der Umsetzungsphase kann nicht improvisiert werden. Die Einf\u00fchrung einer neuen Organisation ist in vielerlei Hinsicht komplex und mit technischen [&hellip;]<\/p>\n","protected":false},"author":1,"featured_media":0,"parent":30398,"menu_order":2,"comment_status":"closed","ping_status":"closed","template":"","meta":{"_acf_changed":false,"footnotes":""},"class_list":["post-30338","page","type-page","status-publish","hentry"],"acf":[],"yoast_head":"<!-- This site is optimized with the Yoast SEO plugin v27.5 - https:\/\/yoast.com\/product\/yoast-seo-wordpress\/ -->\n<title>Implementation Shared services - Argon &amp; Co<\/title>\n<meta name=\"robots\" content=\"index, follow, max-snippet:-1, max-image-preview:large, max-video-preview:-1\" \/>\n<link rel=\"canonical\" href=\"https:\/\/www.argonandco.com\/de\/leistungen\/sga\/shared-services-implementation\/\" \/>\n<meta property=\"og:locale\" content=\"de_DE\" \/>\n<meta property=\"og:type\" content=\"article\" \/>\n<meta property=\"og:title\" content=\"Implementation Shared services - Argon &amp; Co\" \/>\n<meta property=\"og:description\" content=\"Einf\u00fchrung und Herausforderungen Die Dauer der Implementierungsphase h\u00e4ngt von der Anzahl der zu migirierenden Standorte ab. Sie bestehen aus einer Vorbereitungsphase, einer \u00dcbergangsphase (in der die Aktivit\u00e4ten auf Shared Services \u00fcbertragen werden) und einer Stabilisierungsphase.\u00a0 In der Umsetzungsphase kann nicht improvisiert werden. Die Einf\u00fchrung einer neuen Organisation ist in vielerlei Hinsicht komplex und mit technischen [&hellip;]\" \/>\n<meta property=\"og:url\" content=\"https:\/\/www.argonandco.com\/de\/leistungen\/sga\/shared-services-implementation\/\" \/>\n<meta property=\"og:site_name\" content=\"Argon &amp; Co\" \/>\n<meta property=\"article:modified_time\" content=\"2025-07-21T08:00:25+00:00\" \/>\n<meta name=\"twitter:card\" content=\"summary_large_image\" \/>\n<meta name=\"twitter:label1\" content=\"Gesch\u00e4tzte Lesezeit\" \/>\n\t<meta name=\"twitter:data1\" content=\"2 Minuten\" \/>\n<script type=\"application\/ld+json\" class=\"yoast-schema-graph\">{\"@context\":\"https:\\\/\\\/schema.org\",\"@graph\":[{\"@type\":\"WebPage\",\"@id\":\"https:\\\/\\\/www.argonandco.com\\\/de\\\/leistungen\\\/sga\\\/shared-services-implementation\\\/\",\"url\":\"https:\\\/\\\/www.argonandco.com\\\/de\\\/leistungen\\\/sga\\\/shared-services-implementation\\\/\",\"name\":\"Implementation Shared services - Argon &amp; Co\",\"isPartOf\":{\"@id\":\"https:\\\/\\\/www.argonandco.com\\\/de\\\/#website\"},\"datePublished\":\"2019-09-11T14:07:23+00:00\",\"dateModified\":\"2025-07-21T08:00:25+00:00\",\"breadcrumb\":{\"@id\":\"https:\\\/\\\/www.argonandco.com\\\/de\\\/leistungen\\\/sga\\\/shared-services-implementation\\\/#breadcrumb\"},\"inLanguage\":\"de\",\"potentialAction\":[{\"@type\":\"ReadAction\",\"target\":[\"https:\\\/\\\/www.argonandco.com\\\/de\\\/leistungen\\\/sga\\\/shared-services-implementation\\\/\"]}]},{\"@type\":\"BreadcrumbList\",\"@id\":\"https:\\\/\\\/www.argonandco.com\\\/de\\\/leistungen\\\/sga\\\/shared-services-implementation\\\/#breadcrumb\",\"itemListElement\":[{\"@type\":\"ListItem\",\"position\":1,\"name\":\"Home\",\"item\":\"https:\\\/\\\/www.argonandco.com\\\/de\\\/\"},{\"@type\":\"ListItem\",\"position\":2,\"name\":\"Leistungen\",\"item\":\"https:\\\/\\\/www.argonandco.com\\\/de\\\/leistungen\\\/\"},{\"@type\":\"ListItem\",\"position\":3,\"name\":\"SG&#038;A\",\"item\":\"https:\\\/\\\/www.argonandco.com\\\/de\\\/leistungen\\\/sga\\\/\"},{\"@type\":\"ListItem\",\"position\":4,\"name\":\"Implementation Shared services\"}]},{\"@type\":\"WebSite\",\"@id\":\"https:\\\/\\\/www.argonandco.com\\\/de\\\/#website\",\"url\":\"https:\\\/\\\/www.argonandco.com\\\/de\\\/\",\"name\":\"Argon &amp; Co\",\"description\":\"We help clients achieve their strategic and operational objectives, working together to transform their businesses and generate real change.\",\"potentialAction\":[{\"@type\":\"SearchAction\",\"target\":{\"@type\":\"EntryPoint\",\"urlTemplate\":\"https:\\\/\\\/www.argonandco.com\\\/de\\\/?s={search_term_string}\"},\"query-input\":{\"@type\":\"PropertyValueSpecification\",\"valueRequired\":true,\"valueName\":\"search_term_string\"}}],\"inLanguage\":\"de\"}]}<\/script>\n<!-- \/ Yoast SEO plugin. -->","yoast_head_json":{"title":"Implementation Shared services - Argon &amp; Co","robots":{"index":"index","follow":"follow","max-snippet":"max-snippet:-1","max-image-preview":"max-image-preview:large","max-video-preview":"max-video-preview:-1"},"canonical":"https:\/\/www.argonandco.com\/de\/leistungen\/sga\/shared-services-implementation\/","og_locale":"de_DE","og_type":"article","og_title":"Implementation Shared services - Argon &amp; Co","og_description":"Einf\u00fchrung und Herausforderungen Die Dauer der Implementierungsphase h\u00e4ngt von der Anzahl der zu migirierenden Standorte ab. Sie bestehen aus einer Vorbereitungsphase, einer \u00dcbergangsphase (in der die Aktivit\u00e4ten auf Shared Services \u00fcbertragen werden) und einer Stabilisierungsphase.\u00a0 In der Umsetzungsphase kann nicht improvisiert werden. Die Einf\u00fchrung einer neuen Organisation ist in vielerlei Hinsicht komplex und mit technischen [&hellip;]","og_url":"https:\/\/www.argonandco.com\/de\/leistungen\/sga\/shared-services-implementation\/","og_site_name":"Argon &amp; Co","article_modified_time":"2025-07-21T08:00:25+00:00","twitter_card":"summary_large_image","twitter_misc":{"Gesch\u00e4tzte Lesezeit":"2 Minuten"},"schema":{"@context":"https:\/\/schema.org","@graph":[{"@type":"WebPage","@id":"https:\/\/www.argonandco.com\/de\/leistungen\/sga\/shared-services-implementation\/","url":"https:\/\/www.argonandco.com\/de\/leistungen\/sga\/shared-services-implementation\/","name":"Implementation Shared services - Argon &amp; Co","isPartOf":{"@id":"https:\/\/www.argonandco.com\/de\/#website"},"datePublished":"2019-09-11T14:07:23+00:00","dateModified":"2025-07-21T08:00:25+00:00","breadcrumb":{"@id":"https:\/\/www.argonandco.com\/de\/leistungen\/sga\/shared-services-implementation\/#breadcrumb"},"inLanguage":"de","potentialAction":[{"@type":"ReadAction","target":["https:\/\/www.argonandco.com\/de\/leistungen\/sga\/shared-services-implementation\/"]}]},{"@type":"BreadcrumbList","@id":"https:\/\/www.argonandco.com\/de\/leistungen\/sga\/shared-services-implementation\/#breadcrumb","itemListElement":[{"@type":"ListItem","position":1,"name":"Home","item":"https:\/\/www.argonandco.com\/de\/"},{"@type":"ListItem","position":2,"name":"Leistungen","item":"https:\/\/www.argonandco.com\/de\/leistungen\/"},{"@type":"ListItem","position":3,"name":"SG&#038;A","item":"https:\/\/www.argonandco.com\/de\/leistungen\/sga\/"},{"@type":"ListItem","position":4,"name":"Implementation Shared services"}]},{"@type":"WebSite","@id":"https:\/\/www.argonandco.com\/de\/#website","url":"https:\/\/www.argonandco.com\/de\/","name":"Argon &amp; Co","description":"We help clients achieve their strategic and operational objectives, working together to transform their businesses and generate real change.","potentialAction":[{"@type":"SearchAction","target":{"@type":"EntryPoint","urlTemplate":"https:\/\/www.argonandco.com\/de\/?s={search_term_string}"},"query-input":{"@type":"PropertyValueSpecification","valueRequired":true,"valueName":"search_term_string"}}],"inLanguage":"de"}]}},"_links":{"self":[{"href":"https:\/\/www.argonandco.com\/de\/wp-json\/wp\/v2\/pages\/30338","targetHints":{"allow":["GET"]}}],"collection":[{"href":"https:\/\/www.argonandco.com\/de\/wp-json\/wp\/v2\/pages"}],"about":[{"href":"https:\/\/www.argonandco.com\/de\/wp-json\/wp\/v2\/types\/page"}],"author":[{"embeddable":true,"href":"https:\/\/www.argonandco.com\/de\/wp-json\/wp\/v2\/users\/1"}],"replies":[{"embeddable":true,"href":"https:\/\/www.argonandco.com\/de\/wp-json\/wp\/v2\/comments?post=30338"}],"version-history":[{"count":0,"href":"https:\/\/www.argonandco.com\/de\/wp-json\/wp\/v2\/pages\/30338\/revisions"}],"up":[{"embeddable":true,"href":"https:\/\/www.argonandco.com\/de\/wp-json\/wp\/v2\/pages\/30398"}],"wp:attachment":[{"href":"https:\/\/www.argonandco.com\/de\/wp-json\/wp\/v2\/media?parent=30338"}],"curies":[{"name":"wp","href":"https:\/\/api.w.org\/{rel}","templated":true}]}}