{"id":30335,"date":"2019-09-11T15:07:23","date_gmt":"2019-09-11T14:07:23","guid":{"rendered":"https:\/\/www.argonandco.com\/business-process-optimisation\/"},"modified":"2025-11-17T13:53:06","modified_gmt":"2025-11-17T13:53:06","slug":"geschaeftsprozessoptimierung","status":"publish","type":"page","link":"https:\/\/www.argonandco.com\/de\/leistungen\/sga\/geschaeftsprozessoptimierung\/","title":{"rendered":"Gesch\u00e4ftsprozessoptimierung"},"content":{"rendered":"<h2><b>Einf\u00fchrung und Herausforderungen<\/b><\/h2>\n<p><span class=\"intro\" style=\"font-weight: 400;\">Effizienzsteigerung, Produktivit\u00e4tssteigerung, Qualit\u00e4tsverbesserung, Optimierung der Prozesse f\u00fcr diejenigen, die sie ausf\u00fchren, und f\u00fcr diejenigen, die davon profitieren \u2013 das sind die Ziele von Projekten zur Gesch\u00e4ftsprozessoptimierung (BPO).<\/span><\/p>\n<p><span style=\"font-weight: 400;\">BPO-Ans\u00e4tze basieren in der Regel auf Lean Management und Six-Sigma-Techniken zur Prozessoptimierung durch Straffung, Eliminierung von T\u00e4tigkeiten mit geringer Wertsch\u00f6pfung, Standardisierung, Industrialisierung und Automatisierung von T\u00e4tigkeiten. Sie verfolgen das \u00fcbergeordnete Ziel, die Unternehmenskultur zu ver\u00e4ndern und eine Kultur der Suche nach und Eliminierung von nicht wertsch\u00f6pfenden Aufgaben zu etablieren.\u00a0<\/span><\/p>\n<p><span style=\"font-weight: 400;\">Process Mining spielt eine immer wichtigere Rolle, nicht nur bei der Analyse des Prozesses und der Identifizierung seines Optimierungspotenzials, sondern auch bei der Sicherstellung, dass die neuen Betriebsabl\u00e4ufe ordnungsgem\u00e4\u00df angewendet werden.<\/span><\/p>\n<p><span style=\"font-weight: 400;\">BPO-Projekte werden in der Regel in einem breiten Kontext durchgef\u00fchrt, beispielsweise um ein Transformationsprojekt zu erm\u00f6glichen oder zum Abschluss zu bringen (Shared Services, Post-Merger-Integration, ERP). Sie k\u00f6nnen auch mit dem Ziel durchgef\u00fchrt werden, Gewinne zu erzielen, ohne dass eine \u00c4nderung der Organisation oder der Informationssysteme erforderlich ist (seltener).<br \/>\n<\/span><\/p>\n<p><span style=\"font-weight: 400;\">Da Transformation kein Selbstzweck ist, ist es wichtig, auf der Grundlage interner und externer Benchmarks Indikatoren und Leistungsziele zu definieren und anschlie\u00dfend die Akteure im Prozess zu bef\u00e4higen, bevor die Vorteile gemessen werden.<\/span><span style=\"font-weight: 400;\">\u00a0<\/span><\/p>\n<h2><b>Wie wir helfen k\u00f6nnen<\/b><\/h2>\n<p>F\u00fcr jeden Prozess mobilisiert Argon &amp; Co funktionale und branchenspezifische Experten. Wir verfolgen einen pragmatischen Ansatz, der darauf abzielt, schnelle Einsparungen zu erzielen, aber auch die Akteure in die Verantwortung zu nehmen und neue Verhaltensweisen zu verankern, um die Nachhaltigkeit der Ergebnisse sicherzustellen.<\/p>\n<ul>\n<li>Bewertung des Optimierungspotenzials\n<ul>\n<li style=\"list-style-type: none;\">\n<ul>\n<li>Analyse bestehender Prozesse (Lean Management und Process Mining)<\/li>\n<li>Identifizierung von Verbesserungsm\u00f6glichkeiten<\/li>\n<li>Durchf\u00fchrung von Benchmarking<\/li>\n<\/ul>\n<\/li>\n<li>Definition des Zielprozesses\n<ul>\n<li style=\"list-style-type: none;\">\n<ul>\n<li>Weitergabe der Argon &amp; Co-Standards zur Identifizierung von Hebeln zur Prozessoptimierung<\/li>\n<li>Aufbau von Zielprozessen<\/li>\n<li>Identifizierung und Dokumentation von Best Practices<\/li>\n<\/ul>\n<\/li>\n<\/ul>\n<\/li>\n<li>Transformationsmanagement\n<ul>\n<li>Priorisierung der wichtigsten Themen<\/li>\n<li>Identifizierung und Umsetzung von Quick Wins<\/li>\n<li>Erstellung von Aktionspl\u00e4nen<\/li>\n<li>Entwurf und Einf\u00fchrung von Schulungspl\u00e4nen<\/li>\n<li>Koordination der Transformation (Aktionspl\u00e4ne, KPIs, Process Mining)<\/li>\n<\/ul>\n<\/li>\n<li>Nachhaltige Vorteile\n<ul>\n<li>Aufbau und Pflege eines Repositorys f\u00fcr Prozesse und Best Practices<\/li>\n<li>Entwurf und Entwicklung des BPI-Dashboards<\/li>\n<li>\u00dcberpr\u00fcfung der Governance und Festlegung der Verantwortlichkeiten f\u00fcr Gesch\u00e4ftsprozesse<\/li>\n<\/ul>\n<\/li>\n<\/ul>\n<\/li>\n<li>Analyse und Unterst\u00fctzung der Ver\u00e4nderung<\/li>\n<\/ul>\n<p>&nbsp;<\/p>\n","protected":false},"excerpt":{"rendered":"<p>Einf\u00fchrung und Herausforderungen Effizienzsteigerung, Produktivit\u00e4tssteigerung, Qualit\u00e4tsverbesserung, Optimierung der Prozesse f\u00fcr diejenigen, die sie ausf\u00fchren, und f\u00fcr diejenigen, die davon profitieren \u2013 das sind die Ziele von Projekten zur Gesch\u00e4ftsprozessoptimierung (BPO). BPO-Ans\u00e4tze basieren in der Regel auf Lean Management und Six-Sigma-Techniken zur Prozessoptimierung durch Straffung, Eliminierung von T\u00e4tigkeiten mit geringer Wertsch\u00f6pfung, Standardisierung, Industrialisierung und Automatisierung von [&hellip;]<\/p>\n","protected":false},"author":1,"featured_media":0,"parent":30398,"menu_order":6,"comment_status":"closed","ping_status":"closed","template":"","meta":{"_acf_changed":false,"footnotes":""},"class_list":["post-30335","page","type-page","status-publish","hentry"],"acf":[],"yoast_head":"<!-- This site is optimized with the Yoast SEO plugin v27.4 - https:\/\/yoast.com\/product\/yoast-seo-wordpress\/ -->\n<title>Gesch\u00e4ftsprozessoptimierung - Argon &amp; Co<\/title>\n<meta name=\"robots\" content=\"index, follow, max-snippet:-1, max-image-preview:large, max-video-preview:-1\" \/>\n<link rel=\"canonical\" href=\"https:\/\/www.argonandco.com\/de\/leistungen\/sga\/geschaeftsprozessoptimierung\/\" \/>\n<meta property=\"og:locale\" content=\"de_DE\" \/>\n<meta property=\"og:type\" content=\"article\" \/>\n<meta property=\"og:title\" content=\"Gesch\u00e4ftsprozessoptimierung - Argon &amp; Co\" \/>\n<meta property=\"og:description\" content=\"Einf\u00fchrung und Herausforderungen Effizienzsteigerung, Produktivit\u00e4tssteigerung, Qualit\u00e4tsverbesserung, Optimierung der Prozesse f\u00fcr diejenigen, die sie ausf\u00fchren, und f\u00fcr diejenigen, die davon profitieren \u2013 das sind die Ziele von Projekten zur Gesch\u00e4ftsprozessoptimierung (BPO). BPO-Ans\u00e4tze basieren in der Regel auf Lean Management und Six-Sigma-Techniken zur Prozessoptimierung durch Straffung, Eliminierung von T\u00e4tigkeiten mit geringer Wertsch\u00f6pfung, Standardisierung, Industrialisierung und Automatisierung von [&hellip;]\" \/>\n<meta property=\"og:url\" content=\"https:\/\/www.argonandco.com\/de\/leistungen\/sga\/geschaeftsprozessoptimierung\/\" \/>\n<meta property=\"og:site_name\" content=\"Argon &amp; Co\" \/>\n<meta property=\"article:modified_time\" content=\"2025-11-17T13:53:06+00:00\" \/>\n<meta name=\"twitter:card\" content=\"summary_large_image\" \/>\n<meta name=\"twitter:label1\" content=\"Gesch\u00e4tzte Lesezeit\" \/>\n\t<meta name=\"twitter:data1\" content=\"2 Minuten\" \/>\n<script type=\"application\/ld+json\" class=\"yoast-schema-graph\">{\"@context\":\"https:\\\/\\\/schema.org\",\"@graph\":[{\"@type\":\"WebPage\",\"@id\":\"https:\\\/\\\/www.argonandco.com\\\/de\\\/leistungen\\\/sga\\\/geschaeftsprozessoptimierung\\\/\",\"url\":\"https:\\\/\\\/www.argonandco.com\\\/de\\\/leistungen\\\/sga\\\/geschaeftsprozessoptimierung\\\/\",\"name\":\"Gesch\u00e4ftsprozessoptimierung - Argon &amp; Co\",\"isPartOf\":{\"@id\":\"https:\\\/\\\/www.argonandco.com\\\/de\\\/#website\"},\"datePublished\":\"2019-09-11T14:07:23+00:00\",\"dateModified\":\"2025-11-17T13:53:06+00:00\",\"breadcrumb\":{\"@id\":\"https:\\\/\\\/www.argonandco.com\\\/de\\\/leistungen\\\/sga\\\/geschaeftsprozessoptimierung\\\/#breadcrumb\"},\"inLanguage\":\"de\",\"potentialAction\":[{\"@type\":\"ReadAction\",\"target\":[\"https:\\\/\\\/www.argonandco.com\\\/de\\\/leistungen\\\/sga\\\/geschaeftsprozessoptimierung\\\/\"]}]},{\"@type\":\"BreadcrumbList\",\"@id\":\"https:\\\/\\\/www.argonandco.com\\\/de\\\/leistungen\\\/sga\\\/geschaeftsprozessoptimierung\\\/#breadcrumb\",\"itemListElement\":[{\"@type\":\"ListItem\",\"position\":1,\"name\":\"Home\",\"item\":\"https:\\\/\\\/www.argonandco.com\\\/de\\\/\"},{\"@type\":\"ListItem\",\"position\":2,\"name\":\"Leistungen\",\"item\":\"https:\\\/\\\/www.argonandco.com\\\/de\\\/leistungen\\\/\"},{\"@type\":\"ListItem\",\"position\":3,\"name\":\"SG&#038;A\",\"item\":\"https:\\\/\\\/www.argonandco.com\\\/de\\\/leistungen\\\/sga\\\/\"},{\"@type\":\"ListItem\",\"position\":4,\"name\":\"Gesch\u00e4ftsprozessoptimierung\"}]},{\"@type\":\"WebSite\",\"@id\":\"https:\\\/\\\/www.argonandco.com\\\/de\\\/#website\",\"url\":\"https:\\\/\\\/www.argonandco.com\\\/de\\\/\",\"name\":\"Argon &amp; Co\",\"description\":\"We help clients achieve their strategic and operational objectives, working together to transform their businesses and generate real change.\",\"potentialAction\":[{\"@type\":\"SearchAction\",\"target\":{\"@type\":\"EntryPoint\",\"urlTemplate\":\"https:\\\/\\\/www.argonandco.com\\\/de\\\/?s={search_term_string}\"},\"query-input\":{\"@type\":\"PropertyValueSpecification\",\"valueRequired\":true,\"valueName\":\"search_term_string\"}}],\"inLanguage\":\"de\"}]}<\/script>\n<!-- \/ Yoast SEO plugin. -->","yoast_head_json":{"title":"Gesch\u00e4ftsprozessoptimierung - Argon &amp; Co","robots":{"index":"index","follow":"follow","max-snippet":"max-snippet:-1","max-image-preview":"max-image-preview:large","max-video-preview":"max-video-preview:-1"},"canonical":"https:\/\/www.argonandco.com\/de\/leistungen\/sga\/geschaeftsprozessoptimierung\/","og_locale":"de_DE","og_type":"article","og_title":"Gesch\u00e4ftsprozessoptimierung - Argon &amp; Co","og_description":"Einf\u00fchrung und Herausforderungen Effizienzsteigerung, Produktivit\u00e4tssteigerung, Qualit\u00e4tsverbesserung, Optimierung der Prozesse f\u00fcr diejenigen, die sie ausf\u00fchren, und f\u00fcr diejenigen, die davon profitieren \u2013 das sind die Ziele von Projekten zur Gesch\u00e4ftsprozessoptimierung (BPO). BPO-Ans\u00e4tze basieren in der Regel auf Lean Management und Six-Sigma-Techniken zur Prozessoptimierung durch Straffung, Eliminierung von T\u00e4tigkeiten mit geringer Wertsch\u00f6pfung, Standardisierung, Industrialisierung und Automatisierung von [&hellip;]","og_url":"https:\/\/www.argonandco.com\/de\/leistungen\/sga\/geschaeftsprozessoptimierung\/","og_site_name":"Argon &amp; Co","article_modified_time":"2025-11-17T13:53:06+00:00","twitter_card":"summary_large_image","twitter_misc":{"Gesch\u00e4tzte Lesezeit":"2 Minuten"},"schema":{"@context":"https:\/\/schema.org","@graph":[{"@type":"WebPage","@id":"https:\/\/www.argonandco.com\/de\/leistungen\/sga\/geschaeftsprozessoptimierung\/","url":"https:\/\/www.argonandco.com\/de\/leistungen\/sga\/geschaeftsprozessoptimierung\/","name":"Gesch\u00e4ftsprozessoptimierung - Argon &amp; Co","isPartOf":{"@id":"https:\/\/www.argonandco.com\/de\/#website"},"datePublished":"2019-09-11T14:07:23+00:00","dateModified":"2025-11-17T13:53:06+00:00","breadcrumb":{"@id":"https:\/\/www.argonandco.com\/de\/leistungen\/sga\/geschaeftsprozessoptimierung\/#breadcrumb"},"inLanguage":"de","potentialAction":[{"@type":"ReadAction","target":["https:\/\/www.argonandco.com\/de\/leistungen\/sga\/geschaeftsprozessoptimierung\/"]}]},{"@type":"BreadcrumbList","@id":"https:\/\/www.argonandco.com\/de\/leistungen\/sga\/geschaeftsprozessoptimierung\/#breadcrumb","itemListElement":[{"@type":"ListItem","position":1,"name":"Home","item":"https:\/\/www.argonandco.com\/de\/"},{"@type":"ListItem","position":2,"name":"Leistungen","item":"https:\/\/www.argonandco.com\/de\/leistungen\/"},{"@type":"ListItem","position":3,"name":"SG&#038;A","item":"https:\/\/www.argonandco.com\/de\/leistungen\/sga\/"},{"@type":"ListItem","position":4,"name":"Gesch\u00e4ftsprozessoptimierung"}]},{"@type":"WebSite","@id":"https:\/\/www.argonandco.com\/de\/#website","url":"https:\/\/www.argonandco.com\/de\/","name":"Argon &amp; Co","description":"We help clients achieve their strategic and operational objectives, working together to transform their businesses and generate real change.","potentialAction":[{"@type":"SearchAction","target":{"@type":"EntryPoint","urlTemplate":"https:\/\/www.argonandco.com\/de\/?s={search_term_string}"},"query-input":{"@type":"PropertyValueSpecification","valueRequired":true,"valueName":"search_term_string"}}],"inLanguage":"de"}]}},"_links":{"self":[{"href":"https:\/\/www.argonandco.com\/de\/wp-json\/wp\/v2\/pages\/30335","targetHints":{"allow":["GET"]}}],"collection":[{"href":"https:\/\/www.argonandco.com\/de\/wp-json\/wp\/v2\/pages"}],"about":[{"href":"https:\/\/www.argonandco.com\/de\/wp-json\/wp\/v2\/types\/page"}],"author":[{"embeddable":true,"href":"https:\/\/www.argonandco.com\/de\/wp-json\/wp\/v2\/users\/1"}],"replies":[{"embeddable":true,"href":"https:\/\/www.argonandco.com\/de\/wp-json\/wp\/v2\/comments?post=30335"}],"version-history":[{"count":0,"href":"https:\/\/www.argonandco.com\/de\/wp-json\/wp\/v2\/pages\/30335\/revisions"}],"up":[{"embeddable":true,"href":"https:\/\/www.argonandco.com\/de\/wp-json\/wp\/v2\/pages\/30398"}],"wp:attachment":[{"href":"https:\/\/www.argonandco.com\/de\/wp-json\/wp\/v2\/media?parent=30335"}],"curies":[{"name":"wp","href":"https:\/\/api.w.org\/{rel}","templated":true}]}}