{"id":30333,"date":"2019-09-11T15:09:23","date_gmt":"2019-09-11T14:09:23","guid":{"rendered":"https:\/\/www.argonandco.com\/advanced-analytics\/"},"modified":"2025-11-20T11:51:05","modified_gmt":"2025-11-20T11:51:05","slug":"erweiterte-analysen","status":"publish","type":"page","link":"https:\/\/www.argonandco.com\/de\/leistungen\/digital-und-it\/erweiterte-analysen\/","title":{"rendered":"Erweiterte Analysen"},"content":{"rendered":"<h2><b>Einf\u00fchrung und Herausforderungen<\/b><\/h2>\n<p>K\u00fcnstliche Intelligenz (KI) ist nicht mehr nur ein Schlagwort, sondern Realit\u00e4t im Betriebsablauf. Anwendungsf\u00e4lle nehmen in vielen Bereichen rapide zu. Vertrieb, Lieferkette, Finanzen, Einkauf und Wartung generieren riesige Datenmengen, deren Potenzial noch ungenutzt ist. Ohne Datenwissenschaft haben Teams Schwierigkeiten, diese gro\u00dfen Datens\u00e4tze zu nutzen, und verf\u00fcgen nicht \u00fcber die Tools, um Korrelationen mit externen Daten wie Wettervorhersagen und makro\u00f6konomischen Kennzahlen zu untersuchen.<\/p>\n<p>Die bereits entwickelten Anwendungsf\u00e4lle zeigen jedoch, wie wichtig es ist, KI in Prozesse zu integrieren, um die operative Leistung zu verbessern.<\/p>\n<p>Um dies zu erreichen, ist eine Kombination aus Gesch\u00e4fts- und Datenkompetenz erforderlich, um pragmatische und nutzbare KI-L\u00f6sungen zu entwickeln und zu implementieren.<\/p>\n<h2><b>Wie wir helfen k\u00f6nnen<\/b><\/h2>\n<p>Die Schaffung von Mehrwert durch Daten erfordert die B\u00fcndelung komplement\u00e4rer Fachkenntnisse: Datenwissenschaftler, Dateningenieure, Analysten und Visualisierungsexperten. Die Kombination dieser Datenkompetenzen mit unserer Gesch\u00e4ftsexpertise erm\u00f6glicht es uns, unsere Kunden bei ihren KI- und Data-Science-Projekten umfassend zu unterst\u00fctzen und ma\u00dfgeschneiderte Vorhersagemodelle zu entwickeln, die sich an ihre Betriebsprozesse anpassen.<\/p>\n<p>Diese Modelle sind Open-Source-Algorithmen, die von den Datalab-Teams unserer Kunden (oder gegebenenfalls von den Teams von Argon &amp; Co) gewartet werden k\u00f6nnen.<\/p>\n<p>Wir arbeiten unter anderem an folgenden Anwendungsf\u00e4llen:<\/p>\n<ul>\n<li>Absatzprognosen<\/li>\n<li>Prognosen zur Logistikaktivit\u00e4t<\/li>\n<li>Merchandising und Optimierung des Produktangebots<\/li>\n<li>Standardkostenmodellierung und Margenmanagement<\/li>\n<li>Vorhersage von Qualit\u00e4tsm\u00e4ngeln in Produktionsumgebungen und Optimierung von Prozessparametern<\/li>\n<li>Automatisierte Bestandsauff\u00fcllung<\/li>\n<\/ul>\n","protected":false},"excerpt":{"rendered":"<p>Einf\u00fchrung und Herausforderungen K\u00fcnstliche Intelligenz (KI) ist nicht mehr nur ein Schlagwort, sondern Realit\u00e4t im Betriebsablauf. Anwendungsf\u00e4lle nehmen in vielen Bereichen rapide zu. Vertrieb, Lieferkette, Finanzen, Einkauf und Wartung generieren riesige Datenmengen, deren Potenzial noch ungenutzt ist. Ohne Datenwissenschaft haben Teams Schwierigkeiten, diese gro\u00dfen Datens\u00e4tze zu nutzen, und verf\u00fcgen nicht \u00fcber die Tools, um Korrelationen [&hellip;]<\/p>\n","protected":false},"author":1,"featured_media":0,"parent":30402,"menu_order":1,"comment_status":"closed","ping_status":"closed","template":"","meta":{"_acf_changed":false,"footnotes":""},"class_list":["post-30333","page","type-page","status-publish","hentry"],"acf":[],"yoast_head":"<!-- This site is optimized with the Yoast SEO plugin v27.4 - https:\/\/yoast.com\/product\/yoast-seo-wordpress\/ -->\n<title>Erweiterte Analysen | Argon &amp; Co<\/title>\n<meta name=\"description\" content=\"We support our customers in their AI and data science projects, building customised predictive models that adapt to operational processes. Learn more.\" \/>\n<meta name=\"robots\" content=\"index, follow, max-snippet:-1, max-image-preview:large, max-video-preview:-1\" \/>\n<link rel=\"canonical\" href=\"https:\/\/www.argonandco.com\/de\/leistungen\/digital-und-it\/erweiterte-analysen\/\" \/>\n<meta property=\"og:locale\" content=\"de_DE\" \/>\n<meta property=\"og:type\" content=\"article\" \/>\n<meta property=\"og:title\" content=\"Erweiterte Analysen | Argon &amp; Co\" \/>\n<meta property=\"og:description\" content=\"We support our customers in their AI and data science projects, building customised predictive models that adapt to operational processes. Learn more.\" \/>\n<meta property=\"og:url\" content=\"https:\/\/www.argonandco.com\/de\/leistungen\/digital-und-it\/erweiterte-analysen\/\" \/>\n<meta property=\"og:site_name\" content=\"Argon &amp; Co\" \/>\n<meta property=\"article:modified_time\" content=\"2025-11-20T11:51:05+00:00\" \/>\n<meta name=\"twitter:card\" content=\"summary_large_image\" \/>\n<meta name=\"twitter:label1\" content=\"Gesch\u00e4tzte Lesezeit\" \/>\n\t<meta name=\"twitter:data1\" content=\"1 Minute\" \/>\n<script type=\"application\/ld+json\" class=\"yoast-schema-graph\">{\"@context\":\"https:\\\/\\\/schema.org\",\"@graph\":[{\"@type\":\"WebPage\",\"@id\":\"https:\\\/\\\/www.argonandco.com\\\/de\\\/leistungen\\\/digital-und-it\\\/erweiterte-analysen\\\/\",\"url\":\"https:\\\/\\\/www.argonandco.com\\\/de\\\/leistungen\\\/digital-und-it\\\/erweiterte-analysen\\\/\",\"name\":\"Erweiterte Analysen | Argon &amp; Co\",\"isPartOf\":{\"@id\":\"https:\\\/\\\/www.argonandco.com\\\/de\\\/#website\"},\"datePublished\":\"2019-09-11T14:09:23+00:00\",\"dateModified\":\"2025-11-20T11:51:05+00:00\",\"description\":\"We support our customers in their AI and data science projects, building customised predictive models that adapt to operational processes. Learn more.\",\"breadcrumb\":{\"@id\":\"https:\\\/\\\/www.argonandco.com\\\/de\\\/leistungen\\\/digital-und-it\\\/erweiterte-analysen\\\/#breadcrumb\"},\"inLanguage\":\"de\",\"potentialAction\":[{\"@type\":\"ReadAction\",\"target\":[\"https:\\\/\\\/www.argonandco.com\\\/de\\\/leistungen\\\/digital-und-it\\\/erweiterte-analysen\\\/\"]}]},{\"@type\":\"BreadcrumbList\",\"@id\":\"https:\\\/\\\/www.argonandco.com\\\/de\\\/leistungen\\\/digital-und-it\\\/erweiterte-analysen\\\/#breadcrumb\",\"itemListElement\":[{\"@type\":\"ListItem\",\"position\":1,\"name\":\"Home\",\"item\":\"https:\\\/\\\/www.argonandco.com\\\/de\\\/\"},{\"@type\":\"ListItem\",\"position\":2,\"name\":\"Leistungen\",\"item\":\"https:\\\/\\\/www.argonandco.com\\\/de\\\/leistungen\\\/\"},{\"@type\":\"ListItem\",\"position\":3,\"name\":\"Digital und IT\",\"item\":\"https:\\\/\\\/www.argonandco.com\\\/de\\\/leistungen\\\/digital-und-it\\\/\"},{\"@type\":\"ListItem\",\"position\":4,\"name\":\"Erweiterte Analysen\"}]},{\"@type\":\"WebSite\",\"@id\":\"https:\\\/\\\/www.argonandco.com\\\/de\\\/#website\",\"url\":\"https:\\\/\\\/www.argonandco.com\\\/de\\\/\",\"name\":\"Argon &amp; Co\",\"description\":\"We help clients achieve their strategic and operational objectives, working together to transform their businesses and generate real change.\",\"potentialAction\":[{\"@type\":\"SearchAction\",\"target\":{\"@type\":\"EntryPoint\",\"urlTemplate\":\"https:\\\/\\\/www.argonandco.com\\\/de\\\/?s={search_term_string}\"},\"query-input\":{\"@type\":\"PropertyValueSpecification\",\"valueRequired\":true,\"valueName\":\"search_term_string\"}}],\"inLanguage\":\"de\"}]}<\/script>\n<!-- \/ Yoast SEO plugin. -->","yoast_head_json":{"title":"Erweiterte Analysen | Argon &amp; Co","description":"We support our customers in their AI and data science projects, building customised predictive models that adapt to operational processes. Learn more.","robots":{"index":"index","follow":"follow","max-snippet":"max-snippet:-1","max-image-preview":"max-image-preview:large","max-video-preview":"max-video-preview:-1"},"canonical":"https:\/\/www.argonandco.com\/de\/leistungen\/digital-und-it\/erweiterte-analysen\/","og_locale":"de_DE","og_type":"article","og_title":"Erweiterte Analysen | Argon &amp; Co","og_description":"We support our customers in their AI and data science projects, building customised predictive models that adapt to operational processes. Learn more.","og_url":"https:\/\/www.argonandco.com\/de\/leistungen\/digital-und-it\/erweiterte-analysen\/","og_site_name":"Argon &amp; Co","article_modified_time":"2025-11-20T11:51:05+00:00","twitter_card":"summary_large_image","twitter_misc":{"Gesch\u00e4tzte Lesezeit":"1 Minute"},"schema":{"@context":"https:\/\/schema.org","@graph":[{"@type":"WebPage","@id":"https:\/\/www.argonandco.com\/de\/leistungen\/digital-und-it\/erweiterte-analysen\/","url":"https:\/\/www.argonandco.com\/de\/leistungen\/digital-und-it\/erweiterte-analysen\/","name":"Erweiterte Analysen | Argon &amp; Co","isPartOf":{"@id":"https:\/\/www.argonandco.com\/de\/#website"},"datePublished":"2019-09-11T14:09:23+00:00","dateModified":"2025-11-20T11:51:05+00:00","description":"We support our customers in their AI and data science projects, building customised predictive models that adapt to operational processes. Learn more.","breadcrumb":{"@id":"https:\/\/www.argonandco.com\/de\/leistungen\/digital-und-it\/erweiterte-analysen\/#breadcrumb"},"inLanguage":"de","potentialAction":[{"@type":"ReadAction","target":["https:\/\/www.argonandco.com\/de\/leistungen\/digital-und-it\/erweiterte-analysen\/"]}]},{"@type":"BreadcrumbList","@id":"https:\/\/www.argonandco.com\/de\/leistungen\/digital-und-it\/erweiterte-analysen\/#breadcrumb","itemListElement":[{"@type":"ListItem","position":1,"name":"Home","item":"https:\/\/www.argonandco.com\/de\/"},{"@type":"ListItem","position":2,"name":"Leistungen","item":"https:\/\/www.argonandco.com\/de\/leistungen\/"},{"@type":"ListItem","position":3,"name":"Digital und IT","item":"https:\/\/www.argonandco.com\/de\/leistungen\/digital-und-it\/"},{"@type":"ListItem","position":4,"name":"Erweiterte Analysen"}]},{"@type":"WebSite","@id":"https:\/\/www.argonandco.com\/de\/#website","url":"https:\/\/www.argonandco.com\/de\/","name":"Argon &amp; Co","description":"We help clients achieve their strategic and operational objectives, working together to transform their businesses and generate real change.","potentialAction":[{"@type":"SearchAction","target":{"@type":"EntryPoint","urlTemplate":"https:\/\/www.argonandco.com\/de\/?s={search_term_string}"},"query-input":{"@type":"PropertyValueSpecification","valueRequired":true,"valueName":"search_term_string"}}],"inLanguage":"de"}]}},"_links":{"self":[{"href":"https:\/\/www.argonandco.com\/de\/wp-json\/wp\/v2\/pages\/30333","targetHints":{"allow":["GET"]}}],"collection":[{"href":"https:\/\/www.argonandco.com\/de\/wp-json\/wp\/v2\/pages"}],"about":[{"href":"https:\/\/www.argonandco.com\/de\/wp-json\/wp\/v2\/types\/page"}],"author":[{"embeddable":true,"href":"https:\/\/www.argonandco.com\/de\/wp-json\/wp\/v2\/users\/1"}],"replies":[{"embeddable":true,"href":"https:\/\/www.argonandco.com\/de\/wp-json\/wp\/v2\/comments?post=30333"}],"version-history":[{"count":0,"href":"https:\/\/www.argonandco.com\/de\/wp-json\/wp\/v2\/pages\/30333\/revisions"}],"up":[{"embeddable":true,"href":"https:\/\/www.argonandco.com\/de\/wp-json\/wp\/v2\/pages\/30402"}],"wp:attachment":[{"href":"https:\/\/www.argonandco.com\/de\/wp-json\/wp\/v2\/media?parent=30333"}],"curies":[{"name":"wp","href":"https:\/\/api.w.org\/{rel}","templated":true}]}}