{"id":30330,"date":"2019-09-11T15:09:23","date_gmt":"2019-09-11T14:09:23","guid":{"rendered":"https:\/\/www.argonandco.com\/smart-business-tools\/"},"modified":"2025-11-20T11:52:07","modified_gmt":"2025-11-20T11:52:07","slug":"intelligente-business-tools","status":"publish","type":"page","link":"https:\/\/www.argonandco.com\/de\/leistungen\/digital-und-it\/intelligente-business-tools\/","title":{"rendered":"Intelligente Business-Tools"},"content":{"rendered":"<h2><b>Einf\u00fchrung und Herausforderungen<\/b><\/h2>\n<p>Die meisten Unternehmen verf\u00fcgen \u00fcber Tools und Prozesse, die ihnen das Management ihrer Lieferkette erleichtern: ERP-Systeme bieten durchg\u00e4ngige Transparenz, Steuerungs- und Planungsprozesse (Prognosen, S&amp;OP usw.) sowie ausgefeilte Optimierungstools unter Einschr\u00e4nkungen (APS).<\/p>\n<p>Trotz dieser Bem\u00fchungen wird das erwartete Leistungsniveau nicht immer erreicht: Es kann zu Engp\u00e4ssen und gleichzeitig zu gro\u00dfen \u00dcberbest\u00e4nden kommen, was zu einer suboptimalen Servicerate f\u00fchrt. Selbst die Organisation mehrerer Priorisierungssitzungen oder die Einrichtung mehrerer zeitaufw\u00e4ndiger Excel-Dateien, die parallel zum ERP erstellt werden, kann dieses Problem nicht vollst\u00e4ndig l\u00f6sen.<\/p>\n<p>F\u00fcr diese Fehlfunktionen gibt es zwei Hauptgr\u00fcnde: ERPs arbeiten sequenziell, indem sie einen Bedarf an jedem Schritt des Prozesses weitergeben. Die Existenz fester Horizonte bedeutet, dass das vorgelagerte Signal nicht mehr repr\u00e4sentativ f\u00fcr die Bed\u00fcrfnisse des Kunden ist, was die Reaktionsf\u00e4higkeit verringert. Dar\u00fcber hinaus erschwert die mangelnde Datenqualit\u00e4t im ERP die Entscheidungsfindung. APS-Systeme hingegen integrieren alle Einschr\u00e4nkungen (Kapazit\u00e4t und Verf\u00fcgbarkeit von Materialien und Komponenten), um einen ausf\u00fchrbaren Plan zu erstellen. Sie betrachten Einschr\u00e4nkungen als feststehend und erm\u00f6glichen daher keine Identifizierung von Punkten zur Serviceoptimierung. Es gibt jedoch Spielraum f\u00fcr Man\u00f6ver, beispielsweise durch Kapazit\u00e4tsanpassungen und die Neuverhandlung von Auftragsterminen.<\/p>\n<h2><b>Wie wir helfen k\u00f6nnen<\/b><\/h2>\n<p>Nach f\u00fcnf Jahren Forschung und Entwicklung haben wir eine Control Tower-L\u00f6sung (Argon &amp; Co Supply Control Tower) entwickelt und implementiert, mit der Kunden neue Leistungsniveaus erreichen k\u00f6nnen. Typische Ergebnisse sind eine drastische Verbesserung der Kundendienstquote (+10 % bis 15 %) und der Agilit\u00e4t der Lieferkette sowie eine Verbesserung der Bestandskontrolle (-10 % bis -20 %).<\/p>\n<p>Dieser Control Tower basiert auf f\u00fcnf Schl\u00fcsselbereichen, die von herk\u00f6mmlichen Prozessen und Tools nicht abgedeckt werden:<\/p>\n<ul>\n<li>Stabilisieren Sie das Signal, indem Sie den tats\u00e4chlichen Bedarf auf alle Akteure der Lieferkette verteilen (Planer, Beschaffung, Kontrolle, Qualit\u00e4t, Logistik und Vertrieb).<\/li>\n<li>Identifizieren Sie die Einschr\u00e4nkungen jedes Akteurs, die aufgehoben werden sollten, um die Zufriedenheit des Endbedarfs entlang der gesamten Lieferkette zu maximieren, unabh\u00e4ngig von ihrer Komplexit\u00e4t (mehrere Standorte, mehrere Ebenen, mehrere Organisationen, mehrere ERP-Systeme).<\/li>\n<li>Definieren Sie klare und koh\u00e4rente Priorit\u00e4ten f\u00fcr die Ma\u00dfnahmen der einzelnen Funktionen und f\u00f6rdern Sie die Zusammenarbeit und effektive Planungsrituale.<\/li>\n<li>Bef\u00e4higen Sie alle Akteure und bieten Sie eine zusammenfassende \u00dcbersicht \u00fcber den Fortschritt des Aktionsplans.<\/li>\n<li>Identifizieren Sie die Ursachen f\u00fcr Qualit\u00e4tsm\u00e4ngel in den ERP-Daten (fehlende Informationen, fehlende Sortimente, verpasste Prognosedaten, falsche Angaben usw.), um die erforderlichen Ma\u00dfnahmen zu priorisieren.<\/li>\n<\/ul>\n<p>Mit diesen Zielen vor Augen unterst\u00fctzen wir unsere Kunden bei der Umsetzung dieser innovativen Prozesse:<\/p>\n<ul>\n<li>Schnelle Experimente im POC-Modus (Dauer: wenige Tage) mithilfe eines Plug-and-Play-Tools (insbesondere f\u00fcr SAP)<\/li>\n<li>Definition neuer Betriebsmodelle f\u00fcr die Lieferkette<\/li>\n<li>Erprobung und Nachhaltigkeit neuer Praktiken<\/li>\n<li>Unterst\u00fctzung beim \u00c4nderungsmanagement<\/li>\n<li>Kontrolle der damit verbundenen Leistung \u00fcber ein vorkonfiguriertes Dashboard f\u00fcr die Lieferkette<\/li>\n<\/ul>\n<div id=\"gtx-trans\" style=\"position: absolute; left: 383px; top: 574.375px;\">\n<div class=\"gtx-trans-icon\"><\/div>\n<\/div>\n","protected":false},"excerpt":{"rendered":"<p>Einf\u00fchrung und Herausforderungen Die meisten Unternehmen verf\u00fcgen \u00fcber Tools und Prozesse, die ihnen das Management ihrer Lieferkette erleichtern: ERP-Systeme bieten durchg\u00e4ngige Transparenz, Steuerungs- und Planungsprozesse (Prognosen, S&amp;OP usw.) sowie ausgefeilte Optimierungstools unter Einschr\u00e4nkungen (APS). Trotz dieser Bem\u00fchungen wird das erwartete Leistungsniveau nicht immer erreicht: Es kann zu Engp\u00e4ssen und gleichzeitig zu gro\u00dfen \u00dcberbest\u00e4nden kommen, was [&hellip;]<\/p>\n","protected":false},"author":1,"featured_media":0,"parent":30402,"menu_order":6,"comment_status":"closed","ping_status":"closed","template":"","meta":{"_acf_changed":false,"footnotes":""},"class_list":["post-30330","page","type-page","status-publish","hentry"],"acf":[],"yoast_head":"<!-- This site is optimized with the Yoast SEO plugin v27.4 - https:\/\/yoast.com\/product\/yoast-seo-wordpress\/ -->\n<title>Intelligente Business-Tools | Argon &amp; Co<\/title>\n<meta name=\"description\" content=\"Argon &amp; Co has built and deployed a control tower solution to enable clients to reach new levels of performance. Learn how smart business tools can help you.\" \/>\n<meta name=\"robots\" content=\"index, follow, max-snippet:-1, max-image-preview:large, max-video-preview:-1\" \/>\n<link rel=\"canonical\" href=\"https:\/\/www.argonandco.com\/de\/leistungen\/digital-und-it\/intelligente-business-tools\/\" \/>\n<meta property=\"og:locale\" content=\"de_DE\" \/>\n<meta property=\"og:type\" content=\"article\" \/>\n<meta property=\"og:title\" content=\"Intelligente Business-Tools | Argon &amp; Co\" \/>\n<meta property=\"og:description\" content=\"Argon &amp; Co has built and deployed a control tower solution to enable clients to reach new levels of performance. Learn how smart business tools can help you.\" \/>\n<meta property=\"og:url\" content=\"https:\/\/www.argonandco.com\/de\/leistungen\/digital-und-it\/intelligente-business-tools\/\" \/>\n<meta property=\"og:site_name\" content=\"Argon &amp; Co\" \/>\n<meta property=\"article:modified_time\" content=\"2025-11-20T11:52:07+00:00\" \/>\n<meta name=\"twitter:card\" content=\"summary_large_image\" \/>\n<meta name=\"twitter:label1\" content=\"Gesch\u00e4tzte Lesezeit\" \/>\n\t<meta name=\"twitter:data1\" content=\"2 Minuten\" \/>\n<script type=\"application\/ld+json\" class=\"yoast-schema-graph\">{\"@context\":\"https:\\\/\\\/schema.org\",\"@graph\":[{\"@type\":\"WebPage\",\"@id\":\"https:\\\/\\\/www.argonandco.com\\\/de\\\/leistungen\\\/digital-und-it\\\/intelligente-business-tools\\\/\",\"url\":\"https:\\\/\\\/www.argonandco.com\\\/de\\\/leistungen\\\/digital-und-it\\\/intelligente-business-tools\\\/\",\"name\":\"Intelligente Business-Tools | Argon &amp; Co\",\"isPartOf\":{\"@id\":\"https:\\\/\\\/www.argonandco.com\\\/de\\\/#website\"},\"datePublished\":\"2019-09-11T14:09:23+00:00\",\"dateModified\":\"2025-11-20T11:52:07+00:00\",\"description\":\"Argon & Co has built and deployed a control tower solution to enable clients to reach new levels of performance. Learn how smart business tools can help you.\",\"breadcrumb\":{\"@id\":\"https:\\\/\\\/www.argonandco.com\\\/de\\\/leistungen\\\/digital-und-it\\\/intelligente-business-tools\\\/#breadcrumb\"},\"inLanguage\":\"de\",\"potentialAction\":[{\"@type\":\"ReadAction\",\"target\":[\"https:\\\/\\\/www.argonandco.com\\\/de\\\/leistungen\\\/digital-und-it\\\/intelligente-business-tools\\\/\"]}]},{\"@type\":\"BreadcrumbList\",\"@id\":\"https:\\\/\\\/www.argonandco.com\\\/de\\\/leistungen\\\/digital-und-it\\\/intelligente-business-tools\\\/#breadcrumb\",\"itemListElement\":[{\"@type\":\"ListItem\",\"position\":1,\"name\":\"Home\",\"item\":\"https:\\\/\\\/www.argonandco.com\\\/de\\\/\"},{\"@type\":\"ListItem\",\"position\":2,\"name\":\"Leistungen\",\"item\":\"https:\\\/\\\/www.argonandco.com\\\/de\\\/leistungen\\\/\"},{\"@type\":\"ListItem\",\"position\":3,\"name\":\"Digital und IT\",\"item\":\"https:\\\/\\\/www.argonandco.com\\\/de\\\/leistungen\\\/digital-und-it\\\/\"},{\"@type\":\"ListItem\",\"position\":4,\"name\":\"Intelligente Business-Tools\"}]},{\"@type\":\"WebSite\",\"@id\":\"https:\\\/\\\/www.argonandco.com\\\/de\\\/#website\",\"url\":\"https:\\\/\\\/www.argonandco.com\\\/de\\\/\",\"name\":\"Argon &amp; Co\",\"description\":\"We help clients achieve their strategic and operational objectives, working together to transform their businesses and generate real change.\",\"potentialAction\":[{\"@type\":\"SearchAction\",\"target\":{\"@type\":\"EntryPoint\",\"urlTemplate\":\"https:\\\/\\\/www.argonandco.com\\\/de\\\/?s={search_term_string}\"},\"query-input\":{\"@type\":\"PropertyValueSpecification\",\"valueRequired\":true,\"valueName\":\"search_term_string\"}}],\"inLanguage\":\"de\"}]}<\/script>\n<!-- \/ Yoast SEO plugin. -->","yoast_head_json":{"title":"Intelligente Business-Tools | Argon &amp; Co","description":"Argon & Co has built and deployed a control tower solution to enable clients to reach new levels of performance. Learn how smart business tools can help you.","robots":{"index":"index","follow":"follow","max-snippet":"max-snippet:-1","max-image-preview":"max-image-preview:large","max-video-preview":"max-video-preview:-1"},"canonical":"https:\/\/www.argonandco.com\/de\/leistungen\/digital-und-it\/intelligente-business-tools\/","og_locale":"de_DE","og_type":"article","og_title":"Intelligente Business-Tools | Argon &amp; Co","og_description":"Argon & Co has built and deployed a control tower solution to enable clients to reach new levels of performance. Learn how smart business tools can help you.","og_url":"https:\/\/www.argonandco.com\/de\/leistungen\/digital-und-it\/intelligente-business-tools\/","og_site_name":"Argon &amp; Co","article_modified_time":"2025-11-20T11:52:07+00:00","twitter_card":"summary_large_image","twitter_misc":{"Gesch\u00e4tzte Lesezeit":"2 Minuten"},"schema":{"@context":"https:\/\/schema.org","@graph":[{"@type":"WebPage","@id":"https:\/\/www.argonandco.com\/de\/leistungen\/digital-und-it\/intelligente-business-tools\/","url":"https:\/\/www.argonandco.com\/de\/leistungen\/digital-und-it\/intelligente-business-tools\/","name":"Intelligente Business-Tools | Argon &amp; Co","isPartOf":{"@id":"https:\/\/www.argonandco.com\/de\/#website"},"datePublished":"2019-09-11T14:09:23+00:00","dateModified":"2025-11-20T11:52:07+00:00","description":"Argon & Co has built and deployed a control tower solution to enable clients to reach new levels of performance. Learn how smart business tools can help you.","breadcrumb":{"@id":"https:\/\/www.argonandco.com\/de\/leistungen\/digital-und-it\/intelligente-business-tools\/#breadcrumb"},"inLanguage":"de","potentialAction":[{"@type":"ReadAction","target":["https:\/\/www.argonandco.com\/de\/leistungen\/digital-und-it\/intelligente-business-tools\/"]}]},{"@type":"BreadcrumbList","@id":"https:\/\/www.argonandco.com\/de\/leistungen\/digital-und-it\/intelligente-business-tools\/#breadcrumb","itemListElement":[{"@type":"ListItem","position":1,"name":"Home","item":"https:\/\/www.argonandco.com\/de\/"},{"@type":"ListItem","position":2,"name":"Leistungen","item":"https:\/\/www.argonandco.com\/de\/leistungen\/"},{"@type":"ListItem","position":3,"name":"Digital und IT","item":"https:\/\/www.argonandco.com\/de\/leistungen\/digital-und-it\/"},{"@type":"ListItem","position":4,"name":"Intelligente Business-Tools"}]},{"@type":"WebSite","@id":"https:\/\/www.argonandco.com\/de\/#website","url":"https:\/\/www.argonandco.com\/de\/","name":"Argon &amp; Co","description":"We help clients achieve their strategic and operational objectives, working together to transform their businesses and generate real change.","potentialAction":[{"@type":"SearchAction","target":{"@type":"EntryPoint","urlTemplate":"https:\/\/www.argonandco.com\/de\/?s={search_term_string}"},"query-input":{"@type":"PropertyValueSpecification","valueRequired":true,"valueName":"search_term_string"}}],"inLanguage":"de"}]}},"_links":{"self":[{"href":"https:\/\/www.argonandco.com\/de\/wp-json\/wp\/v2\/pages\/30330","targetHints":{"allow":["GET"]}}],"collection":[{"href":"https:\/\/www.argonandco.com\/de\/wp-json\/wp\/v2\/pages"}],"about":[{"href":"https:\/\/www.argonandco.com\/de\/wp-json\/wp\/v2\/types\/page"}],"author":[{"embeddable":true,"href":"https:\/\/www.argonandco.com\/de\/wp-json\/wp\/v2\/users\/1"}],"replies":[{"embeddable":true,"href":"https:\/\/www.argonandco.com\/de\/wp-json\/wp\/v2\/comments?post=30330"}],"version-history":[{"count":0,"href":"https:\/\/www.argonandco.com\/de\/wp-json\/wp\/v2\/pages\/30330\/revisions"}],"up":[{"embeddable":true,"href":"https:\/\/www.argonandco.com\/de\/wp-json\/wp\/v2\/pages\/30402"}],"wp:attachment":[{"href":"https:\/\/www.argonandco.com\/de\/wp-json\/wp\/v2\/media?parent=30330"}],"curies":[{"name":"wp","href":"https:\/\/api.w.org\/{rel}","templated":true}]}}