{"id":30329,"date":"2019-09-11T15:09:23","date_gmt":"2019-09-11T14:09:23","guid":{"rendered":"https:\/\/www.argonandco.com\/it-strategy\/"},"modified":"2025-11-20T11:54:43","modified_gmt":"2025-11-20T11:54:43","slug":"it-strategie","status":"publish","type":"page","link":"https:\/\/www.argonandco.com\/de\/leistungen\/digital-und-it\/it-strategie\/","title":{"rendered":"IT Strategie"},"content":{"rendered":"<h2><b>Einf\u00fchrung und Herausforderungen<\/b><\/h2>\n<p>Technologische Innovationen revolutionieren Anwendungsf\u00e4lle weiterhin in rasantem Tempo. In der Vergangenheit konnten Unternehmen einfach dem Trend folgen und vom Feedback der Early Adopters profitieren. In letzter Zeit trifft dies jedoch immer weniger zu. Die schnelle \u00dcbernahme von Innovationen durch Nutzer (Wettbewerber\/Kunden) und die damit verbundenen Wettbewerbsvorteile zwingen Unternehmen zu einem proaktiven Ansatz. In diesem Zusammenhang sind Informationssysteme (IS) ein wichtiger Hebel zur Verbesserung der Unternehmensleistung. Die Definition einer geeigneten IS-Vision und -Strategie hat oberste Priorit\u00e4t. Die Strategie muss f\u00fcnf gro\u00dfe Herausforderungen erf\u00fcllen:<\/p>\n<p>Agilit\u00e4t: Modularit\u00e4t, Containerisierung, Datenmodellierungsstruktur, Cloud-Nutzung, Software- oder Platform-as-a-Service-Angebote erm\u00f6glichen flexible Systeme und Strategien, die sich im Laufe der Zeit weiterentwickeln k\u00f6nnen.<\/p>\n<p>Leistung: In einem Umfeld, in dem die Datenmengen exponentiell wachsen, sind IT-Systeme zunehmend miteinander verbunden, funktionaler, rund um die Uhr verf\u00fcgbar und m\u00fcssen m\u00f6glichst kurze Reaktionszeiten bieten.<\/p>\n<p>Innovation: Rasante technologische Umbr\u00fcche (mit Auswirkungen auf Gewohnheiten und Benchmarks) erfordern m\u00f6glicherweise kulturelle Ver\u00e4nderungen und eine offene Haltung gegen\u00fcber strukturellen Ver\u00e4nderungen.<\/p>\n<p>Skalierbarkeit: \u201eThink Big, Start Small, Scale Fast\u201c ist eine Voraussetzung, um im Wettbewerb zu bestehen und gleichzeitig die Investitionen zu kontrollieren.<\/p>\n<p>Sicherheit: In offeneren Umgebungen sind Transaktions- und Datenschutz f\u00fcr Unternehmen eine Frage des \u00dcberlebens.<\/p>\n<h2><b>Wie wir helfen k\u00f6nnen<\/b><\/h2>\n<p>Um nachhaltigen Erfolg zu sichern, ist ein sorgf\u00e4ltiges Management der Verbindung zwischen dem Unternehmen und den unterst\u00fctzenden technologischen Anwendungen erforderlich. Unsere Experten k\u00f6nnen Ihnen dabei helfen:<\/p>\n<ul>\n<li>Die Entwicklung Ihrer IT-Strategie, abgestimmt auf Ihre gesch\u00e4ftlichen Herausforderungen, und die Definition des entsprechenden Transformationsplans<\/li>\n<li>Die Pr\u00fcfung Ihrer aktuellen Informationssysteme (Governance, Kompetenzen, Architektur, L\u00f6sungen, Projektmethoden)<\/li>\n<li>Die Abstimmung Ihrer IT-Architektur auf Ihre funktionale Architektur und die Erstellung einer L\u00fcckenanalyse, die sowohl Best Practices aktueller Prozesse als auch zuk\u00fcnftige Gesch\u00e4ftsziele ber\u00fccksichtigt<\/li>\n<li>Die Ausrichtung der IT-Initiativen auf die Gesch\u00e4ftsstrategie<\/li>\n<li>Die Kontrolle des Stammdatenmanagements im Unternehmen (Organisation, Prozesse, Tools)<\/li>\n<li>Anpassung der Projektmethoden an die IT-Strategie der Gruppe, um die f\u00fcr eine erfolgreiche Umsetzung erforderlichen Dimensionen zu integrieren (Integration, Modularit\u00e4t, Skalierbarkeit usw.)<\/li>\n<li>Implementierung von \u00d6kosystemen rund um neue Technologien (Automatisierung, Data Science, Blockchain) durch Kooperationen und Partnerschaften<\/li>\n<li>Definition der Make-or-Buy-Strategie (Outsourcing, Offshoring usw.) und deren Umsetzung<\/li>\n<li>Schaffung von Synergien in IT-Teams und Projekten nach Fusionen<\/li>\n<\/ul>\n<div id=\"gtx-trans\" style=\"position: absolute; left: 382px; top: 691.375px;\">\n<div class=\"gtx-trans-icon\"><\/div>\n<\/div>\n","protected":false},"excerpt":{"rendered":"<p>Einf\u00fchrung und Herausforderungen Technologische Innovationen revolutionieren Anwendungsf\u00e4lle weiterhin in rasantem Tempo. In der Vergangenheit konnten Unternehmen einfach dem Trend folgen und vom Feedback der Early Adopters profitieren. In letzter Zeit trifft dies jedoch immer weniger zu. Die schnelle \u00dcbernahme von Innovationen durch Nutzer (Wettbewerber\/Kunden) und die damit verbundenen Wettbewerbsvorteile zwingen Unternehmen zu einem proaktiven Ansatz. [&hellip;]<\/p>\n","protected":false},"author":1,"featured_media":0,"parent":30402,"menu_order":7,"comment_status":"closed","ping_status":"closed","template":"","meta":{"_acf_changed":false,"footnotes":""},"class_list":["post-30329","page","type-page","status-publish","hentry"],"acf":[],"yoast_head":"<!-- This site is optimized with the Yoast SEO plugin v27.4 - https:\/\/yoast.com\/product\/yoast-seo-wordpress\/ -->\n<title>IT Strategie | Argon &amp; Co<\/title>\n<meta name=\"description\" content=\"Argon &amp; Co can construct an IT strategy that is aligned with your business challenges and the definition of the associated transformation plan. Learn more.\" \/>\n<meta name=\"robots\" content=\"index, follow, max-snippet:-1, max-image-preview:large, max-video-preview:-1\" \/>\n<link rel=\"canonical\" href=\"https:\/\/www.argonandco.com\/de\/leistungen\/digital-und-it\/it-strategie\/\" \/>\n<meta property=\"og:locale\" content=\"de_DE\" \/>\n<meta property=\"og:type\" content=\"article\" \/>\n<meta property=\"og:title\" content=\"IT Strategie | Argon &amp; Co\" \/>\n<meta property=\"og:description\" content=\"Argon &amp; Co can construct an IT strategy that is aligned with your business challenges and the definition of the associated transformation plan. Learn more.\" \/>\n<meta property=\"og:url\" content=\"https:\/\/www.argonandco.com\/de\/leistungen\/digital-und-it\/it-strategie\/\" \/>\n<meta property=\"og:site_name\" content=\"Argon &amp; Co\" \/>\n<meta property=\"article:modified_time\" content=\"2025-11-20T11:54:43+00:00\" \/>\n<meta name=\"twitter:card\" content=\"summary_large_image\" \/>\n<meta name=\"twitter:label1\" content=\"Gesch\u00e4tzte Lesezeit\" \/>\n\t<meta name=\"twitter:data1\" content=\"2 Minuten\" \/>\n<script type=\"application\/ld+json\" class=\"yoast-schema-graph\">{\"@context\":\"https:\\\/\\\/schema.org\",\"@graph\":[{\"@type\":\"WebPage\",\"@id\":\"https:\\\/\\\/www.argonandco.com\\\/de\\\/leistungen\\\/digital-und-it\\\/it-strategie\\\/\",\"url\":\"https:\\\/\\\/www.argonandco.com\\\/de\\\/leistungen\\\/digital-und-it\\\/it-strategie\\\/\",\"name\":\"IT Strategie | Argon &amp; Co\",\"isPartOf\":{\"@id\":\"https:\\\/\\\/www.argonandco.com\\\/de\\\/#website\"},\"datePublished\":\"2019-09-11T14:09:23+00:00\",\"dateModified\":\"2025-11-20T11:54:43+00:00\",\"description\":\"Argon & Co can construct an IT strategy that is aligned with your business challenges and the definition of the associated transformation plan. Learn more.\",\"breadcrumb\":{\"@id\":\"https:\\\/\\\/www.argonandco.com\\\/de\\\/leistungen\\\/digital-und-it\\\/it-strategie\\\/#breadcrumb\"},\"inLanguage\":\"de\",\"potentialAction\":[{\"@type\":\"ReadAction\",\"target\":[\"https:\\\/\\\/www.argonandco.com\\\/de\\\/leistungen\\\/digital-und-it\\\/it-strategie\\\/\"]}]},{\"@type\":\"BreadcrumbList\",\"@id\":\"https:\\\/\\\/www.argonandco.com\\\/de\\\/leistungen\\\/digital-und-it\\\/it-strategie\\\/#breadcrumb\",\"itemListElement\":[{\"@type\":\"ListItem\",\"position\":1,\"name\":\"Home\",\"item\":\"https:\\\/\\\/www.argonandco.com\\\/de\\\/\"},{\"@type\":\"ListItem\",\"position\":2,\"name\":\"Leistungen\",\"item\":\"https:\\\/\\\/www.argonandco.com\\\/de\\\/leistungen\\\/\"},{\"@type\":\"ListItem\",\"position\":3,\"name\":\"Digital und IT\",\"item\":\"https:\\\/\\\/www.argonandco.com\\\/de\\\/leistungen\\\/digital-und-it\\\/\"},{\"@type\":\"ListItem\",\"position\":4,\"name\":\"IT Strategie\"}]},{\"@type\":\"WebSite\",\"@id\":\"https:\\\/\\\/www.argonandco.com\\\/de\\\/#website\",\"url\":\"https:\\\/\\\/www.argonandco.com\\\/de\\\/\",\"name\":\"Argon &amp; Co\",\"description\":\"We help clients achieve their strategic and operational objectives, working together to transform their businesses and generate real change.\",\"potentialAction\":[{\"@type\":\"SearchAction\",\"target\":{\"@type\":\"EntryPoint\",\"urlTemplate\":\"https:\\\/\\\/www.argonandco.com\\\/de\\\/?s={search_term_string}\"},\"query-input\":{\"@type\":\"PropertyValueSpecification\",\"valueRequired\":true,\"valueName\":\"search_term_string\"}}],\"inLanguage\":\"de\"}]}<\/script>\n<!-- \/ Yoast SEO plugin. -->","yoast_head_json":{"title":"IT Strategie | Argon &amp; Co","description":"Argon & Co can construct an IT strategy that is aligned with your business challenges and the definition of the associated transformation plan. Learn more.","robots":{"index":"index","follow":"follow","max-snippet":"max-snippet:-1","max-image-preview":"max-image-preview:large","max-video-preview":"max-video-preview:-1"},"canonical":"https:\/\/www.argonandco.com\/de\/leistungen\/digital-und-it\/it-strategie\/","og_locale":"de_DE","og_type":"article","og_title":"IT Strategie | Argon &amp; Co","og_description":"Argon & Co can construct an IT strategy that is aligned with your business challenges and the definition of the associated transformation plan. Learn more.","og_url":"https:\/\/www.argonandco.com\/de\/leistungen\/digital-und-it\/it-strategie\/","og_site_name":"Argon &amp; Co","article_modified_time":"2025-11-20T11:54:43+00:00","twitter_card":"summary_large_image","twitter_misc":{"Gesch\u00e4tzte Lesezeit":"2 Minuten"},"schema":{"@context":"https:\/\/schema.org","@graph":[{"@type":"WebPage","@id":"https:\/\/www.argonandco.com\/de\/leistungen\/digital-und-it\/it-strategie\/","url":"https:\/\/www.argonandco.com\/de\/leistungen\/digital-und-it\/it-strategie\/","name":"IT Strategie | Argon &amp; Co","isPartOf":{"@id":"https:\/\/www.argonandco.com\/de\/#website"},"datePublished":"2019-09-11T14:09:23+00:00","dateModified":"2025-11-20T11:54:43+00:00","description":"Argon & Co can construct an IT strategy that is aligned with your business challenges and the definition of the associated transformation plan. Learn more.","breadcrumb":{"@id":"https:\/\/www.argonandco.com\/de\/leistungen\/digital-und-it\/it-strategie\/#breadcrumb"},"inLanguage":"de","potentialAction":[{"@type":"ReadAction","target":["https:\/\/www.argonandco.com\/de\/leistungen\/digital-und-it\/it-strategie\/"]}]},{"@type":"BreadcrumbList","@id":"https:\/\/www.argonandco.com\/de\/leistungen\/digital-und-it\/it-strategie\/#breadcrumb","itemListElement":[{"@type":"ListItem","position":1,"name":"Home","item":"https:\/\/www.argonandco.com\/de\/"},{"@type":"ListItem","position":2,"name":"Leistungen","item":"https:\/\/www.argonandco.com\/de\/leistungen\/"},{"@type":"ListItem","position":3,"name":"Digital und IT","item":"https:\/\/www.argonandco.com\/de\/leistungen\/digital-und-it\/"},{"@type":"ListItem","position":4,"name":"IT Strategie"}]},{"@type":"WebSite","@id":"https:\/\/www.argonandco.com\/de\/#website","url":"https:\/\/www.argonandco.com\/de\/","name":"Argon &amp; Co","description":"We help clients achieve their strategic and operational objectives, working together to transform their businesses and generate real change.","potentialAction":[{"@type":"SearchAction","target":{"@type":"EntryPoint","urlTemplate":"https:\/\/www.argonandco.com\/de\/?s={search_term_string}"},"query-input":{"@type":"PropertyValueSpecification","valueRequired":true,"valueName":"search_term_string"}}],"inLanguage":"de"}]}},"_links":{"self":[{"href":"https:\/\/www.argonandco.com\/de\/wp-json\/wp\/v2\/pages\/30329","targetHints":{"allow":["GET"]}}],"collection":[{"href":"https:\/\/www.argonandco.com\/de\/wp-json\/wp\/v2\/pages"}],"about":[{"href":"https:\/\/www.argonandco.com\/de\/wp-json\/wp\/v2\/types\/page"}],"author":[{"embeddable":true,"href":"https:\/\/www.argonandco.com\/de\/wp-json\/wp\/v2\/users\/1"}],"replies":[{"embeddable":true,"href":"https:\/\/www.argonandco.com\/de\/wp-json\/wp\/v2\/comments?post=30329"}],"version-history":[{"count":0,"href":"https:\/\/www.argonandco.com\/de\/wp-json\/wp\/v2\/pages\/30329\/revisions"}],"up":[{"embeddable":true,"href":"https:\/\/www.argonandco.com\/de\/wp-json\/wp\/v2\/pages\/30402"}],"wp:attachment":[{"href":"https:\/\/www.argonandco.com\/de\/wp-json\/wp\/v2\/media?parent=30329"}],"curies":[{"name":"wp","href":"https:\/\/api.w.org\/{rel}","templated":true}]}}