{"id":30328,"date":"2019-09-11T15:09:23","date_gmt":"2019-09-11T14:09:23","guid":{"rendered":"https:\/\/www.argonandco.com\/it-system-selection\/"},"modified":"2025-11-20T11:54:55","modified_gmt":"2025-11-20T11:54:55","slug":"auswahl-von-it-systemen","status":"publish","type":"page","link":"https:\/\/www.argonandco.com\/de\/leistungen\/digital-und-it\/auswahl-von-it-systemen\/","title":{"rendered":"Auswahl von IT-Systemen"},"content":{"rendered":"<h2><b>Einf\u00fchrung und Herausforderungen<\/b><\/h2>\n<p>Nachdem die gesch\u00e4ftlichen Anforderungen und funktionalen Bausteine definiert wurden, ist die Auswahl der relevantesten IT-Tools ein wichtiger Schritt in einem Transformationsprojekt. Der Auswahlprozess muss darauf abzielen, die richtige Abdeckung der gesch\u00e4ftlichen Anforderungen, die Konsistenz mit der globalen IT-Umgebung und die Gesamtbetriebskosten (vollst\u00e4ndige Anschaffungs-, Implementierungs- und Wartungskosten) effektiv in Einklang zu bringen. Dieser Prozess kann langwierig und komplex sein.<\/p>\n<p>Die Beherrschung der gesch\u00e4ftlichen Herausforderungen und Anforderungen sowie das Verst\u00e4ndnis der verschiedenen L\u00f6sungsangebote (tats\u00e4chliche Kapazit\u00e4ten und deren Entwicklungsroadmap) sind die Schl\u00fcsselfaktoren f\u00fcr den Erfolg des Auswahlprozesses.<\/p>\n<h2><b>Wie wir helfen k\u00f6nnen<\/b><\/h2>\n<p>Unsere Rolle in IT-Systemprojekten besteht darin, die gesch\u00e4ftlichen Herausforderungen unserer Kunden zu gew\u00e4hrleisten, indem wir sie bei der Definition der Zielprozesse unterst\u00fctzen und herausfordern. Dies geschieht durch die Bewertung des Business Case, die Unterst\u00fctzung des Auswahlprozesses, das Management des Integrators und die Einbindung der Anwender. All dies geschieht v\u00f6llig unabh\u00e4ngig von den Systemanbietern.<\/p>\n<p>Wir beraten zahlreiche Unternehmen bei der Auswahl und Implementierung von IT-Tools, die die Umsetzung neuer Prozesse in der gesamten oder einem Teil der Betriebskette\/Supportfunktionen unterst\u00fctzen: ERP, APS, WMS, TMS, MES, LIMS, MDM, PIM, MAP, Berichts- und\/oder Konsolidierungssysteme usw.<\/p>\n<p>Jedes Jahr aktualisieren wir unsere Analyse der auf dem Markt verf\u00fcgbaren Tools, indem wir ihre St\u00e4rken und Schw\u00e4chen genauestens untersuchen, ihre neuesten Entwicklungen testen und ihre Entwicklungsambitionen hinterfragen.<\/p>\n<p>Wir unterst\u00fctzen unsere Kunden in allen Phasen der Tool-Auswahlprojekte:<\/p>\n<ul>\n<li>Definition, Strukturierung und Priorisierung der Gesch\u00e4ftsanforderungen<\/li>\n<li>Definition eines effektiven Auswahlverfahrens<\/li>\n<li>Vorauswahl von L\u00f6sungsanbietern, die den identifizierten Anforderungen entsprechen, basierend auf unseren funktionalen Benchmarks und der technischen Bewertung der L\u00f6sungen<\/li>\n<li>Erstellung der Ausschreibungsunterlagen f\u00fcr die Anbieter und Definition der Methodik zur Bewertung der Angebote<\/li>\n<li>Koordination der Interaktionen mit den Systemanbietern (Demos, Besuche, Kundenreferenzen, Projektbesprechungen und Verhandlungen) mit der IT-Abteilung und den Fachabteilungen<\/li>\n<li>Erstellung des Business Case (Bewertung von Nutzen und Kosten der in die engere Wahl gekommenen L\u00f6sungen)<\/li>\n<li>Der endg\u00fcltige Auswahlprozess auf der Grundlage der Abstimmung zwischen den Entscheidungstr\u00e4gern<\/li>\n<li>Vorbereitung der Kostenverhandlungen unter Nutzung der Einkaufskompetenz des Unternehmens und unserer Kenntnisse des Gesch\u00e4ftsmodells der Verlage<\/li>\n<\/ul>\n<div id=\"gtx-trans\" style=\"position: absolute; left: 371px; top: 391.375px;\">\n<div class=\"gtx-trans-icon\"><\/div>\n<\/div>\n","protected":false},"excerpt":{"rendered":"<p>Einf\u00fchrung und Herausforderungen Nachdem die gesch\u00e4ftlichen Anforderungen und funktionalen Bausteine definiert wurden, ist die Auswahl der relevantesten IT-Tools ein wichtiger Schritt in einem Transformationsprojekt. Der Auswahlprozess muss darauf abzielen, die richtige Abdeckung der gesch\u00e4ftlichen Anforderungen, die Konsistenz mit der globalen IT-Umgebung und die Gesamtbetriebskosten (vollst\u00e4ndige Anschaffungs-, Implementierungs- und Wartungskosten) effektiv in Einklang zu bringen. Dieser [&hellip;]<\/p>\n","protected":false},"author":1,"featured_media":0,"parent":30402,"menu_order":8,"comment_status":"closed","ping_status":"closed","template":"","meta":{"_acf_changed":false,"footnotes":""},"class_list":["post-30328","page","type-page","status-publish","hentry"],"acf":[],"yoast_head":"<!-- This site is optimized with the Yoast SEO plugin v27.4 - https:\/\/yoast.com\/product\/yoast-seo-wordpress\/ -->\n<title>Auswahl von IT-Systemen | Argon &amp; Co<\/title>\n<meta name=\"description\" content=\"Argon &amp; Co advises many companies in the selection and implementation of IT tools that support the implementation of new processes. Learn more.\" \/>\n<meta name=\"robots\" content=\"index, follow, max-snippet:-1, max-image-preview:large, max-video-preview:-1\" \/>\n<link rel=\"canonical\" href=\"https:\/\/www.argonandco.com\/de\/leistungen\/digital-und-it\/auswahl-von-it-systemen\/\" \/>\n<meta property=\"og:locale\" content=\"de_DE\" \/>\n<meta property=\"og:type\" content=\"article\" \/>\n<meta property=\"og:title\" content=\"Auswahl von IT-Systemen | Argon &amp; Co\" \/>\n<meta property=\"og:description\" content=\"Argon &amp; Co advises many companies in the selection and implementation of IT tools that support the implementation of new processes. Learn more.\" \/>\n<meta property=\"og:url\" content=\"https:\/\/www.argonandco.com\/de\/leistungen\/digital-und-it\/auswahl-von-it-systemen\/\" \/>\n<meta property=\"og:site_name\" content=\"Argon &amp; Co\" \/>\n<meta property=\"article:modified_time\" content=\"2025-11-20T11:54:55+00:00\" \/>\n<meta name=\"twitter:card\" content=\"summary_large_image\" \/>\n<meta name=\"twitter:label1\" content=\"Gesch\u00e4tzte Lesezeit\" \/>\n\t<meta name=\"twitter:data1\" content=\"2 Minuten\" \/>\n<script type=\"application\/ld+json\" class=\"yoast-schema-graph\">{\"@context\":\"https:\\\/\\\/schema.org\",\"@graph\":[{\"@type\":\"WebPage\",\"@id\":\"https:\\\/\\\/www.argonandco.com\\\/de\\\/leistungen\\\/digital-und-it\\\/auswahl-von-it-systemen\\\/\",\"url\":\"https:\\\/\\\/www.argonandco.com\\\/de\\\/leistungen\\\/digital-und-it\\\/auswahl-von-it-systemen\\\/\",\"name\":\"Auswahl von IT-Systemen | Argon &amp; Co\",\"isPartOf\":{\"@id\":\"https:\\\/\\\/www.argonandco.com\\\/de\\\/#website\"},\"datePublished\":\"2019-09-11T14:09:23+00:00\",\"dateModified\":\"2025-11-20T11:54:55+00:00\",\"description\":\"Argon & Co advises many companies in the selection and implementation of IT tools that support the implementation of new processes. Learn more.\",\"breadcrumb\":{\"@id\":\"https:\\\/\\\/www.argonandco.com\\\/de\\\/leistungen\\\/digital-und-it\\\/auswahl-von-it-systemen\\\/#breadcrumb\"},\"inLanguage\":\"de\",\"potentialAction\":[{\"@type\":\"ReadAction\",\"target\":[\"https:\\\/\\\/www.argonandco.com\\\/de\\\/leistungen\\\/digital-und-it\\\/auswahl-von-it-systemen\\\/\"]}]},{\"@type\":\"BreadcrumbList\",\"@id\":\"https:\\\/\\\/www.argonandco.com\\\/de\\\/leistungen\\\/digital-und-it\\\/auswahl-von-it-systemen\\\/#breadcrumb\",\"itemListElement\":[{\"@type\":\"ListItem\",\"position\":1,\"name\":\"Home\",\"item\":\"https:\\\/\\\/www.argonandco.com\\\/de\\\/\"},{\"@type\":\"ListItem\",\"position\":2,\"name\":\"Leistungen\",\"item\":\"https:\\\/\\\/www.argonandco.com\\\/de\\\/leistungen\\\/\"},{\"@type\":\"ListItem\",\"position\":3,\"name\":\"Digital und IT\",\"item\":\"https:\\\/\\\/www.argonandco.com\\\/de\\\/leistungen\\\/digital-und-it\\\/\"},{\"@type\":\"ListItem\",\"position\":4,\"name\":\"Auswahl von IT-Systemen\"}]},{\"@type\":\"WebSite\",\"@id\":\"https:\\\/\\\/www.argonandco.com\\\/de\\\/#website\",\"url\":\"https:\\\/\\\/www.argonandco.com\\\/de\\\/\",\"name\":\"Argon &amp; Co\",\"description\":\"We help clients achieve their strategic and operational objectives, working together to transform their businesses and generate real change.\",\"potentialAction\":[{\"@type\":\"SearchAction\",\"target\":{\"@type\":\"EntryPoint\",\"urlTemplate\":\"https:\\\/\\\/www.argonandco.com\\\/de\\\/?s={search_term_string}\"},\"query-input\":{\"@type\":\"PropertyValueSpecification\",\"valueRequired\":true,\"valueName\":\"search_term_string\"}}],\"inLanguage\":\"de\"}]}<\/script>\n<!-- \/ Yoast SEO plugin. -->","yoast_head_json":{"title":"Auswahl von IT-Systemen | Argon &amp; Co","description":"Argon & Co advises many companies in the selection and implementation of IT tools that support the implementation of new processes. Learn more.","robots":{"index":"index","follow":"follow","max-snippet":"max-snippet:-1","max-image-preview":"max-image-preview:large","max-video-preview":"max-video-preview:-1"},"canonical":"https:\/\/www.argonandco.com\/de\/leistungen\/digital-und-it\/auswahl-von-it-systemen\/","og_locale":"de_DE","og_type":"article","og_title":"Auswahl von IT-Systemen | Argon &amp; Co","og_description":"Argon & Co advises many companies in the selection and implementation of IT tools that support the implementation of new processes. Learn more.","og_url":"https:\/\/www.argonandco.com\/de\/leistungen\/digital-und-it\/auswahl-von-it-systemen\/","og_site_name":"Argon &amp; Co","article_modified_time":"2025-11-20T11:54:55+00:00","twitter_card":"summary_large_image","twitter_misc":{"Gesch\u00e4tzte Lesezeit":"2 Minuten"},"schema":{"@context":"https:\/\/schema.org","@graph":[{"@type":"WebPage","@id":"https:\/\/www.argonandco.com\/de\/leistungen\/digital-und-it\/auswahl-von-it-systemen\/","url":"https:\/\/www.argonandco.com\/de\/leistungen\/digital-und-it\/auswahl-von-it-systemen\/","name":"Auswahl von IT-Systemen | Argon &amp; Co","isPartOf":{"@id":"https:\/\/www.argonandco.com\/de\/#website"},"datePublished":"2019-09-11T14:09:23+00:00","dateModified":"2025-11-20T11:54:55+00:00","description":"Argon & Co advises many companies in the selection and implementation of IT tools that support the implementation of new processes. Learn more.","breadcrumb":{"@id":"https:\/\/www.argonandco.com\/de\/leistungen\/digital-und-it\/auswahl-von-it-systemen\/#breadcrumb"},"inLanguage":"de","potentialAction":[{"@type":"ReadAction","target":["https:\/\/www.argonandco.com\/de\/leistungen\/digital-und-it\/auswahl-von-it-systemen\/"]}]},{"@type":"BreadcrumbList","@id":"https:\/\/www.argonandco.com\/de\/leistungen\/digital-und-it\/auswahl-von-it-systemen\/#breadcrumb","itemListElement":[{"@type":"ListItem","position":1,"name":"Home","item":"https:\/\/www.argonandco.com\/de\/"},{"@type":"ListItem","position":2,"name":"Leistungen","item":"https:\/\/www.argonandco.com\/de\/leistungen\/"},{"@type":"ListItem","position":3,"name":"Digital und IT","item":"https:\/\/www.argonandco.com\/de\/leistungen\/digital-und-it\/"},{"@type":"ListItem","position":4,"name":"Auswahl von IT-Systemen"}]},{"@type":"WebSite","@id":"https:\/\/www.argonandco.com\/de\/#website","url":"https:\/\/www.argonandco.com\/de\/","name":"Argon &amp; Co","description":"We help clients achieve their strategic and operational objectives, working together to transform their businesses and generate real change.","potentialAction":[{"@type":"SearchAction","target":{"@type":"EntryPoint","urlTemplate":"https:\/\/www.argonandco.com\/de\/?s={search_term_string}"},"query-input":{"@type":"PropertyValueSpecification","valueRequired":true,"valueName":"search_term_string"}}],"inLanguage":"de"}]}},"_links":{"self":[{"href":"https:\/\/www.argonandco.com\/de\/wp-json\/wp\/v2\/pages\/30328","targetHints":{"allow":["GET"]}}],"collection":[{"href":"https:\/\/www.argonandco.com\/de\/wp-json\/wp\/v2\/pages"}],"about":[{"href":"https:\/\/www.argonandco.com\/de\/wp-json\/wp\/v2\/types\/page"}],"author":[{"embeddable":true,"href":"https:\/\/www.argonandco.com\/de\/wp-json\/wp\/v2\/users\/1"}],"replies":[{"embeddable":true,"href":"https:\/\/www.argonandco.com\/de\/wp-json\/wp\/v2\/comments?post=30328"}],"version-history":[{"count":0,"href":"https:\/\/www.argonandco.com\/de\/wp-json\/wp\/v2\/pages\/30328\/revisions"}],"up":[{"embeddable":true,"href":"https:\/\/www.argonandco.com\/de\/wp-json\/wp\/v2\/pages\/30402"}],"wp:attachment":[{"href":"https:\/\/www.argonandco.com\/de\/wp-json\/wp\/v2\/media?parent=30328"}],"curies":[{"name":"wp","href":"https:\/\/api.w.org\/{rel}","templated":true}]}}