{"id":30326,"date":"2019-09-11T15:09:23","date_gmt":"2019-09-11T14:09:57","guid":{"rendered":"https:\/\/www.argonandco.com\/programme-management\/"},"modified":"2025-11-17T13:43:58","modified_gmt":"2025-11-17T13:43:58","slug":"transformationsmanagement","status":"publish","type":"page","link":"https:\/\/www.argonandco.com\/de\/leistungen\/strategy-und-transformation\/transformationsmanagement\/","title":{"rendered":"Transformationsmanagement"},"content":{"rendered":"<h2><b>Einf\u00fchrung und Herausforderungen<\/b><\/h2>\n<p><span class=\"intro\" style=\"font-weight: 400;\">Transformationsprogramme erfordern zunehmend umfassende \u201eadaptive\u201c Ver\u00e4nderungen und nicht nur die Einf\u00fchrung bew\u00e4hrter L\u00f6sungen f\u00fcr bekannte (technische) Probleme. Adaptive Ver\u00e4nderungen sind erforderlich, wenn unsere traditionellen \u00dcberzeugungen in Frage gestellt werden, wenn das, was uns erfolgreich gemacht hat, an Bedeutung verliert und wenn legitime, aber konkurrierende Perspektiven auftauchen. Adaptive Ver\u00e4nderungen erfordern neue Ans\u00e4tze.<\/span><\/p>\n<p>Die meisten Bem\u00fchungen scheitern, weil F\u00fchrungskr\u00e4fte daran gew\u00f6hnt sind, traditionelle Verbesserungsprogramme zu managen, die schrittweise Ver\u00e4nderungen mit einem sicheren und stabilen Erscheinungsbild liefern. Um den \u00dcbergang in diese neue Welt der Transformation zu unterst\u00fctzen, ist es daher entscheidend, Denkweisen zu \u00e4ndern und offen f\u00fcr neue Ans\u00e4tze zu sein.<\/p>\n<p>Unser Ansatz zur Unterst\u00fctzung unserer Kunden bei der Definition und Umsetzung von Transformationsprogrammen basiert auf einem ausgewogenen Verh\u00e4ltnis zwischen bew\u00e4hrten technischen L\u00f6sungen (f\u00fcr Probleme, die verstanden wurden oder bereits aufgetreten sind) und adaptiven L\u00f6sungen (f\u00fcr Probleme, die noch nicht aufgetreten sind, f\u00fcr die es keine bekannte L\u00f6sung gibt und die in der Regel ein anderes Verhalten erfordern).<\/p>\n<p>Tats\u00e4chlich erfordern Transformationsprogramme oft, dass F\u00fchrungskr\u00e4fte Probleme angehen, f\u00fcr die es keine vordefinierte L\u00f6sung gibt. F\u00fchrungskr\u00e4fte m\u00fcssen h\u00e4ufig unter unbekannten und unvorhersehbaren Bedingungen arbeiten, da v\u00f6llig neue L\u00f6sungen zur Transformation ihres Unternehmens implementiert werden. Bei der Unterst\u00fctzung unserer Kunden bei der Erforschung ihrer Transformationsherausforderungen bringen unsere Berater starke Change-Management-F\u00e4higkeiten mit, die sich gut f\u00fcr die Begleitung von F\u00fchrungskr\u00e4ften eignen. Sie zeigen die Bescheidenheit, zu akzeptieren, dass sie nicht alle Antworten haben, sind aber hartn\u00e4ckig und handeln mit Zuversicht, um diese zu finden.<\/p>\n<p>Da Ver\u00e4nderungsprogramme immer komplexer und schwieriger werden, ist es f\u00fcr unsere Berater selbstverst\u00e4ndlich, schnell Glaubw\u00fcrdigkeit und Zuverl\u00e4ssigkeit aufzubauen \u2013 das ist das Mindeste, was unsere Kunden erwarten. Wir sind uns jedoch bewusst, dass der Aufbau von Vertrauen Zeit braucht. Wir setzen stark auf Empathie und Bescheidenheit, um die besten L\u00f6sungen mit nachhaltiger Wirkung zu finden und dauerhafte Kundenbeziehungen aufzubauen. Wir arbeiten Seite an Seite mit unseren Kunden, um echte, nachhaltige Ver\u00e4nderungen zu erzielen.<\/p>\n<p>Wir glauben, dass das ultimative Ziel von Transformationsf\u00fchrung und effektivem Ver\u00e4nderungsmanagement darin besteht, authentisch und unterst\u00fctzend zu sein, um Menschen dabei zu helfen, Durchbr\u00fcche bei der Verhaltens\u00e4nderung zu erzielen. Wir tun dies, indem wir uns die Zeit nehmen, unsere Kunden zu verstehen und uns in sie hineinzuversetzen, w\u00e4hrend wir gleichzeitig den kritischen Aspekt der Objektivit\u00e4t wahren. Wir sind bestrebt, bescheiden zu sein, aber dennoch selbstbewusst schwierige Fragen zu stellen, um F\u00fchrungskr\u00e4ften dabei zu helfen, die Antworten zu finden und gemeinsam zu entwickeln, die sie ben\u00f6tigen. Dieses Verhalten erm\u00f6glicht es unseren Beratern auf allen Ebenen, externe Beratung auf eine Weise zu leisten, die von jedem einzelnen Unternehmen umgesetzt werden kann.<\/p>\n<h2><b>Wie wir helfen k\u00f6nnen<\/b><\/h2>\n<p>Unsere Entwicklung \u00fcber zwei Jahrzehnte hinweg hat es uns erm\u00f6glicht, einen robusten Ansatz zu entwickeln, mit dem wir unsere Kunden bei der Gestaltung, Definition und Umsetzung gro\u00dfer, komplexer Programme unterst\u00fctzen k\u00f6nnen. Unsere Methodik basiert auf bew\u00e4hrten, kundenorientierten Grunds\u00e4tzen, spezifischen F\u00e4higkeiten zur L\u00f6sung komplexer Probleme und echter Branchenerfahrung. Unser umfassendes Transformationsframework Assess Design Embed\u00ae bietet eine umfassende Palette an Tools und Techniken, die jedes Kundenprojekt unterst\u00fctzen.<\/p>\n<p>Wir arbeiten in verschiedenen Phasen der Programme unserer Kunden partnerschaftlich zusammen und bieten praktische Unterst\u00fctzung dort, wo wir den gr\u00f6\u00dften Mehrwert erzielen k\u00f6nnen.<\/p>\n<p>Typische Bereiche, in denen wir Unterst\u00fctzung bieten, sind:<\/p>\n<ul>\n<li>Programmgestaltung<\/li>\n<li>Programmdurchf\u00fchrung<\/li>\n<li>Programmsteuerung<\/li>\n<li>Risikobewertung<\/li>\n<li>Realisierung von Vorteilen<\/li>\n<li>Stakeholder-Management<\/li>\n<li>Projektmanagement<\/li>\n<li>Bewertung der F\u00e4higkeiten von Mitarbeitern<\/li>\n<li>Bewertung der Systemf\u00e4higkeiten<\/li>\n<li>Integration von Akquisitionen<\/li>\n<\/ul>\n<p>Alle Transformationsprogramme zeichnen sich durch eine einzigartige Mischung aus Komplexit\u00e4t und Schwierigkeitsgrad aus. Eine klare Definition des Programms und die authentische Einbindung wichtiger Stakeholder sind entscheidend f\u00fcr den letztendlichen Erfolg. Wir arbeiten mit unseren Kunden zusammen, um eine \u00fcberm\u00e4\u00dfige Komplexit\u00e4t der Programme zu vermeiden, und bieten eine unabh\u00e4ngige Perspektive, um sicherzustellen, dass die Herausforderungen des Wandels nicht zu stark vereinfacht werden.<\/p>\n","protected":false},"excerpt":{"rendered":"<p>Einf\u00fchrung und Herausforderungen Transformationsprogramme erfordern zunehmend umfassende \u201eadaptive\u201c Ver\u00e4nderungen und nicht nur die Einf\u00fchrung bew\u00e4hrter L\u00f6sungen f\u00fcr bekannte (technische) Probleme. Adaptive Ver\u00e4nderungen sind erforderlich, wenn unsere traditionellen \u00dcberzeugungen in Frage gestellt werden, wenn das, was uns erfolgreich gemacht hat, an Bedeutung verliert und wenn legitime, aber konkurrierende Perspektiven auftauchen. Adaptive Ver\u00e4nderungen erfordern neue Ans\u00e4tze. Die [&hellip;]<\/p>\n","protected":false},"author":1,"featured_media":0,"parent":30404,"menu_order":0,"comment_status":"closed","ping_status":"closed","template":"","meta":{"_acf_changed":false,"footnotes":""},"class_list":["post-30326","page","type-page","status-publish","hentry"],"acf":[],"yoast_head":"<!-- This site is optimized with the Yoast SEO plugin v27.4 - https:\/\/yoast.com\/product\/yoast-seo-wordpress\/ -->\n<title>Transformationsmanagement - Argon &amp; Co<\/title>\n<meta name=\"robots\" content=\"index, follow, max-snippet:-1, max-image-preview:large, max-video-preview:-1\" \/>\n<link rel=\"canonical\" href=\"https:\/\/www.argonandco.com\/de\/leistungen\/strategy-und-transformation\/transformationsmanagement\/\" \/>\n<meta property=\"og:locale\" content=\"de_DE\" \/>\n<meta property=\"og:type\" content=\"article\" \/>\n<meta property=\"og:title\" content=\"Transformationsmanagement - Argon &amp; Co\" \/>\n<meta property=\"og:description\" content=\"Einf\u00fchrung und Herausforderungen Transformationsprogramme erfordern zunehmend umfassende \u201eadaptive\u201c Ver\u00e4nderungen und nicht nur die Einf\u00fchrung bew\u00e4hrter L\u00f6sungen f\u00fcr bekannte (technische) Probleme. Adaptive Ver\u00e4nderungen sind erforderlich, wenn unsere traditionellen \u00dcberzeugungen in Frage gestellt werden, wenn das, was uns erfolgreich gemacht hat, an Bedeutung verliert und wenn legitime, aber konkurrierende Perspektiven auftauchen. Adaptive Ver\u00e4nderungen erfordern neue Ans\u00e4tze. Die [&hellip;]\" \/>\n<meta property=\"og:url\" content=\"https:\/\/www.argonandco.com\/de\/leistungen\/strategy-und-transformation\/transformationsmanagement\/\" \/>\n<meta property=\"og:site_name\" content=\"Argon &amp; Co\" \/>\n<meta property=\"article:modified_time\" content=\"2025-11-17T13:43:58+00:00\" \/>\n<meta name=\"twitter:card\" content=\"summary_large_image\" \/>\n<meta name=\"twitter:label1\" content=\"Gesch\u00e4tzte Lesezeit\" \/>\n\t<meta name=\"twitter:data1\" content=\"3 Minuten\" \/>\n<script type=\"application\/ld+json\" class=\"yoast-schema-graph\">{\"@context\":\"https:\\\/\\\/schema.org\",\"@graph\":[{\"@type\":\"WebPage\",\"@id\":\"https:\\\/\\\/www.argonandco.com\\\/de\\\/leistungen\\\/strategy-und-transformation\\\/transformationsmanagement\\\/\",\"url\":\"https:\\\/\\\/www.argonandco.com\\\/de\\\/leistungen\\\/strategy-und-transformation\\\/transformationsmanagement\\\/\",\"name\":\"Transformationsmanagement - Argon &amp; Co\",\"isPartOf\":{\"@id\":\"https:\\\/\\\/www.argonandco.com\\\/de\\\/#website\"},\"datePublished\":\"2019-09-11T14:09:57+00:00\",\"dateModified\":\"2025-11-17T13:43:58+00:00\",\"breadcrumb\":{\"@id\":\"https:\\\/\\\/www.argonandco.com\\\/de\\\/leistungen\\\/strategy-und-transformation\\\/transformationsmanagement\\\/#breadcrumb\"},\"inLanguage\":\"de\",\"potentialAction\":[{\"@type\":\"ReadAction\",\"target\":[\"https:\\\/\\\/www.argonandco.com\\\/de\\\/leistungen\\\/strategy-und-transformation\\\/transformationsmanagement\\\/\"]}]},{\"@type\":\"BreadcrumbList\",\"@id\":\"https:\\\/\\\/www.argonandco.com\\\/de\\\/leistungen\\\/strategy-und-transformation\\\/transformationsmanagement\\\/#breadcrumb\",\"itemListElement\":[{\"@type\":\"ListItem\",\"position\":1,\"name\":\"Home\",\"item\":\"https:\\\/\\\/www.argonandco.com\\\/de\\\/\"},{\"@type\":\"ListItem\",\"position\":2,\"name\":\"Leistungen\",\"item\":\"https:\\\/\\\/www.argonandco.com\\\/de\\\/leistungen\\\/\"},{\"@type\":\"ListItem\",\"position\":3,\"name\":\"Strategy und Transformation\",\"item\":\"https:\\\/\\\/www.argonandco.com\\\/de\\\/leistungen\\\/strategy-und-transformation\\\/\"},{\"@type\":\"ListItem\",\"position\":4,\"name\":\"Transformationsmanagement\"}]},{\"@type\":\"WebSite\",\"@id\":\"https:\\\/\\\/www.argonandco.com\\\/de\\\/#website\",\"url\":\"https:\\\/\\\/www.argonandco.com\\\/de\\\/\",\"name\":\"Argon &amp; Co\",\"description\":\"We help clients achieve their strategic and operational objectives, working together to transform their businesses and generate real change.\",\"potentialAction\":[{\"@type\":\"SearchAction\",\"target\":{\"@type\":\"EntryPoint\",\"urlTemplate\":\"https:\\\/\\\/www.argonandco.com\\\/de\\\/?s={search_term_string}\"},\"query-input\":{\"@type\":\"PropertyValueSpecification\",\"valueRequired\":true,\"valueName\":\"search_term_string\"}}],\"inLanguage\":\"de\"}]}<\/script>\n<!-- \/ Yoast SEO plugin. -->","yoast_head_json":{"title":"Transformationsmanagement - Argon &amp; Co","robots":{"index":"index","follow":"follow","max-snippet":"max-snippet:-1","max-image-preview":"max-image-preview:large","max-video-preview":"max-video-preview:-1"},"canonical":"https:\/\/www.argonandco.com\/de\/leistungen\/strategy-und-transformation\/transformationsmanagement\/","og_locale":"de_DE","og_type":"article","og_title":"Transformationsmanagement - Argon &amp; Co","og_description":"Einf\u00fchrung und Herausforderungen Transformationsprogramme erfordern zunehmend umfassende \u201eadaptive\u201c Ver\u00e4nderungen und nicht nur die Einf\u00fchrung bew\u00e4hrter L\u00f6sungen f\u00fcr bekannte (technische) Probleme. Adaptive Ver\u00e4nderungen sind erforderlich, wenn unsere traditionellen \u00dcberzeugungen in Frage gestellt werden, wenn das, was uns erfolgreich gemacht hat, an Bedeutung verliert und wenn legitime, aber konkurrierende Perspektiven auftauchen. Adaptive Ver\u00e4nderungen erfordern neue Ans\u00e4tze. Die [&hellip;]","og_url":"https:\/\/www.argonandco.com\/de\/leistungen\/strategy-und-transformation\/transformationsmanagement\/","og_site_name":"Argon &amp; Co","article_modified_time":"2025-11-17T13:43:58+00:00","twitter_card":"summary_large_image","twitter_misc":{"Gesch\u00e4tzte Lesezeit":"3 Minuten"},"schema":{"@context":"https:\/\/schema.org","@graph":[{"@type":"WebPage","@id":"https:\/\/www.argonandco.com\/de\/leistungen\/strategy-und-transformation\/transformationsmanagement\/","url":"https:\/\/www.argonandco.com\/de\/leistungen\/strategy-und-transformation\/transformationsmanagement\/","name":"Transformationsmanagement - Argon &amp; Co","isPartOf":{"@id":"https:\/\/www.argonandco.com\/de\/#website"},"datePublished":"2019-09-11T14:09:57+00:00","dateModified":"2025-11-17T13:43:58+00:00","breadcrumb":{"@id":"https:\/\/www.argonandco.com\/de\/leistungen\/strategy-und-transformation\/transformationsmanagement\/#breadcrumb"},"inLanguage":"de","potentialAction":[{"@type":"ReadAction","target":["https:\/\/www.argonandco.com\/de\/leistungen\/strategy-und-transformation\/transformationsmanagement\/"]}]},{"@type":"BreadcrumbList","@id":"https:\/\/www.argonandco.com\/de\/leistungen\/strategy-und-transformation\/transformationsmanagement\/#breadcrumb","itemListElement":[{"@type":"ListItem","position":1,"name":"Home","item":"https:\/\/www.argonandco.com\/de\/"},{"@type":"ListItem","position":2,"name":"Leistungen","item":"https:\/\/www.argonandco.com\/de\/leistungen\/"},{"@type":"ListItem","position":3,"name":"Strategy und Transformation","item":"https:\/\/www.argonandco.com\/de\/leistungen\/strategy-und-transformation\/"},{"@type":"ListItem","position":4,"name":"Transformationsmanagement"}]},{"@type":"WebSite","@id":"https:\/\/www.argonandco.com\/de\/#website","url":"https:\/\/www.argonandco.com\/de\/","name":"Argon &amp; Co","description":"We help clients achieve their strategic and operational objectives, working together to transform their businesses and generate real change.","potentialAction":[{"@type":"SearchAction","target":{"@type":"EntryPoint","urlTemplate":"https:\/\/www.argonandco.com\/de\/?s={search_term_string}"},"query-input":{"@type":"PropertyValueSpecification","valueRequired":true,"valueName":"search_term_string"}}],"inLanguage":"de"}]}},"_links":{"self":[{"href":"https:\/\/www.argonandco.com\/de\/wp-json\/wp\/v2\/pages\/30326","targetHints":{"allow":["GET"]}}],"collection":[{"href":"https:\/\/www.argonandco.com\/de\/wp-json\/wp\/v2\/pages"}],"about":[{"href":"https:\/\/www.argonandco.com\/de\/wp-json\/wp\/v2\/types\/page"}],"author":[{"embeddable":true,"href":"https:\/\/www.argonandco.com\/de\/wp-json\/wp\/v2\/users\/1"}],"replies":[{"embeddable":true,"href":"https:\/\/www.argonandco.com\/de\/wp-json\/wp\/v2\/comments?post=30326"}],"version-history":[{"count":0,"href":"https:\/\/www.argonandco.com\/de\/wp-json\/wp\/v2\/pages\/30326\/revisions"}],"up":[{"embeddable":true,"href":"https:\/\/www.argonandco.com\/de\/wp-json\/wp\/v2\/pages\/30404"}],"wp:attachment":[{"href":"https:\/\/www.argonandco.com\/de\/wp-json\/wp\/v2\/media?parent=30326"}],"curies":[{"name":"wp","href":"https:\/\/api.w.org\/{rel}","templated":true}]}}