{"id":30325,"date":"2019-09-11T15:09:23","date_gmt":"2019-09-11T14:09:57","guid":{"rendered":"https:\/\/www.argonandco.com\/change-management\/"},"modified":"2025-07-24T13:53:15","modified_gmt":"2025-07-24T12:53:15","slug":"change-management","status":"publish","type":"page","link":"https:\/\/www.argonandco.com\/de\/leistungen\/strategy-und-transformation\/change-management\/","title":{"rendered":"Change Management"},"content":{"rendered":"<h2><b>Einf\u00fchrung und Herausforderungen<\/b><\/h2>\n<p><span class=\"intro\" style=\"font-weight: 400;\">Das Ausma\u00df und die Art der Ver\u00e4nderungen, die im Rahmen von Transformationen erforderlich sind, werden immer komplexer, und das Tempo nimmt unaufhaltsam zu, was h\u00e4ufig auf die sich st\u00e4ndig weiterentwickelnde Rolle der Technologie sowohl in der Gesellschaft als auch in unserem Arbeitsleben zur\u00fcckzuf\u00fchren ist.<\/span><\/p>\n<p>Gleichzeitig ist die F\u00e4higkeit, sich auf Menschen zu konzentrieren und ihre Bed\u00fcrfnisse, Sorgen und pers\u00f6nlichen Motivationsfaktoren zu verstehen, keine einfache Fertigkeit, sondern erfordert Zeit und Erfahrung.<\/p>\n<p>Wir helfen unseren Kunden zu verstehen, dass Ver\u00e4nderungen nicht so mysteri\u00f6s sind, wie die meisten Menschen denken, und dass sie sich in der Regel auf eine Weise vollziehen, die erkennbar, verst\u00e4ndlich und in hohem Ma\u00dfe vorhersehbar ist. So k\u00f6nnen Unternehmen antizipieren, wie Menschen auf Ver\u00e4nderungen reagieren werden, und entsprechend planen.<\/p>\n<p>Wichtige Faktoren sind dabei die F\u00e4higkeit, kritische Symptome zu erkennen, die als Anhaltspunkte f\u00fcr den Ver\u00e4nderungsprozess dienen k\u00f6nnen, konkrete Ma\u00dfnahmen zu ergreifen, um den Fortschritt sicherzustellen, Menschen dabei zu unterst\u00fctzen, sich schneller und effektiver von den Auswirkungen der Ver\u00e4nderung zu erholen, und die richtige Mischung aus Top-down-F\u00fchrung und Zusammenarbeit zu finden.<\/p>\n<h2><b>Wie wir helfen k\u00f6nnen<\/b><\/h2>\n<p>Im Rahmen aller Projekte mit unseren Kunden arbeiten wir mit unserem umfassenden Transformationsrahmenwerk Assess Design Embed\u00ae. Dieser ganzheitliche Ansatz zur Unterst\u00fctzung unserer Kunden auf ihrem Weg der Transformation stellt sicher, dass alle Aspekte der Transformation auf unseren Grundprinzipien f\u00fcr nachhaltige Ver\u00e4nderungen basieren. Unsere Berater sind alle erfahren und umfassend in unserem Change-Management-Ansatz sowie in der Anwendung unserer umfangreichen Tools und Techniken geschult.<\/p>\n<p>Zu den wichtigsten Bereichen unserer Change-Management-Unterst\u00fctzung geh\u00f6ren:<\/p>\n<ul>\n<li>Culture-Diagnose<\/li>\n<li>Bewertung der Ver\u00e4nderungsbereitschaft<\/li>\n<li>Einblick in die Ver\u00e4nderungsgeschichte der Kundenorganisation<\/li>\n<li>Entwicklung einer Ver\u00e4nderungsvision<\/li>\n<li>Abstimmung der Stakeholder<\/li>\n<li>Strategie f\u00fcr das Ver\u00e4nderungsmanagement<\/li>\n<li>Entwicklung der F\u00e4higkeiten der Change Agents<\/li>\n<li>Unterst\u00fctzung beim Ver\u00e4nderungsmanagement<\/li>\n<li>Kommunikationsstrategie<\/li>\n<li>Kommunikationsplanung<\/li>\n<li>Bewertung der F\u00e4higkeiten der Mitarbeiter<\/li>\n<li>Talentmanagement-Strategie<\/li>\n<li>Schulungsstrategie<\/li>\n<li>Bewertung des Engagements<\/li>\n<li>Engagement-Strategie<\/li>\n<li>Ver\u00e4nderungen in der Denkweise und im Verhalten<\/li>\n<li>Mobilisierungsveranstaltungen<\/li>\n<\/ul>\n<p>Change Management ist eine bew\u00e4hrte Kompetenz und ein Bereich, der Unternehmen einen echten Wettbewerbsvorteil verschafft, wenn er von ihnen unabh\u00e4ngig von ihrer Branchenausrichtung vollst\u00e4ndig umgesetzt wird. Es gibt grundlegende Grunds\u00e4tze f\u00fcr Ver\u00e4nderungen, die f\u00fcr effiziente Ans\u00e4tze zur Bew\u00e4ltigung einer Vielzahl bekannter Herausforderungen im Zusammenhang mit Ver\u00e4nderungen befolgt werden k\u00f6nnen. Es ist jedoch von entscheidender Bedeutung, jede Herausforderung mit der Einstellung anzugehen, dass jede Situation anders ist und aufgrund ihrer Komplexit\u00e4t und Schwierigkeit vollst\u00e4ndig verstanden werden muss. Ein solider Ansatz zur Definition jeder einzelnen Herausforderung ist f\u00fcr eine effektive Umsetzung von Ver\u00e4nderungen von gr\u00f6\u00dfter Bedeutung.<\/p>\n","protected":false},"excerpt":{"rendered":"<p>Einf\u00fchrung und Herausforderungen Das Ausma\u00df und die Art der Ver\u00e4nderungen, die im Rahmen von Transformationen erforderlich sind, werden immer komplexer, und das Tempo nimmt unaufhaltsam zu, was h\u00e4ufig auf die sich st\u00e4ndig weiterentwickelnde Rolle der Technologie sowohl in der Gesellschaft als auch in unserem Arbeitsleben zur\u00fcckzuf\u00fchren ist. Gleichzeitig ist die F\u00e4higkeit, sich auf Menschen zu [&hellip;]<\/p>\n","protected":false},"author":1,"featured_media":0,"parent":30404,"menu_order":7,"comment_status":"closed","ping_status":"closed","template":"","meta":{"_acf_changed":false,"footnotes":""},"class_list":["post-30325","page","type-page","status-publish","hentry"],"acf":[],"yoast_head":"<!-- This site is optimized with the Yoast SEO plugin v27.4 - https:\/\/yoast.com\/product\/yoast-seo-wordpress\/ -->\n<title>Change Management - Argon &amp; Co<\/title>\n<meta name=\"robots\" content=\"index, follow, max-snippet:-1, max-image-preview:large, max-video-preview:-1\" \/>\n<link rel=\"canonical\" href=\"https:\/\/www.argonandco.com\/de\/leistungen\/strategy-und-transformation\/change-management\/\" \/>\n<meta property=\"og:locale\" content=\"de_DE\" \/>\n<meta property=\"og:type\" content=\"article\" \/>\n<meta property=\"og:title\" content=\"Change Management - Argon &amp; Co\" \/>\n<meta property=\"og:description\" content=\"Einf\u00fchrung und Herausforderungen Das Ausma\u00df und die Art der Ver\u00e4nderungen, die im Rahmen von Transformationen erforderlich sind, werden immer komplexer, und das Tempo nimmt unaufhaltsam zu, was h\u00e4ufig auf die sich st\u00e4ndig weiterentwickelnde Rolle der Technologie sowohl in der Gesellschaft als auch in unserem Arbeitsleben zur\u00fcckzuf\u00fchren ist. Gleichzeitig ist die F\u00e4higkeit, sich auf Menschen zu [&hellip;]\" \/>\n<meta property=\"og:url\" content=\"https:\/\/www.argonandco.com\/de\/leistungen\/strategy-und-transformation\/change-management\/\" \/>\n<meta property=\"og:site_name\" content=\"Argon &amp; Co\" \/>\n<meta property=\"article:modified_time\" content=\"2025-07-24T12:53:15+00:00\" \/>\n<meta name=\"twitter:card\" content=\"summary_large_image\" \/>\n<meta name=\"twitter:label1\" content=\"Gesch\u00e4tzte Lesezeit\" \/>\n\t<meta name=\"twitter:data1\" content=\"2 Minuten\" \/>\n<script type=\"application\/ld+json\" class=\"yoast-schema-graph\">{\"@context\":\"https:\\\/\\\/schema.org\",\"@graph\":[{\"@type\":\"WebPage\",\"@id\":\"https:\\\/\\\/www.argonandco.com\\\/de\\\/leistungen\\\/strategy-und-transformation\\\/change-management\\\/\",\"url\":\"https:\\\/\\\/www.argonandco.com\\\/de\\\/leistungen\\\/strategy-und-transformation\\\/change-management\\\/\",\"name\":\"Change Management - Argon &amp; Co\",\"isPartOf\":{\"@id\":\"https:\\\/\\\/www.argonandco.com\\\/de\\\/#website\"},\"datePublished\":\"2019-09-11T14:09:57+00:00\",\"dateModified\":\"2025-07-24T12:53:15+00:00\",\"breadcrumb\":{\"@id\":\"https:\\\/\\\/www.argonandco.com\\\/de\\\/leistungen\\\/strategy-und-transformation\\\/change-management\\\/#breadcrumb\"},\"inLanguage\":\"de\",\"potentialAction\":[{\"@type\":\"ReadAction\",\"target\":[\"https:\\\/\\\/www.argonandco.com\\\/de\\\/leistungen\\\/strategy-und-transformation\\\/change-management\\\/\"]}]},{\"@type\":\"BreadcrumbList\",\"@id\":\"https:\\\/\\\/www.argonandco.com\\\/de\\\/leistungen\\\/strategy-und-transformation\\\/change-management\\\/#breadcrumb\",\"itemListElement\":[{\"@type\":\"ListItem\",\"position\":1,\"name\":\"Home\",\"item\":\"https:\\\/\\\/www.argonandco.com\\\/de\\\/\"},{\"@type\":\"ListItem\",\"position\":2,\"name\":\"Leistungen\",\"item\":\"https:\\\/\\\/www.argonandco.com\\\/de\\\/leistungen\\\/\"},{\"@type\":\"ListItem\",\"position\":3,\"name\":\"Strategy und Transformation\",\"item\":\"https:\\\/\\\/www.argonandco.com\\\/de\\\/leistungen\\\/strategy-und-transformation\\\/\"},{\"@type\":\"ListItem\",\"position\":4,\"name\":\"Change Management\"}]},{\"@type\":\"WebSite\",\"@id\":\"https:\\\/\\\/www.argonandco.com\\\/de\\\/#website\",\"url\":\"https:\\\/\\\/www.argonandco.com\\\/de\\\/\",\"name\":\"Argon &amp; Co\",\"description\":\"We help clients achieve their strategic and operational objectives, working together to transform their businesses and generate real change.\",\"potentialAction\":[{\"@type\":\"SearchAction\",\"target\":{\"@type\":\"EntryPoint\",\"urlTemplate\":\"https:\\\/\\\/www.argonandco.com\\\/de\\\/?s={search_term_string}\"},\"query-input\":{\"@type\":\"PropertyValueSpecification\",\"valueRequired\":true,\"valueName\":\"search_term_string\"}}],\"inLanguage\":\"de\"}]}<\/script>\n<!-- \/ Yoast SEO plugin. -->","yoast_head_json":{"title":"Change Management - Argon &amp; Co","robots":{"index":"index","follow":"follow","max-snippet":"max-snippet:-1","max-image-preview":"max-image-preview:large","max-video-preview":"max-video-preview:-1"},"canonical":"https:\/\/www.argonandco.com\/de\/leistungen\/strategy-und-transformation\/change-management\/","og_locale":"de_DE","og_type":"article","og_title":"Change Management - Argon &amp; Co","og_description":"Einf\u00fchrung und Herausforderungen Das Ausma\u00df und die Art der Ver\u00e4nderungen, die im Rahmen von Transformationen erforderlich sind, werden immer komplexer, und das Tempo nimmt unaufhaltsam zu, was h\u00e4ufig auf die sich st\u00e4ndig weiterentwickelnde Rolle der Technologie sowohl in der Gesellschaft als auch in unserem Arbeitsleben zur\u00fcckzuf\u00fchren ist. Gleichzeitig ist die F\u00e4higkeit, sich auf Menschen zu [&hellip;]","og_url":"https:\/\/www.argonandco.com\/de\/leistungen\/strategy-und-transformation\/change-management\/","og_site_name":"Argon &amp; Co","article_modified_time":"2025-07-24T12:53:15+00:00","twitter_card":"summary_large_image","twitter_misc":{"Gesch\u00e4tzte Lesezeit":"2 Minuten"},"schema":{"@context":"https:\/\/schema.org","@graph":[{"@type":"WebPage","@id":"https:\/\/www.argonandco.com\/de\/leistungen\/strategy-und-transformation\/change-management\/","url":"https:\/\/www.argonandco.com\/de\/leistungen\/strategy-und-transformation\/change-management\/","name":"Change Management - Argon &amp; Co","isPartOf":{"@id":"https:\/\/www.argonandco.com\/de\/#website"},"datePublished":"2019-09-11T14:09:57+00:00","dateModified":"2025-07-24T12:53:15+00:00","breadcrumb":{"@id":"https:\/\/www.argonandco.com\/de\/leistungen\/strategy-und-transformation\/change-management\/#breadcrumb"},"inLanguage":"de","potentialAction":[{"@type":"ReadAction","target":["https:\/\/www.argonandco.com\/de\/leistungen\/strategy-und-transformation\/change-management\/"]}]},{"@type":"BreadcrumbList","@id":"https:\/\/www.argonandco.com\/de\/leistungen\/strategy-und-transformation\/change-management\/#breadcrumb","itemListElement":[{"@type":"ListItem","position":1,"name":"Home","item":"https:\/\/www.argonandco.com\/de\/"},{"@type":"ListItem","position":2,"name":"Leistungen","item":"https:\/\/www.argonandco.com\/de\/leistungen\/"},{"@type":"ListItem","position":3,"name":"Strategy und Transformation","item":"https:\/\/www.argonandco.com\/de\/leistungen\/strategy-und-transformation\/"},{"@type":"ListItem","position":4,"name":"Change Management"}]},{"@type":"WebSite","@id":"https:\/\/www.argonandco.com\/de\/#website","url":"https:\/\/www.argonandco.com\/de\/","name":"Argon &amp; Co","description":"We help clients achieve their strategic and operational objectives, working together to transform their businesses and generate real change.","potentialAction":[{"@type":"SearchAction","target":{"@type":"EntryPoint","urlTemplate":"https:\/\/www.argonandco.com\/de\/?s={search_term_string}"},"query-input":{"@type":"PropertyValueSpecification","valueRequired":true,"valueName":"search_term_string"}}],"inLanguage":"de"}]}},"_links":{"self":[{"href":"https:\/\/www.argonandco.com\/de\/wp-json\/wp\/v2\/pages\/30325","targetHints":{"allow":["GET"]}}],"collection":[{"href":"https:\/\/www.argonandco.com\/de\/wp-json\/wp\/v2\/pages"}],"about":[{"href":"https:\/\/www.argonandco.com\/de\/wp-json\/wp\/v2\/types\/page"}],"author":[{"embeddable":true,"href":"https:\/\/www.argonandco.com\/de\/wp-json\/wp\/v2\/users\/1"}],"replies":[{"embeddable":true,"href":"https:\/\/www.argonandco.com\/de\/wp-json\/wp\/v2\/comments?post=30325"}],"version-history":[{"count":0,"href":"https:\/\/www.argonandco.com\/de\/wp-json\/wp\/v2\/pages\/30325\/revisions"}],"up":[{"embeddable":true,"href":"https:\/\/www.argonandco.com\/de\/wp-json\/wp\/v2\/pages\/30404"}],"wp:attachment":[{"href":"https:\/\/www.argonandco.com\/de\/wp-json\/wp\/v2\/media?parent=30325"}],"curies":[{"name":"wp","href":"https:\/\/api.w.org\/{rel}","templated":true}]}}