{"id":30323,"date":"2019-09-11T15:09:23","date_gmt":"2019-09-11T14:09:57","guid":{"rendered":"https:\/\/www.argonandco.com\/leadership-effectiveness\/"},"modified":"2025-11-17T13:44:14","modified_gmt":"2025-11-17T13:44:14","slug":"fuehrungseffektivitaet","status":"publish","type":"page","link":"https:\/\/www.argonandco.com\/de\/leistungen\/strategy-und-transformation\/fuehrungseffektivitaet\/","title":{"rendered":"F\u00fchrungseffektivit\u00e4t"},"content":{"rendered":"<h2><b>Einf\u00fchrung und Herausforderungen<\/b><\/h2>\n<p><span class=\"intro\" style=\"font-weight: 400;\">F\u00fchrungskr\u00e4fte, die heute Ver\u00e4nderungen vorantreiben, m\u00fcssen erkennen, dass Wandel sowohl unvermeidlich als auch best\u00e4ndig ist. Die F\u00e4higkeit, andere von der Notwendigkeit von Ver\u00e4nderungen zu \u00fcberzeugen und alle hinter einer klaren Vision zu vereinen, ist zweifellos eine der wertvollsten F\u00fchrungskompetenzen.<\/span><\/p>\n<p>Die neue Generation von F\u00fchrungskr\u00e4ften muss stark und leistungsf\u00e4hig sein. Sie muss das Unternehmen leiten und den Gesch\u00e4ftsbetrieb wie gewohnt aufrechterhalten, w\u00e4hrend sie gleichzeitig kontinuierlich Innovationen vorantreibt, neue Chancen erschlie\u00dft und strategisch denkt. F\u00fchrungskr\u00e4fte m\u00fcssen sich mit dem rasanten Tempo des Wandels wohlf\u00fchlen und ihn begr\u00fc\u00dfen, anstatt ihn zu bek\u00e4mpfen.<\/p>\n<p>F\u00fchrungskr\u00e4fte, die ihre Transformationsinitiativen so gestalten, dass sie die gew\u00fcnschten Ver\u00e4nderungen in der Denkweise und im Verhalten unterst\u00fctzen, erzielen zunehmend die erfolgreichsten Transformationen. F\u00fchrungskr\u00e4fte, die die gesamte Belegschaft mit der richtigen Denkweise einbinden, sind diejenigen, die die Ver\u00e4nderungen nachhaltig sichern.<\/p>\n<p>Wir arbeiten mit unseren Kunden auf allen F\u00fchrungsebenen zusammen, vom CEO und seinem Team bis hin zum Linienmanagement. Wir bringen bew\u00e4hrte Methoden und praktische Erfahrung mit, um F\u00fchrungskr\u00e4fte dabei zu unterst\u00fctzen, Strategien selbstbewusst umzusetzen. Wir unterst\u00fctzen F\u00fchrungskr\u00e4fte bei der Umsetzung gro\u00dfer, komplexer Programme und arbeiten dabei effektiv mit den betroffenen Bereichen des Unternehmens zusammen.<\/p>\n<h2><b>Wie wir helfen k\u00f6nnen<\/b><\/h2>\n<p>Wir arbeiten sowohl gemeinsam als auch individuell mit den F\u00fchrungsteams unserer Kunden zusammen, um einen klaren Fahrplan f\u00fcr ihren Weg zu einem leistungsst\u00e4rkeren Team zu erstellen. Wir begleiten die F\u00fchrungskr\u00e4fte unserer Kunden in allen Phasen ihrer Transformation und passen unsere Supportleistungen an ihre spezifischen Bed\u00fcrfnisse an.<\/p>\n<p><span style=\"font-weight: 400;\">Unsere Leistungen:<\/span><\/p>\n<ul>\n<li>Klare Festlegung des Transformationskontexts und des Umfelds, in dem die Transformation vorangetrieben wird<\/li>\n<li>Aufbau von Engagement f\u00fcr die strategische Ausrichtung der Transformation und klare Formulierung der F\u00fchrungsherausforderungen zur Erreichung des gew\u00fcnschten Zukunftszustands<\/li>\n<li>Definition der Rolle, die das F\u00fchrungsteam bei der Sicherstellung des Transformationserfolgs spielen wird<\/li>\n<li>Objektive Bewertung der individuellen und kollektiven F\u00e4higkeiten der F\u00fchrungskr\u00e4fte im Kontext der Transformationsziele<\/li>\n<li>F\u00f6rderung der Entwicklung von Einblicken in die Teamdynamik als Grundlage f\u00fcr die Erstellung eines Fahrplans zur Entwicklung eines leistungsf\u00e4higeren Teams<\/li>\n<li>Ma\u00dfgeschneiderte Gestaltung der Unterst\u00fctzung f\u00fcr die F\u00fchrungskr\u00e4fte des Kunden zur St\u00e4rkung ihrer F\u00fchrungskompetenzen<\/li>\n<li>Schaffung klarer Kommunikationswege, um die F\u00fchrungskr\u00e4fte dabei zu unterst\u00fctzen, die gesamte Organisation in die Transformation einzubeziehen<\/li>\n<\/ul>\n<p>Eine effektive F\u00fchrung von Transformationen muss durch echte Ver\u00e4nderungsarbeit angegangen werden, die F\u00fchrungskr\u00e4fte leisten m\u00fcssen, um ihre Organisationen sowohl zu f\u00fchren als auch zu transformieren. Sie muss in den Grundprinzipien der Ver\u00e4nderungsf\u00fchrung verankert sein und ein Gleichgewicht zwischen der richtigen Umsetzung der Grundlagen und dem Mut zu adaptiven Verhaltens\u00e4nderungen herstellen, die einen nachhaltigen Wettbewerbsvorteil bringen.<\/p>\n","protected":false},"excerpt":{"rendered":"<p>Einf\u00fchrung und Herausforderungen F\u00fchrungskr\u00e4fte, die heute Ver\u00e4nderungen vorantreiben, m\u00fcssen erkennen, dass Wandel sowohl unvermeidlich als auch best\u00e4ndig ist. Die F\u00e4higkeit, andere von der Notwendigkeit von Ver\u00e4nderungen zu \u00fcberzeugen und alle hinter einer klaren Vision zu vereinen, ist zweifellos eine der wertvollsten F\u00fchrungskompetenzen. Die neue Generation von F\u00fchrungskr\u00e4ften muss stark und leistungsf\u00e4hig sein. Sie muss das [&hellip;]<\/p>\n","protected":false},"author":1,"featured_media":0,"parent":30404,"menu_order":8,"comment_status":"closed","ping_status":"closed","template":"","meta":{"_acf_changed":false,"footnotes":""},"class_list":["post-30323","page","type-page","status-publish","hentry"],"acf":[],"yoast_head":"<!-- This site is optimized with the Yoast SEO plugin v27.4 - https:\/\/yoast.com\/product\/yoast-seo-wordpress\/ -->\n<title>F\u00fchrungseffektivit\u00e4t - Argon &amp; Co<\/title>\n<meta name=\"robots\" content=\"index, follow, max-snippet:-1, max-image-preview:large, max-video-preview:-1\" \/>\n<link rel=\"canonical\" href=\"https:\/\/www.argonandco.com\/de\/leistungen\/strategy-und-transformation\/fuehrungseffektivitaet\/\" \/>\n<meta property=\"og:locale\" content=\"de_DE\" \/>\n<meta property=\"og:type\" content=\"article\" \/>\n<meta property=\"og:title\" content=\"F\u00fchrungseffektivit\u00e4t - Argon &amp; Co\" \/>\n<meta property=\"og:description\" content=\"Einf\u00fchrung und Herausforderungen F\u00fchrungskr\u00e4fte, die heute Ver\u00e4nderungen vorantreiben, m\u00fcssen erkennen, dass Wandel sowohl unvermeidlich als auch best\u00e4ndig ist. Die F\u00e4higkeit, andere von der Notwendigkeit von Ver\u00e4nderungen zu \u00fcberzeugen und alle hinter einer klaren Vision zu vereinen, ist zweifellos eine der wertvollsten F\u00fchrungskompetenzen. Die neue Generation von F\u00fchrungskr\u00e4ften muss stark und leistungsf\u00e4hig sein. Sie muss das [&hellip;]\" \/>\n<meta property=\"og:url\" content=\"https:\/\/www.argonandco.com\/de\/leistungen\/strategy-und-transformation\/fuehrungseffektivitaet\/\" \/>\n<meta property=\"og:site_name\" content=\"Argon &amp; Co\" \/>\n<meta property=\"article:modified_time\" content=\"2025-11-17T13:44:14+00:00\" \/>\n<meta name=\"twitter:card\" content=\"summary_large_image\" \/>\n<meta name=\"twitter:label1\" content=\"Gesch\u00e4tzte Lesezeit\" \/>\n\t<meta name=\"twitter:data1\" content=\"2 Minuten\" \/>\n<script type=\"application\/ld+json\" class=\"yoast-schema-graph\">{\"@context\":\"https:\\\/\\\/schema.org\",\"@graph\":[{\"@type\":\"WebPage\",\"@id\":\"https:\\\/\\\/www.argonandco.com\\\/de\\\/leistungen\\\/strategy-und-transformation\\\/fuehrungseffektivitaet\\\/\",\"url\":\"https:\\\/\\\/www.argonandco.com\\\/de\\\/leistungen\\\/strategy-und-transformation\\\/fuehrungseffektivitaet\\\/\",\"name\":\"F\u00fchrungseffektivit\u00e4t - Argon &amp; Co\",\"isPartOf\":{\"@id\":\"https:\\\/\\\/www.argonandco.com\\\/de\\\/#website\"},\"datePublished\":\"2019-09-11T14:09:57+00:00\",\"dateModified\":\"2025-11-17T13:44:14+00:00\",\"breadcrumb\":{\"@id\":\"https:\\\/\\\/www.argonandco.com\\\/de\\\/leistungen\\\/strategy-und-transformation\\\/fuehrungseffektivitaet\\\/#breadcrumb\"},\"inLanguage\":\"de\",\"potentialAction\":[{\"@type\":\"ReadAction\",\"target\":[\"https:\\\/\\\/www.argonandco.com\\\/de\\\/leistungen\\\/strategy-und-transformation\\\/fuehrungseffektivitaet\\\/\"]}]},{\"@type\":\"BreadcrumbList\",\"@id\":\"https:\\\/\\\/www.argonandco.com\\\/de\\\/leistungen\\\/strategy-und-transformation\\\/fuehrungseffektivitaet\\\/#breadcrumb\",\"itemListElement\":[{\"@type\":\"ListItem\",\"position\":1,\"name\":\"Home\",\"item\":\"https:\\\/\\\/www.argonandco.com\\\/de\\\/\"},{\"@type\":\"ListItem\",\"position\":2,\"name\":\"Leistungen\",\"item\":\"https:\\\/\\\/www.argonandco.com\\\/de\\\/leistungen\\\/\"},{\"@type\":\"ListItem\",\"position\":3,\"name\":\"Strategy und Transformation\",\"item\":\"https:\\\/\\\/www.argonandco.com\\\/de\\\/leistungen\\\/strategy-und-transformation\\\/\"},{\"@type\":\"ListItem\",\"position\":4,\"name\":\"F\u00fchrungseffektivit\u00e4t\"}]},{\"@type\":\"WebSite\",\"@id\":\"https:\\\/\\\/www.argonandco.com\\\/de\\\/#website\",\"url\":\"https:\\\/\\\/www.argonandco.com\\\/de\\\/\",\"name\":\"Argon &amp; Co\",\"description\":\"We help clients achieve their strategic and operational objectives, working together to transform their businesses and generate real change.\",\"potentialAction\":[{\"@type\":\"SearchAction\",\"target\":{\"@type\":\"EntryPoint\",\"urlTemplate\":\"https:\\\/\\\/www.argonandco.com\\\/de\\\/?s={search_term_string}\"},\"query-input\":{\"@type\":\"PropertyValueSpecification\",\"valueRequired\":true,\"valueName\":\"search_term_string\"}}],\"inLanguage\":\"de\"}]}<\/script>\n<!-- \/ Yoast SEO plugin. -->","yoast_head_json":{"title":"F\u00fchrungseffektivit\u00e4t - Argon &amp; Co","robots":{"index":"index","follow":"follow","max-snippet":"max-snippet:-1","max-image-preview":"max-image-preview:large","max-video-preview":"max-video-preview:-1"},"canonical":"https:\/\/www.argonandco.com\/de\/leistungen\/strategy-und-transformation\/fuehrungseffektivitaet\/","og_locale":"de_DE","og_type":"article","og_title":"F\u00fchrungseffektivit\u00e4t - Argon &amp; Co","og_description":"Einf\u00fchrung und Herausforderungen F\u00fchrungskr\u00e4fte, die heute Ver\u00e4nderungen vorantreiben, m\u00fcssen erkennen, dass Wandel sowohl unvermeidlich als auch best\u00e4ndig ist. Die F\u00e4higkeit, andere von der Notwendigkeit von Ver\u00e4nderungen zu \u00fcberzeugen und alle hinter einer klaren Vision zu vereinen, ist zweifellos eine der wertvollsten F\u00fchrungskompetenzen. Die neue Generation von F\u00fchrungskr\u00e4ften muss stark und leistungsf\u00e4hig sein. Sie muss das [&hellip;]","og_url":"https:\/\/www.argonandco.com\/de\/leistungen\/strategy-und-transformation\/fuehrungseffektivitaet\/","og_site_name":"Argon &amp; Co","article_modified_time":"2025-11-17T13:44:14+00:00","twitter_card":"summary_large_image","twitter_misc":{"Gesch\u00e4tzte Lesezeit":"2 Minuten"},"schema":{"@context":"https:\/\/schema.org","@graph":[{"@type":"WebPage","@id":"https:\/\/www.argonandco.com\/de\/leistungen\/strategy-und-transformation\/fuehrungseffektivitaet\/","url":"https:\/\/www.argonandco.com\/de\/leistungen\/strategy-und-transformation\/fuehrungseffektivitaet\/","name":"F\u00fchrungseffektivit\u00e4t - Argon &amp; Co","isPartOf":{"@id":"https:\/\/www.argonandco.com\/de\/#website"},"datePublished":"2019-09-11T14:09:57+00:00","dateModified":"2025-11-17T13:44:14+00:00","breadcrumb":{"@id":"https:\/\/www.argonandco.com\/de\/leistungen\/strategy-und-transformation\/fuehrungseffektivitaet\/#breadcrumb"},"inLanguage":"de","potentialAction":[{"@type":"ReadAction","target":["https:\/\/www.argonandco.com\/de\/leistungen\/strategy-und-transformation\/fuehrungseffektivitaet\/"]}]},{"@type":"BreadcrumbList","@id":"https:\/\/www.argonandco.com\/de\/leistungen\/strategy-und-transformation\/fuehrungseffektivitaet\/#breadcrumb","itemListElement":[{"@type":"ListItem","position":1,"name":"Home","item":"https:\/\/www.argonandco.com\/de\/"},{"@type":"ListItem","position":2,"name":"Leistungen","item":"https:\/\/www.argonandco.com\/de\/leistungen\/"},{"@type":"ListItem","position":3,"name":"Strategy und Transformation","item":"https:\/\/www.argonandco.com\/de\/leistungen\/strategy-und-transformation\/"},{"@type":"ListItem","position":4,"name":"F\u00fchrungseffektivit\u00e4t"}]},{"@type":"WebSite","@id":"https:\/\/www.argonandco.com\/de\/#website","url":"https:\/\/www.argonandco.com\/de\/","name":"Argon &amp; Co","description":"We help clients achieve their strategic and operational objectives, working together to transform their businesses and generate real change.","potentialAction":[{"@type":"SearchAction","target":{"@type":"EntryPoint","urlTemplate":"https:\/\/www.argonandco.com\/de\/?s={search_term_string}"},"query-input":{"@type":"PropertyValueSpecification","valueRequired":true,"valueName":"search_term_string"}}],"inLanguage":"de"}]}},"_links":{"self":[{"href":"https:\/\/www.argonandco.com\/de\/wp-json\/wp\/v2\/pages\/30323","targetHints":{"allow":["GET"]}}],"collection":[{"href":"https:\/\/www.argonandco.com\/de\/wp-json\/wp\/v2\/pages"}],"about":[{"href":"https:\/\/www.argonandco.com\/de\/wp-json\/wp\/v2\/types\/page"}],"author":[{"embeddable":true,"href":"https:\/\/www.argonandco.com\/de\/wp-json\/wp\/v2\/users\/1"}],"replies":[{"embeddable":true,"href":"https:\/\/www.argonandco.com\/de\/wp-json\/wp\/v2\/comments?post=30323"}],"version-history":[{"count":0,"href":"https:\/\/www.argonandco.com\/de\/wp-json\/wp\/v2\/pages\/30323\/revisions"}],"up":[{"embeddable":true,"href":"https:\/\/www.argonandco.com\/de\/wp-json\/wp\/v2\/pages\/30404"}],"wp:attachment":[{"href":"https:\/\/www.argonandco.com\/de\/wp-json\/wp\/v2\/media?parent=30323"}],"curies":[{"name":"wp","href":"https:\/\/api.w.org\/{rel}","templated":true}]}}