{"id":30321,"date":"2019-09-11T15:11:23","date_gmt":"2019-09-11T14:11:23","guid":{"rendered":"https:\/\/www.argonandco.com\/asset-management\/"},"modified":"2025-07-24T13:15:29","modified_gmt":"2025-07-24T12:15:29","slug":"asset-management","status":"publish","type":"page","link":"https:\/\/www.argonandco.com\/de\/leistungen\/service-excellence\/asset-management\/","title":{"rendered":"Asset Management"},"content":{"rendered":"<h2><b>Einf\u00fchrung und Herausforderungen<\/b><\/h2>\n<p><span class=\"intro\" style=\"font-weight: 400;\">Industrielle Infrastrukturverm\u00f6genswerte \u2013 wie Transport, Energie und Versorgungsunternehmen \u2013 sind bedeutende umsatzgenerierende Verm\u00f6genswerte, die \u00fcber einen langen Zeitraum, oft \u00fcber Jahrzehnte hinweg, instand gehalten werden m\u00fcssen. Daher ist die Verwaltung langfristiger CAPEX- und OPEX-Entscheidungen von entscheidender Bedeutung, um eine langfristige Rentabilit\u00e4t und nachhaltige Leistung sicherzustellen.<\/span><\/p>\n<p>Die Optimierung der Zuweisung von Infrastrukturressourcen ist ebenfalls entscheidend f\u00fcr Investitionsentscheidungen \u2013 sei es f\u00fcr Neuanschaffungen, Erneuerungen oder Instandhaltungsma\u00dfnahmen \u2013 und die Ressourcen m\u00fcssen sorgf\u00e4ltig auf den Bedarf abgestimmt werden.<\/p>\n<p>Der starke finanzielle und wirtschaftliche Fokus der Entscheidungsfindung hat traditionell dazu gef\u00fchrt, dass das Asset Management anhand traditioneller Finanzinstrumente und -kennzahlen gesteuert wurde.<\/p>\n<p>Heute m\u00fcssen diese traditionellen Arbeitsweisen ge\u00e4ndert werden, um ein umfassenderes Verst\u00e4ndnis der Leistung zu erreichen. Es muss eine dynamischere Sichtweise des Asset Managements eingenommen werden, die Lebenszykluskosten (LCC) und Gesamtbetriebskosten (TCO) einbezieht. Diese Konzepte tragen zur Optimierung des Entscheidungsprozesses bei, da sie umfassendere \u00dcberlegungen wie beispielsweise die praktischen betrieblichen Anforderungen \u00fcber einen langen Zeitraum hinweg ber\u00fccksichtigen.<\/p>\n<h2><b>Wie wir helfen k\u00f6nnen\u00a0<\/b><\/h2>\n<p>Argon &amp; Co ist in vielen Bereichen des Asset Managements t\u00e4tig, sowohl auf strategischer als auch auf operativer Ebene.<\/p>\n<ul>\n<li>Auf strategischer Ebene sind wir an der Erstellung von Entscheidungsmodellen beteiligt, die die Standortwahl und Planung von Gro\u00dfinvestitionsprojekten unterst\u00fctzen, wobei operative \u00dcberlegungen und die Abw\u00e4gung zwischen Erneuerung und Instandhaltung integriert ber\u00fccksichtigt werden.<\/li>\n<li>Auf operativer Ebene unterst\u00fctzen wir unsere Kunden bei der Steigerung der Effizienz ihrer Instandhaltungsma\u00dfnahmen, darunter wichtige Initiativen wie Lieferantenentwicklung, Management der Ersatzteilversorgungskette, Implementierung digitaler Technologien, Entwicklung von Leistungs-Dashboards und Bewertung von Make-or-Buy-Entscheidungen.<\/li>\n<\/ul>\n<p>Wir sind in der Lage, Industrieunternehmen bei der Umsetzung taktischer Verbesserungen zur Leistungssteigerung zu unterst\u00fctzen, beispielsweise durch die Optimierung von Asset-Management-Richtlinien und -Prozessen sowie durch die Bereitstellung umfassender Transformationsprogramme.<\/p>\n","protected":false},"excerpt":{"rendered":"<p>Einf\u00fchrung und Herausforderungen Industrielle Infrastrukturverm\u00f6genswerte \u2013 wie Transport, Energie und Versorgungsunternehmen \u2013 sind bedeutende umsatzgenerierende Verm\u00f6genswerte, die \u00fcber einen langen Zeitraum, oft \u00fcber Jahrzehnte hinweg, instand gehalten werden m\u00fcssen. Daher ist die Verwaltung langfristiger CAPEX- und OPEX-Entscheidungen von entscheidender Bedeutung, um eine langfristige Rentabilit\u00e4t und nachhaltige Leistung sicherzustellen. Die Optimierung der Zuweisung von Infrastrukturressourcen ist [&hellip;]<\/p>\n","protected":false},"author":1,"featured_media":0,"parent":30392,"menu_order":1,"comment_status":"closed","ping_status":"closed","template":"","meta":{"_acf_changed":false,"footnotes":""},"class_list":["post-30321","page","type-page","status-publish","hentry"],"acf":[],"yoast_head":"<!-- This site is optimized with the Yoast SEO plugin v27.4 - https:\/\/yoast.com\/product\/yoast-seo-wordpress\/ -->\n<title>Asset Management - Argon &amp; Co<\/title>\n<meta name=\"robots\" content=\"index, follow, max-snippet:-1, max-image-preview:large, max-video-preview:-1\" \/>\n<link rel=\"canonical\" href=\"https:\/\/www.argonandco.com\/de\/leistungen\/service-excellence\/asset-management\/\" \/>\n<meta property=\"og:locale\" content=\"de_DE\" \/>\n<meta property=\"og:type\" content=\"article\" \/>\n<meta property=\"og:title\" content=\"Asset Management - Argon &amp; Co\" \/>\n<meta property=\"og:description\" content=\"Einf\u00fchrung und Herausforderungen Industrielle Infrastrukturverm\u00f6genswerte \u2013 wie Transport, Energie und Versorgungsunternehmen \u2013 sind bedeutende umsatzgenerierende Verm\u00f6genswerte, die \u00fcber einen langen Zeitraum, oft \u00fcber Jahrzehnte hinweg, instand gehalten werden m\u00fcssen. Daher ist die Verwaltung langfristiger CAPEX- und OPEX-Entscheidungen von entscheidender Bedeutung, um eine langfristige Rentabilit\u00e4t und nachhaltige Leistung sicherzustellen. Die Optimierung der Zuweisung von Infrastrukturressourcen ist [&hellip;]\" \/>\n<meta property=\"og:url\" content=\"https:\/\/www.argonandco.com\/de\/leistungen\/service-excellence\/asset-management\/\" \/>\n<meta property=\"og:site_name\" content=\"Argon &amp; Co\" \/>\n<meta property=\"article:modified_time\" content=\"2025-07-24T12:15:29+00:00\" \/>\n<meta name=\"twitter:card\" content=\"summary_large_image\" \/>\n<meta name=\"twitter:label1\" content=\"Gesch\u00e4tzte Lesezeit\" \/>\n\t<meta name=\"twitter:data1\" content=\"1 Minute\" \/>\n<script type=\"application\/ld+json\" class=\"yoast-schema-graph\">{\"@context\":\"https:\\\/\\\/schema.org\",\"@graph\":[{\"@type\":\"WebPage\",\"@id\":\"https:\\\/\\\/www.argonandco.com\\\/de\\\/leistungen\\\/service-excellence\\\/asset-management\\\/\",\"url\":\"https:\\\/\\\/www.argonandco.com\\\/de\\\/leistungen\\\/service-excellence\\\/asset-management\\\/\",\"name\":\"Asset Management - Argon &amp; Co\",\"isPartOf\":{\"@id\":\"https:\\\/\\\/www.argonandco.com\\\/de\\\/#website\"},\"datePublished\":\"2019-09-11T14:11:23+00:00\",\"dateModified\":\"2025-07-24T12:15:29+00:00\",\"breadcrumb\":{\"@id\":\"https:\\\/\\\/www.argonandco.com\\\/de\\\/leistungen\\\/service-excellence\\\/asset-management\\\/#breadcrumb\"},\"inLanguage\":\"de\",\"potentialAction\":[{\"@type\":\"ReadAction\",\"target\":[\"https:\\\/\\\/www.argonandco.com\\\/de\\\/leistungen\\\/service-excellence\\\/asset-management\\\/\"]}]},{\"@type\":\"BreadcrumbList\",\"@id\":\"https:\\\/\\\/www.argonandco.com\\\/de\\\/leistungen\\\/service-excellence\\\/asset-management\\\/#breadcrumb\",\"itemListElement\":[{\"@type\":\"ListItem\",\"position\":1,\"name\":\"Home\",\"item\":\"https:\\\/\\\/www.argonandco.com\\\/de\\\/\"},{\"@type\":\"ListItem\",\"position\":2,\"name\":\"Leistungen\",\"item\":\"https:\\\/\\\/www.argonandco.com\\\/de\\\/leistungen\\\/\"},{\"@type\":\"ListItem\",\"position\":3,\"name\":\"Service Excellence\",\"item\":\"https:\\\/\\\/www.argonandco.com\\\/de\\\/leistungen\\\/service-excellence\\\/\"},{\"@type\":\"ListItem\",\"position\":4,\"name\":\"Asset Management\"}]},{\"@type\":\"WebSite\",\"@id\":\"https:\\\/\\\/www.argonandco.com\\\/de\\\/#website\",\"url\":\"https:\\\/\\\/www.argonandco.com\\\/de\\\/\",\"name\":\"Argon &amp; Co\",\"description\":\"We help clients achieve their strategic and operational objectives, working together to transform their businesses and generate real change.\",\"potentialAction\":[{\"@type\":\"SearchAction\",\"target\":{\"@type\":\"EntryPoint\",\"urlTemplate\":\"https:\\\/\\\/www.argonandco.com\\\/de\\\/?s={search_term_string}\"},\"query-input\":{\"@type\":\"PropertyValueSpecification\",\"valueRequired\":true,\"valueName\":\"search_term_string\"}}],\"inLanguage\":\"de\"}]}<\/script>\n<!-- \/ Yoast SEO plugin. -->","yoast_head_json":{"title":"Asset Management - Argon &amp; Co","robots":{"index":"index","follow":"follow","max-snippet":"max-snippet:-1","max-image-preview":"max-image-preview:large","max-video-preview":"max-video-preview:-1"},"canonical":"https:\/\/www.argonandco.com\/de\/leistungen\/service-excellence\/asset-management\/","og_locale":"de_DE","og_type":"article","og_title":"Asset Management - Argon &amp; Co","og_description":"Einf\u00fchrung und Herausforderungen Industrielle Infrastrukturverm\u00f6genswerte \u2013 wie Transport, Energie und Versorgungsunternehmen \u2013 sind bedeutende umsatzgenerierende Verm\u00f6genswerte, die \u00fcber einen langen Zeitraum, oft \u00fcber Jahrzehnte hinweg, instand gehalten werden m\u00fcssen. Daher ist die Verwaltung langfristiger CAPEX- und OPEX-Entscheidungen von entscheidender Bedeutung, um eine langfristige Rentabilit\u00e4t und nachhaltige Leistung sicherzustellen. Die Optimierung der Zuweisung von Infrastrukturressourcen ist [&hellip;]","og_url":"https:\/\/www.argonandco.com\/de\/leistungen\/service-excellence\/asset-management\/","og_site_name":"Argon &amp; Co","article_modified_time":"2025-07-24T12:15:29+00:00","twitter_card":"summary_large_image","twitter_misc":{"Gesch\u00e4tzte Lesezeit":"1 Minute"},"schema":{"@context":"https:\/\/schema.org","@graph":[{"@type":"WebPage","@id":"https:\/\/www.argonandco.com\/de\/leistungen\/service-excellence\/asset-management\/","url":"https:\/\/www.argonandco.com\/de\/leistungen\/service-excellence\/asset-management\/","name":"Asset Management - Argon &amp; Co","isPartOf":{"@id":"https:\/\/www.argonandco.com\/de\/#website"},"datePublished":"2019-09-11T14:11:23+00:00","dateModified":"2025-07-24T12:15:29+00:00","breadcrumb":{"@id":"https:\/\/www.argonandco.com\/de\/leistungen\/service-excellence\/asset-management\/#breadcrumb"},"inLanguage":"de","potentialAction":[{"@type":"ReadAction","target":["https:\/\/www.argonandco.com\/de\/leistungen\/service-excellence\/asset-management\/"]}]},{"@type":"BreadcrumbList","@id":"https:\/\/www.argonandco.com\/de\/leistungen\/service-excellence\/asset-management\/#breadcrumb","itemListElement":[{"@type":"ListItem","position":1,"name":"Home","item":"https:\/\/www.argonandco.com\/de\/"},{"@type":"ListItem","position":2,"name":"Leistungen","item":"https:\/\/www.argonandco.com\/de\/leistungen\/"},{"@type":"ListItem","position":3,"name":"Service Excellence","item":"https:\/\/www.argonandco.com\/de\/leistungen\/service-excellence\/"},{"@type":"ListItem","position":4,"name":"Asset Management"}]},{"@type":"WebSite","@id":"https:\/\/www.argonandco.com\/de\/#website","url":"https:\/\/www.argonandco.com\/de\/","name":"Argon &amp; Co","description":"We help clients achieve their strategic and operational objectives, working together to transform their businesses and generate real change.","potentialAction":[{"@type":"SearchAction","target":{"@type":"EntryPoint","urlTemplate":"https:\/\/www.argonandco.com\/de\/?s={search_term_string}"},"query-input":{"@type":"PropertyValueSpecification","valueRequired":true,"valueName":"search_term_string"}}],"inLanguage":"de"}]}},"_links":{"self":[{"href":"https:\/\/www.argonandco.com\/de\/wp-json\/wp\/v2\/pages\/30321","targetHints":{"allow":["GET"]}}],"collection":[{"href":"https:\/\/www.argonandco.com\/de\/wp-json\/wp\/v2\/pages"}],"about":[{"href":"https:\/\/www.argonandco.com\/de\/wp-json\/wp\/v2\/types\/page"}],"author":[{"embeddable":true,"href":"https:\/\/www.argonandco.com\/de\/wp-json\/wp\/v2\/users\/1"}],"replies":[{"embeddable":true,"href":"https:\/\/www.argonandco.com\/de\/wp-json\/wp\/v2\/comments?post=30321"}],"version-history":[{"count":0,"href":"https:\/\/www.argonandco.com\/de\/wp-json\/wp\/v2\/pages\/30321\/revisions"}],"up":[{"embeddable":true,"href":"https:\/\/www.argonandco.com\/de\/wp-json\/wp\/v2\/pages\/30392"}],"wp:attachment":[{"href":"https:\/\/www.argonandco.com\/de\/wp-json\/wp\/v2\/media?parent=30321"}],"curies":[{"name":"wp","href":"https:\/\/api.w.org\/{rel}","templated":true}]}}