{"id":30320,"date":"2019-09-11T15:11:23","date_gmt":"2019-09-11T14:11:23","guid":{"rendered":"https:\/\/www.argonandco.com\/field-service-management\/"},"modified":"2025-11-20T11:50:10","modified_gmt":"2025-11-20T11:50:10","slug":"aussendienstmanagement","status":"publish","type":"page","link":"https:\/\/www.argonandco.com\/de\/leistungen\/service-excellence\/aussendienstmanagement\/","title":{"rendered":"Au\u00dfendienstmanagement"},"content":{"rendered":"<h2><b>Einf\u00fchrung und Herausforderungen<\/b><\/h2>\n<p><span class=\"intro\" style=\"font-weight: 400;\">Das Au\u00dfendienstmanagement beinhaltet eine Reihe von Kompromissen und Herausforderungen, darunter die Einhaltung von Vertr\u00e4gen, Kostenkontrolle und Cash-Optimierung.<\/span><\/p>\n<p>Neben dem Ausgleich dieser zentralen Kompromisse ist der T\u00e4tigkeitsbereich breit gef\u00e4chert, um die Verwaltung der Ressourcen abzudecken, die f\u00fcr korrektive, pr\u00e4ventive und vorausschauende Wartungsma\u00dfnahmen erforderlich sind. Es gilt, viele Priorit\u00e4ten abzuw\u00e4gen und Konflikte zu bew\u00e4ltigen.<\/p>\n<p>Der Au\u00dfendienst ist eine strategische Aktivit\u00e4t in einer Reihe von Branchen, darunter Fertigung, Infrastruktur, Telekommunikation, Flotten, h\u00e4usliche Gesundheitsversorgung, Haushaltsger\u00e4te und Selbstbedienungsautomaten.<\/p>\n<p>Die Priorit\u00e4ten und Dynamiken variieren zwischen den Branchen, jedoch lassen sich viele bew\u00e4hrte Verfahren branchen\u00fcbergreifend nutzen, um die Leistung des Au\u00dfendienstes zu verbessern.<\/p>\n<h2><b>Wie wir helfen k\u00f6nnen\u00a0<\/b><\/h2>\n<p>Wir unterst\u00fctzen unsere Kunden von der Definition der Strategie bis zur Umsetzung aller Komponenten des Au\u00dfendienstmanagements und umfassender operativer Verbesserungen, darunter:<\/p>\n<ul>\n<li>Organisationsgestaltung und Personalentwicklung<\/li>\n<li>Prozessverbesserung und Gestaltung taktischer, operativer und terminlicher Planungsprozesse<\/li>\n<li>Informationssysteme und Stammdatenkonzeption<\/li>\n<li>Leistungsmanagement einschlie\u00dflich KPIs, Dashboard-Gestaltung und kontinuierlicher Verbesserungsprozesse<\/li>\n<li>\u00dcberpr\u00fcfung der Wartungsrichtlinien, um ein optimales Gleichgewicht zwischen vorbeugenden und korrektiven Wartungsma\u00dfnahmen zu finden<\/li>\n<li>Segmentierung und Gestaltung von Lieferkettenkan\u00e4len, Bestands- und Ersatzteilmanagement zur Erreichung der Serviceziele<\/li>\n<\/ul>\n","protected":false},"excerpt":{"rendered":"<p>Einf\u00fchrung und Herausforderungen Das Au\u00dfendienstmanagement beinhaltet eine Reihe von Kompromissen und Herausforderungen, darunter die Einhaltung von Vertr\u00e4gen, Kostenkontrolle und Cash-Optimierung. Neben dem Ausgleich dieser zentralen Kompromisse ist der T\u00e4tigkeitsbereich breit gef\u00e4chert, um die Verwaltung der Ressourcen abzudecken, die f\u00fcr korrektive, pr\u00e4ventive und vorausschauende Wartungsma\u00dfnahmen erforderlich sind. Es gilt, viele Priorit\u00e4ten abzuw\u00e4gen und Konflikte zu bew\u00e4ltigen. [&hellip;]<\/p>\n","protected":false},"author":1,"featured_media":0,"parent":30392,"menu_order":3,"comment_status":"closed","ping_status":"closed","template":"","meta":{"_acf_changed":false,"footnotes":""},"class_list":["post-30320","page","type-page","status-publish","hentry"],"acf":[],"yoast_head":"<!-- This site is optimized with the Yoast SEO plugin v27.5 - https:\/\/yoast.com\/product\/yoast-seo-wordpress\/ -->\n<title>Au\u00dfendienstmanagement | Argon &amp; Co<\/title>\n<meta name=\"description\" content=\"We support clients by defining strategy then implementing all field service management components and broad operational improvements. Learn more.\" \/>\n<meta name=\"robots\" content=\"index, follow, max-snippet:-1, max-image-preview:large, max-video-preview:-1\" \/>\n<link rel=\"canonical\" href=\"https:\/\/www.argonandco.com\/de\/leistungen\/service-excellence\/aussendienstmanagement\/\" \/>\n<meta property=\"og:locale\" content=\"de_DE\" \/>\n<meta property=\"og:type\" content=\"article\" \/>\n<meta property=\"og:title\" content=\"Au\u00dfendienstmanagement | Argon &amp; Co\" \/>\n<meta property=\"og:description\" content=\"We support clients by defining strategy then implementing all field service management components and broad operational improvements. Learn more.\" \/>\n<meta property=\"og:url\" content=\"https:\/\/www.argonandco.com\/de\/leistungen\/service-excellence\/aussendienstmanagement\/\" \/>\n<meta property=\"og:site_name\" content=\"Argon &amp; Co\" \/>\n<meta property=\"article:modified_time\" content=\"2025-11-20T11:50:10+00:00\" \/>\n<meta name=\"twitter:card\" content=\"summary_large_image\" \/>\n<meta name=\"twitter:label1\" content=\"Gesch\u00e4tzte Lesezeit\" \/>\n\t<meta name=\"twitter:data1\" content=\"1 Minute\" \/>\n<script type=\"application\/ld+json\" class=\"yoast-schema-graph\">{\"@context\":\"https:\\\/\\\/schema.org\",\"@graph\":[{\"@type\":\"WebPage\",\"@id\":\"https:\\\/\\\/www.argonandco.com\\\/de\\\/leistungen\\\/service-excellence\\\/aussendienstmanagement\\\/\",\"url\":\"https:\\\/\\\/www.argonandco.com\\\/de\\\/leistungen\\\/service-excellence\\\/aussendienstmanagement\\\/\",\"name\":\"Au\u00dfendienstmanagement | Argon &amp; Co\",\"isPartOf\":{\"@id\":\"https:\\\/\\\/www.argonandco.com\\\/de\\\/#website\"},\"datePublished\":\"2019-09-11T14:11:23+00:00\",\"dateModified\":\"2025-11-20T11:50:10+00:00\",\"description\":\"We support clients by defining strategy then implementing all field service management components and broad operational improvements. Learn more.\",\"breadcrumb\":{\"@id\":\"https:\\\/\\\/www.argonandco.com\\\/de\\\/leistungen\\\/service-excellence\\\/aussendienstmanagement\\\/#breadcrumb\"},\"inLanguage\":\"de\",\"potentialAction\":[{\"@type\":\"ReadAction\",\"target\":[\"https:\\\/\\\/www.argonandco.com\\\/de\\\/leistungen\\\/service-excellence\\\/aussendienstmanagement\\\/\"]}]},{\"@type\":\"BreadcrumbList\",\"@id\":\"https:\\\/\\\/www.argonandco.com\\\/de\\\/leistungen\\\/service-excellence\\\/aussendienstmanagement\\\/#breadcrumb\",\"itemListElement\":[{\"@type\":\"ListItem\",\"position\":1,\"name\":\"Home\",\"item\":\"https:\\\/\\\/www.argonandco.com\\\/de\\\/\"},{\"@type\":\"ListItem\",\"position\":2,\"name\":\"Leistungen\",\"item\":\"https:\\\/\\\/www.argonandco.com\\\/de\\\/leistungen\\\/\"},{\"@type\":\"ListItem\",\"position\":3,\"name\":\"Service Excellence\",\"item\":\"https:\\\/\\\/www.argonandco.com\\\/de\\\/leistungen\\\/service-excellence\\\/\"},{\"@type\":\"ListItem\",\"position\":4,\"name\":\"Au\u00dfendienstmanagement\"}]},{\"@type\":\"WebSite\",\"@id\":\"https:\\\/\\\/www.argonandco.com\\\/de\\\/#website\",\"url\":\"https:\\\/\\\/www.argonandco.com\\\/de\\\/\",\"name\":\"Argon &amp; Co\",\"description\":\"We help clients achieve their strategic and operational objectives, working together to transform their businesses and generate real change.\",\"potentialAction\":[{\"@type\":\"SearchAction\",\"target\":{\"@type\":\"EntryPoint\",\"urlTemplate\":\"https:\\\/\\\/www.argonandco.com\\\/de\\\/?s={search_term_string}\"},\"query-input\":{\"@type\":\"PropertyValueSpecification\",\"valueRequired\":true,\"valueName\":\"search_term_string\"}}],\"inLanguage\":\"de\"}]}<\/script>\n<!-- \/ Yoast SEO plugin. -->","yoast_head_json":{"title":"Au\u00dfendienstmanagement | Argon &amp; Co","description":"We support clients by defining strategy then implementing all field service management components and broad operational improvements. Learn more.","robots":{"index":"index","follow":"follow","max-snippet":"max-snippet:-1","max-image-preview":"max-image-preview:large","max-video-preview":"max-video-preview:-1"},"canonical":"https:\/\/www.argonandco.com\/de\/leistungen\/service-excellence\/aussendienstmanagement\/","og_locale":"de_DE","og_type":"article","og_title":"Au\u00dfendienstmanagement | Argon &amp; Co","og_description":"We support clients by defining strategy then implementing all field service management components and broad operational improvements. Learn more.","og_url":"https:\/\/www.argonandco.com\/de\/leistungen\/service-excellence\/aussendienstmanagement\/","og_site_name":"Argon &amp; Co","article_modified_time":"2025-11-20T11:50:10+00:00","twitter_card":"summary_large_image","twitter_misc":{"Gesch\u00e4tzte Lesezeit":"1 Minute"},"schema":{"@context":"https:\/\/schema.org","@graph":[{"@type":"WebPage","@id":"https:\/\/www.argonandco.com\/de\/leistungen\/service-excellence\/aussendienstmanagement\/","url":"https:\/\/www.argonandco.com\/de\/leistungen\/service-excellence\/aussendienstmanagement\/","name":"Au\u00dfendienstmanagement | Argon &amp; Co","isPartOf":{"@id":"https:\/\/www.argonandco.com\/de\/#website"},"datePublished":"2019-09-11T14:11:23+00:00","dateModified":"2025-11-20T11:50:10+00:00","description":"We support clients by defining strategy then implementing all field service management components and broad operational improvements. Learn more.","breadcrumb":{"@id":"https:\/\/www.argonandco.com\/de\/leistungen\/service-excellence\/aussendienstmanagement\/#breadcrumb"},"inLanguage":"de","potentialAction":[{"@type":"ReadAction","target":["https:\/\/www.argonandco.com\/de\/leistungen\/service-excellence\/aussendienstmanagement\/"]}]},{"@type":"BreadcrumbList","@id":"https:\/\/www.argonandco.com\/de\/leistungen\/service-excellence\/aussendienstmanagement\/#breadcrumb","itemListElement":[{"@type":"ListItem","position":1,"name":"Home","item":"https:\/\/www.argonandco.com\/de\/"},{"@type":"ListItem","position":2,"name":"Leistungen","item":"https:\/\/www.argonandco.com\/de\/leistungen\/"},{"@type":"ListItem","position":3,"name":"Service Excellence","item":"https:\/\/www.argonandco.com\/de\/leistungen\/service-excellence\/"},{"@type":"ListItem","position":4,"name":"Au\u00dfendienstmanagement"}]},{"@type":"WebSite","@id":"https:\/\/www.argonandco.com\/de\/#website","url":"https:\/\/www.argonandco.com\/de\/","name":"Argon &amp; Co","description":"We help clients achieve their strategic and operational objectives, working together to transform their businesses and generate real change.","potentialAction":[{"@type":"SearchAction","target":{"@type":"EntryPoint","urlTemplate":"https:\/\/www.argonandco.com\/de\/?s={search_term_string}"},"query-input":{"@type":"PropertyValueSpecification","valueRequired":true,"valueName":"search_term_string"}}],"inLanguage":"de"}]}},"_links":{"self":[{"href":"https:\/\/www.argonandco.com\/de\/wp-json\/wp\/v2\/pages\/30320","targetHints":{"allow":["GET"]}}],"collection":[{"href":"https:\/\/www.argonandco.com\/de\/wp-json\/wp\/v2\/pages"}],"about":[{"href":"https:\/\/www.argonandco.com\/de\/wp-json\/wp\/v2\/types\/page"}],"author":[{"embeddable":true,"href":"https:\/\/www.argonandco.com\/de\/wp-json\/wp\/v2\/users\/1"}],"replies":[{"embeddable":true,"href":"https:\/\/www.argonandco.com\/de\/wp-json\/wp\/v2\/comments?post=30320"}],"version-history":[{"count":0,"href":"https:\/\/www.argonandco.com\/de\/wp-json\/wp\/v2\/pages\/30320\/revisions"}],"up":[{"embeddable":true,"href":"https:\/\/www.argonandco.com\/de\/wp-json\/wp\/v2\/pages\/30392"}],"wp:attachment":[{"href":"https:\/\/www.argonandco.com\/de\/wp-json\/wp\/v2\/media?parent=30320"}],"curies":[{"name":"wp","href":"https:\/\/api.w.org\/{rel}","templated":true}]}}