{"id":30317,"date":"2019-09-11T15:11:23","date_gmt":"2019-09-11T14:11:23","guid":{"rendered":"https:\/\/www.argonandco.com\/fleet-maintenance\/"},"modified":"2025-07-24T13:29:25","modified_gmt":"2025-07-24T12:29:25","slug":"fleet-maintenance","status":"publish","type":"page","link":"https:\/\/www.argonandco.com\/de\/leistungen\/service-excellence\/fleet-maintenance\/","title":{"rendered":"Flottenwartung"},"content":{"rendered":"<h2><b>Einf\u00fchrung und Herausforderungen<\/b><\/h2>\n<p><span class=\"intro\" style=\"font-weight: 400;\">Die Wartung einer Fahrzeugflotte oder mobiler Ger\u00e4te ist mit einer besonderen Dynamik verbunden. Es muss ein st\u00e4ndiger Konflikt zwischen der Maximierung der Anlagenauslastung und der Minimierung von Ausfallzeiten aufgrund von vorbeugenden und reaktiven Wartungsma\u00dfnahmen bew\u00e4ltigt werden.<\/span><\/p>\n<p>Um die CAPEX- und OPEX-Anforderungen zu minimieren, ist es unerl\u00e4sslich, die Flotte genau zu dimensionieren, damit gerade genug \u00dcberkapazit\u00e4ten vorhanden sind, um Ausfallzeiten f\u00fcr Wartungsarbeiten aufzufangen. Dieses Prinzip der Wartungsplanung wird als \u201eMaintenance in Operation Condition\u201c (MOC) bezeichnet.<\/p>\n<p>MOC-Strategien sind komplex und erfordern eine sorgf\u00e4ltige Modellierung, um die Zeit zu optimieren, in der die Anlagen f\u00fcr vorbeugende und reaktive Wartungsarbeiten zur Verf\u00fcgung stehen. Eine MOC-Strategie muss au\u00dferdem flexibel genug sein, um sich an unvorhergesehene Umst\u00e4nde anzupassen, die die geplanten Wartungstermine ver\u00e4ndern k\u00f6nnen.<\/p>\n<p>Die Aufrechterhaltung des Gleichgewichts zwischen Anlagenauslastung und Wartung mithilfe von MOC ist ein wichtiger Hebel, um sowohl die langfristige Rentabilit\u00e4t als auch ein stabiles Serviceniveau zu gew\u00e4hrleisten.<\/p>\n<h2><b>Wie wir helfen k\u00f6nnen<\/b><\/h2>\n<p>Wir verf\u00fcgen \u00fcber umfangreiche Erfahrung und Fachkenntnisse im Flottenmanagement, von der Diagnose bis zur Umsetzung, darunter:<\/p>\n<ul>\n<li>Identifizierung von Leistungsproblemen und Entwicklung taktischer Aktionspl\u00e4ne f\u00fcr schnelle Verbesserungen<\/li>\n<li>Entwicklung der F\u00e4higkeiten der Mitarbeiter, um sicherzustellen, dass das Betriebspersonal in der Lage ist, die identifizierten \u00c4nderungen umzusetzen<\/li>\n<li>Verst\u00e4ndnis der Planungs- und Terminierungsprozesse \u00fcber verschiedene Zeitr\u00e4ume hinweg<\/li>\n<li>Umsetzung von Initiativen zur Lieferantenentwicklung<\/li>\n<li>Verbesserung des Ersatzteilmanagements und der Wartungsabl\u00e4ufe, einschlie\u00dflich Reparaturprozessen und der Auswahl geeigneter Werkzeuge und Technologien zur Unterst\u00fctzung eines effizienten Betriebs<\/li>\n<\/ul>\n<p>Strategische Planung der Standortwahl f\u00fcr Anlagen und der unterst\u00fctzenden Logistiksysteme, einschlie\u00dflich der Anzahl der erforderlichen Wartungsstandorte und der damit verbundenen Lagerbest\u00e4nde.<\/p>\n","protected":false},"excerpt":{"rendered":"<p>Einf\u00fchrung und Herausforderungen Die Wartung einer Fahrzeugflotte oder mobiler Ger\u00e4te ist mit einer besonderen Dynamik verbunden. Es muss ein st\u00e4ndiger Konflikt zwischen der Maximierung der Anlagenauslastung und der Minimierung von Ausfallzeiten aufgrund von vorbeugenden und reaktiven Wartungsma\u00dfnahmen bew\u00e4ltigt werden. Um die CAPEX- und OPEX-Anforderungen zu minimieren, ist es unerl\u00e4sslich, die Flotte genau zu dimensionieren, damit [&hellip;]<\/p>\n","protected":false},"author":1,"featured_media":0,"parent":30392,"menu_order":7,"comment_status":"closed","ping_status":"closed","template":"","meta":{"_acf_changed":false,"footnotes":""},"class_list":["post-30317","page","type-page","status-publish","hentry"],"acf":[],"yoast_head":"<!-- This site is optimized with the Yoast SEO plugin v27.4 - https:\/\/yoast.com\/product\/yoast-seo-wordpress\/ -->\n<title>Flottenwartung - Argon &amp; Co<\/title>\n<meta name=\"robots\" content=\"index, follow, max-snippet:-1, max-image-preview:large, max-video-preview:-1\" \/>\n<link rel=\"canonical\" href=\"https:\/\/www.argonandco.com\/de\/leistungen\/service-excellence\/fleet-maintenance\/\" \/>\n<meta property=\"og:locale\" content=\"de_DE\" \/>\n<meta property=\"og:type\" content=\"article\" \/>\n<meta property=\"og:title\" content=\"Flottenwartung - Argon &amp; Co\" \/>\n<meta property=\"og:description\" content=\"Einf\u00fchrung und Herausforderungen Die Wartung einer Fahrzeugflotte oder mobiler Ger\u00e4te ist mit einer besonderen Dynamik verbunden. Es muss ein st\u00e4ndiger Konflikt zwischen der Maximierung der Anlagenauslastung und der Minimierung von Ausfallzeiten aufgrund von vorbeugenden und reaktiven Wartungsma\u00dfnahmen bew\u00e4ltigt werden. Um die CAPEX- und OPEX-Anforderungen zu minimieren, ist es unerl\u00e4sslich, die Flotte genau zu dimensionieren, damit [&hellip;]\" \/>\n<meta property=\"og:url\" content=\"https:\/\/www.argonandco.com\/de\/leistungen\/service-excellence\/fleet-maintenance\/\" \/>\n<meta property=\"og:site_name\" content=\"Argon &amp; Co\" \/>\n<meta property=\"article:modified_time\" content=\"2025-07-24T12:29:25+00:00\" \/>\n<meta name=\"twitter:card\" content=\"summary_large_image\" \/>\n<meta name=\"twitter:label1\" content=\"Gesch\u00e4tzte Lesezeit\" \/>\n\t<meta name=\"twitter:data1\" content=\"1 Minute\" \/>\n<script type=\"application\/ld+json\" class=\"yoast-schema-graph\">{\"@context\":\"https:\\\/\\\/schema.org\",\"@graph\":[{\"@type\":\"WebPage\",\"@id\":\"https:\\\/\\\/www.argonandco.com\\\/de\\\/leistungen\\\/service-excellence\\\/fleet-maintenance\\\/\",\"url\":\"https:\\\/\\\/www.argonandco.com\\\/de\\\/leistungen\\\/service-excellence\\\/fleet-maintenance\\\/\",\"name\":\"Flottenwartung - Argon &amp; Co\",\"isPartOf\":{\"@id\":\"https:\\\/\\\/www.argonandco.com\\\/de\\\/#website\"},\"datePublished\":\"2019-09-11T14:11:23+00:00\",\"dateModified\":\"2025-07-24T12:29:25+00:00\",\"breadcrumb\":{\"@id\":\"https:\\\/\\\/www.argonandco.com\\\/de\\\/leistungen\\\/service-excellence\\\/fleet-maintenance\\\/#breadcrumb\"},\"inLanguage\":\"de\",\"potentialAction\":[{\"@type\":\"ReadAction\",\"target\":[\"https:\\\/\\\/www.argonandco.com\\\/de\\\/leistungen\\\/service-excellence\\\/fleet-maintenance\\\/\"]}]},{\"@type\":\"BreadcrumbList\",\"@id\":\"https:\\\/\\\/www.argonandco.com\\\/de\\\/leistungen\\\/service-excellence\\\/fleet-maintenance\\\/#breadcrumb\",\"itemListElement\":[{\"@type\":\"ListItem\",\"position\":1,\"name\":\"Home\",\"item\":\"https:\\\/\\\/www.argonandco.com\\\/de\\\/\"},{\"@type\":\"ListItem\",\"position\":2,\"name\":\"Leistungen\",\"item\":\"https:\\\/\\\/www.argonandco.com\\\/de\\\/leistungen\\\/\"},{\"@type\":\"ListItem\",\"position\":3,\"name\":\"Service Excellence\",\"item\":\"https:\\\/\\\/www.argonandco.com\\\/de\\\/leistungen\\\/service-excellence\\\/\"},{\"@type\":\"ListItem\",\"position\":4,\"name\":\"Flottenwartung\"}]},{\"@type\":\"WebSite\",\"@id\":\"https:\\\/\\\/www.argonandco.com\\\/de\\\/#website\",\"url\":\"https:\\\/\\\/www.argonandco.com\\\/de\\\/\",\"name\":\"Argon &amp; Co\",\"description\":\"We help clients achieve their strategic and operational objectives, working together to transform their businesses and generate real change.\",\"potentialAction\":[{\"@type\":\"SearchAction\",\"target\":{\"@type\":\"EntryPoint\",\"urlTemplate\":\"https:\\\/\\\/www.argonandco.com\\\/de\\\/?s={search_term_string}\"},\"query-input\":{\"@type\":\"PropertyValueSpecification\",\"valueRequired\":true,\"valueName\":\"search_term_string\"}}],\"inLanguage\":\"de\"}]}<\/script>\n<!-- \/ Yoast SEO plugin. -->","yoast_head_json":{"title":"Flottenwartung - Argon &amp; Co","robots":{"index":"index","follow":"follow","max-snippet":"max-snippet:-1","max-image-preview":"max-image-preview:large","max-video-preview":"max-video-preview:-1"},"canonical":"https:\/\/www.argonandco.com\/de\/leistungen\/service-excellence\/fleet-maintenance\/","og_locale":"de_DE","og_type":"article","og_title":"Flottenwartung - Argon &amp; Co","og_description":"Einf\u00fchrung und Herausforderungen Die Wartung einer Fahrzeugflotte oder mobiler Ger\u00e4te ist mit einer besonderen Dynamik verbunden. Es muss ein st\u00e4ndiger Konflikt zwischen der Maximierung der Anlagenauslastung und der Minimierung von Ausfallzeiten aufgrund von vorbeugenden und reaktiven Wartungsma\u00dfnahmen bew\u00e4ltigt werden. Um die CAPEX- und OPEX-Anforderungen zu minimieren, ist es unerl\u00e4sslich, die Flotte genau zu dimensionieren, damit [&hellip;]","og_url":"https:\/\/www.argonandco.com\/de\/leistungen\/service-excellence\/fleet-maintenance\/","og_site_name":"Argon &amp; Co","article_modified_time":"2025-07-24T12:29:25+00:00","twitter_card":"summary_large_image","twitter_misc":{"Gesch\u00e4tzte Lesezeit":"1 Minute"},"schema":{"@context":"https:\/\/schema.org","@graph":[{"@type":"WebPage","@id":"https:\/\/www.argonandco.com\/de\/leistungen\/service-excellence\/fleet-maintenance\/","url":"https:\/\/www.argonandco.com\/de\/leistungen\/service-excellence\/fleet-maintenance\/","name":"Flottenwartung - Argon &amp; Co","isPartOf":{"@id":"https:\/\/www.argonandco.com\/de\/#website"},"datePublished":"2019-09-11T14:11:23+00:00","dateModified":"2025-07-24T12:29:25+00:00","breadcrumb":{"@id":"https:\/\/www.argonandco.com\/de\/leistungen\/service-excellence\/fleet-maintenance\/#breadcrumb"},"inLanguage":"de","potentialAction":[{"@type":"ReadAction","target":["https:\/\/www.argonandco.com\/de\/leistungen\/service-excellence\/fleet-maintenance\/"]}]},{"@type":"BreadcrumbList","@id":"https:\/\/www.argonandco.com\/de\/leistungen\/service-excellence\/fleet-maintenance\/#breadcrumb","itemListElement":[{"@type":"ListItem","position":1,"name":"Home","item":"https:\/\/www.argonandco.com\/de\/"},{"@type":"ListItem","position":2,"name":"Leistungen","item":"https:\/\/www.argonandco.com\/de\/leistungen\/"},{"@type":"ListItem","position":3,"name":"Service Excellence","item":"https:\/\/www.argonandco.com\/de\/leistungen\/service-excellence\/"},{"@type":"ListItem","position":4,"name":"Flottenwartung"}]},{"@type":"WebSite","@id":"https:\/\/www.argonandco.com\/de\/#website","url":"https:\/\/www.argonandco.com\/de\/","name":"Argon &amp; Co","description":"We help clients achieve their strategic and operational objectives, working together to transform their businesses and generate real change.","potentialAction":[{"@type":"SearchAction","target":{"@type":"EntryPoint","urlTemplate":"https:\/\/www.argonandco.com\/de\/?s={search_term_string}"},"query-input":{"@type":"PropertyValueSpecification","valueRequired":true,"valueName":"search_term_string"}}],"inLanguage":"de"}]}},"_links":{"self":[{"href":"https:\/\/www.argonandco.com\/de\/wp-json\/wp\/v2\/pages\/30317","targetHints":{"allow":["GET"]}}],"collection":[{"href":"https:\/\/www.argonandco.com\/de\/wp-json\/wp\/v2\/pages"}],"about":[{"href":"https:\/\/www.argonandco.com\/de\/wp-json\/wp\/v2\/types\/page"}],"author":[{"embeddable":true,"href":"https:\/\/www.argonandco.com\/de\/wp-json\/wp\/v2\/users\/1"}],"replies":[{"embeddable":true,"href":"https:\/\/www.argonandco.com\/de\/wp-json\/wp\/v2\/comments?post=30317"}],"version-history":[{"count":0,"href":"https:\/\/www.argonandco.com\/de\/wp-json\/wp\/v2\/pages\/30317\/revisions"}],"up":[{"embeddable":true,"href":"https:\/\/www.argonandco.com\/de\/wp-json\/wp\/v2\/pages\/30392"}],"wp:attachment":[{"href":"https:\/\/www.argonandco.com\/de\/wp-json\/wp\/v2\/media?parent=30317"}],"curies":[{"name":"wp","href":"https:\/\/api.w.org\/{rel}","templated":true}]}}