{"id":30316,"date":"2019-09-11T15:11:23","date_gmt":"2019-09-11T14:11:23","guid":{"rendered":"https:\/\/www.argonandco.com\/predictive-maintenance\/"},"modified":"2025-11-17T13:42:51","modified_gmt":"2025-11-17T13:42:51","slug":"vorausschauende-wartung","status":"publish","type":"page","link":"https:\/\/www.argonandco.com\/de\/leistungen\/service-excellence\/vorausschauende-wartung\/","title":{"rendered":"Vorausschauende Wartung"},"content":{"rendered":"<h2><b>Einf\u00fchrung und Herausforderungen<\/b><\/h2>\n<p><span class=\"intro\">Wartungsarbeiten stehen aufgrund der zunehmenden Verbreitung und Zug\u00e4nglichkeit bahnbrechender Technologien wie dem Internet der Dinge und maschinellem Lernen vor einem Paradigmenwechsel. Diese Entwicklungen werden unsere F\u00e4higkeit, Ver\u00e4nderungen in der Betriebsleistung von Maschinen vorherzusagen, erheblich verbessern.<\/span><\/p>\n<p>Die Kommerzialisierung von Sensoren, die alle Arten von Daten aufzeichnen k\u00f6nnen, in Verbindung mit der Leistungsf\u00e4higkeit der Datenanalyse bietet Wartungsteams beeindruckende Werkzeuge, mit denen sie Entscheidungen treffen und Wartungsaktivit\u00e4ten optimieren k\u00f6nnen.<\/p>\n<p>Die vielleicht spannendste Entwicklung ist das neue Konzept der vorausschauenden Wartung, das aus der Verbindung von vorbeugender Wartung und korrektiver Wartung entstanden ist und sich auf Reparaturen zur Verl\u00e4ngerung der Lebensdauer von Anlagen konzentriert.<\/p>\n<p>Damit neue Innovationen erfolgreich umgesetzt werden k\u00f6nnen, m\u00fcssen die Grundlagen vorhanden sein \u2013 dies ist vielleicht die gr\u00f6\u00dfte Herausforderung f\u00fcr eine effektive vorausschauende Wartung. Die Erfassung der richtigen Daten, das Verst\u00e4ndnis der Betriebsmodi und die Optimierung der Ausfallpr\u00e4vention sind entscheidend f\u00fcr die Schaffung einer leistungsstarken vorausschauenden L\u00f6sung.<\/p>\n<p>Das rasante Wachstum der Netzwerkbandbreite und -abdeckung in Verbindung mit dematerialisierten Supports, Augmented-Reality-Tools und digitalen Zwillingen erm\u00f6glicht die Erneuerung traditioneller Wartungsprozesse hin zu einer effizienteren und ferngesteuerten Wartung.<\/p>\n<p>Die Implementierung dieser L\u00f6sungen ist komplex; die Anforderungen m\u00fcssen sorgf\u00e4ltig definiert und die Voraussetzungen verstanden werden. Daher ben\u00f6tigen Unternehmen die richtigen Partner, um ihre operativen Teams technisch unterst\u00fctzen zu k\u00f6nnen.<\/p>\n<h2><b>Wie wir helfen k\u00f6nnen\u00a0<\/b><\/h2>\n<p>Wir unterst\u00fctzen unsere Kunden in allen Aspekten von Projekten zur vorausschauenden Wartung, darunter:<\/p>\n<ul>\n<li>Die Diagnosephase, in der der Business Case und der Reifegrad der Organisation ermittelt und die Voraussetzungen definiert werden<\/li>\n<li>Die Implementierungsphase, die die Auswahl der L\u00f6sung, die Pilotierung und die Einf\u00fchrung umfasst<\/li>\n<\/ul>\n<p>Dazu setzen wir auf fundiertes Fachwissen und umfassende Kenntnisse des technologischen \u00d6kosystems.<\/p>\n","protected":false},"excerpt":{"rendered":"<p>Einf\u00fchrung und Herausforderungen Wartungsarbeiten stehen aufgrund der zunehmenden Verbreitung und Zug\u00e4nglichkeit bahnbrechender Technologien wie dem Internet der Dinge und maschinellem Lernen vor einem Paradigmenwechsel. Diese Entwicklungen werden unsere F\u00e4higkeit, Ver\u00e4nderungen in der Betriebsleistung von Maschinen vorherzusagen, erheblich verbessern. Die Kommerzialisierung von Sensoren, die alle Arten von Daten aufzeichnen k\u00f6nnen, in Verbindung mit der Leistungsf\u00e4higkeit der [&hellip;]<\/p>\n","protected":false},"author":1,"featured_media":0,"parent":30392,"menu_order":8,"comment_status":"closed","ping_status":"closed","template":"","meta":{"_acf_changed":false,"footnotes":""},"class_list":["post-30316","page","type-page","status-publish","hentry"],"acf":[],"yoast_head":"<!-- This site is optimized with the Yoast SEO plugin v27.4 - https:\/\/yoast.com\/product\/yoast-seo-wordpress\/ -->\n<title>Vorausschauende Wartung - Argon &amp; Co<\/title>\n<meta name=\"robots\" content=\"index, follow, max-snippet:-1, max-image-preview:large, max-video-preview:-1\" \/>\n<link rel=\"canonical\" href=\"https:\/\/www.argonandco.com\/de\/leistungen\/service-excellence\/vorausschauende-wartung\/\" \/>\n<meta property=\"og:locale\" content=\"de_DE\" \/>\n<meta property=\"og:type\" content=\"article\" \/>\n<meta property=\"og:title\" content=\"Vorausschauende Wartung - Argon &amp; Co\" \/>\n<meta property=\"og:description\" content=\"Einf\u00fchrung und Herausforderungen Wartungsarbeiten stehen aufgrund der zunehmenden Verbreitung und Zug\u00e4nglichkeit bahnbrechender Technologien wie dem Internet der Dinge und maschinellem Lernen vor einem Paradigmenwechsel. Diese Entwicklungen werden unsere F\u00e4higkeit, Ver\u00e4nderungen in der Betriebsleistung von Maschinen vorherzusagen, erheblich verbessern. Die Kommerzialisierung von Sensoren, die alle Arten von Daten aufzeichnen k\u00f6nnen, in Verbindung mit der Leistungsf\u00e4higkeit der [&hellip;]\" \/>\n<meta property=\"og:url\" content=\"https:\/\/www.argonandco.com\/de\/leistungen\/service-excellence\/vorausschauende-wartung\/\" \/>\n<meta property=\"og:site_name\" content=\"Argon &amp; Co\" \/>\n<meta property=\"article:modified_time\" content=\"2025-11-17T13:42:51+00:00\" \/>\n<meta name=\"twitter:card\" content=\"summary_large_image\" \/>\n<meta name=\"twitter:label1\" content=\"Gesch\u00e4tzte Lesezeit\" \/>\n\t<meta name=\"twitter:data1\" content=\"2 Minuten\" \/>\n<script type=\"application\/ld+json\" class=\"yoast-schema-graph\">{\"@context\":\"https:\\\/\\\/schema.org\",\"@graph\":[{\"@type\":\"WebPage\",\"@id\":\"https:\\\/\\\/www.argonandco.com\\\/de\\\/leistungen\\\/service-excellence\\\/vorausschauende-wartung\\\/\",\"url\":\"https:\\\/\\\/www.argonandco.com\\\/de\\\/leistungen\\\/service-excellence\\\/vorausschauende-wartung\\\/\",\"name\":\"Vorausschauende Wartung - Argon &amp; Co\",\"isPartOf\":{\"@id\":\"https:\\\/\\\/www.argonandco.com\\\/de\\\/#website\"},\"datePublished\":\"2019-09-11T14:11:23+00:00\",\"dateModified\":\"2025-11-17T13:42:51+00:00\",\"breadcrumb\":{\"@id\":\"https:\\\/\\\/www.argonandco.com\\\/de\\\/leistungen\\\/service-excellence\\\/vorausschauende-wartung\\\/#breadcrumb\"},\"inLanguage\":\"de\",\"potentialAction\":[{\"@type\":\"ReadAction\",\"target\":[\"https:\\\/\\\/www.argonandco.com\\\/de\\\/leistungen\\\/service-excellence\\\/vorausschauende-wartung\\\/\"]}]},{\"@type\":\"BreadcrumbList\",\"@id\":\"https:\\\/\\\/www.argonandco.com\\\/de\\\/leistungen\\\/service-excellence\\\/vorausschauende-wartung\\\/#breadcrumb\",\"itemListElement\":[{\"@type\":\"ListItem\",\"position\":1,\"name\":\"Home\",\"item\":\"https:\\\/\\\/www.argonandco.com\\\/de\\\/\"},{\"@type\":\"ListItem\",\"position\":2,\"name\":\"Leistungen\",\"item\":\"https:\\\/\\\/www.argonandco.com\\\/de\\\/leistungen\\\/\"},{\"@type\":\"ListItem\",\"position\":3,\"name\":\"Service Excellence\",\"item\":\"https:\\\/\\\/www.argonandco.com\\\/de\\\/leistungen\\\/service-excellence\\\/\"},{\"@type\":\"ListItem\",\"position\":4,\"name\":\"Vorausschauende Wartung\"}]},{\"@type\":\"WebSite\",\"@id\":\"https:\\\/\\\/www.argonandco.com\\\/de\\\/#website\",\"url\":\"https:\\\/\\\/www.argonandco.com\\\/de\\\/\",\"name\":\"Argon &amp; Co\",\"description\":\"We help clients achieve their strategic and operational objectives, working together to transform their businesses and generate real change.\",\"potentialAction\":[{\"@type\":\"SearchAction\",\"target\":{\"@type\":\"EntryPoint\",\"urlTemplate\":\"https:\\\/\\\/www.argonandco.com\\\/de\\\/?s={search_term_string}\"},\"query-input\":{\"@type\":\"PropertyValueSpecification\",\"valueRequired\":true,\"valueName\":\"search_term_string\"}}],\"inLanguage\":\"de\"}]}<\/script>\n<!-- \/ Yoast SEO plugin. -->","yoast_head_json":{"title":"Vorausschauende Wartung - Argon &amp; Co","robots":{"index":"index","follow":"follow","max-snippet":"max-snippet:-1","max-image-preview":"max-image-preview:large","max-video-preview":"max-video-preview:-1"},"canonical":"https:\/\/www.argonandco.com\/de\/leistungen\/service-excellence\/vorausschauende-wartung\/","og_locale":"de_DE","og_type":"article","og_title":"Vorausschauende Wartung - Argon &amp; Co","og_description":"Einf\u00fchrung und Herausforderungen Wartungsarbeiten stehen aufgrund der zunehmenden Verbreitung und Zug\u00e4nglichkeit bahnbrechender Technologien wie dem Internet der Dinge und maschinellem Lernen vor einem Paradigmenwechsel. Diese Entwicklungen werden unsere F\u00e4higkeit, Ver\u00e4nderungen in der Betriebsleistung von Maschinen vorherzusagen, erheblich verbessern. Die Kommerzialisierung von Sensoren, die alle Arten von Daten aufzeichnen k\u00f6nnen, in Verbindung mit der Leistungsf\u00e4higkeit der [&hellip;]","og_url":"https:\/\/www.argonandco.com\/de\/leistungen\/service-excellence\/vorausschauende-wartung\/","og_site_name":"Argon &amp; Co","article_modified_time":"2025-11-17T13:42:51+00:00","twitter_card":"summary_large_image","twitter_misc":{"Gesch\u00e4tzte Lesezeit":"2 Minuten"},"schema":{"@context":"https:\/\/schema.org","@graph":[{"@type":"WebPage","@id":"https:\/\/www.argonandco.com\/de\/leistungen\/service-excellence\/vorausschauende-wartung\/","url":"https:\/\/www.argonandco.com\/de\/leistungen\/service-excellence\/vorausschauende-wartung\/","name":"Vorausschauende Wartung - Argon &amp; Co","isPartOf":{"@id":"https:\/\/www.argonandco.com\/de\/#website"},"datePublished":"2019-09-11T14:11:23+00:00","dateModified":"2025-11-17T13:42:51+00:00","breadcrumb":{"@id":"https:\/\/www.argonandco.com\/de\/leistungen\/service-excellence\/vorausschauende-wartung\/#breadcrumb"},"inLanguage":"de","potentialAction":[{"@type":"ReadAction","target":["https:\/\/www.argonandco.com\/de\/leistungen\/service-excellence\/vorausschauende-wartung\/"]}]},{"@type":"BreadcrumbList","@id":"https:\/\/www.argonandco.com\/de\/leistungen\/service-excellence\/vorausschauende-wartung\/#breadcrumb","itemListElement":[{"@type":"ListItem","position":1,"name":"Home","item":"https:\/\/www.argonandco.com\/de\/"},{"@type":"ListItem","position":2,"name":"Leistungen","item":"https:\/\/www.argonandco.com\/de\/leistungen\/"},{"@type":"ListItem","position":3,"name":"Service Excellence","item":"https:\/\/www.argonandco.com\/de\/leistungen\/service-excellence\/"},{"@type":"ListItem","position":4,"name":"Vorausschauende Wartung"}]},{"@type":"WebSite","@id":"https:\/\/www.argonandco.com\/de\/#website","url":"https:\/\/www.argonandco.com\/de\/","name":"Argon &amp; Co","description":"We help clients achieve their strategic and operational objectives, working together to transform their businesses and generate real change.","potentialAction":[{"@type":"SearchAction","target":{"@type":"EntryPoint","urlTemplate":"https:\/\/www.argonandco.com\/de\/?s={search_term_string}"},"query-input":{"@type":"PropertyValueSpecification","valueRequired":true,"valueName":"search_term_string"}}],"inLanguage":"de"}]}},"_links":{"self":[{"href":"https:\/\/www.argonandco.com\/de\/wp-json\/wp\/v2\/pages\/30316","targetHints":{"allow":["GET"]}}],"collection":[{"href":"https:\/\/www.argonandco.com\/de\/wp-json\/wp\/v2\/pages"}],"about":[{"href":"https:\/\/www.argonandco.com\/de\/wp-json\/wp\/v2\/types\/page"}],"author":[{"embeddable":true,"href":"https:\/\/www.argonandco.com\/de\/wp-json\/wp\/v2\/users\/1"}],"replies":[{"embeddable":true,"href":"https:\/\/www.argonandco.com\/de\/wp-json\/wp\/v2\/comments?post=30316"}],"version-history":[{"count":0,"href":"https:\/\/www.argonandco.com\/de\/wp-json\/wp\/v2\/pages\/30316\/revisions"}],"up":[{"embeddable":true,"href":"https:\/\/www.argonandco.com\/de\/wp-json\/wp\/v2\/pages\/30392"}],"wp:attachment":[{"href":"https:\/\/www.argonandco.com\/de\/wp-json\/wp\/v2\/media?parent=30316"}],"curies":[{"name":"wp","href":"https:\/\/api.w.org\/{rel}","templated":true}]}}