{"id":30315,"date":"2019-09-11T15:12:23","date_gmt":"2019-09-11T14:12:49","guid":{"rendered":"https:\/\/www.argonandco.com\/channel-strategy\/"},"modified":"2025-11-20T11:45:16","modified_gmt":"2025-11-20T11:45:16","slug":"channel-strategie","status":"publish","type":"page","link":"https:\/\/www.argonandco.com\/de\/leistungen\/sales-excellence\/channel-strategie\/","title":{"rendered":"Channel Strategie"},"content":{"rendered":"<h2><b>Einf\u00fchrung und Herausforderungen<\/b><\/h2>\n<p>In einer zunehmend vernetzten Welt verschwinden die Grenzen zwischen physischem Einzelhandel (Gesch\u00e4fte, Kataloge) und digitalem Einzelhandel (E-Commerce) und es entstehen neue Kan\u00e4le wie Social Commerce oder vernetzte Produkte. Wir sprechen heute von Phygital Commerce oder Unified Commerce, was die Verschmelzung dieser Kan\u00e4le unter einem einzigen Begriff widerspiegelt: das Kundenerlebnis.<\/p>\n<p>Angesichts dieser Entwicklungen m\u00fcssen Unternehmen ihre Vertriebsstrategie neu definieren, d. h. das globale Kundenerlebnis neu gestalten, indem sie eine durchg\u00e4ngige Konsistenz \u00fcber alle Kan\u00e4le hinweg gew\u00e4hrleisten, unabh\u00e4ngig von der Position im Kaufzyklus (Recherche, Kauf, Nachkauf, Kundendienst usw.). Au\u00dferdem muss die Konsistenz zwischen allen Prozessen, die zu diesem Erlebnis beitragen, sichergestellt werden: Sortimentsmanagement, Preisgestaltung, Bestellung bis zur Bezahlung, Bestellung bis zur Lieferung und Kundendienst.<\/p>\n<p>Es geht darum, einen durchg\u00e4ngigen Ansatz f\u00fcr die Ausf\u00fchrungskette zu verfolgen, vom Lieferanten \u00fcber die Logistik, den Point of Sale und den Transport bis hin zum Endkunden, wobei Synergien und die gemeinsame Nutzung von Ressourcen maximiert werden.<\/p>\n<p><span style=\"font-weight: 400;\">Schlie\u00dflich geht es darum, eine IT-Architektur aufzubauen, die an die Multikanalstrategie angepasst ist und \u00fcber synchronisierte L\u00f6sungen verf\u00fcgt, die miteinander und mit der angestrebten Kundenerfahrung im Einklang stehen (Vertriebsinstrumente, Kundenl\u00f6sungen, Kundendienstinstrumente usw.). <\/span><\/p>\n<p>Der Ansatz muss so konzipiert sein, dass sich die Kundenerfahrung (sowie die Prozesse und Systeme) auf agile Weise weiterentwickeln kann, um neuen, noch nicht identifizierten Kan\u00e4len gerecht zu werden.<\/p>\n<h2><b>Wie wir helfen k\u00f6nnen<\/b><\/h2>\n<p>Wir unterst\u00fctzen Unternehmen bei der Definition ihrer Strategie f\u00fcr die verschiedenen Vertriebskan\u00e4le und bei allen Aspekten der Umsetzung, einschlie\u00dflich Organisation und neuen Funktionen, Gesch\u00e4ftsprozessen, Filialbetrieb, Logistikorganisationen und IT-Systemen:<\/p>\n<ul>\n<li>Festlegung der Vertriebsstrategie, Formulierung der erforderlichen \u00c4nderungen, Definition eines Transformationsplans<\/li>\n<li>Definition von \u00c4nderungen der Gesch\u00e4ftsmodelle und des damit verbundenen Kundenversprechens (Angebot, Preise, angebotene Dienstleistungen und damit verbundene Kosten)<\/li>\n<li>Modellierung und Unterst\u00fctzung bei der Auswahl des optimalen Szenarios (Kundenerfahrung, Kosten f\u00fcr neue Dienstleistungen, Lagerbest\u00e4nde, Logistikressourcen und -kosten, Transportkosten zwischen Filiale und Zuhause sowie Filialbetrieb). Unser Ansatz kombiniert die kommerziellen und operativen Aspekte, um die besten Kompromisse in Bezug auf \u201eAngebot\/Kundenservice\u201c und \u201eProzess-\/Betriebskosten und Investitionen\u201c zu erzielen<\/li>\n<li>Unterst\u00fctzung bei der Definition funktionaler und anwendungsbezogener IT-Architekturen, um Silos zwischen den Kan\u00e4len aufzubrechen (Auftragsmanagementsystem, \u00fcbergreifende R\u00fcckverfolgbarkeitsdatenbank usw.)<\/li>\n<\/ul>\n<div id=\"gtx-trans\" style=\"position: absolute; left: 295px; top: 652.375px;\">\n<div class=\"gtx-trans-icon\"><\/div>\n<\/div>\n","protected":false},"excerpt":{"rendered":"<p>Einf\u00fchrung und Herausforderungen In einer zunehmend vernetzten Welt verschwinden die Grenzen zwischen physischem Einzelhandel (Gesch\u00e4fte, Kataloge) und digitalem Einzelhandel (E-Commerce) und es entstehen neue Kan\u00e4le wie Social Commerce oder vernetzte Produkte. Wir sprechen heute von Phygital Commerce oder Unified Commerce, was die Verschmelzung dieser Kan\u00e4le unter einem einzigen Begriff widerspiegelt: das Kundenerlebnis. Angesichts dieser Entwicklungen [&hellip;]<\/p>\n","protected":false},"author":1,"featured_media":0,"parent":30407,"menu_order":0,"comment_status":"closed","ping_status":"closed","template":"","meta":{"_acf_changed":false,"footnotes":""},"class_list":["post-30315","page","type-page","status-publish","hentry"],"acf":[],"yoast_head":"<!-- This site is optimized with the Yoast SEO plugin v27.4 - https:\/\/yoast.com\/product\/yoast-seo-wordpress\/ -->\n<title>Channel Strategie | Argon &amp; Co<\/title>\n<meta name=\"description\" content=\"Argon &amp; Co helps companies define their marketing strategy for the various distribution channels and on all aspects of their implementation. Learn more.\" \/>\n<meta name=\"robots\" content=\"index, follow, max-snippet:-1, max-image-preview:large, max-video-preview:-1\" \/>\n<link rel=\"canonical\" href=\"https:\/\/www.argonandco.com\/de\/leistungen\/sales-excellence\/channel-strategie\/\" \/>\n<meta property=\"og:locale\" content=\"de_DE\" \/>\n<meta property=\"og:type\" content=\"article\" \/>\n<meta property=\"og:title\" content=\"Channel Strategie | Argon &amp; Co\" \/>\n<meta property=\"og:description\" content=\"Argon &amp; Co helps companies define their marketing strategy for the various distribution channels and on all aspects of their implementation. Learn more.\" \/>\n<meta property=\"og:url\" content=\"https:\/\/www.argonandco.com\/de\/leistungen\/sales-excellence\/channel-strategie\/\" \/>\n<meta property=\"og:site_name\" content=\"Argon &amp; Co\" \/>\n<meta property=\"article:modified_time\" content=\"2025-11-20T11:45:16+00:00\" \/>\n<meta name=\"twitter:card\" content=\"summary_large_image\" \/>\n<meta name=\"twitter:label1\" content=\"Gesch\u00e4tzte Lesezeit\" \/>\n\t<meta name=\"twitter:data1\" content=\"2 Minuten\" \/>\n<script type=\"application\/ld+json\" class=\"yoast-schema-graph\">{\"@context\":\"https:\\\/\\\/schema.org\",\"@graph\":[{\"@type\":\"WebPage\",\"@id\":\"https:\\\/\\\/www.argonandco.com\\\/de\\\/leistungen\\\/sales-excellence\\\/channel-strategie\\\/\",\"url\":\"https:\\\/\\\/www.argonandco.com\\\/de\\\/leistungen\\\/sales-excellence\\\/channel-strategie\\\/\",\"name\":\"Channel Strategie | Argon &amp; Co\",\"isPartOf\":{\"@id\":\"https:\\\/\\\/www.argonandco.com\\\/de\\\/#website\"},\"datePublished\":\"2019-09-11T14:12:49+00:00\",\"dateModified\":\"2025-11-20T11:45:16+00:00\",\"description\":\"Argon & Co helps companies define their marketing strategy for the various distribution channels and on all aspects of their implementation. Learn more.\",\"breadcrumb\":{\"@id\":\"https:\\\/\\\/www.argonandco.com\\\/de\\\/leistungen\\\/sales-excellence\\\/channel-strategie\\\/#breadcrumb\"},\"inLanguage\":\"de\",\"potentialAction\":[{\"@type\":\"ReadAction\",\"target\":[\"https:\\\/\\\/www.argonandco.com\\\/de\\\/leistungen\\\/sales-excellence\\\/channel-strategie\\\/\"]}]},{\"@type\":\"BreadcrumbList\",\"@id\":\"https:\\\/\\\/www.argonandco.com\\\/de\\\/leistungen\\\/sales-excellence\\\/channel-strategie\\\/#breadcrumb\",\"itemListElement\":[{\"@type\":\"ListItem\",\"position\":1,\"name\":\"Home\",\"item\":\"https:\\\/\\\/www.argonandco.com\\\/de\\\/\"},{\"@type\":\"ListItem\",\"position\":2,\"name\":\"Leistungen\",\"item\":\"https:\\\/\\\/www.argonandco.com\\\/de\\\/leistungen\\\/\"},{\"@type\":\"ListItem\",\"position\":3,\"name\":\"Sales Excellence\",\"item\":\"https:\\\/\\\/www.argonandco.com\\\/de\\\/leistungen\\\/sales-excellence\\\/\"},{\"@type\":\"ListItem\",\"position\":4,\"name\":\"Channel Strategie\"}]},{\"@type\":\"WebSite\",\"@id\":\"https:\\\/\\\/www.argonandco.com\\\/de\\\/#website\",\"url\":\"https:\\\/\\\/www.argonandco.com\\\/de\\\/\",\"name\":\"Argon &amp; Co\",\"description\":\"We help clients achieve their strategic and operational objectives, working together to transform their businesses and generate real change.\",\"potentialAction\":[{\"@type\":\"SearchAction\",\"target\":{\"@type\":\"EntryPoint\",\"urlTemplate\":\"https:\\\/\\\/www.argonandco.com\\\/de\\\/?s={search_term_string}\"},\"query-input\":{\"@type\":\"PropertyValueSpecification\",\"valueRequired\":true,\"valueName\":\"search_term_string\"}}],\"inLanguage\":\"de\"}]}<\/script>\n<!-- \/ Yoast SEO plugin. -->","yoast_head_json":{"title":"Channel Strategie | Argon &amp; Co","description":"Argon & Co helps companies define their marketing strategy for the various distribution channels and on all aspects of their implementation. Learn more.","robots":{"index":"index","follow":"follow","max-snippet":"max-snippet:-1","max-image-preview":"max-image-preview:large","max-video-preview":"max-video-preview:-1"},"canonical":"https:\/\/www.argonandco.com\/de\/leistungen\/sales-excellence\/channel-strategie\/","og_locale":"de_DE","og_type":"article","og_title":"Channel Strategie | Argon &amp; Co","og_description":"Argon & Co helps companies define their marketing strategy for the various distribution channels and on all aspects of their implementation. Learn more.","og_url":"https:\/\/www.argonandco.com\/de\/leistungen\/sales-excellence\/channel-strategie\/","og_site_name":"Argon &amp; Co","article_modified_time":"2025-11-20T11:45:16+00:00","twitter_card":"summary_large_image","twitter_misc":{"Gesch\u00e4tzte Lesezeit":"2 Minuten"},"schema":{"@context":"https:\/\/schema.org","@graph":[{"@type":"WebPage","@id":"https:\/\/www.argonandco.com\/de\/leistungen\/sales-excellence\/channel-strategie\/","url":"https:\/\/www.argonandco.com\/de\/leistungen\/sales-excellence\/channel-strategie\/","name":"Channel Strategie | Argon &amp; Co","isPartOf":{"@id":"https:\/\/www.argonandco.com\/de\/#website"},"datePublished":"2019-09-11T14:12:49+00:00","dateModified":"2025-11-20T11:45:16+00:00","description":"Argon & Co helps companies define their marketing strategy for the various distribution channels and on all aspects of their implementation. Learn more.","breadcrumb":{"@id":"https:\/\/www.argonandco.com\/de\/leistungen\/sales-excellence\/channel-strategie\/#breadcrumb"},"inLanguage":"de","potentialAction":[{"@type":"ReadAction","target":["https:\/\/www.argonandco.com\/de\/leistungen\/sales-excellence\/channel-strategie\/"]}]},{"@type":"BreadcrumbList","@id":"https:\/\/www.argonandco.com\/de\/leistungen\/sales-excellence\/channel-strategie\/#breadcrumb","itemListElement":[{"@type":"ListItem","position":1,"name":"Home","item":"https:\/\/www.argonandco.com\/de\/"},{"@type":"ListItem","position":2,"name":"Leistungen","item":"https:\/\/www.argonandco.com\/de\/leistungen\/"},{"@type":"ListItem","position":3,"name":"Sales Excellence","item":"https:\/\/www.argonandco.com\/de\/leistungen\/sales-excellence\/"},{"@type":"ListItem","position":4,"name":"Channel Strategie"}]},{"@type":"WebSite","@id":"https:\/\/www.argonandco.com\/de\/#website","url":"https:\/\/www.argonandco.com\/de\/","name":"Argon &amp; Co","description":"We help clients achieve their strategic and operational objectives, working together to transform their businesses and generate real change.","potentialAction":[{"@type":"SearchAction","target":{"@type":"EntryPoint","urlTemplate":"https:\/\/www.argonandco.com\/de\/?s={search_term_string}"},"query-input":{"@type":"PropertyValueSpecification","valueRequired":true,"valueName":"search_term_string"}}],"inLanguage":"de"}]}},"_links":{"self":[{"href":"https:\/\/www.argonandco.com\/de\/wp-json\/wp\/v2\/pages\/30315","targetHints":{"allow":["GET"]}}],"collection":[{"href":"https:\/\/www.argonandco.com\/de\/wp-json\/wp\/v2\/pages"}],"about":[{"href":"https:\/\/www.argonandco.com\/de\/wp-json\/wp\/v2\/types\/page"}],"author":[{"embeddable":true,"href":"https:\/\/www.argonandco.com\/de\/wp-json\/wp\/v2\/users\/1"}],"replies":[{"embeddable":true,"href":"https:\/\/www.argonandco.com\/de\/wp-json\/wp\/v2\/comments?post=30315"}],"version-history":[{"count":0,"href":"https:\/\/www.argonandco.com\/de\/wp-json\/wp\/v2\/pages\/30315\/revisions"}],"up":[{"embeddable":true,"href":"https:\/\/www.argonandco.com\/de\/wp-json\/wp\/v2\/pages\/30407"}],"wp:attachment":[{"href":"https:\/\/www.argonandco.com\/de\/wp-json\/wp\/v2\/media?parent=30315"}],"curies":[{"name":"wp","href":"https:\/\/api.w.org\/{rel}","templated":true}]}}