{"id":30314,"date":"2019-09-11T15:12:23","date_gmt":"2019-09-11T14:12:49","guid":{"rendered":"https:\/\/www.argonandco.com\/merchandising-assortment-planning\/"},"modified":"2025-11-20T11:45:39","modified_gmt":"2025-11-20T11:45:39","slug":"merchandising-sortimentsplanung","status":"publish","type":"page","link":"https:\/\/www.argonandco.com\/de\/leistungen\/sales-excellence\/merchandising-sortimentsplanung\/","title":{"rendered":"Merchandising &#038; Sortimentsplanung"},"content":{"rendered":"<h2><b>Einf\u00fchrung und Herausforderungen<\/b><\/h2>\n<p>Vertriebsh\u00e4ndler und Marken sehen sich derzeit mit strukturellen Ver\u00e4nderungen auf dem Markt konfrontiert, darunter Unified Commerce \u2013 die F\u00f6rderung eines Kundenerlebnisses ohne Grenzen zwischen physischen und digitalen Kan\u00e4len, was zu einer \u201eOne-Stock\u201d-Logik f\u00fchrt, die \u00fcber eine Vielzahl von Kan\u00e4len (Gesch\u00e4ft, Web, Store-to-Store, Web-to-Store, Store-to-Web) zug\u00e4nglich ist. Dar\u00fcber hinaus liegt der Fokus nun auf Zero Waste, einer neuen Anforderung der nachhaltigen Entwicklung, die eine immer pr\u00e4zisere Verwaltung der Best\u00e4nde und des End-of-Life-Prozesses erfordert. Hinzu kommen immer k\u00fcrzere Verkaufszyklen und eine zunehmende saisonale Nachfrage.<\/p>\n<p>Um dem gerecht zu werden, m\u00fcssen Unternehmen agile kommerzielle Planungsprozesse mit einer integrierten Vision aufstellen: Budgets, Kollektionsplanung, Sortimentsmanagement, Merchandising, Allokation und Nachschub, Markdown-Management, Bestands- und Transfermanagement.<\/p>\n<p>Dies beinhaltet die richtige Integration von Wertmanagementprozessen (Verkaufs- und Einkaufsbudgets, Margenmanagement) und operativen Managementprozessen (Prognosen, Beschaffung\/Produktion, Filialallokation und Nachschub, Transfers usw.). Kollektionspl\u00e4ne und Sortimente m\u00fcssen mit Blick auf die verschiedenen Vertriebskan\u00e4le (physisches Netzwerk, E-Commerce, S-Commerce) definiert werden, wobei dynamische Verbindungen zwischen Sortiment, Merchandising in der Filiale und Verkaufsprognosen bestehen m\u00fcssen. Schlie\u00dflich m\u00fcssen Unternehmen agil sein, um Schwankungen in der Nachfrage zu bew\u00e4ltigen: kurze Lieferzyklen, Bestandsprognosen, um das Risiko von Engp\u00e4ssen oder \u00dcberbest\u00e4nden so fr\u00fch wie m\u00f6glich zu erkennen, Data Science zur Bewertung des Umsatzpotenzials und Optimierungsalgorithmen f\u00fcr Nachschub- oder Transferentscheidungen.<\/p>\n<h2><b>Wie wir helfen k\u00f6nnen<\/b><\/h2>\n<p>Wir unterst\u00fctzen H\u00e4ndler und Marken bei der Verbesserung ihres Merchandise- und Sortimentsplanungsprozesses (merchandise and assortment planning (MAP)):<\/p>\n<ul>\n<li>Neugestaltung der Waren- und Sortimentsplanungsprozesse f\u00fcr eine nahtlose Integration, um den Herausforderungen der Marke (Umsatz, Saisonalit\u00e4t, Verkauf und Marge) gerecht zu werden<\/li>\n<li>Implementierung von Best Practices in Bezug auf die Organisationsgestaltung: Organisation nach Kategorien, Governance und RACI zwischen Funktionen (Finanzen, Marketing, Merchandising, Kollektion, Lieferkette und Handel), zwischen zentralen und lokalen Einheiten sowie zwischen Vertriebskan\u00e4len<\/li>\n<li>Unterst\u00fctzung bei der Auswahl und Implementierung geeigneter Tools (mehrdimensionale oder vertikale Planungstools f\u00fcr eine bestimmte Komponente)<\/li>\n<li>Simulation und Modellierung unter linearen Kapazit\u00e4tsbeschr\u00e4nkungen der Auswirkungen von Sortiments- und\/oder Merchandising-Entscheidungen auf den Umsatz<\/li>\n<li>Einsatz von Data Science zur Optimierung der Sortimentsauswahl oder der Umsatzprognosen (Berechnung des anf\u00e4nglichen Umsatzpotenzials, Short-Loop-Prognosen nach Tests oder den ersten Verkaufstagen)<\/li>\n<\/ul>\n","protected":false},"excerpt":{"rendered":"<p>Einf\u00fchrung und Herausforderungen Vertriebsh\u00e4ndler und Marken sehen sich derzeit mit strukturellen Ver\u00e4nderungen auf dem Markt konfrontiert, darunter Unified Commerce \u2013 die F\u00f6rderung eines Kundenerlebnisses ohne Grenzen zwischen physischen und digitalen Kan\u00e4len, was zu einer \u201eOne-Stock\u201d-Logik f\u00fchrt, die \u00fcber eine Vielzahl von Kan\u00e4len (Gesch\u00e4ft, Web, Store-to-Store, Web-to-Store, Store-to-Web) zug\u00e4nglich ist. Dar\u00fcber hinaus liegt der Fokus nun [&hellip;]<\/p>\n","protected":false},"author":1,"featured_media":0,"parent":30407,"menu_order":7,"comment_status":"closed","ping_status":"closed","template":"","meta":{"_acf_changed":false,"footnotes":""},"class_list":["post-30314","page","type-page","status-publish","hentry"],"acf":[],"yoast_head":"<!-- This site is optimized with the Yoast SEO plugin v27.4 - https:\/\/yoast.com\/product\/yoast-seo-wordpress\/ -->\n<title>Merchandising &amp; Sortimentsplanung | Argon &amp; Co<\/title>\n<meta name=\"description\" content=\"Argon &amp; Co&#039;s merchandising and assortment planning (MAP) consultancy services improve your organisation&#039;s MAP processes. Learn more.\" \/>\n<meta name=\"robots\" content=\"index, follow, max-snippet:-1, max-image-preview:large, max-video-preview:-1\" \/>\n<link rel=\"canonical\" href=\"https:\/\/www.argonandco.com\/de\/leistungen\/sales-excellence\/merchandising-sortimentsplanung\/\" \/>\n<meta property=\"og:locale\" content=\"de_DE\" \/>\n<meta property=\"og:type\" content=\"article\" \/>\n<meta property=\"og:title\" content=\"Merchandising &amp; Sortimentsplanung | Argon &amp; Co\" \/>\n<meta property=\"og:description\" content=\"Argon &amp; Co&#039;s merchandising and assortment planning (MAP) consultancy services improve your organisation&#039;s MAP processes. Learn more.\" \/>\n<meta property=\"og:url\" content=\"https:\/\/www.argonandco.com\/de\/leistungen\/sales-excellence\/merchandising-sortimentsplanung\/\" \/>\n<meta property=\"og:site_name\" content=\"Argon &amp; Co\" \/>\n<meta property=\"article:modified_time\" content=\"2025-11-20T11:45:39+00:00\" \/>\n<meta name=\"twitter:card\" content=\"summary_large_image\" \/>\n<meta name=\"twitter:label1\" content=\"Gesch\u00e4tzte Lesezeit\" \/>\n\t<meta name=\"twitter:data1\" content=\"2 Minuten\" \/>\n<script type=\"application\/ld+json\" class=\"yoast-schema-graph\">{\"@context\":\"https:\\\/\\\/schema.org\",\"@graph\":[{\"@type\":\"WebPage\",\"@id\":\"https:\\\/\\\/www.argonandco.com\\\/de\\\/leistungen\\\/sales-excellence\\\/merchandising-sortimentsplanung\\\/\",\"url\":\"https:\\\/\\\/www.argonandco.com\\\/de\\\/leistungen\\\/sales-excellence\\\/merchandising-sortimentsplanung\\\/\",\"name\":\"Merchandising & Sortimentsplanung | Argon &amp; Co\",\"isPartOf\":{\"@id\":\"https:\\\/\\\/www.argonandco.com\\\/de\\\/#website\"},\"datePublished\":\"2019-09-11T14:12:49+00:00\",\"dateModified\":\"2025-11-20T11:45:39+00:00\",\"description\":\"Argon & Co's merchandising and assortment planning (MAP) consultancy services improve your organisation's MAP processes. Learn more.\",\"breadcrumb\":{\"@id\":\"https:\\\/\\\/www.argonandco.com\\\/de\\\/leistungen\\\/sales-excellence\\\/merchandising-sortimentsplanung\\\/#breadcrumb\"},\"inLanguage\":\"de\",\"potentialAction\":[{\"@type\":\"ReadAction\",\"target\":[\"https:\\\/\\\/www.argonandco.com\\\/de\\\/leistungen\\\/sales-excellence\\\/merchandising-sortimentsplanung\\\/\"]}]},{\"@type\":\"BreadcrumbList\",\"@id\":\"https:\\\/\\\/www.argonandco.com\\\/de\\\/leistungen\\\/sales-excellence\\\/merchandising-sortimentsplanung\\\/#breadcrumb\",\"itemListElement\":[{\"@type\":\"ListItem\",\"position\":1,\"name\":\"Home\",\"item\":\"https:\\\/\\\/www.argonandco.com\\\/de\\\/\"},{\"@type\":\"ListItem\",\"position\":2,\"name\":\"Leistungen\",\"item\":\"https:\\\/\\\/www.argonandco.com\\\/de\\\/leistungen\\\/\"},{\"@type\":\"ListItem\",\"position\":3,\"name\":\"Sales Excellence\",\"item\":\"https:\\\/\\\/www.argonandco.com\\\/de\\\/leistungen\\\/sales-excellence\\\/\"},{\"@type\":\"ListItem\",\"position\":4,\"name\":\"Merchandising &#038; Sortimentsplanung\"}]},{\"@type\":\"WebSite\",\"@id\":\"https:\\\/\\\/www.argonandco.com\\\/de\\\/#website\",\"url\":\"https:\\\/\\\/www.argonandco.com\\\/de\\\/\",\"name\":\"Argon &amp; Co\",\"description\":\"We help clients achieve their strategic and operational objectives, working together to transform their businesses and generate real change.\",\"potentialAction\":[{\"@type\":\"SearchAction\",\"target\":{\"@type\":\"EntryPoint\",\"urlTemplate\":\"https:\\\/\\\/www.argonandco.com\\\/de\\\/?s={search_term_string}\"},\"query-input\":{\"@type\":\"PropertyValueSpecification\",\"valueRequired\":true,\"valueName\":\"search_term_string\"}}],\"inLanguage\":\"de\"}]}<\/script>\n<!-- \/ Yoast SEO plugin. -->","yoast_head_json":{"title":"Merchandising & Sortimentsplanung | Argon &amp; Co","description":"Argon & Co's merchandising and assortment planning (MAP) consultancy services improve your organisation's MAP processes. Learn more.","robots":{"index":"index","follow":"follow","max-snippet":"max-snippet:-1","max-image-preview":"max-image-preview:large","max-video-preview":"max-video-preview:-1"},"canonical":"https:\/\/www.argonandco.com\/de\/leistungen\/sales-excellence\/merchandising-sortimentsplanung\/","og_locale":"de_DE","og_type":"article","og_title":"Merchandising & Sortimentsplanung | Argon &amp; Co","og_description":"Argon & Co's merchandising and assortment planning (MAP) consultancy services improve your organisation's MAP processes. Learn more.","og_url":"https:\/\/www.argonandco.com\/de\/leistungen\/sales-excellence\/merchandising-sortimentsplanung\/","og_site_name":"Argon &amp; Co","article_modified_time":"2025-11-20T11:45:39+00:00","twitter_card":"summary_large_image","twitter_misc":{"Gesch\u00e4tzte Lesezeit":"2 Minuten"},"schema":{"@context":"https:\/\/schema.org","@graph":[{"@type":"WebPage","@id":"https:\/\/www.argonandco.com\/de\/leistungen\/sales-excellence\/merchandising-sortimentsplanung\/","url":"https:\/\/www.argonandco.com\/de\/leistungen\/sales-excellence\/merchandising-sortimentsplanung\/","name":"Merchandising & Sortimentsplanung | Argon &amp; Co","isPartOf":{"@id":"https:\/\/www.argonandco.com\/de\/#website"},"datePublished":"2019-09-11T14:12:49+00:00","dateModified":"2025-11-20T11:45:39+00:00","description":"Argon & Co's merchandising and assortment planning (MAP) consultancy services improve your organisation's MAP processes. Learn more.","breadcrumb":{"@id":"https:\/\/www.argonandco.com\/de\/leistungen\/sales-excellence\/merchandising-sortimentsplanung\/#breadcrumb"},"inLanguage":"de","potentialAction":[{"@type":"ReadAction","target":["https:\/\/www.argonandco.com\/de\/leistungen\/sales-excellence\/merchandising-sortimentsplanung\/"]}]},{"@type":"BreadcrumbList","@id":"https:\/\/www.argonandco.com\/de\/leistungen\/sales-excellence\/merchandising-sortimentsplanung\/#breadcrumb","itemListElement":[{"@type":"ListItem","position":1,"name":"Home","item":"https:\/\/www.argonandco.com\/de\/"},{"@type":"ListItem","position":2,"name":"Leistungen","item":"https:\/\/www.argonandco.com\/de\/leistungen\/"},{"@type":"ListItem","position":3,"name":"Sales Excellence","item":"https:\/\/www.argonandco.com\/de\/leistungen\/sales-excellence\/"},{"@type":"ListItem","position":4,"name":"Merchandising &#038; Sortimentsplanung"}]},{"@type":"WebSite","@id":"https:\/\/www.argonandco.com\/de\/#website","url":"https:\/\/www.argonandco.com\/de\/","name":"Argon &amp; Co","description":"We help clients achieve their strategic and operational objectives, working together to transform their businesses and generate real change.","potentialAction":[{"@type":"SearchAction","target":{"@type":"EntryPoint","urlTemplate":"https:\/\/www.argonandco.com\/de\/?s={search_term_string}"},"query-input":{"@type":"PropertyValueSpecification","valueRequired":true,"valueName":"search_term_string"}}],"inLanguage":"de"}]}},"_links":{"self":[{"href":"https:\/\/www.argonandco.com\/de\/wp-json\/wp\/v2\/pages\/30314","targetHints":{"allow":["GET"]}}],"collection":[{"href":"https:\/\/www.argonandco.com\/de\/wp-json\/wp\/v2\/pages"}],"about":[{"href":"https:\/\/www.argonandco.com\/de\/wp-json\/wp\/v2\/types\/page"}],"author":[{"embeddable":true,"href":"https:\/\/www.argonandco.com\/de\/wp-json\/wp\/v2\/users\/1"}],"replies":[{"embeddable":true,"href":"https:\/\/www.argonandco.com\/de\/wp-json\/wp\/v2\/comments?post=30314"}],"version-history":[{"count":0,"href":"https:\/\/www.argonandco.com\/de\/wp-json\/wp\/v2\/pages\/30314\/revisions"}],"up":[{"embeddable":true,"href":"https:\/\/www.argonandco.com\/de\/wp-json\/wp\/v2\/pages\/30407"}],"wp:attachment":[{"href":"https:\/\/www.argonandco.com\/de\/wp-json\/wp\/v2\/media?parent=30314"}],"curies":[{"name":"wp","href":"https:\/\/api.w.org\/{rel}","templated":true}]}}