{"id":30313,"date":"2019-09-11T15:12:23","date_gmt":"2019-09-11T14:12:49","guid":{"rendered":"https:\/\/www.argonandco.com\/e-commerce-operations\/"},"modified":"2025-11-20T11:45:54","modified_gmt":"2025-11-20T11:45:54","slug":"e-commerce","status":"publish","type":"page","link":"https:\/\/www.argonandco.com\/de\/leistungen\/sales-excellence\/e-commerce\/","title":{"rendered":"E-Commerce"},"content":{"rendered":"<h2><b>Einf\u00fchrung und Herausforderungen<\/b><\/h2>\n<p>Mit einem anhaltenden Wachstum seit 2010 ist der E-Commerce zu einem festen Bestandteil der Unternehmensstrategie geworden. Er ist eine Quelle f\u00fcr echtes Wachstum f\u00fcr traditionelle H\u00e4ndler, aber dieser neue Vertriebskanal hat seine eigenen Anforderungen, die beherrscht werden m\u00fcssen, um echten Erfolg zu gew\u00e4hrleisten.<\/p>\n<p>Das Kundenerlebnis steht an erster Stelle! Dies ist der Schl\u00fcssel zum Erfolg des E-Commerce. Es bedeutet einen einwandfreien Service (Lagergenauigkeit, p\u00fcnktliche Lieferung, Qualit\u00e4t der Vorbereitung), ein angepasstes Serviceangebot (Annahmeschluss, Lieferzeit, Lieferort \u2013 Gesch\u00e4ft, Anweisungen, \u00dcbergabestellen, Zuhause, Arbeitsplatz, einfache R\u00fccksendung) und einen reaktionsschnellen Kundenservice, und das alles zu einem attraktiven Preis.<\/p>\n<p>F\u00fcr traditionelle H\u00e4ndler ist es im Gegensatz zu reinen E-Commerce-Anbietern angesichts der hohen Logistik- und Transportkosten des E-Commerce, die die Kosten f\u00fcr das Vertriebsnetz erh\u00f6hen k\u00f6nnen, unerl\u00e4sslich, die vorhandenen Ressourcen zu nutzen. Ein attraktives und wirtschaftlich tragf\u00e4higes Kundenversprechen erfordert daher die Aufwertung der Verkaufsstellen als wichtiges Bindeglied in der Omnichannel-Strategie durch Store-to-Web-, Click-and-Collect- und Pick-from-Store-and-Ship-from-Store-Prozesse. Der Erfolg dieser Strategie erfordert eine vollst\u00e4ndige \u00dcberarbeitung vieler Aktivit\u00e4ten, sowohl am Point of Sale (Professionalisierung der Teams und Gestaltung der Wege im Laden) als auch auf der Ebene der zentralen Funktionen (Logistik, Transport) und der Managementfunktionen (Koordination der Bestellungen, dynamische Auswahl der Abholstellen).<\/p>\n<h2><b>Wie wir helfen k\u00f6nnen<\/b><\/h2>\n<p>Wir unterst\u00fctzen unsere Kunden bei der Bewertung und Umsetzung von E-Commerce-Strategien:<\/p>\n<ul>\n<li>Definition der Schl\u00fcsselkomponenten der E-Commerce-Strategie (Kundenversprechen, Rolle der Verkaufsstellen, zentrale Logistik, Transport und Lieferanten)<\/li>\n<li>Modellierung der Auswirkungen Ihrer E-Commerce-Strategie auf Kosten, Lagerbest\u00e4nde und Service sowie Bewertung der erforderlichen Investitionen (Logistik, IT-Systeme)<\/li>\n<li>Unterst\u00fctzung bei der Konzeption und Auswahl der besten Tools (WMS, TMS, WHO, Carrier-Schnittstellen, Tracking, After-Sales-Service) oder Formalisierung der Spezifikationen zur Weiterentwicklung bestehender Tools<\/li>\n<li>Verbesserung der Effizienz und Wettbewerbsf\u00e4higkeit des E-Commerce-Betriebs in den Verkaufsstellen und in der zentralen Logistik: Logistikorganisation, Optimierung der physischen Abl\u00e4ufe (Kommissionierung, Verpackung, Transport), M\u00f6glichkeiten zur Mechanisierung und Automatisierung<\/li>\n<li>Aufbau von Dashboards f\u00fcr das Management oder das operative Personal, um Abweichungen oder St\u00f6rungen schnell zu erkennen<\/li>\n<\/ul>\n","protected":false},"excerpt":{"rendered":"<p>Einf\u00fchrung und Herausforderungen Mit einem anhaltenden Wachstum seit 2010 ist der E-Commerce zu einem festen Bestandteil der Unternehmensstrategie geworden. Er ist eine Quelle f\u00fcr echtes Wachstum f\u00fcr traditionelle H\u00e4ndler, aber dieser neue Vertriebskanal hat seine eigenen Anforderungen, die beherrscht werden m\u00fcssen, um echten Erfolg zu gew\u00e4hrleisten. Das Kundenerlebnis steht an erster Stelle! Dies ist der [&hellip;]<\/p>\n","protected":false},"author":1,"featured_media":0,"parent":30407,"menu_order":8,"comment_status":"closed","ping_status":"closed","template":"","meta":{"_acf_changed":false,"footnotes":""},"class_list":["post-30313","page","type-page","status-publish","hentry"],"acf":[],"yoast_head":"<!-- This site is optimized with the Yoast SEO plugin v27.4 - https:\/\/yoast.com\/product\/yoast-seo-wordpress\/ -->\n<title>E-Commerce | Argon &amp; Co<\/title>\n<meta name=\"description\" content=\"Argon &amp; Co ecommerce operations consultancy services will help you assess and implement effective, customer-centric ecommerce strategies. Learn more.\" \/>\n<meta name=\"robots\" content=\"index, follow, max-snippet:-1, max-image-preview:large, max-video-preview:-1\" \/>\n<link rel=\"canonical\" href=\"https:\/\/www.argonandco.com\/de\/leistungen\/sales-excellence\/e-commerce\/\" \/>\n<meta property=\"og:locale\" content=\"de_DE\" \/>\n<meta property=\"og:type\" content=\"article\" \/>\n<meta property=\"og:title\" content=\"E-Commerce | Argon &amp; Co\" \/>\n<meta property=\"og:description\" content=\"Argon &amp; Co ecommerce operations consultancy services will help you assess and implement effective, customer-centric ecommerce strategies. Learn more.\" \/>\n<meta property=\"og:url\" content=\"https:\/\/www.argonandco.com\/de\/leistungen\/sales-excellence\/e-commerce\/\" \/>\n<meta property=\"og:site_name\" content=\"Argon &amp; Co\" \/>\n<meta property=\"article:modified_time\" content=\"2025-11-20T11:45:54+00:00\" \/>\n<meta name=\"twitter:card\" content=\"summary_large_image\" \/>\n<meta name=\"twitter:label1\" content=\"Gesch\u00e4tzte Lesezeit\" \/>\n\t<meta name=\"twitter:data1\" content=\"2 Minuten\" \/>\n<script type=\"application\/ld+json\" class=\"yoast-schema-graph\">{\"@context\":\"https:\\\/\\\/schema.org\",\"@graph\":[{\"@type\":\"WebPage\",\"@id\":\"https:\\\/\\\/www.argonandco.com\\\/de\\\/leistungen\\\/sales-excellence\\\/e-commerce\\\/\",\"url\":\"https:\\\/\\\/www.argonandco.com\\\/de\\\/leistungen\\\/sales-excellence\\\/e-commerce\\\/\",\"name\":\"E-Commerce | Argon &amp; Co\",\"isPartOf\":{\"@id\":\"https:\\\/\\\/www.argonandco.com\\\/de\\\/#website\"},\"datePublished\":\"2019-09-11T14:12:49+00:00\",\"dateModified\":\"2025-11-20T11:45:54+00:00\",\"description\":\"Argon & Co ecommerce operations consultancy services will help you assess and implement effective, customer-centric ecommerce strategies. Learn more.\",\"breadcrumb\":{\"@id\":\"https:\\\/\\\/www.argonandco.com\\\/de\\\/leistungen\\\/sales-excellence\\\/e-commerce\\\/#breadcrumb\"},\"inLanguage\":\"de\",\"potentialAction\":[{\"@type\":\"ReadAction\",\"target\":[\"https:\\\/\\\/www.argonandco.com\\\/de\\\/leistungen\\\/sales-excellence\\\/e-commerce\\\/\"]}]},{\"@type\":\"BreadcrumbList\",\"@id\":\"https:\\\/\\\/www.argonandco.com\\\/de\\\/leistungen\\\/sales-excellence\\\/e-commerce\\\/#breadcrumb\",\"itemListElement\":[{\"@type\":\"ListItem\",\"position\":1,\"name\":\"Home\",\"item\":\"https:\\\/\\\/www.argonandco.com\\\/de\\\/\"},{\"@type\":\"ListItem\",\"position\":2,\"name\":\"Leistungen\",\"item\":\"https:\\\/\\\/www.argonandco.com\\\/de\\\/leistungen\\\/\"},{\"@type\":\"ListItem\",\"position\":3,\"name\":\"Sales Excellence\",\"item\":\"https:\\\/\\\/www.argonandco.com\\\/de\\\/leistungen\\\/sales-excellence\\\/\"},{\"@type\":\"ListItem\",\"position\":4,\"name\":\"E-Commerce\"}]},{\"@type\":\"WebSite\",\"@id\":\"https:\\\/\\\/www.argonandco.com\\\/de\\\/#website\",\"url\":\"https:\\\/\\\/www.argonandco.com\\\/de\\\/\",\"name\":\"Argon &amp; Co\",\"description\":\"We help clients achieve their strategic and operational objectives, working together to transform their businesses and generate real change.\",\"potentialAction\":[{\"@type\":\"SearchAction\",\"target\":{\"@type\":\"EntryPoint\",\"urlTemplate\":\"https:\\\/\\\/www.argonandco.com\\\/de\\\/?s={search_term_string}\"},\"query-input\":{\"@type\":\"PropertyValueSpecification\",\"valueRequired\":true,\"valueName\":\"search_term_string\"}}],\"inLanguage\":\"de\"}]}<\/script>\n<!-- \/ Yoast SEO plugin. -->","yoast_head_json":{"title":"E-Commerce | Argon &amp; Co","description":"Argon & Co ecommerce operations consultancy services will help you assess and implement effective, customer-centric ecommerce strategies. Learn more.","robots":{"index":"index","follow":"follow","max-snippet":"max-snippet:-1","max-image-preview":"max-image-preview:large","max-video-preview":"max-video-preview:-1"},"canonical":"https:\/\/www.argonandco.com\/de\/leistungen\/sales-excellence\/e-commerce\/","og_locale":"de_DE","og_type":"article","og_title":"E-Commerce | Argon &amp; Co","og_description":"Argon & Co ecommerce operations consultancy services will help you assess and implement effective, customer-centric ecommerce strategies. Learn more.","og_url":"https:\/\/www.argonandco.com\/de\/leistungen\/sales-excellence\/e-commerce\/","og_site_name":"Argon &amp; Co","article_modified_time":"2025-11-20T11:45:54+00:00","twitter_card":"summary_large_image","twitter_misc":{"Gesch\u00e4tzte Lesezeit":"2 Minuten"},"schema":{"@context":"https:\/\/schema.org","@graph":[{"@type":"WebPage","@id":"https:\/\/www.argonandco.com\/de\/leistungen\/sales-excellence\/e-commerce\/","url":"https:\/\/www.argonandco.com\/de\/leistungen\/sales-excellence\/e-commerce\/","name":"E-Commerce | Argon &amp; Co","isPartOf":{"@id":"https:\/\/www.argonandco.com\/de\/#website"},"datePublished":"2019-09-11T14:12:49+00:00","dateModified":"2025-11-20T11:45:54+00:00","description":"Argon & Co ecommerce operations consultancy services will help you assess and implement effective, customer-centric ecommerce strategies. Learn more.","breadcrumb":{"@id":"https:\/\/www.argonandco.com\/de\/leistungen\/sales-excellence\/e-commerce\/#breadcrumb"},"inLanguage":"de","potentialAction":[{"@type":"ReadAction","target":["https:\/\/www.argonandco.com\/de\/leistungen\/sales-excellence\/e-commerce\/"]}]},{"@type":"BreadcrumbList","@id":"https:\/\/www.argonandco.com\/de\/leistungen\/sales-excellence\/e-commerce\/#breadcrumb","itemListElement":[{"@type":"ListItem","position":1,"name":"Home","item":"https:\/\/www.argonandco.com\/de\/"},{"@type":"ListItem","position":2,"name":"Leistungen","item":"https:\/\/www.argonandco.com\/de\/leistungen\/"},{"@type":"ListItem","position":3,"name":"Sales Excellence","item":"https:\/\/www.argonandco.com\/de\/leistungen\/sales-excellence\/"},{"@type":"ListItem","position":4,"name":"E-Commerce"}]},{"@type":"WebSite","@id":"https:\/\/www.argonandco.com\/de\/#website","url":"https:\/\/www.argonandco.com\/de\/","name":"Argon &amp; Co","description":"We help clients achieve their strategic and operational objectives, working together to transform their businesses and generate real change.","potentialAction":[{"@type":"SearchAction","target":{"@type":"EntryPoint","urlTemplate":"https:\/\/www.argonandco.com\/de\/?s={search_term_string}"},"query-input":{"@type":"PropertyValueSpecification","valueRequired":true,"valueName":"search_term_string"}}],"inLanguage":"de"}]}},"_links":{"self":[{"href":"https:\/\/www.argonandco.com\/de\/wp-json\/wp\/v2\/pages\/30313","targetHints":{"allow":["GET"]}}],"collection":[{"href":"https:\/\/www.argonandco.com\/de\/wp-json\/wp\/v2\/pages"}],"about":[{"href":"https:\/\/www.argonandco.com\/de\/wp-json\/wp\/v2\/types\/page"}],"author":[{"embeddable":true,"href":"https:\/\/www.argonandco.com\/de\/wp-json\/wp\/v2\/users\/1"}],"replies":[{"embeddable":true,"href":"https:\/\/www.argonandco.com\/de\/wp-json\/wp\/v2\/comments?post=30313"}],"version-history":[{"count":0,"href":"https:\/\/www.argonandco.com\/de\/wp-json\/wp\/v2\/pages\/30313\/revisions"}],"up":[{"embeddable":true,"href":"https:\/\/www.argonandco.com\/de\/wp-json\/wp\/v2\/pages\/30407"}],"wp:attachment":[{"href":"https:\/\/www.argonandco.com\/de\/wp-json\/wp\/v2\/media?parent=30313"}],"curies":[{"name":"wp","href":"https:\/\/api.w.org\/{rel}","templated":true}]}}