{"id":30311,"date":"2019-09-11T15:14:23","date_gmt":"2019-09-11T14:14:29","guid":{"rendered":"https:\/\/www.argonandco.com\/service-strategy\/"},"modified":"2025-11-20T11:39:14","modified_gmt":"2025-11-20T11:39:14","slug":"logistikdienstleistungsstrategie","status":"publish","type":"page","link":"https:\/\/www.argonandco.com\/de\/leistungen\/logistik\/logistikdienstleistungsstrategie\/","title":{"rendered":"Logistikdienstleistungsstrategie"},"content":{"rendered":"<h2><b>Einf\u00fchrung und Herausforderungen<\/b><\/h2>\n<p>Vor dem Hintergrund steigender Kundenerwartungen an den Service ist die \u00dcberarbeitung der Servicestrategie ein wichtiger Hebel, um Marktanteile auszubauen und gleichzeitig die Rentabilit\u00e4t zu sichern. Allerdings wird dieses Potenzial oft nicht ausreichend genutzt, da es schwierig ist, den Vertrieb und den Betrieb auf eine Zielvision auszurichten, die die strategischen Ambitionen der Unternehmensleitung unterst\u00fctzt.<\/p>\n<p>Unternehmen stehen in der Regel vor drei Herausforderungen im Bereich der Servicestrategie:<\/p>\n<ol>\n<li>Wie kann man seine Wettbewerbsposition durch Service verbessern, wenn man es mit vielen unterschiedlichen Kunden zu tun hat, deren Servicebed\u00fcrfnisse schwer zu erkennen sind?<\/li>\n<li>Wie kann man die wahrgenommene Servicequalit\u00e4t steigern und gleichzeitig Kosten und Lagerbest\u00e4nde kontrollieren und optimieren?<\/li>\n<li>Welche Strategie sollte im E-Commerce verfolgt werden? Welche Risiken und Chancen birgt der direkte Zugang zu den Verbrauchern? Welche Dienstleistungsangebote sollten vorgeschlagen werden? Welche Chancen bieten Multi-Company-Orchestrierungsplattformen? Welches Partnernetzwerk sollte aufgebaut werden? Welche Auswirkungen hat dies auf die bestehenden Abl\u00e4ufe?<\/li>\n<\/ol>\n<h2><b>Wie wir helfen k\u00f6nnen\u00a0<\/b><\/h2>\n<ul>\n<li>Analyse und Segmentierung der Kundenbed\u00fcrfnisse, um durch Umfragen, Besuche, Benchmarks und eine Bewertung der Auswirkungen der Dienstleistungen auf ihre Wertsch\u00f6pfungskette eine klare und sachliche Vorstellung von ihren Erwartungen zu gewinnen<\/li>\n<li>Vorschlag potenzieller Dienstleistungsangebote und Bewertung der Auswirkungen auf Kosten\/Best\u00e4nde\/Dienstleistungsleistung durch End-to-End-Modellierung der Lieferkette<\/li>\n<li>Leitung und Management eines funktions\u00fcbergreifenden Ansatzes unter Einbeziehung des Managements der Marketing-, Vertriebs- und Betriebsabteilungen, um eine Dienstleistungsstrategie zu entwickeln, die den strategischen Herausforderungen des Unternehmens gerecht wird<\/li>\n<li>Ausrichtung der Teams auf die strategische Vision durch einen Kommunikationsplan und Veranstaltungen zur F\u00f6rderung des Engagements<\/li>\n<li>Definition der Weiterentwicklung der Lieferkettenmodelle und des Vertriebsnetzes, um eine effiziente Umsetzung der Servicestrategie zu erm\u00f6glichen<\/li>\n<li>Strukturierung und Unterst\u00fctzung der Transformation des Unternehmens zur Umsetzung der Strategie: \u00c4nderungen der Governance- und Organisationsmodelle, Konzeption und Implementierung neuer Prozesse f\u00fcr das Nachfragemanagement und das Lieferkettenmanagement<\/li>\n<\/ul>\n<div id=\"gtx-trans\" style=\"position: absolute; left: 386px; top: 570.375px;\">\n<div class=\"gtx-trans-icon\"><\/div>\n<\/div>\n","protected":false},"excerpt":{"rendered":"<p>Einf\u00fchrung und Herausforderungen Vor dem Hintergrund steigender Kundenerwartungen an den Service ist die \u00dcberarbeitung der Servicestrategie ein wichtiger Hebel, um Marktanteile auszubauen und gleichzeitig die Rentabilit\u00e4t zu sichern. Allerdings wird dieses Potenzial oft nicht ausreichend genutzt, da es schwierig ist, den Vertrieb und den Betrieb auf eine Zielvision auszurichten, die die strategischen Ambitionen der Unternehmensleitung [&hellip;]<\/p>\n","protected":false},"author":1,"featured_media":0,"parent":30394,"menu_order":0,"comment_status":"closed","ping_status":"closed","template":"","meta":{"_acf_changed":false,"footnotes":""},"class_list":["post-30311","page","type-page","status-publish","hentry"],"acf":[],"yoast_head":"<!-- This site is optimized with the Yoast SEO plugin v27.5 - https:\/\/yoast.com\/product\/yoast-seo-wordpress\/ -->\n<title>Logistikdienstleistungsstrategie | Argon &amp; Co<\/title>\n<meta name=\"description\" content=\"Control profitability and develop your market share with expert service strategy consultancy from Argon &amp; Co. Find out more.\" \/>\n<meta name=\"robots\" content=\"index, follow, max-snippet:-1, max-image-preview:large, max-video-preview:-1\" \/>\n<link rel=\"canonical\" href=\"https:\/\/www.argonandco.com\/de\/leistungen\/logistik\/logistikdienstleistungsstrategie\/\" \/>\n<meta property=\"og:locale\" content=\"de_DE\" \/>\n<meta property=\"og:type\" content=\"article\" \/>\n<meta property=\"og:title\" content=\"Logistikdienstleistungsstrategie | Argon &amp; Co\" \/>\n<meta property=\"og:description\" content=\"Control profitability and develop your market share with expert service strategy consultancy from Argon &amp; Co. Find out more.\" \/>\n<meta property=\"og:url\" content=\"https:\/\/www.argonandco.com\/de\/leistungen\/logistik\/logistikdienstleistungsstrategie\/\" \/>\n<meta property=\"og:site_name\" content=\"Argon &amp; Co\" \/>\n<meta property=\"article:modified_time\" content=\"2025-11-20T11:39:14+00:00\" \/>\n<meta name=\"twitter:card\" content=\"summary_large_image\" \/>\n<meta name=\"twitter:label1\" content=\"Gesch\u00e4tzte Lesezeit\" \/>\n\t<meta name=\"twitter:data1\" content=\"1 Minute\" \/>\n<script type=\"application\/ld+json\" class=\"yoast-schema-graph\">{\"@context\":\"https:\\\/\\\/schema.org\",\"@graph\":[{\"@type\":\"WebPage\",\"@id\":\"https:\\\/\\\/www.argonandco.com\\\/de\\\/leistungen\\\/logistik\\\/logistikdienstleistungsstrategie\\\/\",\"url\":\"https:\\\/\\\/www.argonandco.com\\\/de\\\/leistungen\\\/logistik\\\/logistikdienstleistungsstrategie\\\/\",\"name\":\"Logistikdienstleistungsstrategie | Argon &amp; Co\",\"isPartOf\":{\"@id\":\"https:\\\/\\\/www.argonandco.com\\\/de\\\/#website\"},\"datePublished\":\"2019-09-11T14:14:29+00:00\",\"dateModified\":\"2025-11-20T11:39:14+00:00\",\"description\":\"Control profitability and develop your market share with expert service strategy consultancy from Argon & Co. Find out more.\",\"breadcrumb\":{\"@id\":\"https:\\\/\\\/www.argonandco.com\\\/de\\\/leistungen\\\/logistik\\\/logistikdienstleistungsstrategie\\\/#breadcrumb\"},\"inLanguage\":\"de\",\"potentialAction\":[{\"@type\":\"ReadAction\",\"target\":[\"https:\\\/\\\/www.argonandco.com\\\/de\\\/leistungen\\\/logistik\\\/logistikdienstleistungsstrategie\\\/\"]}]},{\"@type\":\"BreadcrumbList\",\"@id\":\"https:\\\/\\\/www.argonandco.com\\\/de\\\/leistungen\\\/logistik\\\/logistikdienstleistungsstrategie\\\/#breadcrumb\",\"itemListElement\":[{\"@type\":\"ListItem\",\"position\":1,\"name\":\"Home\",\"item\":\"https:\\\/\\\/www.argonandco.com\\\/de\\\/\"},{\"@type\":\"ListItem\",\"position\":2,\"name\":\"Leistungen\",\"item\":\"https:\\\/\\\/www.argonandco.com\\\/de\\\/leistungen\\\/\"},{\"@type\":\"ListItem\",\"position\":3,\"name\":\"Logistik\",\"item\":\"https:\\\/\\\/www.argonandco.com\\\/de\\\/leistungen\\\/logistik\\\/\"},{\"@type\":\"ListItem\",\"position\":4,\"name\":\"Logistikdienstleistungsstrategie\"}]},{\"@type\":\"WebSite\",\"@id\":\"https:\\\/\\\/www.argonandco.com\\\/de\\\/#website\",\"url\":\"https:\\\/\\\/www.argonandco.com\\\/de\\\/\",\"name\":\"Argon &amp; Co\",\"description\":\"We help clients achieve their strategic and operational objectives, working together to transform their businesses and generate real change.\",\"potentialAction\":[{\"@type\":\"SearchAction\",\"target\":{\"@type\":\"EntryPoint\",\"urlTemplate\":\"https:\\\/\\\/www.argonandco.com\\\/de\\\/?s={search_term_string}\"},\"query-input\":{\"@type\":\"PropertyValueSpecification\",\"valueRequired\":true,\"valueName\":\"search_term_string\"}}],\"inLanguage\":\"de\"}]}<\/script>\n<!-- \/ Yoast SEO plugin. -->","yoast_head_json":{"title":"Logistikdienstleistungsstrategie | Argon &amp; Co","description":"Control profitability and develop your market share with expert service strategy consultancy from Argon & Co. Find out more.","robots":{"index":"index","follow":"follow","max-snippet":"max-snippet:-1","max-image-preview":"max-image-preview:large","max-video-preview":"max-video-preview:-1"},"canonical":"https:\/\/www.argonandco.com\/de\/leistungen\/logistik\/logistikdienstleistungsstrategie\/","og_locale":"de_DE","og_type":"article","og_title":"Logistikdienstleistungsstrategie | Argon &amp; Co","og_description":"Control profitability and develop your market share with expert service strategy consultancy from Argon & Co. Find out more.","og_url":"https:\/\/www.argonandco.com\/de\/leistungen\/logistik\/logistikdienstleistungsstrategie\/","og_site_name":"Argon &amp; Co","article_modified_time":"2025-11-20T11:39:14+00:00","twitter_card":"summary_large_image","twitter_misc":{"Gesch\u00e4tzte Lesezeit":"1 Minute"},"schema":{"@context":"https:\/\/schema.org","@graph":[{"@type":"WebPage","@id":"https:\/\/www.argonandco.com\/de\/leistungen\/logistik\/logistikdienstleistungsstrategie\/","url":"https:\/\/www.argonandco.com\/de\/leistungen\/logistik\/logistikdienstleistungsstrategie\/","name":"Logistikdienstleistungsstrategie | Argon &amp; Co","isPartOf":{"@id":"https:\/\/www.argonandco.com\/de\/#website"},"datePublished":"2019-09-11T14:14:29+00:00","dateModified":"2025-11-20T11:39:14+00:00","description":"Control profitability and develop your market share with expert service strategy consultancy from Argon & Co. Find out more.","breadcrumb":{"@id":"https:\/\/www.argonandco.com\/de\/leistungen\/logistik\/logistikdienstleistungsstrategie\/#breadcrumb"},"inLanguage":"de","potentialAction":[{"@type":"ReadAction","target":["https:\/\/www.argonandco.com\/de\/leistungen\/logistik\/logistikdienstleistungsstrategie\/"]}]},{"@type":"BreadcrumbList","@id":"https:\/\/www.argonandco.com\/de\/leistungen\/logistik\/logistikdienstleistungsstrategie\/#breadcrumb","itemListElement":[{"@type":"ListItem","position":1,"name":"Home","item":"https:\/\/www.argonandco.com\/de\/"},{"@type":"ListItem","position":2,"name":"Leistungen","item":"https:\/\/www.argonandco.com\/de\/leistungen\/"},{"@type":"ListItem","position":3,"name":"Logistik","item":"https:\/\/www.argonandco.com\/de\/leistungen\/logistik\/"},{"@type":"ListItem","position":4,"name":"Logistikdienstleistungsstrategie"}]},{"@type":"WebSite","@id":"https:\/\/www.argonandco.com\/de\/#website","url":"https:\/\/www.argonandco.com\/de\/","name":"Argon &amp; Co","description":"We help clients achieve their strategic and operational objectives, working together to transform their businesses and generate real change.","potentialAction":[{"@type":"SearchAction","target":{"@type":"EntryPoint","urlTemplate":"https:\/\/www.argonandco.com\/de\/?s={search_term_string}"},"query-input":{"@type":"PropertyValueSpecification","valueRequired":true,"valueName":"search_term_string"}}],"inLanguage":"de"}]}},"_links":{"self":[{"href":"https:\/\/www.argonandco.com\/de\/wp-json\/wp\/v2\/pages\/30311","targetHints":{"allow":["GET"]}}],"collection":[{"href":"https:\/\/www.argonandco.com\/de\/wp-json\/wp\/v2\/pages"}],"about":[{"href":"https:\/\/www.argonandco.com\/de\/wp-json\/wp\/v2\/types\/page"}],"author":[{"embeddable":true,"href":"https:\/\/www.argonandco.com\/de\/wp-json\/wp\/v2\/users\/1"}],"replies":[{"embeddable":true,"href":"https:\/\/www.argonandco.com\/de\/wp-json\/wp\/v2\/comments?post=30311"}],"version-history":[{"count":0,"href":"https:\/\/www.argonandco.com\/de\/wp-json\/wp\/v2\/pages\/30311\/revisions"}],"up":[{"embeddable":true,"href":"https:\/\/www.argonandco.com\/de\/wp-json\/wp\/v2\/pages\/30394"}],"wp:attachment":[{"href":"https:\/\/www.argonandco.com\/de\/wp-json\/wp\/v2\/media?parent=30311"}],"curies":[{"name":"wp","href":"https:\/\/api.w.org\/{rel}","templated":true}]}}