{"id":30309,"date":"2019-09-11T15:14:23","date_gmt":"2019-09-11T14:14:29","guid":{"rendered":"https:\/\/www.argonandco.com\/cost-to-serve\/"},"modified":"2025-11-20T11:39:44","modified_gmt":"2025-11-20T11:39:44","slug":"servicekosten","status":"publish","type":"page","link":"https:\/\/www.argonandco.com\/de\/leistungen\/logistik\/servicekosten\/","title":{"rendered":"Servicekosten"},"content":{"rendered":"<h2><b>Einf\u00fchrung und Herausforderungen<\/b><\/h2>\n<p>Ein Cost-to-Serve-Modell erm\u00f6glicht es, die Servicekosten f\u00fcr einen bestimmten Kunden, eine Produktlinie oder einen Vertriebskanal zu berechnen und mit den damit verbundenen Einnahmen zu vergleichen. Es kann verwendet werden, um zu analysieren, wie Kosten entlang der Lieferkette verbraucht werden, und um die Rentabilit\u00e4t entsprechend zu steuern.<\/p>\n<p>Tats\u00e4chlich k\u00f6nnen die Kunden oder verschiedenen Vertriebskan\u00e4le eines Unternehmens unterschiedliche Verhaltensweisen aufweisen, die sich erheblich auf das Kostenprofil der Dienstleistung auswirken (Lieferzeit, angestrebte Servicerate, H\u00e4ufigkeit und Umfang der Bestellungen, Produktexklusivit\u00e4t, Prognosegenauigkeit der Nachfrage, Automatisierungsgrad des Informationsaustauschs, Vorbereitungsprofil usw.). Ebenso k\u00f6nnen die verschiedenen Produktlinien unterschiedliche Eigenschaften (Volumen, Gewicht, Zerbrechlichkeit usw.) aufweisen, die zu sehr unterschiedlichen Kostenstrukturen beitragen.<\/p>\n<p>Die Einf\u00fchrung dieses Ansatzes erleichtert strategische Entscheidungen, wie z. B. kommerzielle Ma\u00dfnahmen zur Bindung oder Gewinnung hochprofitabler Kunden, die Neupositionierung der Verkaufspreise f\u00fcr unrentable Produkte oder Dienstleistungen und die \u00c4nderung bestimmter Vertriebsmodelle. Die Strukturierung und Einf\u00fchrung eines Cost-to-Serve-Tools f\u00f6rdert auch Win-Win-Kooperationsans\u00e4tze mit Kunden, um \u201ekostspielige Verhaltensweisen\u201d zu \u00e4ndern und das Dienstleistungsangebot zu verbessern.<\/p>\n<h2><b>Wie wir helfen k\u00f6nnen<\/b><\/h2>\n<ul>\n<li>Festlegung des Cost-to-Serve-Ansatzes: Definition der Granularit\u00e4t und der Segmentierungsebenen (Gruppierung von Kunden, Produkten usw.), Definition der damit verbundenen Aktivit\u00e4ten und Kostentreiber<\/li>\n<li>Strukturierung eines analytischen Ansatzes zur Zuordnung und Modellierung von Kostenvariabilit\u00e4t nach Kostentreibern, Aufbau des Cost-to-Serve-Modells<\/li>\n<li>Definition von kurz- und langfristigen Aktionspl\u00e4nen und Abstimmung der Unternehmensakteure auf gemeinsame Ziele<\/li>\n<li>Definition der Service- und Preispolitik<\/li>\n<li>Implementierung von Tools (Modellierung, Industrialisierung) zur robusten und nachhaltigen Unterst\u00fctzung des Ansatzes sowie der damit verbundenen Governance<\/li>\n<\/ul>\n<div id=\"gtx-trans\" style=\"position: absolute; left: 378px; top: 574.375px;\">\n<div class=\"gtx-trans-icon\"><\/div>\n<\/div>\n","protected":false},"excerpt":{"rendered":"<p>Einf\u00fchrung und Herausforderungen Ein Cost-to-Serve-Modell erm\u00f6glicht es, die Servicekosten f\u00fcr einen bestimmten Kunden, eine Produktlinie oder einen Vertriebskanal zu berechnen und mit den damit verbundenen Einnahmen zu vergleichen. Es kann verwendet werden, um zu analysieren, wie Kosten entlang der Lieferkette verbraucht werden, und um die Rentabilit\u00e4t entsprechend zu steuern. Tats\u00e4chlich k\u00f6nnen die Kunden oder verschiedenen [&hellip;]<\/p>\n","protected":false},"author":1,"featured_media":0,"parent":30394,"menu_order":8,"comment_status":"closed","ping_status":"closed","template":"","meta":{"_acf_changed":false,"footnotes":""},"class_list":["post-30309","page","type-page","status-publish","hentry"],"acf":[],"yoast_head":"<!-- This site is optimized with the Yoast SEO plugin v27.4 - https:\/\/yoast.com\/product\/yoast-seo-wordpress\/ -->\n<title>Servicekosten | Argon &amp; Co<\/title>\n<meta name=\"description\" content=\"Reduce your cost to serve with Argon &amp; Co. We define action plans, service &amp; pricing policies and implement modelling &amp; tools. Learn more.\" \/>\n<meta name=\"robots\" content=\"index, follow, max-snippet:-1, max-image-preview:large, max-video-preview:-1\" \/>\n<link rel=\"canonical\" href=\"https:\/\/www.argonandco.com\/de\/leistungen\/logistik\/servicekosten\/\" \/>\n<meta property=\"og:locale\" content=\"de_DE\" \/>\n<meta property=\"og:type\" content=\"article\" \/>\n<meta property=\"og:title\" content=\"Servicekosten | Argon &amp; Co\" \/>\n<meta property=\"og:description\" content=\"Reduce your cost to serve with Argon &amp; Co. We define action plans, service &amp; pricing policies and implement modelling &amp; tools. Learn more.\" \/>\n<meta property=\"og:url\" content=\"https:\/\/www.argonandco.com\/de\/leistungen\/logistik\/servicekosten\/\" \/>\n<meta property=\"og:site_name\" content=\"Argon &amp; Co\" \/>\n<meta property=\"article:modified_time\" content=\"2025-11-20T11:39:44+00:00\" \/>\n<meta name=\"twitter:card\" content=\"summary_large_image\" \/>\n<meta name=\"twitter:label1\" content=\"Gesch\u00e4tzte Lesezeit\" \/>\n\t<meta name=\"twitter:data1\" content=\"1 Minute\" \/>\n<script type=\"application\/ld+json\" class=\"yoast-schema-graph\">{\"@context\":\"https:\\\/\\\/schema.org\",\"@graph\":[{\"@type\":\"WebPage\",\"@id\":\"https:\\\/\\\/www.argonandco.com\\\/de\\\/leistungen\\\/logistik\\\/servicekosten\\\/\",\"url\":\"https:\\\/\\\/www.argonandco.com\\\/de\\\/leistungen\\\/logistik\\\/servicekosten\\\/\",\"name\":\"Servicekosten | Argon &amp; Co\",\"isPartOf\":{\"@id\":\"https:\\\/\\\/www.argonandco.com\\\/de\\\/#website\"},\"datePublished\":\"2019-09-11T14:14:29+00:00\",\"dateModified\":\"2025-11-20T11:39:44+00:00\",\"description\":\"Reduce your cost to serve with Argon & Co. We define action plans, service & pricing policies and implement modelling & tools. Learn more.\",\"breadcrumb\":{\"@id\":\"https:\\\/\\\/www.argonandco.com\\\/de\\\/leistungen\\\/logistik\\\/servicekosten\\\/#breadcrumb\"},\"inLanguage\":\"de\",\"potentialAction\":[{\"@type\":\"ReadAction\",\"target\":[\"https:\\\/\\\/www.argonandco.com\\\/de\\\/leistungen\\\/logistik\\\/servicekosten\\\/\"]}]},{\"@type\":\"BreadcrumbList\",\"@id\":\"https:\\\/\\\/www.argonandco.com\\\/de\\\/leistungen\\\/logistik\\\/servicekosten\\\/#breadcrumb\",\"itemListElement\":[{\"@type\":\"ListItem\",\"position\":1,\"name\":\"Home\",\"item\":\"https:\\\/\\\/www.argonandco.com\\\/de\\\/\"},{\"@type\":\"ListItem\",\"position\":2,\"name\":\"Leistungen\",\"item\":\"https:\\\/\\\/www.argonandco.com\\\/de\\\/leistungen\\\/\"},{\"@type\":\"ListItem\",\"position\":3,\"name\":\"Logistik\",\"item\":\"https:\\\/\\\/www.argonandco.com\\\/de\\\/leistungen\\\/logistik\\\/\"},{\"@type\":\"ListItem\",\"position\":4,\"name\":\"Servicekosten\"}]},{\"@type\":\"WebSite\",\"@id\":\"https:\\\/\\\/www.argonandco.com\\\/de\\\/#website\",\"url\":\"https:\\\/\\\/www.argonandco.com\\\/de\\\/\",\"name\":\"Argon &amp; Co\",\"description\":\"We help clients achieve their strategic and operational objectives, working together to transform their businesses and generate real change.\",\"potentialAction\":[{\"@type\":\"SearchAction\",\"target\":{\"@type\":\"EntryPoint\",\"urlTemplate\":\"https:\\\/\\\/www.argonandco.com\\\/de\\\/?s={search_term_string}\"},\"query-input\":{\"@type\":\"PropertyValueSpecification\",\"valueRequired\":true,\"valueName\":\"search_term_string\"}}],\"inLanguage\":\"de\"}]}<\/script>\n<!-- \/ Yoast SEO plugin. -->","yoast_head_json":{"title":"Servicekosten | Argon &amp; Co","description":"Reduce your cost to serve with Argon & Co. We define action plans, service & pricing policies and implement modelling & tools. Learn more.","robots":{"index":"index","follow":"follow","max-snippet":"max-snippet:-1","max-image-preview":"max-image-preview:large","max-video-preview":"max-video-preview:-1"},"canonical":"https:\/\/www.argonandco.com\/de\/leistungen\/logistik\/servicekosten\/","og_locale":"de_DE","og_type":"article","og_title":"Servicekosten | Argon &amp; Co","og_description":"Reduce your cost to serve with Argon & Co. We define action plans, service & pricing policies and implement modelling & tools. Learn more.","og_url":"https:\/\/www.argonandco.com\/de\/leistungen\/logistik\/servicekosten\/","og_site_name":"Argon &amp; Co","article_modified_time":"2025-11-20T11:39:44+00:00","twitter_card":"summary_large_image","twitter_misc":{"Gesch\u00e4tzte Lesezeit":"1 Minute"},"schema":{"@context":"https:\/\/schema.org","@graph":[{"@type":"WebPage","@id":"https:\/\/www.argonandco.com\/de\/leistungen\/logistik\/servicekosten\/","url":"https:\/\/www.argonandco.com\/de\/leistungen\/logistik\/servicekosten\/","name":"Servicekosten | Argon &amp; Co","isPartOf":{"@id":"https:\/\/www.argonandco.com\/de\/#website"},"datePublished":"2019-09-11T14:14:29+00:00","dateModified":"2025-11-20T11:39:44+00:00","description":"Reduce your cost to serve with Argon & Co. We define action plans, service & pricing policies and implement modelling & tools. Learn more.","breadcrumb":{"@id":"https:\/\/www.argonandco.com\/de\/leistungen\/logistik\/servicekosten\/#breadcrumb"},"inLanguage":"de","potentialAction":[{"@type":"ReadAction","target":["https:\/\/www.argonandco.com\/de\/leistungen\/logistik\/servicekosten\/"]}]},{"@type":"BreadcrumbList","@id":"https:\/\/www.argonandco.com\/de\/leistungen\/logistik\/servicekosten\/#breadcrumb","itemListElement":[{"@type":"ListItem","position":1,"name":"Home","item":"https:\/\/www.argonandco.com\/de\/"},{"@type":"ListItem","position":2,"name":"Leistungen","item":"https:\/\/www.argonandco.com\/de\/leistungen\/"},{"@type":"ListItem","position":3,"name":"Logistik","item":"https:\/\/www.argonandco.com\/de\/leistungen\/logistik\/"},{"@type":"ListItem","position":4,"name":"Servicekosten"}]},{"@type":"WebSite","@id":"https:\/\/www.argonandco.com\/de\/#website","url":"https:\/\/www.argonandco.com\/de\/","name":"Argon &amp; Co","description":"We help clients achieve their strategic and operational objectives, working together to transform their businesses and generate real change.","potentialAction":[{"@type":"SearchAction","target":{"@type":"EntryPoint","urlTemplate":"https:\/\/www.argonandco.com\/de\/?s={search_term_string}"},"query-input":{"@type":"PropertyValueSpecification","valueRequired":true,"valueName":"search_term_string"}}],"inLanguage":"de"}]}},"_links":{"self":[{"href":"https:\/\/www.argonandco.com\/de\/wp-json\/wp\/v2\/pages\/30309","targetHints":{"allow":["GET"]}}],"collection":[{"href":"https:\/\/www.argonandco.com\/de\/wp-json\/wp\/v2\/pages"}],"about":[{"href":"https:\/\/www.argonandco.com\/de\/wp-json\/wp\/v2\/types\/page"}],"author":[{"embeddable":true,"href":"https:\/\/www.argonandco.com\/de\/wp-json\/wp\/v2\/users\/1"}],"replies":[{"embeddable":true,"href":"https:\/\/www.argonandco.com\/de\/wp-json\/wp\/v2\/comments?post=30309"}],"version-history":[{"count":0,"href":"https:\/\/www.argonandco.com\/de\/wp-json\/wp\/v2\/pages\/30309\/revisions"}],"up":[{"embeddable":true,"href":"https:\/\/www.argonandco.com\/de\/wp-json\/wp\/v2\/pages\/30394"}],"wp:attachment":[{"href":"https:\/\/www.argonandco.com\/de\/wp-json\/wp\/v2\/media?parent=30309"}],"curies":[{"name":"wp","href":"https:\/\/api.w.org\/{rel}","templated":true}]}}