{"id":30306,"date":"2019-09-11T15:14:23","date_gmt":"2019-09-11T14:14:29","guid":{"rendered":"https:\/\/www.argonandco.com\/logistics-it-systems\/"},"modified":"2025-11-20T11:43:35","modified_gmt":"2025-11-20T11:43:35","slug":"logistik-it-systeme","status":"publish","type":"page","link":"https:\/\/www.argonandco.com\/de\/leistungen\/logistik\/logistik-it-systeme\/","title":{"rendered":"Logistik IT-Systeme"},"content":{"rendered":"<h2><b>Einf\u00fchrung und Herausforderungen<\/b><\/h2>\n<p><span style=\"font-weight: 400;\">Das Management von Logistikabl\u00e4ufen (Lager und Transport) muss auf einem robusten und skalierbaren IT-System basieren, das die operativen Prozesse effektiv unterst\u00fctzt und Entscheidungshilfen liefert. Die zunehmenden gesch\u00e4ftlichen Herausforderungen, denen Hersteller, Logistiker und Distributoren gegen\u00fcberstehen, bedeuten, dass ihre IT-Systeme in einem immer komplexeren und anspruchsvolleren Umfeld Anforderungen wie Optimierung, Zug\u00e4nglichkeit und Transparenz, Reaktionsf\u00e4higkeit, R\u00fcckverfolgbarkeit, Einhaltung gesetzlicher Vorschriften und Verf\u00fcgbarkeit erf\u00fcllen m\u00fcssen.<\/span><\/p>\n<p><span style=\"font-weight: 400;\">Dar\u00fcber hinaus besteht die IT-Architektur h\u00e4ufig aus spezialisierten Ausf\u00fchrungstools (WMS, WCS, TMS, OMS, Kontrollturm, Optimierungsmodule usw.), die miteinander und mit einem oder mehreren Master-Systemen oder sogar externen Systemen verbunden sind. Dies erh\u00f6ht die Komplexit\u00e4t der Integration (Schnittstellen) und der Verf\u00fcgbarkeit von Informationen in Echtzeit.<\/span><\/p>\n<p><span style=\"font-weight: 400;\">In diesem Zusammenhang ist es unerl\u00e4sslich, dass das Unternehmen \u00fcber eine echte Logistik-IT-Strategie verf\u00fcgt und sich der St\u00e4rken und Schw\u00e4chen seiner Tools bewusst ist, um sicherzustellen, dass diese weiterentwickelt werden und dazu beitragen, die Logistik zu einer Wettbewerbsst\u00e4rke zu machen.<\/span><\/p>\n<h2><b>Wie wir Ihnen helfen k\u00f6nnen<\/b><\/h2>\n<ul>\n<li>Definition der IT-Strategie: Bestandsaufnahme der aktuellen Tools, Ermittlung der funktionalen und technischen St\u00e4rken und Schw\u00e4chen sowie der Schw\u00e4chen in Bezug auf die IT-Governance (Stadtplanungsregeln, Abw\u00e4gung zwischen internen Entwicklungen und externen Tools usw.)<\/li>\n<li>Diagnose von Planungs- und Ausf\u00fchrungswerkzeugen: funktionale Abdeckung, Reifegrad der Anwender, Ermittlung der Erwartungen, Vergleich mit markt\u00fcblichen Werkzeugen<\/li>\n<li>Unterst\u00fctzung bei der Auswahl der L\u00f6sung: Definition der Zielprozesse und der damit verbundenen IT-Anforderungen, Formalisierung der Spezifikationen, Ermittlung der Auswirkungen auf die gesamte IT-Architektur, Durchf\u00fchrung der Konsultation, Vergleich der Angebote, Verhandlung und Empfehlung<\/li>\n<li>Unterst\u00fctzung bei der Konzeptpr\u00fcfung (POC) und\/oder in der Testphase: Schnittstelle zu Systemanbietern und internen IT-Teams, Formalisierung der zu testenden Szenarien, Ermittlung der Bedingungen und Modalit\u00e4ten f\u00fcr die Umsetzung (operative \u00c4nderungen, Auswirkungen auf die T\u00e4tigkeit unter realen Bedingungen usw.), \u00dcberwachung und Analyse der Ergebnisse, Empfehlungen<\/li>\n<li>Unterst\u00fctzung bei der Implementierung der L\u00f6sung: Entwicklung des Bereitstellungsplans, Festlegung einer Startstrategie, Mitwirkung an Workshops zur detaillierten Spezifikation und deren Validierung, Erstellung von Spezifikationen, Ermittlung des Schulungsbedarfs, Formalisierung der Startbedingungen, Unterst\u00fctzung nach dem Start.<\/li>\n<\/ul>\n<div id=\"gtx-trans\" style=\"position: absolute; left: 433px; top: 526.375px;\">\n<div class=\"gtx-trans-icon\"><\/div>\n<\/div>\n","protected":false},"excerpt":{"rendered":"<p>Einf\u00fchrung und Herausforderungen Das Management von Logistikabl\u00e4ufen (Lager und Transport) muss auf einem robusten und skalierbaren IT-System basieren, das die operativen Prozesse effektiv unterst\u00fctzt und Entscheidungshilfen liefert. Die zunehmenden gesch\u00e4ftlichen Herausforderungen, denen Hersteller, Logistiker und Distributoren gegen\u00fcberstehen, bedeuten, dass ihre IT-Systeme in einem immer komplexeren und anspruchsvolleren Umfeld Anforderungen wie Optimierung, Zug\u00e4nglichkeit und Transparenz, Reaktionsf\u00e4higkeit, [&hellip;]<\/p>\n","protected":false},"author":1,"featured_media":0,"parent":30394,"menu_order":13,"comment_status":"closed","ping_status":"closed","template":"","meta":{"_acf_changed":false,"footnotes":""},"class_list":["post-30306","page","type-page","status-publish","hentry"],"acf":[],"yoast_head":"<!-- This site is optimized with the Yoast SEO plugin v27.4 - https:\/\/yoast.com\/product\/yoast-seo-wordpress\/ -->\n<title>Logistik IT-Systeme | Argon &amp; Co<\/title>\n<meta name=\"description\" content=\"We improve logistics IT systems by defining the IT strategy; diagnosing planning\/execution tools; and supporting solution implementation. Learn more.\" \/>\n<meta name=\"robots\" content=\"index, follow, max-snippet:-1, max-image-preview:large, max-video-preview:-1\" \/>\n<link rel=\"canonical\" href=\"https:\/\/www.argonandco.com\/de\/leistungen\/logistik\/logistik-it-systeme\/\" \/>\n<meta property=\"og:locale\" content=\"de_DE\" \/>\n<meta property=\"og:type\" content=\"article\" \/>\n<meta property=\"og:title\" content=\"Logistik IT-Systeme | Argon &amp; Co\" \/>\n<meta property=\"og:description\" content=\"We improve logistics IT systems by defining the IT strategy; diagnosing planning\/execution tools; and supporting solution implementation. Learn more.\" \/>\n<meta property=\"og:url\" content=\"https:\/\/www.argonandco.com\/de\/leistungen\/logistik\/logistik-it-systeme\/\" \/>\n<meta property=\"og:site_name\" content=\"Argon &amp; Co\" \/>\n<meta property=\"article:modified_time\" content=\"2025-11-20T11:43:35+00:00\" \/>\n<meta name=\"twitter:card\" content=\"summary_large_image\" \/>\n<meta name=\"twitter:label1\" content=\"Gesch\u00e4tzte Lesezeit\" \/>\n\t<meta name=\"twitter:data1\" content=\"2 Minuten\" \/>\n<script type=\"application\/ld+json\" class=\"yoast-schema-graph\">{\"@context\":\"https:\\\/\\\/schema.org\",\"@graph\":[{\"@type\":\"WebPage\",\"@id\":\"https:\\\/\\\/www.argonandco.com\\\/de\\\/leistungen\\\/logistik\\\/logistik-it-systeme\\\/\",\"url\":\"https:\\\/\\\/www.argonandco.com\\\/de\\\/leistungen\\\/logistik\\\/logistik-it-systeme\\\/\",\"name\":\"Logistik IT-Systeme | Argon &amp; Co\",\"isPartOf\":{\"@id\":\"https:\\\/\\\/www.argonandco.com\\\/de\\\/#website\"},\"datePublished\":\"2019-09-11T14:14:29+00:00\",\"dateModified\":\"2025-11-20T11:43:35+00:00\",\"description\":\"We improve logistics IT systems by defining the IT strategy; diagnosing planning\\\/execution tools; and supporting solution implementation. Learn more.\",\"breadcrumb\":{\"@id\":\"https:\\\/\\\/www.argonandco.com\\\/de\\\/leistungen\\\/logistik\\\/logistik-it-systeme\\\/#breadcrumb\"},\"inLanguage\":\"de\",\"potentialAction\":[{\"@type\":\"ReadAction\",\"target\":[\"https:\\\/\\\/www.argonandco.com\\\/de\\\/leistungen\\\/logistik\\\/logistik-it-systeme\\\/\"]}]},{\"@type\":\"BreadcrumbList\",\"@id\":\"https:\\\/\\\/www.argonandco.com\\\/de\\\/leistungen\\\/logistik\\\/logistik-it-systeme\\\/#breadcrumb\",\"itemListElement\":[{\"@type\":\"ListItem\",\"position\":1,\"name\":\"Home\",\"item\":\"https:\\\/\\\/www.argonandco.com\\\/de\\\/\"},{\"@type\":\"ListItem\",\"position\":2,\"name\":\"Leistungen\",\"item\":\"https:\\\/\\\/www.argonandco.com\\\/de\\\/leistungen\\\/\"},{\"@type\":\"ListItem\",\"position\":3,\"name\":\"Logistik\",\"item\":\"https:\\\/\\\/www.argonandco.com\\\/de\\\/leistungen\\\/logistik\\\/\"},{\"@type\":\"ListItem\",\"position\":4,\"name\":\"Logistik IT-Systeme\"}]},{\"@type\":\"WebSite\",\"@id\":\"https:\\\/\\\/www.argonandco.com\\\/de\\\/#website\",\"url\":\"https:\\\/\\\/www.argonandco.com\\\/de\\\/\",\"name\":\"Argon &amp; Co\",\"description\":\"We help clients achieve their strategic and operational objectives, working together to transform their businesses and generate real change.\",\"potentialAction\":[{\"@type\":\"SearchAction\",\"target\":{\"@type\":\"EntryPoint\",\"urlTemplate\":\"https:\\\/\\\/www.argonandco.com\\\/de\\\/?s={search_term_string}\"},\"query-input\":{\"@type\":\"PropertyValueSpecification\",\"valueRequired\":true,\"valueName\":\"search_term_string\"}}],\"inLanguage\":\"de\"}]}<\/script>\n<!-- \/ Yoast SEO plugin. -->","yoast_head_json":{"title":"Logistik IT-Systeme | Argon &amp; Co","description":"We improve logistics IT systems by defining the IT strategy; diagnosing planning\/execution tools; and supporting solution implementation. Learn more.","robots":{"index":"index","follow":"follow","max-snippet":"max-snippet:-1","max-image-preview":"max-image-preview:large","max-video-preview":"max-video-preview:-1"},"canonical":"https:\/\/www.argonandco.com\/de\/leistungen\/logistik\/logistik-it-systeme\/","og_locale":"de_DE","og_type":"article","og_title":"Logistik IT-Systeme | Argon &amp; Co","og_description":"We improve logistics IT systems by defining the IT strategy; diagnosing planning\/execution tools; and supporting solution implementation. Learn more.","og_url":"https:\/\/www.argonandco.com\/de\/leistungen\/logistik\/logistik-it-systeme\/","og_site_name":"Argon &amp; Co","article_modified_time":"2025-11-20T11:43:35+00:00","twitter_card":"summary_large_image","twitter_misc":{"Gesch\u00e4tzte Lesezeit":"2 Minuten"},"schema":{"@context":"https:\/\/schema.org","@graph":[{"@type":"WebPage","@id":"https:\/\/www.argonandco.com\/de\/leistungen\/logistik\/logistik-it-systeme\/","url":"https:\/\/www.argonandco.com\/de\/leistungen\/logistik\/logistik-it-systeme\/","name":"Logistik IT-Systeme | Argon &amp; Co","isPartOf":{"@id":"https:\/\/www.argonandco.com\/de\/#website"},"datePublished":"2019-09-11T14:14:29+00:00","dateModified":"2025-11-20T11:43:35+00:00","description":"We improve logistics IT systems by defining the IT strategy; diagnosing planning\/execution tools; and supporting solution implementation. Learn more.","breadcrumb":{"@id":"https:\/\/www.argonandco.com\/de\/leistungen\/logistik\/logistik-it-systeme\/#breadcrumb"},"inLanguage":"de","potentialAction":[{"@type":"ReadAction","target":["https:\/\/www.argonandco.com\/de\/leistungen\/logistik\/logistik-it-systeme\/"]}]},{"@type":"BreadcrumbList","@id":"https:\/\/www.argonandco.com\/de\/leistungen\/logistik\/logistik-it-systeme\/#breadcrumb","itemListElement":[{"@type":"ListItem","position":1,"name":"Home","item":"https:\/\/www.argonandco.com\/de\/"},{"@type":"ListItem","position":2,"name":"Leistungen","item":"https:\/\/www.argonandco.com\/de\/leistungen\/"},{"@type":"ListItem","position":3,"name":"Logistik","item":"https:\/\/www.argonandco.com\/de\/leistungen\/logistik\/"},{"@type":"ListItem","position":4,"name":"Logistik IT-Systeme"}]},{"@type":"WebSite","@id":"https:\/\/www.argonandco.com\/de\/#website","url":"https:\/\/www.argonandco.com\/de\/","name":"Argon &amp; Co","description":"We help clients achieve their strategic and operational objectives, working together to transform their businesses and generate real change.","potentialAction":[{"@type":"SearchAction","target":{"@type":"EntryPoint","urlTemplate":"https:\/\/www.argonandco.com\/de\/?s={search_term_string}"},"query-input":{"@type":"PropertyValueSpecification","valueRequired":true,"valueName":"search_term_string"}}],"inLanguage":"de"}]}},"_links":{"self":[{"href":"https:\/\/www.argonandco.com\/de\/wp-json\/wp\/v2\/pages\/30306","targetHints":{"allow":["GET"]}}],"collection":[{"href":"https:\/\/www.argonandco.com\/de\/wp-json\/wp\/v2\/pages"}],"about":[{"href":"https:\/\/www.argonandco.com\/de\/wp-json\/wp\/v2\/types\/page"}],"author":[{"embeddable":true,"href":"https:\/\/www.argonandco.com\/de\/wp-json\/wp\/v2\/users\/1"}],"replies":[{"embeddable":true,"href":"https:\/\/www.argonandco.com\/de\/wp-json\/wp\/v2\/comments?post=30306"}],"version-history":[{"count":0,"href":"https:\/\/www.argonandco.com\/de\/wp-json\/wp\/v2\/pages\/30306\/revisions"}],"up":[{"embeddable":true,"href":"https:\/\/www.argonandco.com\/de\/wp-json\/wp\/v2\/pages\/30394"}],"wp:attachment":[{"href":"https:\/\/www.argonandco.com\/de\/wp-json\/wp\/v2\/media?parent=30306"}],"curies":[{"name":"wp","href":"https:\/\/api.w.org\/{rel}","templated":true}]}}