{"id":30305,"date":"2019-09-11T15:14:23","date_gmt":"2019-09-11T14:14:29","guid":{"rendered":"https:\/\/www.argonandco.com\/rescue-and-recovery\/"},"modified":"2025-11-20T11:43:50","modified_gmt":"2025-11-20T11:43:50","slug":"logistik-krisenmanagement","status":"publish","type":"page","link":"https:\/\/www.argonandco.com\/de\/leistungen\/logistik\/logistik-krisenmanagement\/","title":{"rendered":"Logistik-Krisenmanagement"},"content":{"rendered":"<h2><b>Einf\u00fchrung und Herausforderungen<\/b><\/h2>\n<p>Multi-Channel-Management, Automatisierung, starke Integration mit Partnern &#8230; Logistikabl\u00e4ufe und Lager erm\u00f6glichen zwar die Verwaltung wesentlich komplexerer Vorg\u00e4nge als fr\u00fcher, sind aber auch krisenanf\u00e4lliger. Ausgel\u00f6st durch wesentliche \u00c4nderungen in der Ablauflogik, durch strukturelle Ver\u00e4nderungen in der internen oder externen Organisation des Unternehmens oder durch die Einf\u00fchrung neuer Tools oder Anlagen, hat eine Logistikkrise starke und sichtbare Symptome, die das gesamte Unternehmen gef\u00e4hrden k\u00f6nnen: Ausfall von Dienstleistungen, Verlust des Kundenvertrauens, Verschlechterung des Arbeitsumfelds und Kostensteigerungen.<\/p>\n<p><span style=\"font-weight: 400;\">Eine Logistikkrise l\u00e4sst sich nicht mit den \u00fcblichen Organisationsstrukturen und Prozessen bew\u00e4ltigen. Wenn die Leistungsverschlechterung pl\u00f6tzlich und stark eintritt, wird es schwierig, die Leistung aufrechtzuerhalten, und die traditionellen Prozesse des Unternehmens kommen zum Erliegen.<\/span><\/p>\n<p><span style=\"font-weight: 400;\">Die Bew\u00e4ltigung einer Krise erfordert ein engagiertes Management vor Ort, das schnelle Entscheidungen und eine agile Umsetzung von Ma\u00dfnahmen beg\u00fcnstigt, um rasch wieder zu einer akzeptablen Leistungsf\u00e4higkeit zur\u00fcckzukehren. Das Unternehmen muss kurzfristig erfahrene und kompetente Teams mobilisieren, die \u00fcber Entscheidungsbefugnisse, bew\u00e4hrte Methoden und eine starke F\u00fchrungskompetenz verf\u00fcgen.<\/span><\/p>\n<h2><b>Wie wir Ihnen helfen k\u00f6nnen<\/b><\/h2>\n<p><span style=\"font-weight: 400;\">Dank unserer langj\u00e4hrigen Erfahrung k\u00f6nnen wir schnell ein System und eine Methodik mobilisieren, um eine akzeptable Leistung wiederherzustellen:<\/span><\/p>\n<ul>\n<li>Rahmenbedingungen: Diese kurze Vorbereitungsphase von einigen Tagen erm\u00f6glicht es, den Umfang der Mission zu definieren, einschlie\u00dflich des Leistungsniveaus, das zur \u00dcberwindung der Krise erreicht werden muss, der Identifizierung der Schl\u00fcsselpersonen und des Reifegrades der vorhandenen Teams sowie des Governance-Rahmens.<\/li>\n<li>Entwicklung des Turnaround-Plans: Dank der Erfahrung unserer Experten und unserer Tools k\u00f6nnen wir kritische Fehler schnell lokalisieren und auf der Grundlage der verf\u00fcgbaren Informationen Analysen durchf\u00fchren, um pragmatische Verbesserungsma\u00dfnahmen zu identifizieren und schnell zu handeln. Unser Toolkit erm\u00f6glicht es au\u00dferdem, eine an die Situation angepasste Governance einzurichten und kombiniert Pr\u00e4senz vor Ort mit Backoffice-Unterst\u00fctzung, um mehrere Projekte parallel umzusetzen.<\/li>\n<li>Umsetzung des Turnaround-Plans: In dieser Phase koordinieren wir die Umsetzung der identifizierten Ma\u00dfnahmen, messen deren Wirksamkeit (vorl\u00e4ufige KPIs) und unterst\u00fctzen die Teams. Wir passen die Governance fortlaufend an, um wieder ein nachhaltiges Betriebsumfeld herzustellen.<\/li>\n<li>Bewertung und Sicherung des Turnarounds: In dieser letzten Phase werden die identifizierten Ums\u00e4tze gesichert und der Turnaround in den Teams verankert. Au\u00dferdem kann das Unternehmen die Krise nutzen, um seine Kontinuit\u00e4tspl\u00e4ne und Krisenmanagementprozesse zu aktualisieren.<\/li>\n<\/ul>\n<div id=\"gtx-trans\" style=\"position: absolute; left: 402px; top: 594.375px;\">\n<div class=\"gtx-trans-icon\"><\/div>\n<\/div>\n","protected":false},"excerpt":{"rendered":"<p>Einf\u00fchrung und Herausforderungen Multi-Channel-Management, Automatisierung, starke Integration mit Partnern &#8230; Logistikabl\u00e4ufe und Lager erm\u00f6glichen zwar die Verwaltung wesentlich komplexerer Vorg\u00e4nge als fr\u00fcher, sind aber auch krisenanf\u00e4lliger. Ausgel\u00f6st durch wesentliche \u00c4nderungen in der Ablauflogik, durch strukturelle Ver\u00e4nderungen in der internen oder externen Organisation des Unternehmens oder durch die Einf\u00fchrung neuer Tools oder Anlagen, hat eine Logistikkrise [&hellip;]<\/p>\n","protected":false},"author":1,"featured_media":0,"parent":30394,"menu_order":14,"comment_status":"closed","ping_status":"closed","template":"","meta":{"_acf_changed":false,"footnotes":""},"class_list":["post-30305","page","type-page","status-publish","hentry"],"acf":[],"yoast_head":"<!-- This site is optimized with the Yoast SEO plugin v27.4 - https:\/\/yoast.com\/product\/yoast-seo-wordpress\/ -->\n<title>Logistik-Krisenmanagement | Argon &amp; Co<\/title>\n<meta name=\"description\" content=\"Argon &amp; Co&#039;s experience allows us to quickly mobilise a system and methodology to restore acceptable performance following a logistics crisis. Learn more.\" \/>\n<meta name=\"robots\" content=\"index, follow, max-snippet:-1, max-image-preview:large, max-video-preview:-1\" \/>\n<link rel=\"canonical\" href=\"https:\/\/www.argonandco.com\/de\/leistungen\/logistik\/logistik-krisenmanagement\/\" \/>\n<meta property=\"og:locale\" content=\"de_DE\" \/>\n<meta property=\"og:type\" content=\"article\" \/>\n<meta property=\"og:title\" content=\"Logistik-Krisenmanagement | Argon &amp; Co\" \/>\n<meta property=\"og:description\" content=\"Argon &amp; Co&#039;s experience allows us to quickly mobilise a system and methodology to restore acceptable performance following a logistics crisis. Learn more.\" \/>\n<meta property=\"og:url\" content=\"https:\/\/www.argonandco.com\/de\/leistungen\/logistik\/logistik-krisenmanagement\/\" \/>\n<meta property=\"og:site_name\" content=\"Argon &amp; Co\" \/>\n<meta property=\"article:modified_time\" content=\"2025-11-20T11:43:50+00:00\" \/>\n<meta name=\"twitter:card\" content=\"summary_large_image\" \/>\n<meta name=\"twitter:label1\" content=\"Gesch\u00e4tzte Lesezeit\" \/>\n\t<meta name=\"twitter:data1\" content=\"2 Minuten\" \/>\n<script type=\"application\/ld+json\" class=\"yoast-schema-graph\">{\"@context\":\"https:\\\/\\\/schema.org\",\"@graph\":[{\"@type\":\"WebPage\",\"@id\":\"https:\\\/\\\/www.argonandco.com\\\/de\\\/leistungen\\\/logistik\\\/logistik-krisenmanagement\\\/\",\"url\":\"https:\\\/\\\/www.argonandco.com\\\/de\\\/leistungen\\\/logistik\\\/logistik-krisenmanagement\\\/\",\"name\":\"Logistik-Krisenmanagement | Argon &amp; Co\",\"isPartOf\":{\"@id\":\"https:\\\/\\\/www.argonandco.com\\\/de\\\/#website\"},\"datePublished\":\"2019-09-11T14:14:29+00:00\",\"dateModified\":\"2025-11-20T11:43:50+00:00\",\"description\":\"Argon & Co's experience allows us to quickly mobilise a system and methodology to restore acceptable performance following a logistics crisis. Learn more.\",\"breadcrumb\":{\"@id\":\"https:\\\/\\\/www.argonandco.com\\\/de\\\/leistungen\\\/logistik\\\/logistik-krisenmanagement\\\/#breadcrumb\"},\"inLanguage\":\"de\",\"potentialAction\":[{\"@type\":\"ReadAction\",\"target\":[\"https:\\\/\\\/www.argonandco.com\\\/de\\\/leistungen\\\/logistik\\\/logistik-krisenmanagement\\\/\"]}]},{\"@type\":\"BreadcrumbList\",\"@id\":\"https:\\\/\\\/www.argonandco.com\\\/de\\\/leistungen\\\/logistik\\\/logistik-krisenmanagement\\\/#breadcrumb\",\"itemListElement\":[{\"@type\":\"ListItem\",\"position\":1,\"name\":\"Home\",\"item\":\"https:\\\/\\\/www.argonandco.com\\\/de\\\/\"},{\"@type\":\"ListItem\",\"position\":2,\"name\":\"Leistungen\",\"item\":\"https:\\\/\\\/www.argonandco.com\\\/de\\\/leistungen\\\/\"},{\"@type\":\"ListItem\",\"position\":3,\"name\":\"Logistik\",\"item\":\"https:\\\/\\\/www.argonandco.com\\\/de\\\/leistungen\\\/logistik\\\/\"},{\"@type\":\"ListItem\",\"position\":4,\"name\":\"Logistik-Krisenmanagement\"}]},{\"@type\":\"WebSite\",\"@id\":\"https:\\\/\\\/www.argonandco.com\\\/de\\\/#website\",\"url\":\"https:\\\/\\\/www.argonandco.com\\\/de\\\/\",\"name\":\"Argon &amp; Co\",\"description\":\"We help clients achieve their strategic and operational objectives, working together to transform their businesses and generate real change.\",\"potentialAction\":[{\"@type\":\"SearchAction\",\"target\":{\"@type\":\"EntryPoint\",\"urlTemplate\":\"https:\\\/\\\/www.argonandco.com\\\/de\\\/?s={search_term_string}\"},\"query-input\":{\"@type\":\"PropertyValueSpecification\",\"valueRequired\":true,\"valueName\":\"search_term_string\"}}],\"inLanguage\":\"de\"}]}<\/script>\n<!-- \/ Yoast SEO plugin. -->","yoast_head_json":{"title":"Logistik-Krisenmanagement | Argon &amp; Co","description":"Argon & Co's experience allows us to quickly mobilise a system and methodology to restore acceptable performance following a logistics crisis. Learn more.","robots":{"index":"index","follow":"follow","max-snippet":"max-snippet:-1","max-image-preview":"max-image-preview:large","max-video-preview":"max-video-preview:-1"},"canonical":"https:\/\/www.argonandco.com\/de\/leistungen\/logistik\/logistik-krisenmanagement\/","og_locale":"de_DE","og_type":"article","og_title":"Logistik-Krisenmanagement | Argon &amp; Co","og_description":"Argon & Co's experience allows us to quickly mobilise a system and methodology to restore acceptable performance following a logistics crisis. Learn more.","og_url":"https:\/\/www.argonandco.com\/de\/leistungen\/logistik\/logistik-krisenmanagement\/","og_site_name":"Argon &amp; Co","article_modified_time":"2025-11-20T11:43:50+00:00","twitter_card":"summary_large_image","twitter_misc":{"Gesch\u00e4tzte Lesezeit":"2 Minuten"},"schema":{"@context":"https:\/\/schema.org","@graph":[{"@type":"WebPage","@id":"https:\/\/www.argonandco.com\/de\/leistungen\/logistik\/logistik-krisenmanagement\/","url":"https:\/\/www.argonandco.com\/de\/leistungen\/logistik\/logistik-krisenmanagement\/","name":"Logistik-Krisenmanagement | Argon &amp; Co","isPartOf":{"@id":"https:\/\/www.argonandco.com\/de\/#website"},"datePublished":"2019-09-11T14:14:29+00:00","dateModified":"2025-11-20T11:43:50+00:00","description":"Argon & Co's experience allows us to quickly mobilise a system and methodology to restore acceptable performance following a logistics crisis. Learn more.","breadcrumb":{"@id":"https:\/\/www.argonandco.com\/de\/leistungen\/logistik\/logistik-krisenmanagement\/#breadcrumb"},"inLanguage":"de","potentialAction":[{"@type":"ReadAction","target":["https:\/\/www.argonandco.com\/de\/leistungen\/logistik\/logistik-krisenmanagement\/"]}]},{"@type":"BreadcrumbList","@id":"https:\/\/www.argonandco.com\/de\/leistungen\/logistik\/logistik-krisenmanagement\/#breadcrumb","itemListElement":[{"@type":"ListItem","position":1,"name":"Home","item":"https:\/\/www.argonandco.com\/de\/"},{"@type":"ListItem","position":2,"name":"Leistungen","item":"https:\/\/www.argonandco.com\/de\/leistungen\/"},{"@type":"ListItem","position":3,"name":"Logistik","item":"https:\/\/www.argonandco.com\/de\/leistungen\/logistik\/"},{"@type":"ListItem","position":4,"name":"Logistik-Krisenmanagement"}]},{"@type":"WebSite","@id":"https:\/\/www.argonandco.com\/de\/#website","url":"https:\/\/www.argonandco.com\/de\/","name":"Argon &amp; Co","description":"We help clients achieve their strategic and operational objectives, working together to transform their businesses and generate real change.","potentialAction":[{"@type":"SearchAction","target":{"@type":"EntryPoint","urlTemplate":"https:\/\/www.argonandco.com\/de\/?s={search_term_string}"},"query-input":{"@type":"PropertyValueSpecification","valueRequired":true,"valueName":"search_term_string"}}],"inLanguage":"de"}]}},"_links":{"self":[{"href":"https:\/\/www.argonandco.com\/de\/wp-json\/wp\/v2\/pages\/30305","targetHints":{"allow":["GET"]}}],"collection":[{"href":"https:\/\/www.argonandco.com\/de\/wp-json\/wp\/v2\/pages"}],"about":[{"href":"https:\/\/www.argonandco.com\/de\/wp-json\/wp\/v2\/types\/page"}],"author":[{"embeddable":true,"href":"https:\/\/www.argonandco.com\/de\/wp-json\/wp\/v2\/users\/1"}],"replies":[{"embeddable":true,"href":"https:\/\/www.argonandco.com\/de\/wp-json\/wp\/v2\/comments?post=30305"}],"version-history":[{"count":0,"href":"https:\/\/www.argonandco.com\/de\/wp-json\/wp\/v2\/pages\/30305\/revisions"}],"up":[{"embeddable":true,"href":"https:\/\/www.argonandco.com\/de\/wp-json\/wp\/v2\/pages\/30394"}],"wp:attachment":[{"href":"https:\/\/www.argonandco.com\/de\/wp-json\/wp\/v2\/media?parent=30305"}],"curies":[{"name":"wp","href":"https:\/\/api.w.org\/{rel}","templated":true}]}}