{"id":30302,"date":"2019-09-11T15:15:23","date_gmt":"2019-09-11T14:15:26","guid":{"rendered":"https:\/\/www.argonandco.com\/manufacturing-footprint\/"},"modified":"2025-07-14T14:05:27","modified_gmt":"2025-07-14T13:05:27","slug":"manufacturing-footprint","status":"publish","type":"page","link":"https:\/\/www.argonandco.com\/de\/leistungen\/produzierendes-gewerbe\/manufacturing-footprint\/","title":{"rendered":"Manufacturing footprint"},"content":{"rendered":"<h2><b>Einf\u00fchrung und Herausforderungen<\/b><\/h2>\n<p><span class=\"intro\" style=\"font-weight: 400;\">Die industrielle Welt ver\u00e4ndert sich, ebenso wie die Hersteller. Ver\u00e4nderungen auf den M\u00e4rkten wie die Globalisierung und das Aufkommen von Niedriglohnl\u00e4ndern, die Entwicklung des Kundenverhaltens und der Kundennachfrage hinsichtlich des erwarteten Serviceniveaus, der N\u00e4he und des Preisdrucks sowie Ver\u00e4nderungen in den Unternehmen (Entwicklung neuer Produkte und M\u00e4rkte, \u00dcbernahmen usw.) sind allesamt Variablen, die Fertigungsunternehmen dazu veranlassen, ihre Entwicklungsstrategie zu \u00fcberdenken.<\/span><\/p>\n<p>Daher ist es notwendig, die Fertigungsstrukturen (und die Lieferkette\/Logistik) an diese Entwicklungsstrategien anzupassen.<\/p>\n<p>Die Neugestaltung der Fertigungsstandorte eines Unternehmens zielt darauf ab, die Positionierung der Produktionseinheiten in Bezug auf geografische Lage, Gr\u00f6\u00dfe, Produktionstechnologien und Produktpalette zu verbessern. Die Pl\u00e4ne werden unter Ber\u00fccksichtigung der Gesch\u00e4ftsstrategie, einschlie\u00dflich M\u00e4rkte, Volumen und Produkte, entwickelt. Die Idee ist, die optimale L\u00f6sung unter Ber\u00fccksichtigung der N\u00e4he zu Kunden und zum Produkt-\/Prozessdesign und zu Lieferanten oder Rohstoffreserven, Kosteneinsparungen (Vereinfachung der Logistik, Arbeitskosten), Risiken (sozial und politisch) und Managementkapazit\u00e4ten (Talentgewinnung, Vielseitigkeit) zu entwerfen.<\/p>\n<p>Die zentrale Frage lautet: Wie kann unter Ber\u00fccksichtigung der gesch\u00e4ftlichen Rahmenbedingungen am effizientesten produziert werden?<\/p>\n<h2><b>Wie wir helfen k\u00f6nnen\u00a0<\/b><\/h2>\n<p>Wir unterst\u00fctzen unsere Kunden in jeder Entwicklungsphase der Fertigungsstrategie:<\/p>\n<ul>\n<li>Definition der Fertigungsstrategie oder wie man so produziert, dass die Gesch\u00e4ftserwartungen erf\u00fcllt werden<\/li>\n<li>Entwurf von Fertigungspl\u00e4nen (mittel- bis langfristige Vision) unter Verwendung unserer Modellierungs- und Optimierungstools<\/li>\n<li>Identifizierung geeigneter technischer, finanzieller und personeller Ressourcen<\/li>\n<li>Vereinbarkeit mit \u00f6kologischen, menschlichen, geografischen und kulturellen Rahmenbedingungen<\/li>\n<li>Erstellung eines Change-Management-Plans f\u00fcr die Umsetzung<\/li>\n<li>Einf\u00fchrung und Umsetzung des Plans<\/li>\n<\/ul>\n<div id=\"gtx-trans\" style=\"position: absolute; left: 216px; top: 52px;\">\n<div class=\"gtx-trans-icon\"><\/div>\n<\/div>\n","protected":false},"excerpt":{"rendered":"<p>Einf\u00fchrung und Herausforderungen Die industrielle Welt ver\u00e4ndert sich, ebenso wie die Hersteller. Ver\u00e4nderungen auf den M\u00e4rkten wie die Globalisierung und das Aufkommen von Niedriglohnl\u00e4ndern, die Entwicklung des Kundenverhaltens und der Kundennachfrage hinsichtlich des erwarteten Serviceniveaus, der N\u00e4he und des Preisdrucks sowie Ver\u00e4nderungen in den Unternehmen (Entwicklung neuer Produkte und M\u00e4rkte, \u00dcbernahmen usw.) sind allesamt Variablen, [&hellip;]<\/p>\n","protected":false},"author":1,"featured_media":0,"parent":30409,"menu_order":0,"comment_status":"closed","ping_status":"closed","template":"","meta":{"_acf_changed":false,"footnotes":""},"class_list":["post-30302","page","type-page","status-publish","hentry"],"acf":[],"yoast_head":"<!-- This site is optimized with the Yoast SEO plugin v27.4 - https:\/\/yoast.com\/product\/yoast-seo-wordpress\/ -->\n<title>Manufacturing footprint - Argon &amp; Co<\/title>\n<meta name=\"robots\" content=\"index, follow, max-snippet:-1, max-image-preview:large, max-video-preview:-1\" \/>\n<link rel=\"canonical\" href=\"https:\/\/www.argonandco.com\/de\/leistungen\/produzierendes-gewerbe\/manufacturing-footprint\/\" \/>\n<meta property=\"og:locale\" content=\"de_DE\" \/>\n<meta property=\"og:type\" content=\"article\" \/>\n<meta property=\"og:title\" content=\"Manufacturing footprint - Argon &amp; Co\" \/>\n<meta property=\"og:description\" content=\"Einf\u00fchrung und Herausforderungen Die industrielle Welt ver\u00e4ndert sich, ebenso wie die Hersteller. Ver\u00e4nderungen auf den M\u00e4rkten wie die Globalisierung und das Aufkommen von Niedriglohnl\u00e4ndern, die Entwicklung des Kundenverhaltens und der Kundennachfrage hinsichtlich des erwarteten Serviceniveaus, der N\u00e4he und des Preisdrucks sowie Ver\u00e4nderungen in den Unternehmen (Entwicklung neuer Produkte und M\u00e4rkte, \u00dcbernahmen usw.) sind allesamt Variablen, [&hellip;]\" \/>\n<meta property=\"og:url\" content=\"https:\/\/www.argonandco.com\/de\/leistungen\/produzierendes-gewerbe\/manufacturing-footprint\/\" \/>\n<meta property=\"og:site_name\" content=\"Argon &amp; Co\" \/>\n<meta property=\"article:modified_time\" content=\"2025-07-14T13:05:27+00:00\" \/>\n<meta name=\"twitter:card\" content=\"summary_large_image\" \/>\n<meta name=\"twitter:label1\" content=\"Gesch\u00e4tzte Lesezeit\" \/>\n\t<meta name=\"twitter:data1\" content=\"1 Minute\" \/>\n<script type=\"application\/ld+json\" class=\"yoast-schema-graph\">{\"@context\":\"https:\\\/\\\/schema.org\",\"@graph\":[{\"@type\":\"WebPage\",\"@id\":\"https:\\\/\\\/www.argonandco.com\\\/de\\\/leistungen\\\/produzierendes-gewerbe\\\/manufacturing-footprint\\\/\",\"url\":\"https:\\\/\\\/www.argonandco.com\\\/de\\\/leistungen\\\/produzierendes-gewerbe\\\/manufacturing-footprint\\\/\",\"name\":\"Manufacturing footprint - Argon &amp; Co\",\"isPartOf\":{\"@id\":\"https:\\\/\\\/www.argonandco.com\\\/de\\\/#website\"},\"datePublished\":\"2019-09-11T14:15:26+00:00\",\"dateModified\":\"2025-07-14T13:05:27+00:00\",\"breadcrumb\":{\"@id\":\"https:\\\/\\\/www.argonandco.com\\\/de\\\/leistungen\\\/produzierendes-gewerbe\\\/manufacturing-footprint\\\/#breadcrumb\"},\"inLanguage\":\"de\",\"potentialAction\":[{\"@type\":\"ReadAction\",\"target\":[\"https:\\\/\\\/www.argonandco.com\\\/de\\\/leistungen\\\/produzierendes-gewerbe\\\/manufacturing-footprint\\\/\"]}]},{\"@type\":\"BreadcrumbList\",\"@id\":\"https:\\\/\\\/www.argonandco.com\\\/de\\\/leistungen\\\/produzierendes-gewerbe\\\/manufacturing-footprint\\\/#breadcrumb\",\"itemListElement\":[{\"@type\":\"ListItem\",\"position\":1,\"name\":\"Home\",\"item\":\"https:\\\/\\\/www.argonandco.com\\\/de\\\/\"},{\"@type\":\"ListItem\",\"position\":2,\"name\":\"Leistungen\",\"item\":\"https:\\\/\\\/www.argonandco.com\\\/de\\\/leistungen\\\/\"},{\"@type\":\"ListItem\",\"position\":3,\"name\":\"Produzierendes Gewerbe\",\"item\":\"https:\\\/\\\/www.argonandco.com\\\/de\\\/leistungen\\\/produzierendes-gewerbe\\\/\"},{\"@type\":\"ListItem\",\"position\":4,\"name\":\"Manufacturing footprint\"}]},{\"@type\":\"WebSite\",\"@id\":\"https:\\\/\\\/www.argonandco.com\\\/de\\\/#website\",\"url\":\"https:\\\/\\\/www.argonandco.com\\\/de\\\/\",\"name\":\"Argon &amp; Co\",\"description\":\"We help clients achieve their strategic and operational objectives, working together to transform their businesses and generate real change.\",\"potentialAction\":[{\"@type\":\"SearchAction\",\"target\":{\"@type\":\"EntryPoint\",\"urlTemplate\":\"https:\\\/\\\/www.argonandco.com\\\/de\\\/?s={search_term_string}\"},\"query-input\":{\"@type\":\"PropertyValueSpecification\",\"valueRequired\":true,\"valueName\":\"search_term_string\"}}],\"inLanguage\":\"de\"}]}<\/script>\n<!-- \/ Yoast SEO plugin. -->","yoast_head_json":{"title":"Manufacturing footprint - Argon &amp; Co","robots":{"index":"index","follow":"follow","max-snippet":"max-snippet:-1","max-image-preview":"max-image-preview:large","max-video-preview":"max-video-preview:-1"},"canonical":"https:\/\/www.argonandco.com\/de\/leistungen\/produzierendes-gewerbe\/manufacturing-footprint\/","og_locale":"de_DE","og_type":"article","og_title":"Manufacturing footprint - Argon &amp; Co","og_description":"Einf\u00fchrung und Herausforderungen Die industrielle Welt ver\u00e4ndert sich, ebenso wie die Hersteller. Ver\u00e4nderungen auf den M\u00e4rkten wie die Globalisierung und das Aufkommen von Niedriglohnl\u00e4ndern, die Entwicklung des Kundenverhaltens und der Kundennachfrage hinsichtlich des erwarteten Serviceniveaus, der N\u00e4he und des Preisdrucks sowie Ver\u00e4nderungen in den Unternehmen (Entwicklung neuer Produkte und M\u00e4rkte, \u00dcbernahmen usw.) sind allesamt Variablen, [&hellip;]","og_url":"https:\/\/www.argonandco.com\/de\/leistungen\/produzierendes-gewerbe\/manufacturing-footprint\/","og_site_name":"Argon &amp; Co","article_modified_time":"2025-07-14T13:05:27+00:00","twitter_card":"summary_large_image","twitter_misc":{"Gesch\u00e4tzte Lesezeit":"1 Minute"},"schema":{"@context":"https:\/\/schema.org","@graph":[{"@type":"WebPage","@id":"https:\/\/www.argonandco.com\/de\/leistungen\/produzierendes-gewerbe\/manufacturing-footprint\/","url":"https:\/\/www.argonandco.com\/de\/leistungen\/produzierendes-gewerbe\/manufacturing-footprint\/","name":"Manufacturing footprint - Argon &amp; Co","isPartOf":{"@id":"https:\/\/www.argonandco.com\/de\/#website"},"datePublished":"2019-09-11T14:15:26+00:00","dateModified":"2025-07-14T13:05:27+00:00","breadcrumb":{"@id":"https:\/\/www.argonandco.com\/de\/leistungen\/produzierendes-gewerbe\/manufacturing-footprint\/#breadcrumb"},"inLanguage":"de","potentialAction":[{"@type":"ReadAction","target":["https:\/\/www.argonandco.com\/de\/leistungen\/produzierendes-gewerbe\/manufacturing-footprint\/"]}]},{"@type":"BreadcrumbList","@id":"https:\/\/www.argonandco.com\/de\/leistungen\/produzierendes-gewerbe\/manufacturing-footprint\/#breadcrumb","itemListElement":[{"@type":"ListItem","position":1,"name":"Home","item":"https:\/\/www.argonandco.com\/de\/"},{"@type":"ListItem","position":2,"name":"Leistungen","item":"https:\/\/www.argonandco.com\/de\/leistungen\/"},{"@type":"ListItem","position":3,"name":"Produzierendes Gewerbe","item":"https:\/\/www.argonandco.com\/de\/leistungen\/produzierendes-gewerbe\/"},{"@type":"ListItem","position":4,"name":"Manufacturing footprint"}]},{"@type":"WebSite","@id":"https:\/\/www.argonandco.com\/de\/#website","url":"https:\/\/www.argonandco.com\/de\/","name":"Argon &amp; Co","description":"We help clients achieve their strategic and operational objectives, working together to transform their businesses and generate real change.","potentialAction":[{"@type":"SearchAction","target":{"@type":"EntryPoint","urlTemplate":"https:\/\/www.argonandco.com\/de\/?s={search_term_string}"},"query-input":{"@type":"PropertyValueSpecification","valueRequired":true,"valueName":"search_term_string"}}],"inLanguage":"de"}]}},"_links":{"self":[{"href":"https:\/\/www.argonandco.com\/de\/wp-json\/wp\/v2\/pages\/30302","targetHints":{"allow":["GET"]}}],"collection":[{"href":"https:\/\/www.argonandco.com\/de\/wp-json\/wp\/v2\/pages"}],"about":[{"href":"https:\/\/www.argonandco.com\/de\/wp-json\/wp\/v2\/types\/page"}],"author":[{"embeddable":true,"href":"https:\/\/www.argonandco.com\/de\/wp-json\/wp\/v2\/users\/1"}],"replies":[{"embeddable":true,"href":"https:\/\/www.argonandco.com\/de\/wp-json\/wp\/v2\/comments?post=30302"}],"version-history":[{"count":0,"href":"https:\/\/www.argonandco.com\/de\/wp-json\/wp\/v2\/pages\/30302\/revisions"}],"up":[{"embeddable":true,"href":"https:\/\/www.argonandco.com\/de\/wp-json\/wp\/v2\/pages\/30409"}],"wp:attachment":[{"href":"https:\/\/www.argonandco.com\/de\/wp-json\/wp\/v2\/media?parent=30302"}],"curies":[{"name":"wp","href":"https:\/\/api.w.org\/{rel}","templated":true}]}}