{"id":30300,"date":"2019-09-11T15:15:23","date_gmt":"2019-09-11T14:15:27","guid":{"rendered":"https:\/\/www.argonandco.com\/manufacturing-excellence\/"},"modified":"2025-11-17T12:50:48","modified_gmt":"2025-11-17T12:50:48","slug":"herstellungsqualitaet-auf-hoechstem-niveau","status":"publish","type":"page","link":"https:\/\/www.argonandco.com\/de\/leistungen\/produzierendes-gewerbe\/herstellungsqualitaet-auf-hoechstem-niveau\/","title":{"rendered":"Herstellungsqualit\u00e4t auf h\u00f6chstem Niveau"},"content":{"rendered":"<h2><b>Einf\u00fchrung und Herausforderungen<\/b><\/h2>\n<p><span class=\"intro\">Seit langem initiieren Hersteller Programme zur Schaffung funktions\u00fcbergreifender Standards, beispielsweise im Bereich Sicherheit, sowie Standards auf Gesch\u00e4ftsebene. Ziel ist es, eine gemeinsame Sprache zu schaffen, F\u00e4higkeiten zu entwickeln, datengest\u00fctzte Best Practices zu implementieren und die Leistung zu verbessern.<\/span><\/p>\n<p>Es gibt zwei Herausforderungen. Erstens muss sichergestellt werden, dass eine Wissensdatenbank mit gemeinsamen, einheitlichen Vorgehensweisen aufgebaut wird, die von allen akzeptiert wird. Zweitens muss gew\u00e4hrleistet sein, dass diese Wissensdatenbank im Laufe der Zeit weiterentwickelt und die Vorgehensweisen schrittweise aktualisiert werden. Um die erste Herausforderung zu meistern, ist die Methode der Wissens-, Daten- und Informationssammlung und -weitergabe von entscheidender Bedeutung. Zu schnelles Vorgehen oder zu ehrgeizige Ziele f\u00fchren zu potenziellen Fehlern und mangelnder Akzeptanz seitens der Teams. Um die zweite Herausforderung zu meistern, ist es unerl\u00e4sslich, eine robuste und flexible Struktur f\u00fcr kontinuierliche Verbesserungen zu implementieren. Jedes Unternehmen hat dabei sein eigenes Modell.<\/p>\n<h2><b>Wie wir helfen k\u00f6nnen<\/b><\/h2>\n<p>Wir unterst\u00fctzen Sie von Anfang bis Ende Ihrer Projekte, von der Identifizierung bew\u00e4hrter Verfahren bis hin zur Formalisierung und Umsetzung von Exzellenzstandards.<\/p>\n<p>In der Vorphase \u00fcbernehmen wir:<\/p>\n<ul>\n<li>Feststellung eines Referenzwerts der Leistung auf datengest\u00fctzte Weise, damit F\u00fchrungskr\u00e4fte Klarheit dar\u00fcber erhalten, was ge\u00e4ndert werden muss<\/li>\n<li>Identifizierung von Best Practices (gest\u00fctzt durch Daten) oder von verbesserungsw\u00fcrdigen Bereichen, um gemeinsame Regeln f\u00fcr die Umsetzung an den Produktionsstandorten zu entwickeln<\/li>\n<li>Zusammenarbeit mit den Teams zur Formalisierung und Validierung dieser Betriebsregeln<\/li>\n<li>Implementierung einer dynamischen Unterst\u00fctzung f\u00fcr den Austausch von Betriebsstandards<\/li>\n<li>Definition der Struktur f\u00fcr kontinuierliche Verbesserungen und der damit verbundenen Organisation<\/li>\n<\/ul>\n<p>In der nachgelagerten Phase:<\/p>\n<ul>\n<li>\u00dcberwachen wir die Umsetzung von Best Practices und unterst\u00fctzen entsprechende Ver\u00e4nderungen<\/li>\n<li>Implementieren wir \u201eTop-Down\u201c- und \u201eBottom-Up\u201c-Prozesse f\u00fcr die Berichterstattung \u00fcber Verbesserungen<\/li>\n<li>Schulen wir Teams f\u00fcr kontinuierliche Verbesserungen<\/li>\n<\/ul>\n","protected":false},"excerpt":{"rendered":"<p>Einf\u00fchrung und Herausforderungen Seit langem initiieren Hersteller Programme zur Schaffung funktions\u00fcbergreifender Standards, beispielsweise im Bereich Sicherheit, sowie Standards auf Gesch\u00e4ftsebene. Ziel ist es, eine gemeinsame Sprache zu schaffen, F\u00e4higkeiten zu entwickeln, datengest\u00fctzte Best Practices zu implementieren und die Leistung zu verbessern. Es gibt zwei Herausforderungen. Erstens muss sichergestellt werden, dass eine Wissensdatenbank mit gemeinsamen, einheitlichen [&hellip;]<\/p>\n","protected":false},"author":1,"featured_media":0,"parent":30409,"menu_order":8,"comment_status":"closed","ping_status":"closed","template":"","meta":{"_acf_changed":false,"footnotes":""},"class_list":["post-30300","page","type-page","status-publish","hentry"],"acf":[],"yoast_head":"<!-- This site is optimized with the Yoast SEO plugin v27.4 - https:\/\/yoast.com\/product\/yoast-seo-wordpress\/ -->\n<title>Herstellungsqualit\u00e4t auf h\u00f6chstem Niveau - Argon &amp; Co<\/title>\n<meta name=\"robots\" content=\"index, follow, max-snippet:-1, max-image-preview:large, max-video-preview:-1\" \/>\n<link rel=\"canonical\" href=\"https:\/\/www.argonandco.com\/de\/leistungen\/produzierendes-gewerbe\/herstellungsqualitaet-auf-hoechstem-niveau\/\" \/>\n<meta property=\"og:locale\" content=\"de_DE\" \/>\n<meta property=\"og:type\" content=\"article\" \/>\n<meta property=\"og:title\" content=\"Herstellungsqualit\u00e4t auf h\u00f6chstem Niveau - Argon &amp; Co\" \/>\n<meta property=\"og:description\" content=\"Einf\u00fchrung und Herausforderungen Seit langem initiieren Hersteller Programme zur Schaffung funktions\u00fcbergreifender Standards, beispielsweise im Bereich Sicherheit, sowie Standards auf Gesch\u00e4ftsebene. Ziel ist es, eine gemeinsame Sprache zu schaffen, F\u00e4higkeiten zu entwickeln, datengest\u00fctzte Best Practices zu implementieren und die Leistung zu verbessern. Es gibt zwei Herausforderungen. Erstens muss sichergestellt werden, dass eine Wissensdatenbank mit gemeinsamen, einheitlichen [&hellip;]\" \/>\n<meta property=\"og:url\" content=\"https:\/\/www.argonandco.com\/de\/leistungen\/produzierendes-gewerbe\/herstellungsqualitaet-auf-hoechstem-niveau\/\" \/>\n<meta property=\"og:site_name\" content=\"Argon &amp; Co\" \/>\n<meta property=\"article:modified_time\" content=\"2025-11-17T12:50:48+00:00\" \/>\n<meta name=\"twitter:card\" content=\"summary_large_image\" \/>\n<meta name=\"twitter:label1\" content=\"Gesch\u00e4tzte Lesezeit\" \/>\n\t<meta name=\"twitter:data1\" content=\"2 Minuten\" \/>\n<script type=\"application\/ld+json\" class=\"yoast-schema-graph\">{\"@context\":\"https:\\\/\\\/schema.org\",\"@graph\":[{\"@type\":\"WebPage\",\"@id\":\"https:\\\/\\\/www.argonandco.com\\\/de\\\/leistungen\\\/produzierendes-gewerbe\\\/herstellungsqualitaet-auf-hoechstem-niveau\\\/\",\"url\":\"https:\\\/\\\/www.argonandco.com\\\/de\\\/leistungen\\\/produzierendes-gewerbe\\\/herstellungsqualitaet-auf-hoechstem-niveau\\\/\",\"name\":\"Herstellungsqualit\u00e4t auf h\u00f6chstem Niveau - Argon &amp; Co\",\"isPartOf\":{\"@id\":\"https:\\\/\\\/www.argonandco.com\\\/de\\\/#website\"},\"datePublished\":\"2019-09-11T14:15:27+00:00\",\"dateModified\":\"2025-11-17T12:50:48+00:00\",\"breadcrumb\":{\"@id\":\"https:\\\/\\\/www.argonandco.com\\\/de\\\/leistungen\\\/produzierendes-gewerbe\\\/herstellungsqualitaet-auf-hoechstem-niveau\\\/#breadcrumb\"},\"inLanguage\":\"de\",\"potentialAction\":[{\"@type\":\"ReadAction\",\"target\":[\"https:\\\/\\\/www.argonandco.com\\\/de\\\/leistungen\\\/produzierendes-gewerbe\\\/herstellungsqualitaet-auf-hoechstem-niveau\\\/\"]}]},{\"@type\":\"BreadcrumbList\",\"@id\":\"https:\\\/\\\/www.argonandco.com\\\/de\\\/leistungen\\\/produzierendes-gewerbe\\\/herstellungsqualitaet-auf-hoechstem-niveau\\\/#breadcrumb\",\"itemListElement\":[{\"@type\":\"ListItem\",\"position\":1,\"name\":\"Home\",\"item\":\"https:\\\/\\\/www.argonandco.com\\\/de\\\/\"},{\"@type\":\"ListItem\",\"position\":2,\"name\":\"Leistungen\",\"item\":\"https:\\\/\\\/www.argonandco.com\\\/de\\\/leistungen\\\/\"},{\"@type\":\"ListItem\",\"position\":3,\"name\":\"Produzierendes Gewerbe\",\"item\":\"https:\\\/\\\/www.argonandco.com\\\/de\\\/leistungen\\\/produzierendes-gewerbe\\\/\"},{\"@type\":\"ListItem\",\"position\":4,\"name\":\"Herstellungsqualit\u00e4t auf h\u00f6chstem Niveau\"}]},{\"@type\":\"WebSite\",\"@id\":\"https:\\\/\\\/www.argonandco.com\\\/de\\\/#website\",\"url\":\"https:\\\/\\\/www.argonandco.com\\\/de\\\/\",\"name\":\"Argon &amp; Co\",\"description\":\"We help clients achieve their strategic and operational objectives, working together to transform their businesses and generate real change.\",\"potentialAction\":[{\"@type\":\"SearchAction\",\"target\":{\"@type\":\"EntryPoint\",\"urlTemplate\":\"https:\\\/\\\/www.argonandco.com\\\/de\\\/?s={search_term_string}\"},\"query-input\":{\"@type\":\"PropertyValueSpecification\",\"valueRequired\":true,\"valueName\":\"search_term_string\"}}],\"inLanguage\":\"de\"}]}<\/script>\n<!-- \/ Yoast SEO plugin. -->","yoast_head_json":{"title":"Herstellungsqualit\u00e4t auf h\u00f6chstem Niveau - Argon &amp; Co","robots":{"index":"index","follow":"follow","max-snippet":"max-snippet:-1","max-image-preview":"max-image-preview:large","max-video-preview":"max-video-preview:-1"},"canonical":"https:\/\/www.argonandco.com\/de\/leistungen\/produzierendes-gewerbe\/herstellungsqualitaet-auf-hoechstem-niveau\/","og_locale":"de_DE","og_type":"article","og_title":"Herstellungsqualit\u00e4t auf h\u00f6chstem Niveau - Argon &amp; Co","og_description":"Einf\u00fchrung und Herausforderungen Seit langem initiieren Hersteller Programme zur Schaffung funktions\u00fcbergreifender Standards, beispielsweise im Bereich Sicherheit, sowie Standards auf Gesch\u00e4ftsebene. Ziel ist es, eine gemeinsame Sprache zu schaffen, F\u00e4higkeiten zu entwickeln, datengest\u00fctzte Best Practices zu implementieren und die Leistung zu verbessern. Es gibt zwei Herausforderungen. Erstens muss sichergestellt werden, dass eine Wissensdatenbank mit gemeinsamen, einheitlichen [&hellip;]","og_url":"https:\/\/www.argonandco.com\/de\/leistungen\/produzierendes-gewerbe\/herstellungsqualitaet-auf-hoechstem-niveau\/","og_site_name":"Argon &amp; Co","article_modified_time":"2025-11-17T12:50:48+00:00","twitter_card":"summary_large_image","twitter_misc":{"Gesch\u00e4tzte Lesezeit":"2 Minuten"},"schema":{"@context":"https:\/\/schema.org","@graph":[{"@type":"WebPage","@id":"https:\/\/www.argonandco.com\/de\/leistungen\/produzierendes-gewerbe\/herstellungsqualitaet-auf-hoechstem-niveau\/","url":"https:\/\/www.argonandco.com\/de\/leistungen\/produzierendes-gewerbe\/herstellungsqualitaet-auf-hoechstem-niveau\/","name":"Herstellungsqualit\u00e4t auf h\u00f6chstem Niveau - Argon &amp; Co","isPartOf":{"@id":"https:\/\/www.argonandco.com\/de\/#website"},"datePublished":"2019-09-11T14:15:27+00:00","dateModified":"2025-11-17T12:50:48+00:00","breadcrumb":{"@id":"https:\/\/www.argonandco.com\/de\/leistungen\/produzierendes-gewerbe\/herstellungsqualitaet-auf-hoechstem-niveau\/#breadcrumb"},"inLanguage":"de","potentialAction":[{"@type":"ReadAction","target":["https:\/\/www.argonandco.com\/de\/leistungen\/produzierendes-gewerbe\/herstellungsqualitaet-auf-hoechstem-niveau\/"]}]},{"@type":"BreadcrumbList","@id":"https:\/\/www.argonandco.com\/de\/leistungen\/produzierendes-gewerbe\/herstellungsqualitaet-auf-hoechstem-niveau\/#breadcrumb","itemListElement":[{"@type":"ListItem","position":1,"name":"Home","item":"https:\/\/www.argonandco.com\/de\/"},{"@type":"ListItem","position":2,"name":"Leistungen","item":"https:\/\/www.argonandco.com\/de\/leistungen\/"},{"@type":"ListItem","position":3,"name":"Produzierendes Gewerbe","item":"https:\/\/www.argonandco.com\/de\/leistungen\/produzierendes-gewerbe\/"},{"@type":"ListItem","position":4,"name":"Herstellungsqualit\u00e4t auf h\u00f6chstem Niveau"}]},{"@type":"WebSite","@id":"https:\/\/www.argonandco.com\/de\/#website","url":"https:\/\/www.argonandco.com\/de\/","name":"Argon &amp; Co","description":"We help clients achieve their strategic and operational objectives, working together to transform their businesses and generate real change.","potentialAction":[{"@type":"SearchAction","target":{"@type":"EntryPoint","urlTemplate":"https:\/\/www.argonandco.com\/de\/?s={search_term_string}"},"query-input":{"@type":"PropertyValueSpecification","valueRequired":true,"valueName":"search_term_string"}}],"inLanguage":"de"}]}},"_links":{"self":[{"href":"https:\/\/www.argonandco.com\/de\/wp-json\/wp\/v2\/pages\/30300","targetHints":{"allow":["GET"]}}],"collection":[{"href":"https:\/\/www.argonandco.com\/de\/wp-json\/wp\/v2\/pages"}],"about":[{"href":"https:\/\/www.argonandco.com\/de\/wp-json\/wp\/v2\/types\/page"}],"author":[{"embeddable":true,"href":"https:\/\/www.argonandco.com\/de\/wp-json\/wp\/v2\/users\/1"}],"replies":[{"embeddable":true,"href":"https:\/\/www.argonandco.com\/de\/wp-json\/wp\/v2\/comments?post=30300"}],"version-history":[{"count":0,"href":"https:\/\/www.argonandco.com\/de\/wp-json\/wp\/v2\/pages\/30300\/revisions"}],"up":[{"embeddable":true,"href":"https:\/\/www.argonandco.com\/de\/wp-json\/wp\/v2\/pages\/30409"}],"wp:attachment":[{"href":"https:\/\/www.argonandco.com\/de\/wp-json\/wp\/v2\/media?parent=30300"}],"curies":[{"name":"wp","href":"https:\/\/api.w.org\/{rel}","templated":true}]}}